{"id":33183,"date":"2025-02-18T23:49:38","date_gmt":"2025-02-18T21:49:38","guid":{"rendered":"https:\/\/brilune.eu\/?post_type=product&#038;p=33183"},"modified":"2025-02-18T23:56:23","modified_gmt":"2025-02-18T21:56:23","slug":"moderns-kakao-koka-tv-stativs","status":"publish","type":"product","link":"https:\/\/brilune.eu\/lv\/product\/moderns-kakao-koka-tv-stativs\/","title":{"rendered":"Moderns kakao koka TV stat\u012bvs"},"content":{"rendered":"<p>\u0160is stil\u012bgais televizora stat\u012bvs b\u016bs ide\u0101ls papildin\u0101jums j\u016bsu viesistabai, apvienojot funkcionalit\u0101ti un modernu dizainu. Izgatavots no augstas kvalit\u0101tes koka, tas nodro\u0161ina iztur\u012bbu un iztur\u012bbu. \u010cetri sl\u0113gti plaukti nodro\u0161ina \u0113rtu multivides ier\u012b\u010du, gr\u0101matu un citu piederumu glab\u0101\u0161anu, pasarg\u0101jot tos no putek\u013ciem. Elegant\u0101s l\u012bnijas un minim\u0101lisma stils padara \u0161o stat\u012bvu par daudzpus\u012bgu risin\u0101jumu jebkuram interjeram.<\/p>\n<p>Izm\u0113rs: 180\u00d740\u00d760 cm. Materi\u0101ls: koks.<\/p>\n","protected":false},"excerpt":{"rendered":"<p>\u0160is stil\u012bgais televizora stat\u012bvs b\u016bs ide\u0101ls papildin\u0101jums j\u016bsu viesistabai, apvienojot funkcionalit\u0101ti un modernu dizainu. Izgatavots no augstas kvalit\u0101tes koka, tas nodro\u0161ina iztur\u012bgu&#8230;<\/p>\n","protected":false},"featured_media":16455,"comment_status":"open","ping_status":"closed","template":"","meta":[],"product_brand":[],"product_cat":[1319,4752],"product_tag":[],"class_list":{"0":"post-33183","1":"product","2":"type-product","3":"status-publish","4":"has-post-thumbnail","6":"product_cat-tv-stativi","7":"product_cat-tv-stativi-uzglabasana","9":"first","10":"instock","11":"shipping-taxable","12":"purchasable","13":"product-type-variable"},"yoast_head":"<!-- This site is optimized with the Yoast SEO plugin v26.0 - https:\/\/yoast.com\/wordpress\/plugins\/seo\/ -->\n<title>Moderns kakao koka TV stat\u012bvs<\/title>\n<meta name=\"description\" content=\"\u0160is stil\u012bgais televizora stat\u012bvs b\u016bs ide\u0101ls papildin\u0101jums j\u016bsu viesistabai, apvienojot funkcionalit\u0101ti un modernu dizainu. Izgatavots no augstas kvalit\u0101tes koka, tas nodro\u0161ina iztur\u012bgu...\" \/>\n<meta name=\"robots\" content=\"index, follow, max-snippet:-1, max-image-preview:large, max-video-preview:-1\" \/>\n<link rel=\"canonical\" href=\"https:\/\/brilune.eu\/lv\/product\/moderns-kakao-koka-tv-stativs\/\" \/>\n<meta property=\"og:locale\" content=\"lv_LV\" \/>\n<meta property=\"og:type\" content=\"article\" \/>\n<meta property=\"og:title\" content=\"Moderns kakao koka TV stat\u012bvs\" \/>\n<meta property=\"og:description\" content=\"\u0160is stil\u012bgais televizora stat\u012bvs b\u016bs ide\u0101ls papildin\u0101jums j\u016bsu viesistabai, apvienojot funkcionalit\u0101ti un modernu dizainu. Izgatavots no augstas kvalit\u0101tes koka, tas nodro\u0161ina iztur\u012bgu...\" \/>\n<meta property=\"og:url\" content=\"https:\/\/brilune.eu\/lv\/product\/moderns-kakao-koka-tv-stativs\/\" \/>\n<meta property=\"og:site_name\" content=\"Brilune\" \/>\n<meta property=\"article:modified_time\" content=\"2025-02-18T21:56:23+00:00\" \/>\n<meta property=\"og:image\" content=\"https:\/\/brilune.eu\/wp-content\/uploads\/2025\/01\/1200x1200-196.jpg\" \/>\n\t<meta property=\"og:image:width\" content=\"800\" \/>\n\t<meta property=\"og:image:height\" content=\"800\" \/>\n\t<meta property=\"og:image:type\" content=\"image\/jpeg\" \/>\n<meta name=\"twitter:card\" content=\"summary_large_image\" \/>\n<script type=\"application\/ld+json\" class=\"yoast-schema-graph\">{\"@context\":\"https:\/\/schema.org\",\"@graph\":[{\"@type\":\"WebPage\",\"@id\":\"https:\/\/brilune.eu\/lv\/product\/moderns-kakao-koka-tv-stativs\/\",\"url\":\"https:\/\/brilune.eu\/lv\/product\/moderns-kakao-koka-tv-stativs\/\",\"name\":\"Moderns kakao koka TV stat\u012bvs\",\"isPartOf\":{\"@id\":\"https:\/\/brilune.eu\/lv\/#website\"},\"primaryImageOfPage\":{\"@id\":\"https:\/\/brilune.eu\/lv\/product\/moderns-kakao-koka-tv-stativs\/#primaryimage\"},\"image\":{\"@id\":\"https:\/\/brilune.eu\/lv\/product\/moderns-kakao-koka-tv-stativs\/#primaryimage\"},\"thumbnailUrl\":\"https:\/\/brilune.eu\/wp-content\/uploads\/2025\/01\/1200x1200-196.jpg\",\"datePublished\":\"2025-02-18T21:49:38+00:00\",\"dateModified\":\"2025-02-18T21:56:23+00:00\",\"description\":\"\u0160is stil\u012bgais televizora stat\u012bvs b\u016bs ide\u0101ls papildin\u0101jums j\u016bsu viesistabai, apvienojot funkcionalit\u0101ti un modernu dizainu. Izgatavots no augstas kvalit\u0101tes koka, tas nodro\u0161ina iztur\u012bgu...\",\"breadcrumb\":{\"@id\":\"https:\/\/brilune.eu\/lv\/product\/moderns-kakao-koka-tv-stativs\/#breadcrumb\"},\"inLanguage\":\"lv-LV\",\"potentialAction\":[{\"@type\":\"ReadAction\",\"target\":[\"https:\/\/brilune.eu\/lv\/product\/moderns-kakao-koka-tv-stativs\/\"]}]},{\"@type\":\"ImageObject\",\"inLanguage\":\"lv-LV\",\"@id\":\"https:\/\/brilune.eu\/lv\/product\/moderns-kakao-koka-tv-stativs\/#primaryimage\",\"url\":\"https:\/\/brilune.eu\/wp-content\/uploads\/2025\/01\/1200x1200-196.jpg\",\"contentUrl\":\"https:\/\/brilune.eu\/wp-content\/uploads\/2025\/01\/1200x1200-196.jpg\",\"width\":800,\"height\":800},{\"@type\":\"BreadcrumbList\",\"@id\":\"https:\/\/brilune.eu\/lv\/product\/moderns-kakao-koka-tv-stativs\/#breadcrumb\",\"itemListElement\":[{\"@type\":\"ListItem\",\"position\":1,\"name\":\"S\u0101kums\",\"item\":\"https:\/\/brilune.eu\/lv\/brilune-mebeles\/\"},{\"@type\":\"ListItem\",\"position\":2,\"name\":\"Visi produkti\",\"item\":\"https:\/\/brilune.eu\/lv\/shop\/\"},{\"@type\":\"ListItem\",\"position\":3,\"name\":\"Moderns kakao koka TV stat\u012bvs\"}]},{\"@type\":\"WebSite\",\"@id\":\"https:\/\/brilune.eu\/lv\/#website\",\"url\":\"https:\/\/brilune.eu\/lv\/\",\"name\":\"Brilune\",\"description\":\"M\u0113s pied\u0101v\u0101jam unik\u0101lus un nebiju\u0161us dizainus, kas apvieno eleganci, funkcionalit\u0101ti un rado\u0161umu.\",\"potentialAction\":[{\"@type\":\"SearchAction\",\"target\":{\"@type\":\"EntryPoint\",\"urlTemplate\":\"https:\/\/brilune.eu\/lv\/?s={search_term_string}\"},\"query-input\":{\"@type\":\"PropertyValueSpecification\",\"valueRequired\":true,\"valueName\":\"search_term_string\"}}],\"inLanguage\":\"lv-LV\"}]}<\/script>\n<!-- \/ Yoast SEO plugin. -->","yoast_head_json":{"title":"Moderns kakao koka TV stat\u012bvs","description":"\u0160is stil\u012bgais televizora stat\u012bvs b\u016bs ide\u0101ls papildin\u0101jums j\u016bsu viesistabai, apvienojot funkcionalit\u0101ti un modernu dizainu. Izgatavots no augstas kvalit\u0101tes koka, tas nodro\u0161ina iztur\u012bgu...","robots":{"index":"index","follow":"follow","max-snippet":"max-snippet:-1","max-image-preview":"max-image-preview:large","max-video-preview":"max-video-preview:-1"},"canonical":"https:\/\/brilune.eu\/lv\/product\/moderns-kakao-koka-tv-stativs\/","og_locale":"lv_LV","og_type":"article","og_title":"Moderns kakao koka TV stat\u012bvs","og_description":"\u0160is stil\u012bgais televizora stat\u012bvs b\u016bs ide\u0101ls papildin\u0101jums j\u016bsu viesistabai, apvienojot funkcionalit\u0101ti un modernu dizainu. Izgatavots no augstas kvalit\u0101tes koka, tas nodro\u0161ina iztur\u012bgu...","og_url":"https:\/\/brilune.eu\/lv\/product\/moderns-kakao-koka-tv-stativs\/","og_site_name":"Brilune","article_modified_time":"2025-02-18T21:56:23+00:00","og_image":[{"width":800,"height":800,"url":"https:\/\/brilune.eu\/wp-content\/uploads\/2025\/01\/1200x1200-196.jpg","type":"image\/jpeg"}],"twitter_card":"summary_large_image","schema":{"@context":"https:\/\/schema.org","@graph":[{"@type":"WebPage","@id":"https:\/\/brilune.eu\/lv\/product\/moderns-kakao-koka-tv-stativs\/","url":"https:\/\/brilune.eu\/lv\/product\/moderns-kakao-koka-tv-stativs\/","name":"Moderns kakao koka TV stat\u012bvs","isPartOf":{"@id":"https:\/\/brilune.eu\/lv\/#website"},"primaryImageOfPage":{"@id":"https:\/\/brilune.eu\/lv\/product\/moderns-kakao-koka-tv-stativs\/#primaryimage"},"image":{"@id":"https:\/\/brilune.eu\/lv\/product\/moderns-kakao-koka-tv-stativs\/#primaryimage"},"thumbnailUrl":"https:\/\/brilune.eu\/wp-content\/uploads\/2025\/01\/1200x1200-196.jpg","datePublished":"2025-02-18T21:49:38+00:00","dateModified":"2025-02-18T21:56:23+00:00","description":"\u0160is stil\u012bgais televizora stat\u012bvs b\u016bs ide\u0101ls papildin\u0101jums j\u016bsu viesistabai, apvienojot funkcionalit\u0101ti un modernu dizainu. Izgatavots no augstas kvalit\u0101tes koka, tas nodro\u0161ina iztur\u012bgu...","breadcrumb":{"@id":"https:\/\/brilune.eu\/lv\/product\/moderns-kakao-koka-tv-stativs\/#breadcrumb"},"inLanguage":"lv-LV","potentialAction":[{"@type":"ReadAction","target":["https:\/\/brilune.eu\/lv\/product\/moderns-kakao-koka-tv-stativs\/"]}]},{"@type":"ImageObject","inLanguage":"lv-LV","@id":"https:\/\/brilune.eu\/lv\/product\/moderns-kakao-koka-tv-stativs\/#primaryimage","url":"https:\/\/brilune.eu\/wp-content\/uploads\/2025\/01\/1200x1200-196.jpg","contentUrl":"https:\/\/brilune.eu\/wp-content\/uploads\/2025\/01\/1200x1200-196.jpg","width":800,"height":800},{"@type":"BreadcrumbList","@id":"https:\/\/brilune.eu\/lv\/product\/moderns-kakao-koka-tv-stativs\/#breadcrumb","itemListElement":[{"@type":"ListItem","position":1,"name":"S\u0101kums","item":"https:\/\/brilune.eu\/lv\/brilune-mebeles\/"},{"@type":"ListItem","position":2,"name":"Visi produkti","item":"https:\/\/brilune.eu\/lv\/shop\/"},{"@type":"ListItem","position":3,"name":"Moderns kakao koka TV stat\u012bvs"}]},{"@type":"WebSite","@id":"https:\/\/brilune.eu\/lv\/#website","url":"https:\/\/brilune.eu\/lv\/","name":"Brilune","description":"M\u0113s pied\u0101v\u0101jam unik\u0101lus un nebiju\u0161us dizainus, kas apvieno eleganci, funkcionalit\u0101ti un rado\u0161umu.","potentialAction":[{"@type":"SearchAction","target":{"@type":"EntryPoint","urlTemplate":"https:\/\/brilune.eu\/lv\/?s={search_term_string}"},"query-input":{"@type":"PropertyValueSpecification","valueRequired":true,"valueName":"search_term_string"}}],"inLanguage":"lv-LV"}]}},"jetpack_sharing_enabled":true,"_links":{"self":[{"href":"https:\/\/brilune.eu\/lv\/wp-json\/wp\/v2\/product\/33183","targetHints":{"allow":["GET"]}}],"collection":[{"href":"https:\/\/brilune.eu\/lv\/wp-json\/wp\/v2\/product"}],"about":[{"href":"https:\/\/brilune.eu\/lv\/wp-json\/wp\/v2\/types\/product"}],"replies":[{"embeddable":true,"href":"https:\/\/brilune.eu\/lv\/wp-json\/wp\/v2\/comments?post=33183"}],"version-history":[{"count":1,"href":"https:\/\/brilune.eu\/lv\/wp-json\/wp\/v2\/product\/33183\/revisions"}],"predecessor-version":[{"id":33216,"href":"https:\/\/brilune.eu\/lv\/wp-json\/wp\/v2\/product\/33183\/revisions\/33216"}],"wp:featuredmedia":[{"embeddable":true,"href":"https:\/\/brilune.eu\/lv\/wp-json\/wp\/v2\/media\/16455"}],"wp:attachment":[{"href":"https:\/\/brilune.eu\/lv\/wp-json\/wp\/v2\/media?parent=33183"}],"wp:term":[{"taxonomy":"product_brand","embeddable":true,"href":"https:\/\/brilune.eu\/lv\/wp-json\/wp\/v2\/product_brand?post=33183"},{"taxonomy":"product_cat","embeddable":true,"href":"https:\/\/brilune.eu\/lv\/wp-json\/wp\/v2\/product_cat?post=33183"},{"taxonomy":"product_tag","embeddable":true,"href":"https:\/\/brilune.eu\/lv\/wp-json\/wp\/v2\/product_tag?post=33183"}],"curies":[{"name":"wp","href":"https:\/\/api.w.org\/{rel}","templated":true}]}}