{"id":32913,"date":"2025-02-18T23:43:35","date_gmt":"2025-02-18T21:43:35","guid":{"rendered":"https:\/\/brilune.eu\/?post_type=product&#038;p=32913"},"modified":"2025-02-18T23:55:42","modified_gmt":"2025-02-18T21:55:42","slug":"ziemelvalstu-modernais-divans","status":"publish","type":"product","link":"https:\/\/brilune.eu\/lv\/product\/ziemelvalstu-modernais-divans\/","title":{"rendered":"Zieme\u013cvalstu modernais d\u012bv\u0101ns"},"content":{"rendered":"<p>Elegants minim\u0101lisma d\u012bv\u0101ns zieme\u013cu stil\u0101, pied\u0101v\u0101jot stil\u012bgu un \u0113rtu s\u0113dvietu risin\u0101jumu. \u0160is divviet\u012bgais d\u012bv\u0101ns ir apvilkts ar kokvilnas un lina mais\u012bjumu gai\u0161i smil\u0161kr\u0101sas to\u0146os, pie\u0161\u0137irot tam modernu izskatu un padarot to ide\u0101li piem\u0113rotu kompakt\u0101m telp\u0101m. D\u012bv\u0101nam ir m\u012bksti spilveni ar putu pild\u012bjumu \u0113rtai s\u0113d\u0113\u0161anai. Koka k\u0101jas silt\u0101 br\u016bn\u0101 ton\u012b papildina kop\u0113jo est\u0113tiku.<br \/>\nIzm\u0113rs: 170\u00d780\u00d770 cm. Materi\u0101li: kokvilna, lins, koks, porolona.<\/p>\n","protected":false},"excerpt":{"rendered":"<p>Elegants minim\u0101lisma d\u012bv\u0101ns zieme\u013cu stil\u0101, pied\u0101v\u0101jot stil\u012bgu un \u0113rtu s\u0113dvietu risin\u0101jumu. \u0160is divviet\u012bgais d\u012bv\u0101ns ir apvilkts ar kokvilnas un lina mais\u012bjumu&#8230;<\/p>\n","protected":false},"featured_media":16251,"comment_status":"open","ping_status":"closed","template":"","meta":[],"product_brand":[],"product_cat":[143,4717],"product_tag":[],"class_list":{"0":"post-32913","1":"product","2":"type-product","3":"status-publish","4":"has-post-thumbnail","6":"product_cat-sofas-lv","7":"product_cat-divani-5","9":"first","10":"instock","11":"shipping-taxable","12":"purchasable","13":"product-type-variable"},"yoast_head":"<!-- This site is optimized with the Yoast SEO plugin v26.0 - https:\/\/yoast.com\/wordpress\/plugins\/seo\/ -->\n<title>Zieme\u013cvalstu modernais d\u012bv\u0101ns<\/title>\n<meta name=\"description\" content=\"Elegants minim\u0101lisma d\u012bv\u0101ns zieme\u013cu stil\u0101, pied\u0101v\u0101jot stil\u012bgu un \u0113rtu s\u0113dvietu risin\u0101jumu. \u0160is divviet\u012bgais d\u012bv\u0101ns ir apvilkts ar kokvilnas un lina mais\u012bjumu...\" \/>\n<meta name=\"robots\" content=\"index, follow, max-snippet:-1, max-image-preview:large, max-video-preview:-1\" \/>\n<link rel=\"canonical\" href=\"https:\/\/brilune.eu\/lv\/product\/ziemelvalstu-modernais-divans\/\" \/>\n<meta property=\"og:locale\" content=\"lv_LV\" \/>\n<meta property=\"og:type\" content=\"article\" \/>\n<meta property=\"og:title\" content=\"Zieme\u013cvalstu modernais d\u012bv\u0101ns\" \/>\n<meta property=\"og:description\" content=\"Elegants minim\u0101lisma d\u012bv\u0101ns zieme\u013cu stil\u0101, pied\u0101v\u0101jot stil\u012bgu un \u0113rtu s\u0113dvietu risin\u0101jumu. \u0160is divviet\u012bgais d\u012bv\u0101ns ir apvilkts ar kokvilnas un lina mais\u012bjumu...\" \/>\n<meta property=\"og:url\" content=\"https:\/\/brilune.eu\/lv\/product\/ziemelvalstu-modernais-divans\/\" \/>\n<meta property=\"og:site_name\" content=\"Brilune\" \/>\n<meta property=\"article:modified_time\" content=\"2025-02-18T21:55:42+00:00\" \/>\n<meta property=\"og:image\" content=\"https:\/\/brilune.eu\/wp-content\/uploads\/2025\/01\/1200x1200-166.jpg\" \/>\n\t<meta property=\"og:image:width\" content=\"800\" \/>\n\t<meta property=\"og:image:height\" content=\"800\" \/>\n\t<meta property=\"og:image:type\" content=\"image\/jpeg\" \/>\n<meta name=\"twitter:card\" content=\"summary_large_image\" \/>\n<script type=\"application\/ld+json\" class=\"yoast-schema-graph\">{\"@context\":\"https:\/\/schema.org\",\"@graph\":[{\"@type\":\"WebPage\",\"@id\":\"https:\/\/brilune.eu\/lv\/product\/ziemelvalstu-modernais-divans\/\",\"url\":\"https:\/\/brilune.eu\/lv\/product\/ziemelvalstu-modernais-divans\/\",\"name\":\"Zieme\u013cvalstu modernais d\u012bv\u0101ns\",\"isPartOf\":{\"@id\":\"https:\/\/brilune.eu\/lv\/#website\"},\"primaryImageOfPage\":{\"@id\":\"https:\/\/brilune.eu\/lv\/product\/ziemelvalstu-modernais-divans\/#primaryimage\"},\"image\":{\"@id\":\"https:\/\/brilune.eu\/lv\/product\/ziemelvalstu-modernais-divans\/#primaryimage\"},\"thumbnailUrl\":\"https:\/\/brilune.eu\/wp-content\/uploads\/2025\/01\/1200x1200-166.jpg\",\"datePublished\":\"2025-02-18T21:43:35+00:00\",\"dateModified\":\"2025-02-18T21:55:42+00:00\",\"description\":\"Elegants minim\u0101lisma d\u012bv\u0101ns zieme\u013cu stil\u0101, pied\u0101v\u0101jot stil\u012bgu un \u0113rtu s\u0113dvietu risin\u0101jumu. \u0160is divviet\u012bgais d\u012bv\u0101ns ir apvilkts ar kokvilnas un lina mais\u012bjumu...\",\"breadcrumb\":{\"@id\":\"https:\/\/brilune.eu\/lv\/product\/ziemelvalstu-modernais-divans\/#breadcrumb\"},\"inLanguage\":\"lv-LV\",\"potentialAction\":[{\"@type\":\"ReadAction\",\"target\":[\"https:\/\/brilune.eu\/lv\/product\/ziemelvalstu-modernais-divans\/\"]}]},{\"@type\":\"ImageObject\",\"inLanguage\":\"lv-LV\",\"@id\":\"https:\/\/brilune.eu\/lv\/product\/ziemelvalstu-modernais-divans\/#primaryimage\",\"url\":\"https:\/\/brilune.eu\/wp-content\/uploads\/2025\/01\/1200x1200-166.jpg\",\"contentUrl\":\"https:\/\/brilune.eu\/wp-content\/uploads\/2025\/01\/1200x1200-166.jpg\",\"width\":800,\"height\":800},{\"@type\":\"BreadcrumbList\",\"@id\":\"https:\/\/brilune.eu\/lv\/product\/ziemelvalstu-modernais-divans\/#breadcrumb\",\"itemListElement\":[{\"@type\":\"ListItem\",\"position\":1,\"name\":\"S\u0101kums\",\"item\":\"https:\/\/brilune.eu\/lv\/brilune-mebeles\/\"},{\"@type\":\"ListItem\",\"position\":2,\"name\":\"Visi produkti\",\"item\":\"https:\/\/brilune.eu\/lv\/shop\/\"},{\"@type\":\"ListItem\",\"position\":3,\"name\":\"Zieme\u013cvalstu modernais d\u012bv\u0101ns\"}]},{\"@type\":\"WebSite\",\"@id\":\"https:\/\/brilune.eu\/lv\/#website\",\"url\":\"https:\/\/brilune.eu\/lv\/\",\"name\":\"Brilune\",\"description\":\"M\u0113s pied\u0101v\u0101jam unik\u0101lus un nebiju\u0161us dizainus, kas apvieno eleganci, funkcionalit\u0101ti un rado\u0161umu.\",\"potentialAction\":[{\"@type\":\"SearchAction\",\"target\":{\"@type\":\"EntryPoint\",\"urlTemplate\":\"https:\/\/brilune.eu\/lv\/?s={search_term_string}\"},\"query-input\":{\"@type\":\"PropertyValueSpecification\",\"valueRequired\":true,\"valueName\":\"search_term_string\"}}],\"inLanguage\":\"lv-LV\"}]}<\/script>\n<!-- \/ Yoast SEO plugin. -->","yoast_head_json":{"title":"Zieme\u013cvalstu modernais d\u012bv\u0101ns","description":"Elegants minim\u0101lisma d\u012bv\u0101ns zieme\u013cu stil\u0101, pied\u0101v\u0101jot stil\u012bgu un \u0113rtu s\u0113dvietu risin\u0101jumu. \u0160is divviet\u012bgais d\u012bv\u0101ns ir apvilkts ar kokvilnas un lina mais\u012bjumu...","robots":{"index":"index","follow":"follow","max-snippet":"max-snippet:-1","max-image-preview":"max-image-preview:large","max-video-preview":"max-video-preview:-1"},"canonical":"https:\/\/brilune.eu\/lv\/product\/ziemelvalstu-modernais-divans\/","og_locale":"lv_LV","og_type":"article","og_title":"Zieme\u013cvalstu modernais d\u012bv\u0101ns","og_description":"Elegants minim\u0101lisma d\u012bv\u0101ns zieme\u013cu stil\u0101, pied\u0101v\u0101jot stil\u012bgu un \u0113rtu s\u0113dvietu risin\u0101jumu. \u0160is divviet\u012bgais d\u012bv\u0101ns ir apvilkts ar kokvilnas un lina mais\u012bjumu...","og_url":"https:\/\/brilune.eu\/lv\/product\/ziemelvalstu-modernais-divans\/","og_site_name":"Brilune","article_modified_time":"2025-02-18T21:55:42+00:00","og_image":[{"width":800,"height":800,"url":"https:\/\/brilune.eu\/wp-content\/uploads\/2025\/01\/1200x1200-166.jpg","type":"image\/jpeg"}],"twitter_card":"summary_large_image","schema":{"@context":"https:\/\/schema.org","@graph":[{"@type":"WebPage","@id":"https:\/\/brilune.eu\/lv\/product\/ziemelvalstu-modernais-divans\/","url":"https:\/\/brilune.eu\/lv\/product\/ziemelvalstu-modernais-divans\/","name":"Zieme\u013cvalstu modernais d\u012bv\u0101ns","isPartOf":{"@id":"https:\/\/brilune.eu\/lv\/#website"},"primaryImageOfPage":{"@id":"https:\/\/brilune.eu\/lv\/product\/ziemelvalstu-modernais-divans\/#primaryimage"},"image":{"@id":"https:\/\/brilune.eu\/lv\/product\/ziemelvalstu-modernais-divans\/#primaryimage"},"thumbnailUrl":"https:\/\/brilune.eu\/wp-content\/uploads\/2025\/01\/1200x1200-166.jpg","datePublished":"2025-02-18T21:43:35+00:00","dateModified":"2025-02-18T21:55:42+00:00","description":"Elegants minim\u0101lisma d\u012bv\u0101ns zieme\u013cu stil\u0101, pied\u0101v\u0101jot stil\u012bgu un \u0113rtu s\u0113dvietu risin\u0101jumu. \u0160is divviet\u012bgais d\u012bv\u0101ns ir apvilkts ar kokvilnas un lina mais\u012bjumu...","breadcrumb":{"@id":"https:\/\/brilune.eu\/lv\/product\/ziemelvalstu-modernais-divans\/#breadcrumb"},"inLanguage":"lv-LV","potentialAction":[{"@type":"ReadAction","target":["https:\/\/brilune.eu\/lv\/product\/ziemelvalstu-modernais-divans\/"]}]},{"@type":"ImageObject","inLanguage":"lv-LV","@id":"https:\/\/brilune.eu\/lv\/product\/ziemelvalstu-modernais-divans\/#primaryimage","url":"https:\/\/brilune.eu\/wp-content\/uploads\/2025\/01\/1200x1200-166.jpg","contentUrl":"https:\/\/brilune.eu\/wp-content\/uploads\/2025\/01\/1200x1200-166.jpg","width":800,"height":800},{"@type":"BreadcrumbList","@id":"https:\/\/brilune.eu\/lv\/product\/ziemelvalstu-modernais-divans\/#breadcrumb","itemListElement":[{"@type":"ListItem","position":1,"name":"S\u0101kums","item":"https:\/\/brilune.eu\/lv\/brilune-mebeles\/"},{"@type":"ListItem","position":2,"name":"Visi produkti","item":"https:\/\/brilune.eu\/lv\/shop\/"},{"@type":"ListItem","position":3,"name":"Zieme\u013cvalstu modernais d\u012bv\u0101ns"}]},{"@type":"WebSite","@id":"https:\/\/brilune.eu\/lv\/#website","url":"https:\/\/brilune.eu\/lv\/","name":"Brilune","description":"M\u0113s pied\u0101v\u0101jam unik\u0101lus un nebiju\u0161us dizainus, kas apvieno eleganci, funkcionalit\u0101ti un rado\u0161umu.","potentialAction":[{"@type":"SearchAction","target":{"@type":"EntryPoint","urlTemplate":"https:\/\/brilune.eu\/lv\/?s={search_term_string}"},"query-input":{"@type":"PropertyValueSpecification","valueRequired":true,"valueName":"search_term_string"}}],"inLanguage":"lv-LV"}]}},"jetpack_sharing_enabled":true,"_links":{"self":[{"href":"https:\/\/brilune.eu\/lv\/wp-json\/wp\/v2\/product\/32913","targetHints":{"allow":["GET"]}}],"collection":[{"href":"https:\/\/brilune.eu\/lv\/wp-json\/wp\/v2\/product"}],"about":[{"href":"https:\/\/brilune.eu\/lv\/wp-json\/wp\/v2\/types\/product"}],"replies":[{"embeddable":true,"href":"https:\/\/brilune.eu\/lv\/wp-json\/wp\/v2\/comments?post=32913"}],"version-history":[{"count":1,"href":"https:\/\/brilune.eu\/lv\/wp-json\/wp\/v2\/product\/32913\/revisions"}],"predecessor-version":[{"id":32931,"href":"https:\/\/brilune.eu\/lv\/wp-json\/wp\/v2\/product\/32913\/revisions\/32931"}],"wp:featuredmedia":[{"embeddable":true,"href":"https:\/\/brilune.eu\/lv\/wp-json\/wp\/v2\/media\/16251"}],"wp:attachment":[{"href":"https:\/\/brilune.eu\/lv\/wp-json\/wp\/v2\/media?parent=32913"}],"wp:term":[{"taxonomy":"product_brand","embeddable":true,"href":"https:\/\/brilune.eu\/lv\/wp-json\/wp\/v2\/product_brand?post=32913"},{"taxonomy":"product_cat","embeddable":true,"href":"https:\/\/brilune.eu\/lv\/wp-json\/wp\/v2\/product_cat?post=32913"},{"taxonomy":"product_tag","embeddable":true,"href":"https:\/\/brilune.eu\/lv\/wp-json\/wp\/v2\/product_tag?post=32913"}],"curies":[{"name":"wp","href":"https:\/\/api.w.org\/{rel}","templated":true}]}}