{"id":32850,"date":"2025-02-18T23:41:54","date_gmt":"2025-02-18T21:41:54","guid":{"rendered":"https:\/\/brilune.eu\/?post_type=product&#038;p=32850"},"modified":"2025-02-18T23:55:33","modified_gmt":"2025-02-18T21:55:33","slug":"ikdienas-futon-gulta","status":"publish","type":"product","link":"https:\/\/brilune.eu\/lv\/product\/ikdienas-futon-gulta\/","title":{"rendered":"Ikdienas Futon gulta"},"content":{"rendered":"<p>\u0160is modernais saliekamais kr\u0113sls ir lieliski piem\u0113rots maz\u0101m telp\u0101m. Tam ir iztur\u012bgs met\u0101la r\u0101mis, kas apvilkts ar augstas kvalit\u0101tes kokvilnu, nodro\u0161inot komfortu un ilgm\u016b\u017e\u012bbu. Komplekt\u0101 ietilpst muguras spilveni, k\u0101 ar\u012b ieb\u016bv\u0113ta glab\u0101tuve, padarot to par funkcion\u0101lu risin\u0101jumu j\u016bsu m\u0101joklim. Papildu iez\u012bme ir t\u0101 stil\u012bgais dizains, kas viegli iek\u013caujas jebkur\u0101 interjer\u0101. Tam ir nelielas s\u0101nu kabatas uzglab\u0101\u0161anai.<\/p>\n<p>Izm\u0113rs: 90\u00d785\u00d787 cm.<br \/>\nMateri\u0101li: kokvilna, porolona, \u200b\u200bmet\u0101ls.<\/p>\n","protected":false},"excerpt":{"rendered":"<p>\u0160is modernais saliekamais kr\u0113sls ir lieliski piem\u0113rots maz\u0101m telp\u0101m. Tam ir iztur\u012bgs met\u0101la r\u0101mis, kas apvilkts ar augstas kvalit\u0101tes kokvilnu, nodro\u0161inot komfortu un ilgm\u016b\u017e\u012bbu. The&#8230;<\/p>\n","protected":false},"featured_media":16220,"comment_status":"open","ping_status":"closed","template":"","meta":[],"product_brand":[],"product_cat":[1721,4742],"product_tag":[],"class_list":{"0":"post-32850","1":"product","2":"type-product","3":"status-publish","4":"has-post-thumbnail","6":"product_cat-futons-gultas","7":"product_cat-futons-gultas-8","9":"first","10":"instock","11":"shipping-taxable","12":"purchasable","13":"product-type-variable"},"yoast_head":"<!-- This site is optimized with the Yoast SEO plugin v26.0 - https:\/\/yoast.com\/wordpress\/plugins\/seo\/ -->\n<title>Ikdienas Futon gulta<\/title>\n<meta name=\"description\" content=\"\u0160is modernais saliekamais kr\u0113sls ir lieliski piem\u0113rots maz\u0101m telp\u0101m. Tam ir iztur\u012bgs met\u0101la r\u0101mis, kas apvilkts ar augstas kvalit\u0101tes kokvilnu, nodro\u0161inot komfortu un ilgm\u016b\u017e\u012bbu. The...\" \/>\n<meta name=\"robots\" content=\"index, follow, max-snippet:-1, max-image-preview:large, max-video-preview:-1\" \/>\n<link rel=\"canonical\" href=\"https:\/\/brilune.eu\/lv\/product\/ikdienas-futon-gulta\/\" \/>\n<meta property=\"og:locale\" content=\"lv_LV\" \/>\n<meta property=\"og:type\" content=\"article\" \/>\n<meta property=\"og:title\" content=\"Ikdienas Futon gulta\" \/>\n<meta property=\"og:description\" content=\"\u0160is modernais saliekamais kr\u0113sls ir lieliski piem\u0113rots maz\u0101m telp\u0101m. Tam ir iztur\u012bgs met\u0101la r\u0101mis, kas apvilkts ar augstas kvalit\u0101tes kokvilnu, nodro\u0161inot komfortu un ilgm\u016b\u017e\u012bbu. The...\" \/>\n<meta property=\"og:url\" content=\"https:\/\/brilune.eu\/lv\/product\/ikdienas-futon-gulta\/\" \/>\n<meta property=\"og:site_name\" content=\"Brilune\" \/>\n<meta property=\"article:modified_time\" content=\"2025-02-18T21:55:33+00:00\" \/>\n<meta property=\"og:image\" content=\"https:\/\/brilune.eu\/wp-content\/uploads\/2025\/01\/O1CN013jMDbt1wIa35DaIsh_2213270966285-0-cib.jpg\" \/>\n\t<meta property=\"og:image:width\" content=\"800\" \/>\n\t<meta property=\"og:image:height\" content=\"800\" \/>\n\t<meta property=\"og:image:type\" content=\"image\/jpeg\" \/>\n<meta name=\"twitter:card\" content=\"summary_large_image\" \/>\n<script type=\"application\/ld+json\" class=\"yoast-schema-graph\">{\"@context\":\"https:\/\/schema.org\",\"@graph\":[{\"@type\":\"WebPage\",\"@id\":\"https:\/\/brilune.eu\/lv\/product\/ikdienas-futon-gulta\/\",\"url\":\"https:\/\/brilune.eu\/lv\/product\/ikdienas-futon-gulta\/\",\"name\":\"Ikdienas Futon gulta\",\"isPartOf\":{\"@id\":\"https:\/\/brilune.eu\/lv\/#website\"},\"primaryImageOfPage\":{\"@id\":\"https:\/\/brilune.eu\/lv\/product\/ikdienas-futon-gulta\/#primaryimage\"},\"image\":{\"@id\":\"https:\/\/brilune.eu\/lv\/product\/ikdienas-futon-gulta\/#primaryimage\"},\"thumbnailUrl\":\"https:\/\/brilune.eu\/wp-content\/uploads\/2025\/01\/O1CN013jMDbt1wIa35DaIsh_2213270966285-0-cib.jpg\",\"datePublished\":\"2025-02-18T21:41:54+00:00\",\"dateModified\":\"2025-02-18T21:55:33+00:00\",\"description\":\"\u0160is modernais saliekamais kr\u0113sls ir lieliski piem\u0113rots maz\u0101m telp\u0101m. Tam ir iztur\u012bgs met\u0101la r\u0101mis, kas apvilkts ar augstas kvalit\u0101tes kokvilnu, nodro\u0161inot komfortu un ilgm\u016b\u017e\u012bbu. The...\",\"breadcrumb\":{\"@id\":\"https:\/\/brilune.eu\/lv\/product\/ikdienas-futon-gulta\/#breadcrumb\"},\"inLanguage\":\"lv-LV\",\"potentialAction\":[{\"@type\":\"ReadAction\",\"target\":[\"https:\/\/brilune.eu\/lv\/product\/ikdienas-futon-gulta\/\"]}]},{\"@type\":\"ImageObject\",\"inLanguage\":\"lv-LV\",\"@id\":\"https:\/\/brilune.eu\/lv\/product\/ikdienas-futon-gulta\/#primaryimage\",\"url\":\"https:\/\/brilune.eu\/wp-content\/uploads\/2025\/01\/O1CN013jMDbt1wIa35DaIsh_2213270966285-0-cib.jpg\",\"contentUrl\":\"https:\/\/brilune.eu\/wp-content\/uploads\/2025\/01\/O1CN013jMDbt1wIa35DaIsh_2213270966285-0-cib.jpg\",\"width\":800,\"height\":800},{\"@type\":\"BreadcrumbList\",\"@id\":\"https:\/\/brilune.eu\/lv\/product\/ikdienas-futon-gulta\/#breadcrumb\",\"itemListElement\":[{\"@type\":\"ListItem\",\"position\":1,\"name\":\"S\u0101kums\",\"item\":\"https:\/\/brilune.eu\/lv\/brilune-mebeles\/\"},{\"@type\":\"ListItem\",\"position\":2,\"name\":\"Visi produkti\",\"item\":\"https:\/\/brilune.eu\/lv\/shop\/\"},{\"@type\":\"ListItem\",\"position\":3,\"name\":\"Ikdienas Futon gulta\"}]},{\"@type\":\"WebSite\",\"@id\":\"https:\/\/brilune.eu\/lv\/#website\",\"url\":\"https:\/\/brilune.eu\/lv\/\",\"name\":\"Brilune\",\"description\":\"M\u0113s pied\u0101v\u0101jam unik\u0101lus un nebiju\u0161us dizainus, kas apvieno eleganci, funkcionalit\u0101ti un rado\u0161umu.\",\"potentialAction\":[{\"@type\":\"SearchAction\",\"target\":{\"@type\":\"EntryPoint\",\"urlTemplate\":\"https:\/\/brilune.eu\/lv\/?s={search_term_string}\"},\"query-input\":{\"@type\":\"PropertyValueSpecification\",\"valueRequired\":true,\"valueName\":\"search_term_string\"}}],\"inLanguage\":\"lv-LV\"}]}<\/script>\n<!-- \/ Yoast SEO plugin. -->","yoast_head_json":{"title":"Ikdienas Futon gulta","description":"\u0160is modernais saliekamais kr\u0113sls ir lieliski piem\u0113rots maz\u0101m telp\u0101m. Tam ir iztur\u012bgs met\u0101la r\u0101mis, kas apvilkts ar augstas kvalit\u0101tes kokvilnu, nodro\u0161inot komfortu un ilgm\u016b\u017e\u012bbu. The...","robots":{"index":"index","follow":"follow","max-snippet":"max-snippet:-1","max-image-preview":"max-image-preview:large","max-video-preview":"max-video-preview:-1"},"canonical":"https:\/\/brilune.eu\/lv\/product\/ikdienas-futon-gulta\/","og_locale":"lv_LV","og_type":"article","og_title":"Ikdienas Futon gulta","og_description":"\u0160is modernais saliekamais kr\u0113sls ir lieliski piem\u0113rots maz\u0101m telp\u0101m. Tam ir iztur\u012bgs met\u0101la r\u0101mis, kas apvilkts ar augstas kvalit\u0101tes kokvilnu, nodro\u0161inot komfortu un ilgm\u016b\u017e\u012bbu. The...","og_url":"https:\/\/brilune.eu\/lv\/product\/ikdienas-futon-gulta\/","og_site_name":"Brilune","article_modified_time":"2025-02-18T21:55:33+00:00","og_image":[{"width":800,"height":800,"url":"https:\/\/brilune.eu\/wp-content\/uploads\/2025\/01\/O1CN013jMDbt1wIa35DaIsh_2213270966285-0-cib.jpg","type":"image\/jpeg"}],"twitter_card":"summary_large_image","schema":{"@context":"https:\/\/schema.org","@graph":[{"@type":"WebPage","@id":"https:\/\/brilune.eu\/lv\/product\/ikdienas-futon-gulta\/","url":"https:\/\/brilune.eu\/lv\/product\/ikdienas-futon-gulta\/","name":"Ikdienas Futon gulta","isPartOf":{"@id":"https:\/\/brilune.eu\/lv\/#website"},"primaryImageOfPage":{"@id":"https:\/\/brilune.eu\/lv\/product\/ikdienas-futon-gulta\/#primaryimage"},"image":{"@id":"https:\/\/brilune.eu\/lv\/product\/ikdienas-futon-gulta\/#primaryimage"},"thumbnailUrl":"https:\/\/brilune.eu\/wp-content\/uploads\/2025\/01\/O1CN013jMDbt1wIa35DaIsh_2213270966285-0-cib.jpg","datePublished":"2025-02-18T21:41:54+00:00","dateModified":"2025-02-18T21:55:33+00:00","description":"\u0160is modernais saliekamais kr\u0113sls ir lieliski piem\u0113rots maz\u0101m telp\u0101m. Tam ir iztur\u012bgs met\u0101la r\u0101mis, kas apvilkts ar augstas kvalit\u0101tes kokvilnu, nodro\u0161inot komfortu un ilgm\u016b\u017e\u012bbu. The...","breadcrumb":{"@id":"https:\/\/brilune.eu\/lv\/product\/ikdienas-futon-gulta\/#breadcrumb"},"inLanguage":"lv-LV","potentialAction":[{"@type":"ReadAction","target":["https:\/\/brilune.eu\/lv\/product\/ikdienas-futon-gulta\/"]}]},{"@type":"ImageObject","inLanguage":"lv-LV","@id":"https:\/\/brilune.eu\/lv\/product\/ikdienas-futon-gulta\/#primaryimage","url":"https:\/\/brilune.eu\/wp-content\/uploads\/2025\/01\/O1CN013jMDbt1wIa35DaIsh_2213270966285-0-cib.jpg","contentUrl":"https:\/\/brilune.eu\/wp-content\/uploads\/2025\/01\/O1CN013jMDbt1wIa35DaIsh_2213270966285-0-cib.jpg","width":800,"height":800},{"@type":"BreadcrumbList","@id":"https:\/\/brilune.eu\/lv\/product\/ikdienas-futon-gulta\/#breadcrumb","itemListElement":[{"@type":"ListItem","position":1,"name":"S\u0101kums","item":"https:\/\/brilune.eu\/lv\/brilune-mebeles\/"},{"@type":"ListItem","position":2,"name":"Visi produkti","item":"https:\/\/brilune.eu\/lv\/shop\/"},{"@type":"ListItem","position":3,"name":"Ikdienas Futon gulta"}]},{"@type":"WebSite","@id":"https:\/\/brilune.eu\/lv\/#website","url":"https:\/\/brilune.eu\/lv\/","name":"Brilune","description":"M\u0113s pied\u0101v\u0101jam unik\u0101lus un nebiju\u0161us dizainus, kas apvieno eleganci, funkcionalit\u0101ti un rado\u0161umu.","potentialAction":[{"@type":"SearchAction","target":{"@type":"EntryPoint","urlTemplate":"https:\/\/brilune.eu\/lv\/?s={search_term_string}"},"query-input":{"@type":"PropertyValueSpecification","valueRequired":true,"valueName":"search_term_string"}}],"inLanguage":"lv-LV"}]}},"jetpack_sharing_enabled":true,"_links":{"self":[{"href":"https:\/\/brilune.eu\/lv\/wp-json\/wp\/v2\/product\/32850","targetHints":{"allow":["GET"]}}],"collection":[{"href":"https:\/\/brilune.eu\/lv\/wp-json\/wp\/v2\/product"}],"about":[{"href":"https:\/\/brilune.eu\/lv\/wp-json\/wp\/v2\/types\/product"}],"replies":[{"embeddable":true,"href":"https:\/\/brilune.eu\/lv\/wp-json\/wp\/v2\/comments?post=32850"}],"version-history":[{"count":1,"href":"https:\/\/brilune.eu\/lv\/wp-json\/wp\/v2\/product\/32850\/revisions"}],"predecessor-version":[{"id":32871,"href":"https:\/\/brilune.eu\/lv\/wp-json\/wp\/v2\/product\/32850\/revisions\/32871"}],"wp:featuredmedia":[{"embeddable":true,"href":"https:\/\/brilune.eu\/lv\/wp-json\/wp\/v2\/media\/16220"}],"wp:attachment":[{"href":"https:\/\/brilune.eu\/lv\/wp-json\/wp\/v2\/media?parent=32850"}],"wp:term":[{"taxonomy":"product_brand","embeddable":true,"href":"https:\/\/brilune.eu\/lv\/wp-json\/wp\/v2\/product_brand?post=32850"},{"taxonomy":"product_cat","embeddable":true,"href":"https:\/\/brilune.eu\/lv\/wp-json\/wp\/v2\/product_cat?post=32850"},{"taxonomy":"product_tag","embeddable":true,"href":"https:\/\/brilune.eu\/lv\/wp-json\/wp\/v2\/product_tag?post=32850"}],"curies":[{"name":"wp","href":"https:\/\/api.w.org\/{rel}","templated":true}]}}