{"id":32805,"date":"2025-02-18T23:40:58","date_gmt":"2025-02-18T21:40:58","guid":{"rendered":"https:\/\/brilune.eu\/?post_type=product&#038;p=32805"},"modified":"2025-02-18T23:55:23","modified_gmt":"2025-02-18T21:55:23","slug":"samta-futona-gulta","status":"publish","type":"product","link":"https:\/\/brilune.eu\/lv\/product\/samta-futona-gulta\/","title":{"rendered":"Samta futona gulta"},"content":{"rendered":"<p>\u0160is izvelkamais d\u012bv\u0101ns apvieno stilu un funkcionalit\u0101ti. Apvilkts ar m\u012bkstu samtu, tas k\u013c\u016bs par spilgtu akcentu j\u016bsu interjer\u0101. D\u012bv\u0101nam ir iztur\u012bga konstrukcija un \u0113rti spilveni, kas nodro\u0161ina relaks\u0101ciju. Lieluma d\u0113\u013c ir piem\u0113rots gul\u0113\u0161anai un var izmitin\u0101t divus cilv\u0113kus, t\u0101p\u0113c ide\u0101li piem\u0113rots neliel\u0101m telp\u0101m.<\/p>\n<p>Izm\u0113rs: 120\u00d780\u00d780 cm.<br \/>\nMateri\u0101li: samts, porolona.<\/p>\n","protected":false},"excerpt":{"rendered":"<p>\u0160is izvelkamais d\u012bv\u0101ns apvieno stilu un funkcionalit\u0101ti. Apvilkts ar m\u012bkstu samtu, tas k\u013c\u016bs par spilgtu akcentu j\u016bsu interjer\u0101. D\u012bv\u0101nam ir iztur\u012bgi tr\u016bkumi&#8230;<\/p>\n","protected":false},"featured_media":16177,"comment_status":"open","ping_status":"closed","template":"","meta":[],"product_brand":[],"product_cat":[1721,4742],"product_tag":[],"class_list":{"0":"post-32805","1":"product","2":"type-product","3":"status-publish","4":"has-post-thumbnail","6":"product_cat-futons-gultas","7":"product_cat-futons-gultas-8","9":"first","10":"instock","11":"shipping-taxable","12":"purchasable","13":"product-type-variable"},"yoast_head":"<!-- This site is optimized with the Yoast SEO plugin v26.0 - https:\/\/yoast.com\/wordpress\/plugins\/seo\/ -->\n<title>Samta futona gulta<\/title>\n<meta name=\"description\" content=\"\u0160is izvelkamais d\u012bv\u0101ns apvieno stilu un funkcionalit\u0101ti. Apvilkts ar m\u012bkstu samtu, tas k\u013c\u016bs par spilgtu akcentu j\u016bsu interjer\u0101. D\u012bv\u0101nam ir iztur\u012bgi tr\u016bkumi...\" \/>\n<meta name=\"robots\" content=\"index, follow, max-snippet:-1, max-image-preview:large, max-video-preview:-1\" \/>\n<link rel=\"canonical\" href=\"https:\/\/brilune.eu\/lv\/product\/samta-futona-gulta\/\" \/>\n<meta property=\"og:locale\" content=\"lv_LV\" \/>\n<meta property=\"og:type\" content=\"article\" \/>\n<meta property=\"og:title\" content=\"Samta futona gulta\" \/>\n<meta property=\"og:description\" content=\"\u0160is izvelkamais d\u012bv\u0101ns apvieno stilu un funkcionalit\u0101ti. Apvilkts ar m\u012bkstu samtu, tas k\u013c\u016bs par spilgtu akcentu j\u016bsu interjer\u0101. D\u012bv\u0101nam ir iztur\u012bgi tr\u016bkumi...\" \/>\n<meta property=\"og:url\" content=\"https:\/\/brilune.eu\/lv\/product\/samta-futona-gulta\/\" \/>\n<meta property=\"og:site_name\" content=\"Brilune\" \/>\n<meta property=\"article:modified_time\" content=\"2025-02-18T21:55:23+00:00\" \/>\n<meta property=\"og:image\" content=\"https:\/\/brilune.eu\/wp-content\/uploads\/2025\/01\/1200x1200-152.jpg\" \/>\n\t<meta property=\"og:image:width\" content=\"1200\" \/>\n\t<meta property=\"og:image:height\" content=\"1200\" \/>\n\t<meta property=\"og:image:type\" content=\"image\/jpeg\" \/>\n<meta name=\"twitter:card\" content=\"summary_large_image\" \/>\n<script type=\"application\/ld+json\" class=\"yoast-schema-graph\">{\"@context\":\"https:\/\/schema.org\",\"@graph\":[{\"@type\":\"WebPage\",\"@id\":\"https:\/\/brilune.eu\/lv\/product\/samta-futona-gulta\/\",\"url\":\"https:\/\/brilune.eu\/lv\/product\/samta-futona-gulta\/\",\"name\":\"Samta futona gulta\",\"isPartOf\":{\"@id\":\"https:\/\/brilune.eu\/lv\/#website\"},\"primaryImageOfPage\":{\"@id\":\"https:\/\/brilune.eu\/lv\/product\/samta-futona-gulta\/#primaryimage\"},\"image\":{\"@id\":\"https:\/\/brilune.eu\/lv\/product\/samta-futona-gulta\/#primaryimage\"},\"thumbnailUrl\":\"https:\/\/brilune.eu\/wp-content\/uploads\/2025\/01\/1200x1200-152.jpg\",\"datePublished\":\"2025-02-18T21:40:58+00:00\",\"dateModified\":\"2025-02-18T21:55:23+00:00\",\"description\":\"\u0160is izvelkamais d\u012bv\u0101ns apvieno stilu un funkcionalit\u0101ti. Apvilkts ar m\u012bkstu samtu, tas k\u013c\u016bs par spilgtu akcentu j\u016bsu interjer\u0101. D\u012bv\u0101nam ir iztur\u012bgi tr\u016bkumi...\",\"breadcrumb\":{\"@id\":\"https:\/\/brilune.eu\/lv\/product\/samta-futona-gulta\/#breadcrumb\"},\"inLanguage\":\"lv-LV\",\"potentialAction\":[{\"@type\":\"ReadAction\",\"target\":[\"https:\/\/brilune.eu\/lv\/product\/samta-futona-gulta\/\"]}]},{\"@type\":\"ImageObject\",\"inLanguage\":\"lv-LV\",\"@id\":\"https:\/\/brilune.eu\/lv\/product\/samta-futona-gulta\/#primaryimage\",\"url\":\"https:\/\/brilune.eu\/wp-content\/uploads\/2025\/01\/1200x1200-152.jpg\",\"contentUrl\":\"https:\/\/brilune.eu\/wp-content\/uploads\/2025\/01\/1200x1200-152.jpg\",\"width\":1200,\"height\":1200},{\"@type\":\"BreadcrumbList\",\"@id\":\"https:\/\/brilune.eu\/lv\/product\/samta-futona-gulta\/#breadcrumb\",\"itemListElement\":[{\"@type\":\"ListItem\",\"position\":1,\"name\":\"S\u0101kums\",\"item\":\"https:\/\/brilune.eu\/lv\/brilune-mebeles\/\"},{\"@type\":\"ListItem\",\"position\":2,\"name\":\"Visi produkti\",\"item\":\"https:\/\/brilune.eu\/lv\/shop\/\"},{\"@type\":\"ListItem\",\"position\":3,\"name\":\"Samta futona gulta\"}]},{\"@type\":\"WebSite\",\"@id\":\"https:\/\/brilune.eu\/lv\/#website\",\"url\":\"https:\/\/brilune.eu\/lv\/\",\"name\":\"Brilune\",\"description\":\"M\u0113s pied\u0101v\u0101jam unik\u0101lus un nebiju\u0161us dizainus, kas apvieno eleganci, funkcionalit\u0101ti un rado\u0161umu.\",\"potentialAction\":[{\"@type\":\"SearchAction\",\"target\":{\"@type\":\"EntryPoint\",\"urlTemplate\":\"https:\/\/brilune.eu\/lv\/?s={search_term_string}\"},\"query-input\":{\"@type\":\"PropertyValueSpecification\",\"valueRequired\":true,\"valueName\":\"search_term_string\"}}],\"inLanguage\":\"lv-LV\"}]}<\/script>\n<!-- \/ Yoast SEO plugin. -->","yoast_head_json":{"title":"Samta futona gulta","description":"\u0160is izvelkamais d\u012bv\u0101ns apvieno stilu un funkcionalit\u0101ti. Apvilkts ar m\u012bkstu samtu, tas k\u013c\u016bs par spilgtu akcentu j\u016bsu interjer\u0101. D\u012bv\u0101nam ir iztur\u012bgi tr\u016bkumi...","robots":{"index":"index","follow":"follow","max-snippet":"max-snippet:-1","max-image-preview":"max-image-preview:large","max-video-preview":"max-video-preview:-1"},"canonical":"https:\/\/brilune.eu\/lv\/product\/samta-futona-gulta\/","og_locale":"lv_LV","og_type":"article","og_title":"Samta futona gulta","og_description":"\u0160is izvelkamais d\u012bv\u0101ns apvieno stilu un funkcionalit\u0101ti. Apvilkts ar m\u012bkstu samtu, tas k\u013c\u016bs par spilgtu akcentu j\u016bsu interjer\u0101. D\u012bv\u0101nam ir iztur\u012bgi tr\u016bkumi...","og_url":"https:\/\/brilune.eu\/lv\/product\/samta-futona-gulta\/","og_site_name":"Brilune","article_modified_time":"2025-02-18T21:55:23+00:00","og_image":[{"width":1200,"height":1200,"url":"https:\/\/brilune.eu\/wp-content\/uploads\/2025\/01\/1200x1200-152.jpg","type":"image\/jpeg"}],"twitter_card":"summary_large_image","schema":{"@context":"https:\/\/schema.org","@graph":[{"@type":"WebPage","@id":"https:\/\/brilune.eu\/lv\/product\/samta-futona-gulta\/","url":"https:\/\/brilune.eu\/lv\/product\/samta-futona-gulta\/","name":"Samta futona gulta","isPartOf":{"@id":"https:\/\/brilune.eu\/lv\/#website"},"primaryImageOfPage":{"@id":"https:\/\/brilune.eu\/lv\/product\/samta-futona-gulta\/#primaryimage"},"image":{"@id":"https:\/\/brilune.eu\/lv\/product\/samta-futona-gulta\/#primaryimage"},"thumbnailUrl":"https:\/\/brilune.eu\/wp-content\/uploads\/2025\/01\/1200x1200-152.jpg","datePublished":"2025-02-18T21:40:58+00:00","dateModified":"2025-02-18T21:55:23+00:00","description":"\u0160is izvelkamais d\u012bv\u0101ns apvieno stilu un funkcionalit\u0101ti. Apvilkts ar m\u012bkstu samtu, tas k\u013c\u016bs par spilgtu akcentu j\u016bsu interjer\u0101. D\u012bv\u0101nam ir iztur\u012bgi tr\u016bkumi...","breadcrumb":{"@id":"https:\/\/brilune.eu\/lv\/product\/samta-futona-gulta\/#breadcrumb"},"inLanguage":"lv-LV","potentialAction":[{"@type":"ReadAction","target":["https:\/\/brilune.eu\/lv\/product\/samta-futona-gulta\/"]}]},{"@type":"ImageObject","inLanguage":"lv-LV","@id":"https:\/\/brilune.eu\/lv\/product\/samta-futona-gulta\/#primaryimage","url":"https:\/\/brilune.eu\/wp-content\/uploads\/2025\/01\/1200x1200-152.jpg","contentUrl":"https:\/\/brilune.eu\/wp-content\/uploads\/2025\/01\/1200x1200-152.jpg","width":1200,"height":1200},{"@type":"BreadcrumbList","@id":"https:\/\/brilune.eu\/lv\/product\/samta-futona-gulta\/#breadcrumb","itemListElement":[{"@type":"ListItem","position":1,"name":"S\u0101kums","item":"https:\/\/brilune.eu\/lv\/brilune-mebeles\/"},{"@type":"ListItem","position":2,"name":"Visi produkti","item":"https:\/\/brilune.eu\/lv\/shop\/"},{"@type":"ListItem","position":3,"name":"Samta futona gulta"}]},{"@type":"WebSite","@id":"https:\/\/brilune.eu\/lv\/#website","url":"https:\/\/brilune.eu\/lv\/","name":"Brilune","description":"M\u0113s pied\u0101v\u0101jam unik\u0101lus un nebiju\u0161us dizainus, kas apvieno eleganci, funkcionalit\u0101ti un rado\u0161umu.","potentialAction":[{"@type":"SearchAction","target":{"@type":"EntryPoint","urlTemplate":"https:\/\/brilune.eu\/lv\/?s={search_term_string}"},"query-input":{"@type":"PropertyValueSpecification","valueRequired":true,"valueName":"search_term_string"}}],"inLanguage":"lv-LV"}]}},"jetpack_sharing_enabled":true,"_links":{"self":[{"href":"https:\/\/brilune.eu\/lv\/wp-json\/wp\/v2\/product\/32805","targetHints":{"allow":["GET"]}}],"collection":[{"href":"https:\/\/brilune.eu\/lv\/wp-json\/wp\/v2\/product"}],"about":[{"href":"https:\/\/brilune.eu\/lv\/wp-json\/wp\/v2\/types\/product"}],"replies":[{"embeddable":true,"href":"https:\/\/brilune.eu\/lv\/wp-json\/wp\/v2\/comments?post=32805"}],"version-history":[{"count":1,"href":"https:\/\/brilune.eu\/lv\/wp-json\/wp\/v2\/product\/32805\/revisions"}],"predecessor-version":[{"id":32834,"href":"https:\/\/brilune.eu\/lv\/wp-json\/wp\/v2\/product\/32805\/revisions\/32834"}],"wp:featuredmedia":[{"embeddable":true,"href":"https:\/\/brilune.eu\/lv\/wp-json\/wp\/v2\/media\/16177"}],"wp:attachment":[{"href":"https:\/\/brilune.eu\/lv\/wp-json\/wp\/v2\/media?parent=32805"}],"wp:term":[{"taxonomy":"product_brand","embeddable":true,"href":"https:\/\/brilune.eu\/lv\/wp-json\/wp\/v2\/product_brand?post=32805"},{"taxonomy":"product_cat","embeddable":true,"href":"https:\/\/brilune.eu\/lv\/wp-json\/wp\/v2\/product_cat?post=32805"},{"taxonomy":"product_tag","embeddable":true,"href":"https:\/\/brilune.eu\/lv\/wp-json\/wp\/v2\/product_tag?post=32805"}],"curies":[{"name":"wp","href":"https:\/\/api.w.org\/{rel}","templated":true}]}}