{"id":32775,"date":"2025-02-18T23:40:07","date_gmt":"2025-02-18T21:40:07","guid":{"rendered":"https:\/\/brilune.eu\/?post_type=product&#038;p=32775"},"modified":"2025-02-18T23:55:23","modified_gmt":"2025-02-18T21:55:23","slug":"vienkarss-salokams-futons","status":"publish","type":"product","link":"https:\/\/brilune.eu\/lv\/product\/vienkarss-salokams-futons\/","title":{"rendered":"Vienk\u0101r\u0161s salok\u0101ms futons"},"content":{"rendered":"<p>\u0160\u012b izvelkam\u0101 pufa ir ide\u0101ls risin\u0101jums m\u0101j\u012bgai atp\u016btai. Ar savu moderno dizainu un \u0113rtu m\u0101ksl\u012bg\u0101s \u0101das apdari tas lieliski iederas jebkur\u0101 interjer\u0101. Atzveltne ar m\u012bkstu polster\u0113jumu nodro\u0161ina komfortu, vienlaikus pie\u0161\u0137irot stil\u012bgu akcentu. Pufas viegli atlok\u0101s, lai nodro\u0161in\u0101tu papildu vietu atp\u016btai, padarot to par lielisku izv\u0113li neliel\u0101m telp\u0101m.<\/p>\n<p>Izm\u0113ri: 70\u00d795\u00d780 cm. Materi\u0101li: m\u0101ksl\u012bg\u0101 \u0101da, porolona.<\/p>\n","protected":false},"excerpt":{"rendered":"<p>\u0160\u012b izvelkam\u0101 pufa ir ide\u0101ls risin\u0101jums m\u0101j\u012bgai atp\u016btai. Ar savu moderno dizainu un \u0113rtu m\u0101ksl\u012bg\u0101s \u0101das apdari tas lieliski iederas jebkur\u0101&#8230;<\/p>\n","protected":false},"featured_media":16132,"comment_status":"open","ping_status":"closed","template":"","meta":[],"product_brand":[],"product_cat":[1721,4742],"product_tag":[],"class_list":{"0":"post-32775","1":"product","2":"type-product","3":"status-publish","4":"has-post-thumbnail","6":"product_cat-futons-gultas","7":"product_cat-futons-gultas-8","9":"first","10":"instock","11":"shipping-taxable","12":"purchasable","13":"product-type-variable"},"yoast_head":"<!-- This site is optimized with the Yoast SEO plugin v26.0 - https:\/\/yoast.com\/wordpress\/plugins\/seo\/ -->\n<title>Vienk\u0101r\u0161s salok\u0101ms futons<\/title>\n<meta name=\"description\" content=\"\u0160\u012b izvelkam\u0101 pufa ir ide\u0101ls risin\u0101jums m\u0101j\u012bgai atp\u016btai. Ar savu moderno dizainu un \u0113rtu m\u0101ksl\u012bg\u0101s \u0101das apdari tas lieliski iederas jebkur\u0101...\" \/>\n<meta name=\"robots\" content=\"index, follow, max-snippet:-1, max-image-preview:large, max-video-preview:-1\" \/>\n<link rel=\"canonical\" href=\"https:\/\/brilune.eu\/lv\/product\/vienkarss-salokams-futons\/\" \/>\n<meta property=\"og:locale\" content=\"lv_LV\" \/>\n<meta property=\"og:type\" content=\"article\" \/>\n<meta property=\"og:title\" content=\"Vienk\u0101r\u0161s salok\u0101ms futons\" \/>\n<meta property=\"og:description\" content=\"\u0160\u012b izvelkam\u0101 pufa ir ide\u0101ls risin\u0101jums m\u0101j\u012bgai atp\u016btai. Ar savu moderno dizainu un \u0113rtu m\u0101ksl\u012bg\u0101s \u0101das apdari tas lieliski iederas jebkur\u0101...\" \/>\n<meta property=\"og:url\" content=\"https:\/\/brilune.eu\/lv\/product\/vienkarss-salokams-futons\/\" \/>\n<meta property=\"og:site_name\" content=\"Brilune\" \/>\n<meta property=\"article:modified_time\" content=\"2025-02-18T21:55:23+00:00\" \/>\n<meta property=\"og:image\" content=\"https:\/\/brilune.eu\/wp-content\/uploads\/2025\/01\/1200x1200-145.jpg\" \/>\n\t<meta property=\"og:image:width\" content=\"800\" \/>\n\t<meta property=\"og:image:height\" content=\"800\" \/>\n\t<meta property=\"og:image:type\" content=\"image\/jpeg\" \/>\n<meta name=\"twitter:card\" content=\"summary_large_image\" \/>\n<script type=\"application\/ld+json\" class=\"yoast-schema-graph\">{\"@context\":\"https:\/\/schema.org\",\"@graph\":[{\"@type\":\"WebPage\",\"@id\":\"https:\/\/brilune.eu\/lv\/product\/vienkarss-salokams-futons\/\",\"url\":\"https:\/\/brilune.eu\/lv\/product\/vienkarss-salokams-futons\/\",\"name\":\"Vienk\u0101r\u0161s salok\u0101ms futons\",\"isPartOf\":{\"@id\":\"https:\/\/brilune.eu\/lv\/#website\"},\"primaryImageOfPage\":{\"@id\":\"https:\/\/brilune.eu\/lv\/product\/vienkarss-salokams-futons\/#primaryimage\"},\"image\":{\"@id\":\"https:\/\/brilune.eu\/lv\/product\/vienkarss-salokams-futons\/#primaryimage\"},\"thumbnailUrl\":\"https:\/\/brilune.eu\/wp-content\/uploads\/2025\/01\/1200x1200-145.jpg\",\"datePublished\":\"2025-02-18T21:40:07+00:00\",\"dateModified\":\"2025-02-18T21:55:23+00:00\",\"description\":\"\u0160\u012b izvelkam\u0101 pufa ir ide\u0101ls risin\u0101jums m\u0101j\u012bgai atp\u016btai. Ar savu moderno dizainu un \u0113rtu m\u0101ksl\u012bg\u0101s \u0101das apdari tas lieliski iederas jebkur\u0101...\",\"breadcrumb\":{\"@id\":\"https:\/\/brilune.eu\/lv\/product\/vienkarss-salokams-futons\/#breadcrumb\"},\"inLanguage\":\"lv-LV\",\"potentialAction\":[{\"@type\":\"ReadAction\",\"target\":[\"https:\/\/brilune.eu\/lv\/product\/vienkarss-salokams-futons\/\"]}]},{\"@type\":\"ImageObject\",\"inLanguage\":\"lv-LV\",\"@id\":\"https:\/\/brilune.eu\/lv\/product\/vienkarss-salokams-futons\/#primaryimage\",\"url\":\"https:\/\/brilune.eu\/wp-content\/uploads\/2025\/01\/1200x1200-145.jpg\",\"contentUrl\":\"https:\/\/brilune.eu\/wp-content\/uploads\/2025\/01\/1200x1200-145.jpg\",\"width\":800,\"height\":800},{\"@type\":\"BreadcrumbList\",\"@id\":\"https:\/\/brilune.eu\/lv\/product\/vienkarss-salokams-futons\/#breadcrumb\",\"itemListElement\":[{\"@type\":\"ListItem\",\"position\":1,\"name\":\"S\u0101kums\",\"item\":\"https:\/\/brilune.eu\/lv\/brilune-mebeles\/\"},{\"@type\":\"ListItem\",\"position\":2,\"name\":\"Visi produkti\",\"item\":\"https:\/\/brilune.eu\/lv\/shop\/\"},{\"@type\":\"ListItem\",\"position\":3,\"name\":\"Vienk\u0101r\u0161s salok\u0101ms futons\"}]},{\"@type\":\"WebSite\",\"@id\":\"https:\/\/brilune.eu\/lv\/#website\",\"url\":\"https:\/\/brilune.eu\/lv\/\",\"name\":\"Brilune\",\"description\":\"M\u0113s pied\u0101v\u0101jam unik\u0101lus un nebiju\u0161us dizainus, kas apvieno eleganci, funkcionalit\u0101ti un rado\u0161umu.\",\"potentialAction\":[{\"@type\":\"SearchAction\",\"target\":{\"@type\":\"EntryPoint\",\"urlTemplate\":\"https:\/\/brilune.eu\/lv\/?s={search_term_string}\"},\"query-input\":{\"@type\":\"PropertyValueSpecification\",\"valueRequired\":true,\"valueName\":\"search_term_string\"}}],\"inLanguage\":\"lv-LV\"}]}<\/script>\n<!-- \/ Yoast SEO plugin. -->","yoast_head_json":{"title":"Vienk\u0101r\u0161s salok\u0101ms futons","description":"\u0160\u012b izvelkam\u0101 pufa ir ide\u0101ls risin\u0101jums m\u0101j\u012bgai atp\u016btai. Ar savu moderno dizainu un \u0113rtu m\u0101ksl\u012bg\u0101s \u0101das apdari tas lieliski iederas jebkur\u0101...","robots":{"index":"index","follow":"follow","max-snippet":"max-snippet:-1","max-image-preview":"max-image-preview:large","max-video-preview":"max-video-preview:-1"},"canonical":"https:\/\/brilune.eu\/lv\/product\/vienkarss-salokams-futons\/","og_locale":"lv_LV","og_type":"article","og_title":"Vienk\u0101r\u0161s salok\u0101ms futons","og_description":"\u0160\u012b izvelkam\u0101 pufa ir ide\u0101ls risin\u0101jums m\u0101j\u012bgai atp\u016btai. Ar savu moderno dizainu un \u0113rtu m\u0101ksl\u012bg\u0101s \u0101das apdari tas lieliski iederas jebkur\u0101...","og_url":"https:\/\/brilune.eu\/lv\/product\/vienkarss-salokams-futons\/","og_site_name":"Brilune","article_modified_time":"2025-02-18T21:55:23+00:00","og_image":[{"width":800,"height":800,"url":"https:\/\/brilune.eu\/wp-content\/uploads\/2025\/01\/1200x1200-145.jpg","type":"image\/jpeg"}],"twitter_card":"summary_large_image","schema":{"@context":"https:\/\/schema.org","@graph":[{"@type":"WebPage","@id":"https:\/\/brilune.eu\/lv\/product\/vienkarss-salokams-futons\/","url":"https:\/\/brilune.eu\/lv\/product\/vienkarss-salokams-futons\/","name":"Vienk\u0101r\u0161s salok\u0101ms futons","isPartOf":{"@id":"https:\/\/brilune.eu\/lv\/#website"},"primaryImageOfPage":{"@id":"https:\/\/brilune.eu\/lv\/product\/vienkarss-salokams-futons\/#primaryimage"},"image":{"@id":"https:\/\/brilune.eu\/lv\/product\/vienkarss-salokams-futons\/#primaryimage"},"thumbnailUrl":"https:\/\/brilune.eu\/wp-content\/uploads\/2025\/01\/1200x1200-145.jpg","datePublished":"2025-02-18T21:40:07+00:00","dateModified":"2025-02-18T21:55:23+00:00","description":"\u0160\u012b izvelkam\u0101 pufa ir ide\u0101ls risin\u0101jums m\u0101j\u012bgai atp\u016btai. Ar savu moderno dizainu un \u0113rtu m\u0101ksl\u012bg\u0101s \u0101das apdari tas lieliski iederas jebkur\u0101...","breadcrumb":{"@id":"https:\/\/brilune.eu\/lv\/product\/vienkarss-salokams-futons\/#breadcrumb"},"inLanguage":"lv-LV","potentialAction":[{"@type":"ReadAction","target":["https:\/\/brilune.eu\/lv\/product\/vienkarss-salokams-futons\/"]}]},{"@type":"ImageObject","inLanguage":"lv-LV","@id":"https:\/\/brilune.eu\/lv\/product\/vienkarss-salokams-futons\/#primaryimage","url":"https:\/\/brilune.eu\/wp-content\/uploads\/2025\/01\/1200x1200-145.jpg","contentUrl":"https:\/\/brilune.eu\/wp-content\/uploads\/2025\/01\/1200x1200-145.jpg","width":800,"height":800},{"@type":"BreadcrumbList","@id":"https:\/\/brilune.eu\/lv\/product\/vienkarss-salokams-futons\/#breadcrumb","itemListElement":[{"@type":"ListItem","position":1,"name":"S\u0101kums","item":"https:\/\/brilune.eu\/lv\/brilune-mebeles\/"},{"@type":"ListItem","position":2,"name":"Visi produkti","item":"https:\/\/brilune.eu\/lv\/shop\/"},{"@type":"ListItem","position":3,"name":"Vienk\u0101r\u0161s salok\u0101ms futons"}]},{"@type":"WebSite","@id":"https:\/\/brilune.eu\/lv\/#website","url":"https:\/\/brilune.eu\/lv\/","name":"Brilune","description":"M\u0113s pied\u0101v\u0101jam unik\u0101lus un nebiju\u0161us dizainus, kas apvieno eleganci, funkcionalit\u0101ti un rado\u0161umu.","potentialAction":[{"@type":"SearchAction","target":{"@type":"EntryPoint","urlTemplate":"https:\/\/brilune.eu\/lv\/?s={search_term_string}"},"query-input":{"@type":"PropertyValueSpecification","valueRequired":true,"valueName":"search_term_string"}}],"inLanguage":"lv-LV"}]}},"jetpack_sharing_enabled":true,"_links":{"self":[{"href":"https:\/\/brilune.eu\/lv\/wp-json\/wp\/v2\/product\/32775","targetHints":{"allow":["GET"]}}],"collection":[{"href":"https:\/\/brilune.eu\/lv\/wp-json\/wp\/v2\/product"}],"about":[{"href":"https:\/\/brilune.eu\/lv\/wp-json\/wp\/v2\/types\/product"}],"replies":[{"embeddable":true,"href":"https:\/\/brilune.eu\/lv\/wp-json\/wp\/v2\/comments?post=32775"}],"version-history":[{"count":1,"href":"https:\/\/brilune.eu\/lv\/wp-json\/wp\/v2\/product\/32775\/revisions"}],"predecessor-version":[{"id":32802,"href":"https:\/\/brilune.eu\/lv\/wp-json\/wp\/v2\/product\/32775\/revisions\/32802"}],"wp:featuredmedia":[{"embeddable":true,"href":"https:\/\/brilune.eu\/lv\/wp-json\/wp\/v2\/media\/16132"}],"wp:attachment":[{"href":"https:\/\/brilune.eu\/lv\/wp-json\/wp\/v2\/media?parent=32775"}],"wp:term":[{"taxonomy":"product_brand","embeddable":true,"href":"https:\/\/brilune.eu\/lv\/wp-json\/wp\/v2\/product_brand?post=32775"},{"taxonomy":"product_cat","embeddable":true,"href":"https:\/\/brilune.eu\/lv\/wp-json\/wp\/v2\/product_cat?post=32775"},{"taxonomy":"product_tag","embeddable":true,"href":"https:\/\/brilune.eu\/lv\/wp-json\/wp\/v2\/product_tag?post=32775"}],"curies":[{"name":"wp","href":"https:\/\/api.w.org\/{rel}","templated":true}]}}