{"id":32709,"date":"2025-02-18T23:30:04","date_gmt":"2025-02-18T21:30:04","guid":{"rendered":"https:\/\/brilune.eu\/?post_type=product&#038;p=32709"},"modified":"2025-02-18T23:36:46","modified_gmt":"2025-02-18T21:36:46","slug":"moderna-dzivojama-istaba-futon-2","status":"publish","type":"product","link":"https:\/\/brilune.eu\/lv\/product\/moderna-dzivojama-istaba-futon-2\/","title":{"rendered":"Moderna dz\u012bvojam\u0101 istaba Futon"},"content":{"rendered":"<p>Saliekamais kr\u0113sls ar m\u012bkstu atzveltni un \u0113rtu s\u0113dekli ir lieliski piem\u0113rots neliel\u0101m telp\u0101m. Tas ir lieliski piem\u0113rots atp\u016btai, las\u012b\u0161anai vai viesu izklaid\u0113\u0161anai. Izgatavots no iztur\u012bga auduma, atzveltnes kr\u0113sls ir iztur\u012bgs pret nodilumu un viegli t\u012br\u0101ms. M\u012bkstie spilveni rada m\u0101j\u012bgu atmosf\u0113ru, un kompaktais izm\u0113rs padara to piem\u0113rotu jebkurai telpai.<\/p>\n<p>Materi\u0101li: poliesters, putas. Izm\u0113ri: 80\u00d772\u00d783 cm.<\/p>\n","protected":false},"excerpt":{"rendered":"<p>Saliekamais kr\u0113sls ar m\u012bkstu atzveltni un \u0113rtu s\u0113dekli ir lieliski piem\u0113rots neliel\u0101m telp\u0101m. Tas ir lieliski piem\u0113rots atp\u016btai, las\u012b\u0161anai vai viesu izklaid\u0113\u0161anai. Izgatavots no iztur\u012bga&#8230;<\/p>\n","protected":false},"featured_media":16074,"comment_status":"open","ping_status":"closed","template":"","meta":[],"product_brand":[],"product_cat":[1721,4730],"product_tag":[],"class_list":{"0":"post-32709","1":"product","2":"type-product","3":"status-publish","4":"has-post-thumbnail","6":"product_cat-futons-gultas","7":"product_cat-futons-gultas-7","9":"first","10":"instock","11":"shipping-taxable","12":"purchasable","13":"product-type-variable"},"yoast_head":"<!-- This site is optimized with the Yoast SEO plugin v26.0 - https:\/\/yoast.com\/wordpress\/plugins\/seo\/ -->\n<title>Moderna dz\u012bvojam\u0101 istaba Futon<\/title>\n<meta name=\"description\" content=\"Saliekamais kr\u0113sls ar m\u012bkstu atzveltni un \u0113rtu s\u0113dekli ir lieliski piem\u0113rots neliel\u0101m telp\u0101m. Tas ir lieliski piem\u0113rots atp\u016btai, las\u012b\u0161anai vai viesu izklaid\u0113\u0161anai. Izgatavots no iztur\u012bga...\" \/>\n<meta name=\"robots\" content=\"index, follow, max-snippet:-1, max-image-preview:large, max-video-preview:-1\" \/>\n<link rel=\"canonical\" href=\"https:\/\/brilune.eu\/lv\/product\/moderna-dzivojama-istaba-futon-2\/\" \/>\n<meta property=\"og:locale\" content=\"lv_LV\" \/>\n<meta property=\"og:type\" content=\"article\" \/>\n<meta property=\"og:title\" content=\"Moderna dz\u012bvojam\u0101 istaba Futon\" \/>\n<meta property=\"og:description\" content=\"Saliekamais kr\u0113sls ar m\u012bkstu atzveltni un \u0113rtu s\u0113dekli ir lieliski piem\u0113rots neliel\u0101m telp\u0101m. Tas ir lieliski piem\u0113rots atp\u016btai, las\u012b\u0161anai vai viesu izklaid\u0113\u0161anai. Izgatavots no iztur\u012bga...\" \/>\n<meta property=\"og:url\" content=\"https:\/\/brilune.eu\/lv\/product\/moderna-dzivojama-istaba-futon-2\/\" \/>\n<meta property=\"og:site_name\" content=\"Brilune\" \/>\n<meta property=\"article:modified_time\" content=\"2025-02-18T21:36:46+00:00\" \/>\n<meta property=\"og:image\" content=\"https:\/\/brilune.eu\/wp-content\/uploads\/2025\/01\/1200x1200-133.jpg\" \/>\n\t<meta property=\"og:image:width\" content=\"800\" \/>\n\t<meta property=\"og:image:height\" content=\"800\" \/>\n\t<meta property=\"og:image:type\" content=\"image\/jpeg\" \/>\n<meta name=\"twitter:card\" content=\"summary_large_image\" \/>\n<script type=\"application\/ld+json\" class=\"yoast-schema-graph\">{\"@context\":\"https:\/\/schema.org\",\"@graph\":[{\"@type\":\"WebPage\",\"@id\":\"https:\/\/brilune.eu\/lv\/product\/moderna-dzivojama-istaba-futon-2\/\",\"url\":\"https:\/\/brilune.eu\/lv\/product\/moderna-dzivojama-istaba-futon-2\/\",\"name\":\"Moderna dz\u012bvojam\u0101 istaba Futon\",\"isPartOf\":{\"@id\":\"https:\/\/brilune.eu\/lv\/#website\"},\"primaryImageOfPage\":{\"@id\":\"https:\/\/brilune.eu\/lv\/product\/moderna-dzivojama-istaba-futon-2\/#primaryimage\"},\"image\":{\"@id\":\"https:\/\/brilune.eu\/lv\/product\/moderna-dzivojama-istaba-futon-2\/#primaryimage\"},\"thumbnailUrl\":\"https:\/\/brilune.eu\/wp-content\/uploads\/2025\/01\/1200x1200-133.jpg\",\"datePublished\":\"2025-02-18T21:30:04+00:00\",\"dateModified\":\"2025-02-18T21:36:46+00:00\",\"description\":\"Saliekamais kr\u0113sls ar m\u012bkstu atzveltni un \u0113rtu s\u0113dekli ir lieliski piem\u0113rots neliel\u0101m telp\u0101m. Tas ir lieliski piem\u0113rots atp\u016btai, las\u012b\u0161anai vai viesu izklaid\u0113\u0161anai. Izgatavots no iztur\u012bga...\",\"breadcrumb\":{\"@id\":\"https:\/\/brilune.eu\/lv\/product\/moderna-dzivojama-istaba-futon-2\/#breadcrumb\"},\"inLanguage\":\"lv-LV\",\"potentialAction\":[{\"@type\":\"ReadAction\",\"target\":[\"https:\/\/brilune.eu\/lv\/product\/moderna-dzivojama-istaba-futon-2\/\"]}]},{\"@type\":\"ImageObject\",\"inLanguage\":\"lv-LV\",\"@id\":\"https:\/\/brilune.eu\/lv\/product\/moderna-dzivojama-istaba-futon-2\/#primaryimage\",\"url\":\"https:\/\/brilune.eu\/wp-content\/uploads\/2025\/01\/1200x1200-133.jpg\",\"contentUrl\":\"https:\/\/brilune.eu\/wp-content\/uploads\/2025\/01\/1200x1200-133.jpg\",\"width\":800,\"height\":800},{\"@type\":\"BreadcrumbList\",\"@id\":\"https:\/\/brilune.eu\/lv\/product\/moderna-dzivojama-istaba-futon-2\/#breadcrumb\",\"itemListElement\":[{\"@type\":\"ListItem\",\"position\":1,\"name\":\"S\u0101kums\",\"item\":\"https:\/\/brilune.eu\/lv\/brilune-mebeles\/\"},{\"@type\":\"ListItem\",\"position\":2,\"name\":\"Visi produkti\",\"item\":\"https:\/\/brilune.eu\/lv\/shop\/\"},{\"@type\":\"ListItem\",\"position\":3,\"name\":\"Moderna dz\u012bvojam\u0101 istaba Futon\"}]},{\"@type\":\"WebSite\",\"@id\":\"https:\/\/brilune.eu\/lv\/#website\",\"url\":\"https:\/\/brilune.eu\/lv\/\",\"name\":\"Brilune\",\"description\":\"M\u0113s pied\u0101v\u0101jam unik\u0101lus un nebiju\u0161us dizainus, kas apvieno eleganci, funkcionalit\u0101ti un rado\u0161umu.\",\"potentialAction\":[{\"@type\":\"SearchAction\",\"target\":{\"@type\":\"EntryPoint\",\"urlTemplate\":\"https:\/\/brilune.eu\/lv\/?s={search_term_string}\"},\"query-input\":{\"@type\":\"PropertyValueSpecification\",\"valueRequired\":true,\"valueName\":\"search_term_string\"}}],\"inLanguage\":\"lv-LV\"}]}<\/script>\n<!-- \/ Yoast SEO plugin. -->","yoast_head_json":{"title":"Moderna dz\u012bvojam\u0101 istaba Futon","description":"Saliekamais kr\u0113sls ar m\u012bkstu atzveltni un \u0113rtu s\u0113dekli ir lieliski piem\u0113rots neliel\u0101m telp\u0101m. Tas ir lieliski piem\u0113rots atp\u016btai, las\u012b\u0161anai vai viesu izklaid\u0113\u0161anai. Izgatavots no iztur\u012bga...","robots":{"index":"index","follow":"follow","max-snippet":"max-snippet:-1","max-image-preview":"max-image-preview:large","max-video-preview":"max-video-preview:-1"},"canonical":"https:\/\/brilune.eu\/lv\/product\/moderna-dzivojama-istaba-futon-2\/","og_locale":"lv_LV","og_type":"article","og_title":"Moderna dz\u012bvojam\u0101 istaba Futon","og_description":"Saliekamais kr\u0113sls ar m\u012bkstu atzveltni un \u0113rtu s\u0113dekli ir lieliski piem\u0113rots neliel\u0101m telp\u0101m. Tas ir lieliski piem\u0113rots atp\u016btai, las\u012b\u0161anai vai viesu izklaid\u0113\u0161anai. Izgatavots no iztur\u012bga...","og_url":"https:\/\/brilune.eu\/lv\/product\/moderna-dzivojama-istaba-futon-2\/","og_site_name":"Brilune","article_modified_time":"2025-02-18T21:36:46+00:00","og_image":[{"width":800,"height":800,"url":"https:\/\/brilune.eu\/wp-content\/uploads\/2025\/01\/1200x1200-133.jpg","type":"image\/jpeg"}],"twitter_card":"summary_large_image","schema":{"@context":"https:\/\/schema.org","@graph":[{"@type":"WebPage","@id":"https:\/\/brilune.eu\/lv\/product\/moderna-dzivojama-istaba-futon-2\/","url":"https:\/\/brilune.eu\/lv\/product\/moderna-dzivojama-istaba-futon-2\/","name":"Moderna dz\u012bvojam\u0101 istaba Futon","isPartOf":{"@id":"https:\/\/brilune.eu\/lv\/#website"},"primaryImageOfPage":{"@id":"https:\/\/brilune.eu\/lv\/product\/moderna-dzivojama-istaba-futon-2\/#primaryimage"},"image":{"@id":"https:\/\/brilune.eu\/lv\/product\/moderna-dzivojama-istaba-futon-2\/#primaryimage"},"thumbnailUrl":"https:\/\/brilune.eu\/wp-content\/uploads\/2025\/01\/1200x1200-133.jpg","datePublished":"2025-02-18T21:30:04+00:00","dateModified":"2025-02-18T21:36:46+00:00","description":"Saliekamais kr\u0113sls ar m\u012bkstu atzveltni un \u0113rtu s\u0113dekli ir lieliski piem\u0113rots neliel\u0101m telp\u0101m. Tas ir lieliski piem\u0113rots atp\u016btai, las\u012b\u0161anai vai viesu izklaid\u0113\u0161anai. Izgatavots no iztur\u012bga...","breadcrumb":{"@id":"https:\/\/brilune.eu\/lv\/product\/moderna-dzivojama-istaba-futon-2\/#breadcrumb"},"inLanguage":"lv-LV","potentialAction":[{"@type":"ReadAction","target":["https:\/\/brilune.eu\/lv\/product\/moderna-dzivojama-istaba-futon-2\/"]}]},{"@type":"ImageObject","inLanguage":"lv-LV","@id":"https:\/\/brilune.eu\/lv\/product\/moderna-dzivojama-istaba-futon-2\/#primaryimage","url":"https:\/\/brilune.eu\/wp-content\/uploads\/2025\/01\/1200x1200-133.jpg","contentUrl":"https:\/\/brilune.eu\/wp-content\/uploads\/2025\/01\/1200x1200-133.jpg","width":800,"height":800},{"@type":"BreadcrumbList","@id":"https:\/\/brilune.eu\/lv\/product\/moderna-dzivojama-istaba-futon-2\/#breadcrumb","itemListElement":[{"@type":"ListItem","position":1,"name":"S\u0101kums","item":"https:\/\/brilune.eu\/lv\/brilune-mebeles\/"},{"@type":"ListItem","position":2,"name":"Visi produkti","item":"https:\/\/brilune.eu\/lv\/shop\/"},{"@type":"ListItem","position":3,"name":"Moderna dz\u012bvojam\u0101 istaba Futon"}]},{"@type":"WebSite","@id":"https:\/\/brilune.eu\/lv\/#website","url":"https:\/\/brilune.eu\/lv\/","name":"Brilune","description":"M\u0113s pied\u0101v\u0101jam unik\u0101lus un nebiju\u0161us dizainus, kas apvieno eleganci, funkcionalit\u0101ti un rado\u0161umu.","potentialAction":[{"@type":"SearchAction","target":{"@type":"EntryPoint","urlTemplate":"https:\/\/brilune.eu\/lv\/?s={search_term_string}"},"query-input":{"@type":"PropertyValueSpecification","valueRequired":true,"valueName":"search_term_string"}}],"inLanguage":"lv-LV"}]}},"jetpack_sharing_enabled":true,"_links":{"self":[{"href":"https:\/\/brilune.eu\/lv\/wp-json\/wp\/v2\/product\/32709","targetHints":{"allow":["GET"]}}],"collection":[{"href":"https:\/\/brilune.eu\/lv\/wp-json\/wp\/v2\/product"}],"about":[{"href":"https:\/\/brilune.eu\/lv\/wp-json\/wp\/v2\/types\/product"}],"replies":[{"embeddable":true,"href":"https:\/\/brilune.eu\/lv\/wp-json\/wp\/v2\/comments?post=32709"}],"version-history":[{"count":1,"href":"https:\/\/brilune.eu\/lv\/wp-json\/wp\/v2\/product\/32709\/revisions"}],"predecessor-version":[{"id":32730,"href":"https:\/\/brilune.eu\/lv\/wp-json\/wp\/v2\/product\/32709\/revisions\/32730"}],"wp:featuredmedia":[{"embeddable":true,"href":"https:\/\/brilune.eu\/lv\/wp-json\/wp\/v2\/media\/16074"}],"wp:attachment":[{"href":"https:\/\/brilune.eu\/lv\/wp-json\/wp\/v2\/media?parent=32709"}],"wp:term":[{"taxonomy":"product_brand","embeddable":true,"href":"https:\/\/brilune.eu\/lv\/wp-json\/wp\/v2\/product_brand?post=32709"},{"taxonomy":"product_cat","embeddable":true,"href":"https:\/\/brilune.eu\/lv\/wp-json\/wp\/v2\/product_cat?post=32709"},{"taxonomy":"product_tag","embeddable":true,"href":"https:\/\/brilune.eu\/lv\/wp-json\/wp\/v2\/product_tag?post=32709"}],"curies":[{"name":"wp","href":"https:\/\/api.w.org\/{rel}","templated":true}]}}