{"id":32679,"date":"2025-02-18T23:29:14","date_gmt":"2025-02-18T21:29:14","guid":{"rendered":"https:\/\/brilune.eu\/?post_type=product&#038;p=32679"},"modified":"2025-02-18T23:36:41","modified_gmt":"2025-02-18T21:36:41","slug":"stiliga-kabriolets-futona-gulta","status":"publish","type":"product","link":"https:\/\/brilune.eu\/lv\/product\/stiliga-kabriolets-futona-gulta\/","title":{"rendered":"Stil\u012bga kabriolets futona gulta"},"content":{"rendered":"<p>\u0160is p\u0101rv\u0113r\u0161amais d\u012bv\u0101ns ir ide\u0101ls risin\u0101jums kompakt\u0101m telp\u0101m. Ar savu minim\u0101lisma skandin\u0101vu dizainu un dabisko apdari tas b\u016bs stil\u012bgs akcents j\u016bsu viesistab\u0101 vai gu\u013camistab\u0101. Augst\u0101 atzveltne un m\u012bkstie spilveni nodro\u0161ina komfortu, savuk\u0101rt roku balstu neesam\u012bba pie\u0161\u0137ir d\u012bv\u0101nam vieglu un modernu izskatu. Lina polster\u0113jums nodro\u0161ina iztur\u012bbu un vieglu apkopi, padarot to par praktisku izv\u0113li ikdienas lieto\u0161anai. D\u012bv\u0101nam ir ar\u012b divi spilveni papildu m\u0101j\u012bgumam un komfortam.<br \/>\nIzm\u0113rs: 80\u00d785\u00d770 cm, gultas izm\u0113rs: 200\u00d786\u00d770 cm.<br \/>\nMateri\u0101li: lins, koks.<\/p>\n","protected":false},"excerpt":{"rendered":"<p>\u0160is p\u0101rv\u0113r\u0161amais d\u012bv\u0101ns ir ide\u0101ls risin\u0101jums kompakt\u0101m telp\u0101m. Ar savu minim\u0101lisma skandin\u0101vu dizainu un dabisko apdari tas b\u016bs stil\u012bgs akcents tav\u0101&#8230;<\/p>\n","protected":false},"featured_media":16067,"comment_status":"open","ping_status":"closed","template":"","meta":[],"product_brand":[],"product_cat":[1721,4730],"product_tag":[],"class_list":{"0":"post-32679","1":"product","2":"type-product","3":"status-publish","4":"has-post-thumbnail","6":"product_cat-futons-gultas","7":"product_cat-futons-gultas-7","9":"first","10":"instock","11":"shipping-taxable","12":"purchasable","13":"product-type-variable"},"yoast_head":"<!-- This site is optimized with the Yoast SEO plugin v26.0 - https:\/\/yoast.com\/wordpress\/plugins\/seo\/ -->\n<title>Stil\u012bga kabriolets futona gulta<\/title>\n<meta name=\"description\" content=\"\u0160is p\u0101rv\u0113r\u0161amais d\u012bv\u0101ns ir ide\u0101ls risin\u0101jums kompakt\u0101m telp\u0101m. Ar savu minim\u0101lisma skandin\u0101vu dizainu un dabisko apdari tas b\u016bs stil\u012bgs akcents tav\u0101...\" \/>\n<meta name=\"robots\" content=\"index, follow, max-snippet:-1, max-image-preview:large, max-video-preview:-1\" \/>\n<link rel=\"canonical\" href=\"https:\/\/brilune.eu\/lv\/product\/stiliga-kabriolets-futona-gulta\/\" \/>\n<meta property=\"og:locale\" content=\"lv_LV\" \/>\n<meta property=\"og:type\" content=\"article\" \/>\n<meta property=\"og:title\" content=\"Stil\u012bga kabriolets futona gulta\" \/>\n<meta property=\"og:description\" content=\"\u0160is p\u0101rv\u0113r\u0161amais d\u012bv\u0101ns ir ide\u0101ls risin\u0101jums kompakt\u0101m telp\u0101m. Ar savu minim\u0101lisma skandin\u0101vu dizainu un dabisko apdari tas b\u016bs stil\u012bgs akcents tav\u0101...\" \/>\n<meta property=\"og:url\" content=\"https:\/\/brilune.eu\/lv\/product\/stiliga-kabriolets-futona-gulta\/\" \/>\n<meta property=\"og:site_name\" content=\"Brilune\" \/>\n<meta property=\"article:modified_time\" content=\"2025-02-18T21:36:41+00:00\" \/>\n<meta property=\"og:image\" content=\"https:\/\/brilune.eu\/wp-content\/uploads\/2025\/01\/1200x1200-131.jpg\" \/>\n\t<meta property=\"og:image:width\" content=\"800\" \/>\n\t<meta property=\"og:image:height\" content=\"800\" \/>\n\t<meta property=\"og:image:type\" content=\"image\/jpeg\" \/>\n<meta name=\"twitter:card\" content=\"summary_large_image\" \/>\n<meta name=\"twitter:label1\" content=\"Est. reading time\" \/>\n\t<meta name=\"twitter:data1\" content=\"1 minute\" \/>\n<script type=\"application\/ld+json\" class=\"yoast-schema-graph\">{\"@context\":\"https:\/\/schema.org\",\"@graph\":[{\"@type\":\"WebPage\",\"@id\":\"https:\/\/brilune.eu\/lv\/product\/stiliga-kabriolets-futona-gulta\/\",\"url\":\"https:\/\/brilune.eu\/lv\/product\/stiliga-kabriolets-futona-gulta\/\",\"name\":\"Stil\u012bga kabriolets futona gulta\",\"isPartOf\":{\"@id\":\"https:\/\/brilune.eu\/lv\/#website\"},\"primaryImageOfPage\":{\"@id\":\"https:\/\/brilune.eu\/lv\/product\/stiliga-kabriolets-futona-gulta\/#primaryimage\"},\"image\":{\"@id\":\"https:\/\/brilune.eu\/lv\/product\/stiliga-kabriolets-futona-gulta\/#primaryimage\"},\"thumbnailUrl\":\"https:\/\/brilune.eu\/wp-content\/uploads\/2025\/01\/1200x1200-131.jpg\",\"datePublished\":\"2025-02-18T21:29:14+00:00\",\"dateModified\":\"2025-02-18T21:36:41+00:00\",\"description\":\"\u0160is p\u0101rv\u0113r\u0161amais d\u012bv\u0101ns ir ide\u0101ls risin\u0101jums kompakt\u0101m telp\u0101m. Ar savu minim\u0101lisma skandin\u0101vu dizainu un dabisko apdari tas b\u016bs stil\u012bgs akcents tav\u0101...\",\"breadcrumb\":{\"@id\":\"https:\/\/brilune.eu\/lv\/product\/stiliga-kabriolets-futona-gulta\/#breadcrumb\"},\"inLanguage\":\"lv-LV\",\"potentialAction\":[{\"@type\":\"ReadAction\",\"target\":[\"https:\/\/brilune.eu\/lv\/product\/stiliga-kabriolets-futona-gulta\/\"]}]},{\"@type\":\"ImageObject\",\"inLanguage\":\"lv-LV\",\"@id\":\"https:\/\/brilune.eu\/lv\/product\/stiliga-kabriolets-futona-gulta\/#primaryimage\",\"url\":\"https:\/\/brilune.eu\/wp-content\/uploads\/2025\/01\/1200x1200-131.jpg\",\"contentUrl\":\"https:\/\/brilune.eu\/wp-content\/uploads\/2025\/01\/1200x1200-131.jpg\",\"width\":800,\"height\":800},{\"@type\":\"BreadcrumbList\",\"@id\":\"https:\/\/brilune.eu\/lv\/product\/stiliga-kabriolets-futona-gulta\/#breadcrumb\",\"itemListElement\":[{\"@type\":\"ListItem\",\"position\":1,\"name\":\"S\u0101kums\",\"item\":\"https:\/\/brilune.eu\/lv\/brilune-mebeles\/\"},{\"@type\":\"ListItem\",\"position\":2,\"name\":\"Visi produkti\",\"item\":\"https:\/\/brilune.eu\/lv\/shop\/\"},{\"@type\":\"ListItem\",\"position\":3,\"name\":\"Stil\u012bga kabriolets futona gulta\"}]},{\"@type\":\"WebSite\",\"@id\":\"https:\/\/brilune.eu\/lv\/#website\",\"url\":\"https:\/\/brilune.eu\/lv\/\",\"name\":\"Brilune\",\"description\":\"M\u0113s pied\u0101v\u0101jam unik\u0101lus un nebiju\u0161us dizainus, kas apvieno eleganci, funkcionalit\u0101ti un rado\u0161umu.\",\"potentialAction\":[{\"@type\":\"SearchAction\",\"target\":{\"@type\":\"EntryPoint\",\"urlTemplate\":\"https:\/\/brilune.eu\/lv\/?s={search_term_string}\"},\"query-input\":{\"@type\":\"PropertyValueSpecification\",\"valueRequired\":true,\"valueName\":\"search_term_string\"}}],\"inLanguage\":\"lv-LV\"}]}<\/script>\n<!-- \/ Yoast SEO plugin. -->","yoast_head_json":{"title":"Stil\u012bga kabriolets futona gulta","description":"\u0160is p\u0101rv\u0113r\u0161amais d\u012bv\u0101ns ir ide\u0101ls risin\u0101jums kompakt\u0101m telp\u0101m. Ar savu minim\u0101lisma skandin\u0101vu dizainu un dabisko apdari tas b\u016bs stil\u012bgs akcents tav\u0101...","robots":{"index":"index","follow":"follow","max-snippet":"max-snippet:-1","max-image-preview":"max-image-preview:large","max-video-preview":"max-video-preview:-1"},"canonical":"https:\/\/brilune.eu\/lv\/product\/stiliga-kabriolets-futona-gulta\/","og_locale":"lv_LV","og_type":"article","og_title":"Stil\u012bga kabriolets futona gulta","og_description":"\u0160is p\u0101rv\u0113r\u0161amais d\u012bv\u0101ns ir ide\u0101ls risin\u0101jums kompakt\u0101m telp\u0101m. Ar savu minim\u0101lisma skandin\u0101vu dizainu un dabisko apdari tas b\u016bs stil\u012bgs akcents tav\u0101...","og_url":"https:\/\/brilune.eu\/lv\/product\/stiliga-kabriolets-futona-gulta\/","og_site_name":"Brilune","article_modified_time":"2025-02-18T21:36:41+00:00","og_image":[{"width":800,"height":800,"url":"https:\/\/brilune.eu\/wp-content\/uploads\/2025\/01\/1200x1200-131.jpg","type":"image\/jpeg"}],"twitter_card":"summary_large_image","twitter_misc":{"Est. reading time":"1 minute"},"schema":{"@context":"https:\/\/schema.org","@graph":[{"@type":"WebPage","@id":"https:\/\/brilune.eu\/lv\/product\/stiliga-kabriolets-futona-gulta\/","url":"https:\/\/brilune.eu\/lv\/product\/stiliga-kabriolets-futona-gulta\/","name":"Stil\u012bga kabriolets futona gulta","isPartOf":{"@id":"https:\/\/brilune.eu\/lv\/#website"},"primaryImageOfPage":{"@id":"https:\/\/brilune.eu\/lv\/product\/stiliga-kabriolets-futona-gulta\/#primaryimage"},"image":{"@id":"https:\/\/brilune.eu\/lv\/product\/stiliga-kabriolets-futona-gulta\/#primaryimage"},"thumbnailUrl":"https:\/\/brilune.eu\/wp-content\/uploads\/2025\/01\/1200x1200-131.jpg","datePublished":"2025-02-18T21:29:14+00:00","dateModified":"2025-02-18T21:36:41+00:00","description":"\u0160is p\u0101rv\u0113r\u0161amais d\u012bv\u0101ns ir ide\u0101ls risin\u0101jums kompakt\u0101m telp\u0101m. Ar savu minim\u0101lisma skandin\u0101vu dizainu un dabisko apdari tas b\u016bs stil\u012bgs akcents tav\u0101...","breadcrumb":{"@id":"https:\/\/brilune.eu\/lv\/product\/stiliga-kabriolets-futona-gulta\/#breadcrumb"},"inLanguage":"lv-LV","potentialAction":[{"@type":"ReadAction","target":["https:\/\/brilune.eu\/lv\/product\/stiliga-kabriolets-futona-gulta\/"]}]},{"@type":"ImageObject","inLanguage":"lv-LV","@id":"https:\/\/brilune.eu\/lv\/product\/stiliga-kabriolets-futona-gulta\/#primaryimage","url":"https:\/\/brilune.eu\/wp-content\/uploads\/2025\/01\/1200x1200-131.jpg","contentUrl":"https:\/\/brilune.eu\/wp-content\/uploads\/2025\/01\/1200x1200-131.jpg","width":800,"height":800},{"@type":"BreadcrumbList","@id":"https:\/\/brilune.eu\/lv\/product\/stiliga-kabriolets-futona-gulta\/#breadcrumb","itemListElement":[{"@type":"ListItem","position":1,"name":"S\u0101kums","item":"https:\/\/brilune.eu\/lv\/brilune-mebeles\/"},{"@type":"ListItem","position":2,"name":"Visi produkti","item":"https:\/\/brilune.eu\/lv\/shop\/"},{"@type":"ListItem","position":3,"name":"Stil\u012bga kabriolets futona gulta"}]},{"@type":"WebSite","@id":"https:\/\/brilune.eu\/lv\/#website","url":"https:\/\/brilune.eu\/lv\/","name":"Brilune","description":"M\u0113s pied\u0101v\u0101jam unik\u0101lus un nebiju\u0161us dizainus, kas apvieno eleganci, funkcionalit\u0101ti un rado\u0161umu.","potentialAction":[{"@type":"SearchAction","target":{"@type":"EntryPoint","urlTemplate":"https:\/\/brilune.eu\/lv\/?s={search_term_string}"},"query-input":{"@type":"PropertyValueSpecification","valueRequired":true,"valueName":"search_term_string"}}],"inLanguage":"lv-LV"}]}},"jetpack_sharing_enabled":true,"_links":{"self":[{"href":"https:\/\/brilune.eu\/lv\/wp-json\/wp\/v2\/product\/32679","targetHints":{"allow":["GET"]}}],"collection":[{"href":"https:\/\/brilune.eu\/lv\/wp-json\/wp\/v2\/product"}],"about":[{"href":"https:\/\/brilune.eu\/lv\/wp-json\/wp\/v2\/types\/product"}],"replies":[{"embeddable":true,"href":"https:\/\/brilune.eu\/lv\/wp-json\/wp\/v2\/comments?post=32679"}],"version-history":[{"count":1,"href":"https:\/\/brilune.eu\/lv\/wp-json\/wp\/v2\/product\/32679\/revisions"}],"predecessor-version":[{"id":32705,"href":"https:\/\/brilune.eu\/lv\/wp-json\/wp\/v2\/product\/32679\/revisions\/32705"}],"wp:featuredmedia":[{"embeddable":true,"href":"https:\/\/brilune.eu\/lv\/wp-json\/wp\/v2\/media\/16067"}],"wp:attachment":[{"href":"https:\/\/brilune.eu\/lv\/wp-json\/wp\/v2\/media?parent=32679"}],"wp:term":[{"taxonomy":"product_brand","embeddable":true,"href":"https:\/\/brilune.eu\/lv\/wp-json\/wp\/v2\/product_brand?post=32679"},{"taxonomy":"product_cat","embeddable":true,"href":"https:\/\/brilune.eu\/lv\/wp-json\/wp\/v2\/product_cat?post=32679"},{"taxonomy":"product_tag","embeddable":true,"href":"https:\/\/brilune.eu\/lv\/wp-json\/wp\/v2\/product_tag?post=32679"}],"curies":[{"name":"wp","href":"https:\/\/api.w.org\/{rel}","templated":true}]}}