{"id":32667,"date":"2025-02-18T23:29:11","date_gmt":"2025-02-18T21:29:11","guid":{"rendered":"https:\/\/brilune.eu\/?post_type=product&#038;p=32667"},"modified":"2025-02-18T23:36:41","modified_gmt":"2025-02-18T21:36:41","slug":"musdieniga-futon-gulta","status":"publish","type":"product","link":"https:\/\/brilune.eu\/lv\/product\/musdieniga-futon-gulta\/","title":{"rendered":"M\u016bsdien\u012bga Futon gulta"},"content":{"rendered":"<p>\u0160is modernais izvelkamais d\u012bv\u0101ns ienes\u012bs j\u016bsu viesistab\u0101 stilu un funkcionalit\u0101ti. Pla\u0161ais s\u0113deklis nodro\u0161ina pietiekami daudz vietas atp\u016btai, savuk\u0101rt augstais profils ar m\u012bkstu, gl\u012bti no\u0161\u016btu atzveltni nodro\u0161ina ilgsto\u0161u komfortu. Kvadr\u0101tveida \u0161uves uz atzveltnes pie\u0161\u0137ir tekst\u016bru, un dab\u012bg\u0101 koka k\u0101jas izce\u013c skandin\u0101vu stilu, pievienojot siltumu un m\u0101j\u012bgumu. Roku balsti ir novietoti optim\u0101l\u0101 augstum\u0101, padarot d\u012bv\u0101nu piem\u0113rotu gul\u0113\u0161anai vai las\u012b\u0161anai. Ar augstas kvalit\u0101tes kokvilnas mais\u012bjuma polster\u0113jumu un putu pild\u012bjumu \u0161is d\u012bv\u0101ns k\u013c\u016bs par iecien\u012btu vietu visai \u0123imenei.<br \/>\nIzm\u0113ri: 130\u00d790\u00d795 cm, gu\u013camzona &#8211; 130\u00d7155\u00d795 cm<br \/>\nMateri\u0101li: kokvilnas mais\u012bjums, putas, koks.<\/p>\n","protected":false},"excerpt":{"rendered":"<p>\u0160is modernais izvelkamais d\u012bv\u0101ns ienes\u012bs j\u016bsu viesistab\u0101 stilu un funkcionalit\u0101ti. Pla\u0161ais s\u0113deklis nodro\u0161ina pietiekami daudz vietas atp\u016btai, savuk\u0101rt augstais profils&#8230;<\/p>\n","protected":false},"featured_media":16060,"comment_status":"open","ping_status":"closed","template":"","meta":[],"product_brand":[],"product_cat":[1721,2961],"product_tag":[],"class_list":{"0":"post-32667","1":"product","2":"type-product","3":"status-publish","4":"has-post-thumbnail","6":"product_cat-futons-gultas","7":"product_cat-futons-gultas-2","9":"first","10":"instock","11":"shipping-taxable","12":"purchasable","13":"product-type-variable"},"yoast_head":"<!-- This site is optimized with the Yoast SEO plugin v26.0 - https:\/\/yoast.com\/wordpress\/plugins\/seo\/ -->\n<title>M\u016bsdien\u012bga Futon gulta<\/title>\n<meta name=\"description\" content=\"\u0160is modernais izvelkamais d\u012bv\u0101ns ienes\u012bs j\u016bsu viesistab\u0101 stilu un funkcionalit\u0101ti. Pla\u0161ais s\u0113deklis nodro\u0161ina pietiekami daudz vietas atp\u016btai, savuk\u0101rt augstais profils...\" \/>\n<meta name=\"robots\" content=\"index, follow, max-snippet:-1, max-image-preview:large, max-video-preview:-1\" \/>\n<link rel=\"canonical\" href=\"https:\/\/brilune.eu\/lv\/product\/musdieniga-futon-gulta\/\" \/>\n<meta property=\"og:locale\" content=\"lv_LV\" \/>\n<meta property=\"og:type\" content=\"article\" \/>\n<meta property=\"og:title\" content=\"M\u016bsdien\u012bga Futon gulta\" \/>\n<meta property=\"og:description\" content=\"\u0160is modernais izvelkamais d\u012bv\u0101ns ienes\u012bs j\u016bsu viesistab\u0101 stilu un funkcionalit\u0101ti. Pla\u0161ais s\u0113deklis nodro\u0161ina pietiekami daudz vietas atp\u016btai, savuk\u0101rt augstais profils...\" \/>\n<meta property=\"og:url\" content=\"https:\/\/brilune.eu\/lv\/product\/musdieniga-futon-gulta\/\" \/>\n<meta property=\"og:site_name\" content=\"Brilune\" \/>\n<meta property=\"article:modified_time\" content=\"2025-02-18T21:36:41+00:00\" \/>\n<meta property=\"og:image\" content=\"https:\/\/brilune.eu\/wp-content\/uploads\/2025\/01\/1200x1200-130.jpg\" \/>\n\t<meta property=\"og:image:width\" content=\"800\" \/>\n\t<meta property=\"og:image:height\" content=\"800\" \/>\n\t<meta property=\"og:image:type\" content=\"image\/jpeg\" \/>\n<meta name=\"twitter:card\" content=\"summary_large_image\" \/>\n<meta name=\"twitter:label1\" content=\"Est. reading time\" \/>\n\t<meta name=\"twitter:data1\" content=\"1 minute\" \/>\n<script type=\"application\/ld+json\" class=\"yoast-schema-graph\">{\"@context\":\"https:\/\/schema.org\",\"@graph\":[{\"@type\":\"WebPage\",\"@id\":\"https:\/\/brilune.eu\/lv\/product\/musdieniga-futon-gulta\/\",\"url\":\"https:\/\/brilune.eu\/lv\/product\/musdieniga-futon-gulta\/\",\"name\":\"M\u016bsdien\u012bga Futon gulta\",\"isPartOf\":{\"@id\":\"https:\/\/brilune.eu\/lv\/#website\"},\"primaryImageOfPage\":{\"@id\":\"https:\/\/brilune.eu\/lv\/product\/musdieniga-futon-gulta\/#primaryimage\"},\"image\":{\"@id\":\"https:\/\/brilune.eu\/lv\/product\/musdieniga-futon-gulta\/#primaryimage\"},\"thumbnailUrl\":\"https:\/\/brilune.eu\/wp-content\/uploads\/2025\/01\/1200x1200-130.jpg\",\"datePublished\":\"2025-02-18T21:29:11+00:00\",\"dateModified\":\"2025-02-18T21:36:41+00:00\",\"description\":\"\u0160is modernais izvelkamais d\u012bv\u0101ns ienes\u012bs j\u016bsu viesistab\u0101 stilu un funkcionalit\u0101ti. Pla\u0161ais s\u0113deklis nodro\u0161ina pietiekami daudz vietas atp\u016btai, savuk\u0101rt augstais profils...\",\"breadcrumb\":{\"@id\":\"https:\/\/brilune.eu\/lv\/product\/musdieniga-futon-gulta\/#breadcrumb\"},\"inLanguage\":\"lv-LV\",\"potentialAction\":[{\"@type\":\"ReadAction\",\"target\":[\"https:\/\/brilune.eu\/lv\/product\/musdieniga-futon-gulta\/\"]}]},{\"@type\":\"ImageObject\",\"inLanguage\":\"lv-LV\",\"@id\":\"https:\/\/brilune.eu\/lv\/product\/musdieniga-futon-gulta\/#primaryimage\",\"url\":\"https:\/\/brilune.eu\/wp-content\/uploads\/2025\/01\/1200x1200-130.jpg\",\"contentUrl\":\"https:\/\/brilune.eu\/wp-content\/uploads\/2025\/01\/1200x1200-130.jpg\",\"width\":800,\"height\":800},{\"@type\":\"BreadcrumbList\",\"@id\":\"https:\/\/brilune.eu\/lv\/product\/musdieniga-futon-gulta\/#breadcrumb\",\"itemListElement\":[{\"@type\":\"ListItem\",\"position\":1,\"name\":\"S\u0101kums\",\"item\":\"https:\/\/brilune.eu\/lv\/brilune-mebeles\/\"},{\"@type\":\"ListItem\",\"position\":2,\"name\":\"Visi produkti\",\"item\":\"https:\/\/brilune.eu\/lv\/shop\/\"},{\"@type\":\"ListItem\",\"position\":3,\"name\":\"M\u016bsdien\u012bga Futon gulta\"}]},{\"@type\":\"WebSite\",\"@id\":\"https:\/\/brilune.eu\/lv\/#website\",\"url\":\"https:\/\/brilune.eu\/lv\/\",\"name\":\"Brilune\",\"description\":\"M\u0113s pied\u0101v\u0101jam unik\u0101lus un nebiju\u0161us dizainus, kas apvieno eleganci, funkcionalit\u0101ti un rado\u0161umu.\",\"potentialAction\":[{\"@type\":\"SearchAction\",\"target\":{\"@type\":\"EntryPoint\",\"urlTemplate\":\"https:\/\/brilune.eu\/lv\/?s={search_term_string}\"},\"query-input\":{\"@type\":\"PropertyValueSpecification\",\"valueRequired\":true,\"valueName\":\"search_term_string\"}}],\"inLanguage\":\"lv-LV\"}]}<\/script>\n<!-- \/ Yoast SEO plugin. -->","yoast_head_json":{"title":"M\u016bsdien\u012bga Futon gulta","description":"\u0160is modernais izvelkamais d\u012bv\u0101ns ienes\u012bs j\u016bsu viesistab\u0101 stilu un funkcionalit\u0101ti. Pla\u0161ais s\u0113deklis nodro\u0161ina pietiekami daudz vietas atp\u016btai, savuk\u0101rt augstais profils...","robots":{"index":"index","follow":"follow","max-snippet":"max-snippet:-1","max-image-preview":"max-image-preview:large","max-video-preview":"max-video-preview:-1"},"canonical":"https:\/\/brilune.eu\/lv\/product\/musdieniga-futon-gulta\/","og_locale":"lv_LV","og_type":"article","og_title":"M\u016bsdien\u012bga Futon gulta","og_description":"\u0160is modernais izvelkamais d\u012bv\u0101ns ienes\u012bs j\u016bsu viesistab\u0101 stilu un funkcionalit\u0101ti. Pla\u0161ais s\u0113deklis nodro\u0161ina pietiekami daudz vietas atp\u016btai, savuk\u0101rt augstais profils...","og_url":"https:\/\/brilune.eu\/lv\/product\/musdieniga-futon-gulta\/","og_site_name":"Brilune","article_modified_time":"2025-02-18T21:36:41+00:00","og_image":[{"width":800,"height":800,"url":"https:\/\/brilune.eu\/wp-content\/uploads\/2025\/01\/1200x1200-130.jpg","type":"image\/jpeg"}],"twitter_card":"summary_large_image","twitter_misc":{"Est. reading time":"1 minute"},"schema":{"@context":"https:\/\/schema.org","@graph":[{"@type":"WebPage","@id":"https:\/\/brilune.eu\/lv\/product\/musdieniga-futon-gulta\/","url":"https:\/\/brilune.eu\/lv\/product\/musdieniga-futon-gulta\/","name":"M\u016bsdien\u012bga Futon gulta","isPartOf":{"@id":"https:\/\/brilune.eu\/lv\/#website"},"primaryImageOfPage":{"@id":"https:\/\/brilune.eu\/lv\/product\/musdieniga-futon-gulta\/#primaryimage"},"image":{"@id":"https:\/\/brilune.eu\/lv\/product\/musdieniga-futon-gulta\/#primaryimage"},"thumbnailUrl":"https:\/\/brilune.eu\/wp-content\/uploads\/2025\/01\/1200x1200-130.jpg","datePublished":"2025-02-18T21:29:11+00:00","dateModified":"2025-02-18T21:36:41+00:00","description":"\u0160is modernais izvelkamais d\u012bv\u0101ns ienes\u012bs j\u016bsu viesistab\u0101 stilu un funkcionalit\u0101ti. Pla\u0161ais s\u0113deklis nodro\u0161ina pietiekami daudz vietas atp\u016btai, savuk\u0101rt augstais profils...","breadcrumb":{"@id":"https:\/\/brilune.eu\/lv\/product\/musdieniga-futon-gulta\/#breadcrumb"},"inLanguage":"lv-LV","potentialAction":[{"@type":"ReadAction","target":["https:\/\/brilune.eu\/lv\/product\/musdieniga-futon-gulta\/"]}]},{"@type":"ImageObject","inLanguage":"lv-LV","@id":"https:\/\/brilune.eu\/lv\/product\/musdieniga-futon-gulta\/#primaryimage","url":"https:\/\/brilune.eu\/wp-content\/uploads\/2025\/01\/1200x1200-130.jpg","contentUrl":"https:\/\/brilune.eu\/wp-content\/uploads\/2025\/01\/1200x1200-130.jpg","width":800,"height":800},{"@type":"BreadcrumbList","@id":"https:\/\/brilune.eu\/lv\/product\/musdieniga-futon-gulta\/#breadcrumb","itemListElement":[{"@type":"ListItem","position":1,"name":"S\u0101kums","item":"https:\/\/brilune.eu\/lv\/brilune-mebeles\/"},{"@type":"ListItem","position":2,"name":"Visi produkti","item":"https:\/\/brilune.eu\/lv\/shop\/"},{"@type":"ListItem","position":3,"name":"M\u016bsdien\u012bga Futon gulta"}]},{"@type":"WebSite","@id":"https:\/\/brilune.eu\/lv\/#website","url":"https:\/\/brilune.eu\/lv\/","name":"Brilune","description":"M\u0113s pied\u0101v\u0101jam unik\u0101lus un nebiju\u0161us dizainus, kas apvieno eleganci, funkcionalit\u0101ti un rado\u0161umu.","potentialAction":[{"@type":"SearchAction","target":{"@type":"EntryPoint","urlTemplate":"https:\/\/brilune.eu\/lv\/?s={search_term_string}"},"query-input":{"@type":"PropertyValueSpecification","valueRequired":true,"valueName":"search_term_string"}}],"inLanguage":"lv-LV"}]}},"jetpack_sharing_enabled":true,"_links":{"self":[{"href":"https:\/\/brilune.eu\/lv\/wp-json\/wp\/v2\/product\/32667","targetHints":{"allow":["GET"]}}],"collection":[{"href":"https:\/\/brilune.eu\/lv\/wp-json\/wp\/v2\/product"}],"about":[{"href":"https:\/\/brilune.eu\/lv\/wp-json\/wp\/v2\/types\/product"}],"replies":[{"embeddable":true,"href":"https:\/\/brilune.eu\/lv\/wp-json\/wp\/v2\/comments?post=32667"}],"version-history":[{"count":1,"href":"https:\/\/brilune.eu\/lv\/wp-json\/wp\/v2\/product\/32667\/revisions"}],"predecessor-version":[{"id":32685,"href":"https:\/\/brilune.eu\/lv\/wp-json\/wp\/v2\/product\/32667\/revisions\/32685"}],"wp:featuredmedia":[{"embeddable":true,"href":"https:\/\/brilune.eu\/lv\/wp-json\/wp\/v2\/media\/16060"}],"wp:attachment":[{"href":"https:\/\/brilune.eu\/lv\/wp-json\/wp\/v2\/media?parent=32667"}],"wp:term":[{"taxonomy":"product_brand","embeddable":true,"href":"https:\/\/brilune.eu\/lv\/wp-json\/wp\/v2\/product_brand?post=32667"},{"taxonomy":"product_cat","embeddable":true,"href":"https:\/\/brilune.eu\/lv\/wp-json\/wp\/v2\/product_cat?post=32667"},{"taxonomy":"product_tag","embeddable":true,"href":"https:\/\/brilune.eu\/lv\/wp-json\/wp\/v2\/product_tag?post=32667"}],"curies":[{"name":"wp","href":"https:\/\/api.w.org\/{rel}","templated":true}]}}