{"id":32646,"date":"2025-02-18T23:28:47","date_gmt":"2025-02-18T21:28:47","guid":{"rendered":"https:\/\/brilune.eu\/?post_type=product&#038;p=32646"},"modified":"2025-02-18T23:36:41","modified_gmt":"2025-02-18T21:36:41","slug":"eleganta-futon-divangulta","status":"publish","type":"product","link":"https:\/\/brilune.eu\/lv\/product\/eleganta-futon-divangulta\/","title":{"rendered":"Eleganta Futon d\u012bv\u0101ngulta"},"content":{"rendered":"<p>Kompakta skandin\u0101vu stila izvelkama d\u012bv\u0101ngulta, kas ienes\u012bs komfortu un m\u016bsdien\u012bgu eleganci jebkur\u0101 interjer\u0101. Izgatavots no iztur\u012bgiem dab\u012bgiem materi\u0101liem, m\u012bkstais s\u0113deklis un \u0113rtais spilvenu atzveltne nodro\u0161ina relaks\u0101ciju un komfortu. Pateicoties p\u0101rdom\u0101tajam dizainam, d\u012bv\u0101ns viegli p\u0101rv\u0113r\u0161as par \u0113rtu gu\u013camvietu. Iztur\u012bg\u0101s koka k\u0101jas uzsver t\u0101 dabisko est\u0113tiku, savuk\u0101rt neitr\u0101l\u0101 kr\u0101su palete papildina jebkuru interjeru, radot pla\u0161uma saj\u016btu.<\/p>\n<p>Materi\u0101li: kokvilnas mais\u012bjums, putas, koka r\u0101mis un k\u0101jas.<br \/>\nIzm\u0113rs: 120\u00d787\u00d779 cm.<\/p>\n","protected":false},"excerpt":{"rendered":"<p>Kompakta skandin\u0101vu stila izvelkama d\u012bv\u0101ngulta, kas ienes\u012bs komfortu un m\u016bsdien\u012bgu eleganci jebkur\u0101 interjer\u0101. Izgatavots no iztur\u012bgiem dab\u012bgiem materi\u0101liem, m\u012bkstais s\u0113deklis un&#8230;<\/p>\n","protected":false},"featured_media":16053,"comment_status":"open","ping_status":"closed","template":"","meta":[],"product_brand":[],"product_cat":[4730,1721],"product_tag":[],"class_list":{"0":"post-32646","1":"product","2":"type-product","3":"status-publish","4":"has-post-thumbnail","6":"product_cat-futons-gultas-7","7":"product_cat-futons-gultas","9":"first","10":"instock","11":"shipping-taxable","12":"purchasable","13":"product-type-variable"},"yoast_head":"<!-- This site is optimized with the Yoast SEO plugin v26.0 - https:\/\/yoast.com\/wordpress\/plugins\/seo\/ -->\n<title>Eleganta Futon d\u012bv\u0101ngulta<\/title>\n<meta name=\"description\" content=\"Kompakta skandin\u0101vu stila izvelkama d\u012bv\u0101ngulta, kas ienes\u012bs komfortu un m\u016bsdien\u012bgu eleganci jebkur\u0101 interjer\u0101. Izgatavots no iztur\u012bgiem dab\u012bgiem materi\u0101liem, m\u012bkstais s\u0113deklis un...\" \/>\n<meta name=\"robots\" content=\"index, follow, max-snippet:-1, max-image-preview:large, max-video-preview:-1\" \/>\n<link rel=\"canonical\" href=\"https:\/\/brilune.eu\/lv\/product\/eleganta-futon-divangulta\/\" \/>\n<meta property=\"og:locale\" content=\"lv_LV\" \/>\n<meta property=\"og:type\" content=\"article\" \/>\n<meta property=\"og:title\" content=\"Eleganta Futon d\u012bv\u0101ngulta\" \/>\n<meta property=\"og:description\" content=\"Kompakta skandin\u0101vu stila izvelkama d\u012bv\u0101ngulta, kas ienes\u012bs komfortu un m\u016bsdien\u012bgu eleganci jebkur\u0101 interjer\u0101. Izgatavots no iztur\u012bgiem dab\u012bgiem materi\u0101liem, m\u012bkstais s\u0113deklis un...\" \/>\n<meta property=\"og:url\" content=\"https:\/\/brilune.eu\/lv\/product\/eleganta-futon-divangulta\/\" \/>\n<meta property=\"og:site_name\" content=\"Brilune\" \/>\n<meta property=\"article:modified_time\" content=\"2025-02-18T21:36:41+00:00\" \/>\n<meta property=\"og:image\" content=\"https:\/\/brilune.eu\/wp-content\/uploads\/2025\/01\/1200x1200-128.jpg\" \/>\n\t<meta property=\"og:image:width\" content=\"800\" \/>\n\t<meta property=\"og:image:height\" content=\"800\" \/>\n\t<meta property=\"og:image:type\" content=\"image\/jpeg\" \/>\n<meta name=\"twitter:card\" content=\"summary_large_image\" \/>\n<script type=\"application\/ld+json\" class=\"yoast-schema-graph\">{\"@context\":\"https:\/\/schema.org\",\"@graph\":[{\"@type\":\"WebPage\",\"@id\":\"https:\/\/brilune.eu\/lv\/product\/eleganta-futon-divangulta\/\",\"url\":\"https:\/\/brilune.eu\/lv\/product\/eleganta-futon-divangulta\/\",\"name\":\"Eleganta Futon d\u012bv\u0101ngulta\",\"isPartOf\":{\"@id\":\"https:\/\/brilune.eu\/lv\/#website\"},\"primaryImageOfPage\":{\"@id\":\"https:\/\/brilune.eu\/lv\/product\/eleganta-futon-divangulta\/#primaryimage\"},\"image\":{\"@id\":\"https:\/\/brilune.eu\/lv\/product\/eleganta-futon-divangulta\/#primaryimage\"},\"thumbnailUrl\":\"https:\/\/brilune.eu\/wp-content\/uploads\/2025\/01\/1200x1200-128.jpg\",\"datePublished\":\"2025-02-18T21:28:47+00:00\",\"dateModified\":\"2025-02-18T21:36:41+00:00\",\"description\":\"Kompakta skandin\u0101vu stila izvelkama d\u012bv\u0101ngulta, kas ienes\u012bs komfortu un m\u016bsdien\u012bgu eleganci jebkur\u0101 interjer\u0101. Izgatavots no iztur\u012bgiem dab\u012bgiem materi\u0101liem, m\u012bkstais s\u0113deklis un...\",\"breadcrumb\":{\"@id\":\"https:\/\/brilune.eu\/lv\/product\/eleganta-futon-divangulta\/#breadcrumb\"},\"inLanguage\":\"lv-LV\",\"potentialAction\":[{\"@type\":\"ReadAction\",\"target\":[\"https:\/\/brilune.eu\/lv\/product\/eleganta-futon-divangulta\/\"]}]},{\"@type\":\"ImageObject\",\"inLanguage\":\"lv-LV\",\"@id\":\"https:\/\/brilune.eu\/lv\/product\/eleganta-futon-divangulta\/#primaryimage\",\"url\":\"https:\/\/brilune.eu\/wp-content\/uploads\/2025\/01\/1200x1200-128.jpg\",\"contentUrl\":\"https:\/\/brilune.eu\/wp-content\/uploads\/2025\/01\/1200x1200-128.jpg\",\"width\":800,\"height\":800},{\"@type\":\"BreadcrumbList\",\"@id\":\"https:\/\/brilune.eu\/lv\/product\/eleganta-futon-divangulta\/#breadcrumb\",\"itemListElement\":[{\"@type\":\"ListItem\",\"position\":1,\"name\":\"S\u0101kums\",\"item\":\"https:\/\/brilune.eu\/lv\/brilune-mebeles\/\"},{\"@type\":\"ListItem\",\"position\":2,\"name\":\"Visi produkti\",\"item\":\"https:\/\/brilune.eu\/lv\/shop\/\"},{\"@type\":\"ListItem\",\"position\":3,\"name\":\"Eleganta Futon d\u012bv\u0101ngulta\"}]},{\"@type\":\"WebSite\",\"@id\":\"https:\/\/brilune.eu\/lv\/#website\",\"url\":\"https:\/\/brilune.eu\/lv\/\",\"name\":\"Brilune\",\"description\":\"M\u0113s pied\u0101v\u0101jam unik\u0101lus un nebiju\u0161us dizainus, kas apvieno eleganci, funkcionalit\u0101ti un rado\u0161umu.\",\"potentialAction\":[{\"@type\":\"SearchAction\",\"target\":{\"@type\":\"EntryPoint\",\"urlTemplate\":\"https:\/\/brilune.eu\/lv\/?s={search_term_string}\"},\"query-input\":{\"@type\":\"PropertyValueSpecification\",\"valueRequired\":true,\"valueName\":\"search_term_string\"}}],\"inLanguage\":\"lv-LV\"}]}<\/script>\n<!-- \/ Yoast SEO plugin. -->","yoast_head_json":{"title":"Eleganta Futon d\u012bv\u0101ngulta","description":"Kompakta skandin\u0101vu stila izvelkama d\u012bv\u0101ngulta, kas ienes\u012bs komfortu un m\u016bsdien\u012bgu eleganci jebkur\u0101 interjer\u0101. Izgatavots no iztur\u012bgiem dab\u012bgiem materi\u0101liem, m\u012bkstais s\u0113deklis un...","robots":{"index":"index","follow":"follow","max-snippet":"max-snippet:-1","max-image-preview":"max-image-preview:large","max-video-preview":"max-video-preview:-1"},"canonical":"https:\/\/brilune.eu\/lv\/product\/eleganta-futon-divangulta\/","og_locale":"lv_LV","og_type":"article","og_title":"Eleganta Futon d\u012bv\u0101ngulta","og_description":"Kompakta skandin\u0101vu stila izvelkama d\u012bv\u0101ngulta, kas ienes\u012bs komfortu un m\u016bsdien\u012bgu eleganci jebkur\u0101 interjer\u0101. Izgatavots no iztur\u012bgiem dab\u012bgiem materi\u0101liem, m\u012bkstais s\u0113deklis un...","og_url":"https:\/\/brilune.eu\/lv\/product\/eleganta-futon-divangulta\/","og_site_name":"Brilune","article_modified_time":"2025-02-18T21:36:41+00:00","og_image":[{"width":800,"height":800,"url":"https:\/\/brilune.eu\/wp-content\/uploads\/2025\/01\/1200x1200-128.jpg","type":"image\/jpeg"}],"twitter_card":"summary_large_image","schema":{"@context":"https:\/\/schema.org","@graph":[{"@type":"WebPage","@id":"https:\/\/brilune.eu\/lv\/product\/eleganta-futon-divangulta\/","url":"https:\/\/brilune.eu\/lv\/product\/eleganta-futon-divangulta\/","name":"Eleganta Futon d\u012bv\u0101ngulta","isPartOf":{"@id":"https:\/\/brilune.eu\/lv\/#website"},"primaryImageOfPage":{"@id":"https:\/\/brilune.eu\/lv\/product\/eleganta-futon-divangulta\/#primaryimage"},"image":{"@id":"https:\/\/brilune.eu\/lv\/product\/eleganta-futon-divangulta\/#primaryimage"},"thumbnailUrl":"https:\/\/brilune.eu\/wp-content\/uploads\/2025\/01\/1200x1200-128.jpg","datePublished":"2025-02-18T21:28:47+00:00","dateModified":"2025-02-18T21:36:41+00:00","description":"Kompakta skandin\u0101vu stila izvelkama d\u012bv\u0101ngulta, kas ienes\u012bs komfortu un m\u016bsdien\u012bgu eleganci jebkur\u0101 interjer\u0101. Izgatavots no iztur\u012bgiem dab\u012bgiem materi\u0101liem, m\u012bkstais s\u0113deklis un...","breadcrumb":{"@id":"https:\/\/brilune.eu\/lv\/product\/eleganta-futon-divangulta\/#breadcrumb"},"inLanguage":"lv-LV","potentialAction":[{"@type":"ReadAction","target":["https:\/\/brilune.eu\/lv\/product\/eleganta-futon-divangulta\/"]}]},{"@type":"ImageObject","inLanguage":"lv-LV","@id":"https:\/\/brilune.eu\/lv\/product\/eleganta-futon-divangulta\/#primaryimage","url":"https:\/\/brilune.eu\/wp-content\/uploads\/2025\/01\/1200x1200-128.jpg","contentUrl":"https:\/\/brilune.eu\/wp-content\/uploads\/2025\/01\/1200x1200-128.jpg","width":800,"height":800},{"@type":"BreadcrumbList","@id":"https:\/\/brilune.eu\/lv\/product\/eleganta-futon-divangulta\/#breadcrumb","itemListElement":[{"@type":"ListItem","position":1,"name":"S\u0101kums","item":"https:\/\/brilune.eu\/lv\/brilune-mebeles\/"},{"@type":"ListItem","position":2,"name":"Visi produkti","item":"https:\/\/brilune.eu\/lv\/shop\/"},{"@type":"ListItem","position":3,"name":"Eleganta Futon d\u012bv\u0101ngulta"}]},{"@type":"WebSite","@id":"https:\/\/brilune.eu\/lv\/#website","url":"https:\/\/brilune.eu\/lv\/","name":"Brilune","description":"M\u0113s pied\u0101v\u0101jam unik\u0101lus un nebiju\u0161us dizainus, kas apvieno eleganci, funkcionalit\u0101ti un rado\u0161umu.","potentialAction":[{"@type":"SearchAction","target":{"@type":"EntryPoint","urlTemplate":"https:\/\/brilune.eu\/lv\/?s={search_term_string}"},"query-input":{"@type":"PropertyValueSpecification","valueRequired":true,"valueName":"search_term_string"}}],"inLanguage":"lv-LV"}]}},"jetpack_sharing_enabled":true,"_links":{"self":[{"href":"https:\/\/brilune.eu\/lv\/wp-json\/wp\/v2\/product\/32646","targetHints":{"allow":["GET"]}}],"collection":[{"href":"https:\/\/brilune.eu\/lv\/wp-json\/wp\/v2\/product"}],"about":[{"href":"https:\/\/brilune.eu\/lv\/wp-json\/wp\/v2\/types\/product"}],"replies":[{"embeddable":true,"href":"https:\/\/brilune.eu\/lv\/wp-json\/wp\/v2\/comments?post=32646"}],"version-history":[{"count":1,"href":"https:\/\/brilune.eu\/lv\/wp-json\/wp\/v2\/product\/32646\/revisions"}],"predecessor-version":[{"id":32682,"href":"https:\/\/brilune.eu\/lv\/wp-json\/wp\/v2\/product\/32646\/revisions\/32682"}],"wp:featuredmedia":[{"embeddable":true,"href":"https:\/\/brilune.eu\/lv\/wp-json\/wp\/v2\/media\/16053"}],"wp:attachment":[{"href":"https:\/\/brilune.eu\/lv\/wp-json\/wp\/v2\/media?parent=32646"}],"wp:term":[{"taxonomy":"product_brand","embeddable":true,"href":"https:\/\/brilune.eu\/lv\/wp-json\/wp\/v2\/product_brand?post=32646"},{"taxonomy":"product_cat","embeddable":true,"href":"https:\/\/brilune.eu\/lv\/wp-json\/wp\/v2\/product_cat?post=32646"},{"taxonomy":"product_tag","embeddable":true,"href":"https:\/\/brilune.eu\/lv\/wp-json\/wp\/v2\/product_tag?post=32646"}],"curies":[{"name":"wp","href":"https:\/\/api.w.org\/{rel}","templated":true}]}}