{"id":32637,"date":"2025-02-18T23:28:23","date_gmt":"2025-02-18T21:28:23","guid":{"rendered":"https:\/\/brilune.eu\/?post_type=product&#038;p=32637"},"modified":"2025-02-18T23:36:41","modified_gmt":"2025-02-18T21:36:41","slug":"minimalisma-dzivojama-istaba-futon","status":"publish","type":"product","link":"https:\/\/brilune.eu\/lv\/product\/minimalisma-dzivojama-istaba-futon\/","title":{"rendered":"Minim\u0101lisma dz\u012bvojam\u0101 istaba Futon"},"content":{"rendered":"<p>Stil\u012bgs un \u0113rts saliekamais kr\u0113sls, kas lieliski iek\u013caujas skandin\u0101vu stila interjer\u0101. Polster\u0113jums ir izgatavots no iztur\u012bga, skr\u0101p\u0113jumiem iztur\u012bga materi\u0101la, nodro\u0161inot komfortu un ilgm\u016b\u017e\u012bbu. Kr\u0113sls viegli salok\u0101ms kompakt\u0101 gu\u013camtelp\u0101. Ar m\u012bksto atzveltni un kvadr\u0101tveida roku balstiem kr\u0113sls rada m\u0101j\u012bgu atmosf\u0113ru atp\u016btai. Komplekt\u0101 ietilpst viens spilvens papildu komfortam.<\/p>\n<p>Materi\u0101li: kokvilna un lins, porolona, \u200b\u200bkoka r\u0101mis.<br \/>\nIzm\u0113ri: 80\u00d780\u00d782 cm.<br \/>\nIzm\u0113ri saloc\u012bt\u0101 veid\u0101: 80\u00d7190\u00d727 cm.<\/p>\n","protected":false},"excerpt":{"rendered":"<p>Stil\u012bgs un \u0113rts saliekamais kr\u0113sls, kas lieliski iek\u013caujas skandin\u0101vu stila interjer\u0101. Polster\u0113jums ir izgatavots no iztur\u012bga, skr\u0101p\u0113jumiem iztur\u012bga materi\u0101la, e&#8230;<\/p>\n","protected":false},"featured_media":16029,"comment_status":"open","ping_status":"closed","template":"","meta":[],"product_brand":[],"product_cat":[1721,4730],"product_tag":[],"class_list":{"0":"post-32637","1":"product","2":"type-product","3":"status-publish","4":"has-post-thumbnail","6":"product_cat-futons-gultas","7":"product_cat-futons-gultas-7","9":"first","10":"instock","11":"shipping-taxable","12":"purchasable","13":"product-type-variable"},"yoast_head":"<!-- This site is optimized with the Yoast SEO plugin v26.0 - https:\/\/yoast.com\/wordpress\/plugins\/seo\/ -->\n<title>Minim\u0101lisma dz\u012bvojam\u0101 istaba Futon<\/title>\n<meta name=\"description\" content=\"Stil\u012bgs un \u0113rts saliekamais kr\u0113sls, kas lieliski iek\u013caujas skandin\u0101vu stila interjer\u0101. Polster\u0113jums ir izgatavots no iztur\u012bga, skr\u0101p\u0113jumiem iztur\u012bga materi\u0101la, e...\" \/>\n<meta name=\"robots\" content=\"index, follow, max-snippet:-1, max-image-preview:large, max-video-preview:-1\" \/>\n<link rel=\"canonical\" href=\"https:\/\/brilune.eu\/lv\/product\/minimalisma-dzivojama-istaba-futon\/\" \/>\n<meta property=\"og:locale\" content=\"lv_LV\" \/>\n<meta property=\"og:type\" content=\"article\" \/>\n<meta property=\"og:title\" content=\"Minim\u0101lisma dz\u012bvojam\u0101 istaba Futon\" \/>\n<meta property=\"og:description\" content=\"Stil\u012bgs un \u0113rts saliekamais kr\u0113sls, kas lieliski iek\u013caujas skandin\u0101vu stila interjer\u0101. Polster\u0113jums ir izgatavots no iztur\u012bga, skr\u0101p\u0113jumiem iztur\u012bga materi\u0101la, e...\" \/>\n<meta property=\"og:url\" content=\"https:\/\/brilune.eu\/lv\/product\/minimalisma-dzivojama-istaba-futon\/\" \/>\n<meta property=\"og:site_name\" content=\"Brilune\" \/>\n<meta property=\"article:modified_time\" content=\"2025-02-18T21:36:41+00:00\" \/>\n<meta property=\"og:image\" content=\"https:\/\/brilune.eu\/wp-content\/uploads\/2025\/01\/1200x1200-126.jpg\" \/>\n\t<meta property=\"og:image:width\" content=\"800\" \/>\n\t<meta property=\"og:image:height\" content=\"800\" \/>\n\t<meta property=\"og:image:type\" content=\"image\/jpeg\" \/>\n<meta name=\"twitter:card\" content=\"summary_large_image\" \/>\n<script type=\"application\/ld+json\" class=\"yoast-schema-graph\">{\"@context\":\"https:\/\/schema.org\",\"@graph\":[{\"@type\":\"WebPage\",\"@id\":\"https:\/\/brilune.eu\/lv\/product\/minimalisma-dzivojama-istaba-futon\/\",\"url\":\"https:\/\/brilune.eu\/lv\/product\/minimalisma-dzivojama-istaba-futon\/\",\"name\":\"Minim\u0101lisma dz\u012bvojam\u0101 istaba Futon\",\"isPartOf\":{\"@id\":\"https:\/\/brilune.eu\/lv\/#website\"},\"primaryImageOfPage\":{\"@id\":\"https:\/\/brilune.eu\/lv\/product\/minimalisma-dzivojama-istaba-futon\/#primaryimage\"},\"image\":{\"@id\":\"https:\/\/brilune.eu\/lv\/product\/minimalisma-dzivojama-istaba-futon\/#primaryimage\"},\"thumbnailUrl\":\"https:\/\/brilune.eu\/wp-content\/uploads\/2025\/01\/1200x1200-126.jpg\",\"datePublished\":\"2025-02-18T21:28:23+00:00\",\"dateModified\":\"2025-02-18T21:36:41+00:00\",\"description\":\"Stil\u012bgs un \u0113rts saliekamais kr\u0113sls, kas lieliski iek\u013caujas skandin\u0101vu stila interjer\u0101. Polster\u0113jums ir izgatavots no iztur\u012bga, skr\u0101p\u0113jumiem iztur\u012bga materi\u0101la, e...\",\"breadcrumb\":{\"@id\":\"https:\/\/brilune.eu\/lv\/product\/minimalisma-dzivojama-istaba-futon\/#breadcrumb\"},\"inLanguage\":\"lv-LV\",\"potentialAction\":[{\"@type\":\"ReadAction\",\"target\":[\"https:\/\/brilune.eu\/lv\/product\/minimalisma-dzivojama-istaba-futon\/\"]}]},{\"@type\":\"ImageObject\",\"inLanguage\":\"lv-LV\",\"@id\":\"https:\/\/brilune.eu\/lv\/product\/minimalisma-dzivojama-istaba-futon\/#primaryimage\",\"url\":\"https:\/\/brilune.eu\/wp-content\/uploads\/2025\/01\/1200x1200-126.jpg\",\"contentUrl\":\"https:\/\/brilune.eu\/wp-content\/uploads\/2025\/01\/1200x1200-126.jpg\",\"width\":800,\"height\":800},{\"@type\":\"BreadcrumbList\",\"@id\":\"https:\/\/brilune.eu\/lv\/product\/minimalisma-dzivojama-istaba-futon\/#breadcrumb\",\"itemListElement\":[{\"@type\":\"ListItem\",\"position\":1,\"name\":\"S\u0101kums\",\"item\":\"https:\/\/brilune.eu\/lv\/brilune-mebeles\/\"},{\"@type\":\"ListItem\",\"position\":2,\"name\":\"Visi produkti\",\"item\":\"https:\/\/brilune.eu\/lv\/shop\/\"},{\"@type\":\"ListItem\",\"position\":3,\"name\":\"Minim\u0101lisma dz\u012bvojam\u0101 istaba Futon\"}]},{\"@type\":\"WebSite\",\"@id\":\"https:\/\/brilune.eu\/lv\/#website\",\"url\":\"https:\/\/brilune.eu\/lv\/\",\"name\":\"Brilune\",\"description\":\"M\u0113s pied\u0101v\u0101jam unik\u0101lus un nebiju\u0161us dizainus, kas apvieno eleganci, funkcionalit\u0101ti un rado\u0161umu.\",\"potentialAction\":[{\"@type\":\"SearchAction\",\"target\":{\"@type\":\"EntryPoint\",\"urlTemplate\":\"https:\/\/brilune.eu\/lv\/?s={search_term_string}\"},\"query-input\":{\"@type\":\"PropertyValueSpecification\",\"valueRequired\":true,\"valueName\":\"search_term_string\"}}],\"inLanguage\":\"lv-LV\"}]}<\/script>\n<!-- \/ Yoast SEO plugin. -->","yoast_head_json":{"title":"Minim\u0101lisma dz\u012bvojam\u0101 istaba Futon","description":"Stil\u012bgs un \u0113rts saliekamais kr\u0113sls, kas lieliski iek\u013caujas skandin\u0101vu stila interjer\u0101. Polster\u0113jums ir izgatavots no iztur\u012bga, skr\u0101p\u0113jumiem iztur\u012bga materi\u0101la, e...","robots":{"index":"index","follow":"follow","max-snippet":"max-snippet:-1","max-image-preview":"max-image-preview:large","max-video-preview":"max-video-preview:-1"},"canonical":"https:\/\/brilune.eu\/lv\/product\/minimalisma-dzivojama-istaba-futon\/","og_locale":"lv_LV","og_type":"article","og_title":"Minim\u0101lisma dz\u012bvojam\u0101 istaba Futon","og_description":"Stil\u012bgs un \u0113rts saliekamais kr\u0113sls, kas lieliski iek\u013caujas skandin\u0101vu stila interjer\u0101. Polster\u0113jums ir izgatavots no iztur\u012bga, skr\u0101p\u0113jumiem iztur\u012bga materi\u0101la, e...","og_url":"https:\/\/brilune.eu\/lv\/product\/minimalisma-dzivojama-istaba-futon\/","og_site_name":"Brilune","article_modified_time":"2025-02-18T21:36:41+00:00","og_image":[{"width":800,"height":800,"url":"https:\/\/brilune.eu\/wp-content\/uploads\/2025\/01\/1200x1200-126.jpg","type":"image\/jpeg"}],"twitter_card":"summary_large_image","schema":{"@context":"https:\/\/schema.org","@graph":[{"@type":"WebPage","@id":"https:\/\/brilune.eu\/lv\/product\/minimalisma-dzivojama-istaba-futon\/","url":"https:\/\/brilune.eu\/lv\/product\/minimalisma-dzivojama-istaba-futon\/","name":"Minim\u0101lisma dz\u012bvojam\u0101 istaba Futon","isPartOf":{"@id":"https:\/\/brilune.eu\/lv\/#website"},"primaryImageOfPage":{"@id":"https:\/\/brilune.eu\/lv\/product\/minimalisma-dzivojama-istaba-futon\/#primaryimage"},"image":{"@id":"https:\/\/brilune.eu\/lv\/product\/minimalisma-dzivojama-istaba-futon\/#primaryimage"},"thumbnailUrl":"https:\/\/brilune.eu\/wp-content\/uploads\/2025\/01\/1200x1200-126.jpg","datePublished":"2025-02-18T21:28:23+00:00","dateModified":"2025-02-18T21:36:41+00:00","description":"Stil\u012bgs un \u0113rts saliekamais kr\u0113sls, kas lieliski iek\u013caujas skandin\u0101vu stila interjer\u0101. Polster\u0113jums ir izgatavots no iztur\u012bga, skr\u0101p\u0113jumiem iztur\u012bga materi\u0101la, e...","breadcrumb":{"@id":"https:\/\/brilune.eu\/lv\/product\/minimalisma-dzivojama-istaba-futon\/#breadcrumb"},"inLanguage":"lv-LV","potentialAction":[{"@type":"ReadAction","target":["https:\/\/brilune.eu\/lv\/product\/minimalisma-dzivojama-istaba-futon\/"]}]},{"@type":"ImageObject","inLanguage":"lv-LV","@id":"https:\/\/brilune.eu\/lv\/product\/minimalisma-dzivojama-istaba-futon\/#primaryimage","url":"https:\/\/brilune.eu\/wp-content\/uploads\/2025\/01\/1200x1200-126.jpg","contentUrl":"https:\/\/brilune.eu\/wp-content\/uploads\/2025\/01\/1200x1200-126.jpg","width":800,"height":800},{"@type":"BreadcrumbList","@id":"https:\/\/brilune.eu\/lv\/product\/minimalisma-dzivojama-istaba-futon\/#breadcrumb","itemListElement":[{"@type":"ListItem","position":1,"name":"S\u0101kums","item":"https:\/\/brilune.eu\/lv\/brilune-mebeles\/"},{"@type":"ListItem","position":2,"name":"Visi produkti","item":"https:\/\/brilune.eu\/lv\/shop\/"},{"@type":"ListItem","position":3,"name":"Minim\u0101lisma dz\u012bvojam\u0101 istaba Futon"}]},{"@type":"WebSite","@id":"https:\/\/brilune.eu\/lv\/#website","url":"https:\/\/brilune.eu\/lv\/","name":"Brilune","description":"M\u0113s pied\u0101v\u0101jam unik\u0101lus un nebiju\u0161us dizainus, kas apvieno eleganci, funkcionalit\u0101ti un rado\u0161umu.","potentialAction":[{"@type":"SearchAction","target":{"@type":"EntryPoint","urlTemplate":"https:\/\/brilune.eu\/lv\/?s={search_term_string}"},"query-input":{"@type":"PropertyValueSpecification","valueRequired":true,"valueName":"search_term_string"}}],"inLanguage":"lv-LV"}]}},"jetpack_sharing_enabled":true,"_links":{"self":[{"href":"https:\/\/brilune.eu\/lv\/wp-json\/wp\/v2\/product\/32637","targetHints":{"allow":["GET"]}}],"collection":[{"href":"https:\/\/brilune.eu\/lv\/wp-json\/wp\/v2\/product"}],"about":[{"href":"https:\/\/brilune.eu\/lv\/wp-json\/wp\/v2\/types\/product"}],"replies":[{"embeddable":true,"href":"https:\/\/brilune.eu\/lv\/wp-json\/wp\/v2\/comments?post=32637"}],"version-history":[{"count":1,"href":"https:\/\/brilune.eu\/lv\/wp-json\/wp\/v2\/product\/32637\/revisions"}],"predecessor-version":[{"id":32661,"href":"https:\/\/brilune.eu\/lv\/wp-json\/wp\/v2\/product\/32637\/revisions\/32661"}],"wp:featuredmedia":[{"embeddable":true,"href":"https:\/\/brilune.eu\/lv\/wp-json\/wp\/v2\/media\/16029"}],"wp:attachment":[{"href":"https:\/\/brilune.eu\/lv\/wp-json\/wp\/v2\/media?parent=32637"}],"wp:term":[{"taxonomy":"product_brand","embeddable":true,"href":"https:\/\/brilune.eu\/lv\/wp-json\/wp\/v2\/product_brand?post=32637"},{"taxonomy":"product_cat","embeddable":true,"href":"https:\/\/brilune.eu\/lv\/wp-json\/wp\/v2\/product_cat?post=32637"},{"taxonomy":"product_tag","embeddable":true,"href":"https:\/\/brilune.eu\/lv\/wp-json\/wp\/v2\/product_tag?post=32637"}],"curies":[{"name":"wp","href":"https:\/\/api.w.org\/{rel}","templated":true}]}}