{"id":32627,"date":"2025-02-18T23:27:59","date_gmt":"2025-02-18T21:27:59","guid":{"rendered":"https:\/\/brilune.eu\/?post_type=product&#038;p=32627"},"modified":"2025-02-18T23:36:32","modified_gmt":"2025-02-18T21:36:32","slug":"erts-skandinavu-futons","status":"publish","type":"product","link":"https:\/\/brilune.eu\/lv\/product\/erts-skandinavu-futons\/","title":{"rendered":"\u0112rts skandin\u0101vu futons"},"content":{"rendered":"<p>Pla\u0161a saliekam\u0101 ku\u0161ete, kas lieliski iederas skandin\u0101vu interjer\u0101, pateicoties t\u0101 minim\u0101lisma dizainam un tekstur\u0113tam samta polster\u0113jumam. Tas viegli p\u0101rv\u0113r\u0161as par papildu gu\u013camvietu, nodro\u0161inot \u0113rtu atp\u016btu vienam cilv\u0113kam. Ku\u0161etei nav roku balstu, kas pied\u0101v\u0101 vair\u0101k vietas s\u0113d\u0113\u0161anai vai gul\u0113\u0161anai. Ar put\u0101m pild\u012btais s\u0113deklis nodro\u0161ina atbalstu un komfortu. M\u012bkstais samta polster\u0113jums pie\u0161\u0137ir gabalam pat\u012bkamu izskatu un tekst\u016bru.<br \/>\nMateri\u0101li: samts, porolona, \u200b\u200bkoka k\u0101jas.<br \/>\nIzm\u0113rs saloc\u012bt\u0101 veid\u0101: 180\u00d783\u00d783 cm. Izm\u0113rs atloc\u012bt\u0101 st\u0101vokl\u012b: 180\u00d7122\u00d783 cm.<\/p>\n","protected":false},"excerpt":{"rendered":"<p>Pla\u0161a saliekam\u0101 ku\u0161ete, kas lieliski iederas skandin\u0101vu interjer\u0101, pateicoties t\u0101 minim\u0101lisma dizainam un tekstur\u0113tam samta polster\u0113jumam. Tas viegli p\u0101rveido&#8230;<\/p>\n","protected":false},"featured_media":16025,"comment_status":"open","ping_status":"closed","template":"","meta":[],"product_brand":[],"product_cat":[4730,1721],"product_tag":[],"class_list":{"0":"post-32627","1":"product","2":"type-product","3":"status-publish","4":"has-post-thumbnail","6":"product_cat-futons-gultas-7","7":"product_cat-futons-gultas","9":"first","10":"instock","11":"shipping-taxable","12":"purchasable","13":"product-type-variable"},"yoast_head":"<!-- This site is optimized with the Yoast SEO plugin v26.0 - https:\/\/yoast.com\/wordpress\/plugins\/seo\/ -->\n<title>\u0112rts skandin\u0101vu futons<\/title>\n<meta name=\"description\" content=\"Pla\u0161a saliekam\u0101 ku\u0161ete, kas lieliski iederas skandin\u0101vu interjer\u0101, pateicoties t\u0101 minim\u0101lisma dizainam un tekstur\u0113tam samta polster\u0113jumam. Tas viegli p\u0101rveido...\" \/>\n<meta name=\"robots\" content=\"index, follow, max-snippet:-1, max-image-preview:large, max-video-preview:-1\" \/>\n<link rel=\"canonical\" href=\"https:\/\/brilune.eu\/lv\/product\/erts-skandinavu-futons\/\" \/>\n<meta property=\"og:locale\" content=\"lv_LV\" \/>\n<meta property=\"og:type\" content=\"article\" \/>\n<meta property=\"og:title\" content=\"\u0112rts skandin\u0101vu futons\" \/>\n<meta property=\"og:description\" content=\"Pla\u0161a saliekam\u0101 ku\u0161ete, kas lieliski iederas skandin\u0101vu interjer\u0101, pateicoties t\u0101 minim\u0101lisma dizainam un tekstur\u0113tam samta polster\u0113jumam. Tas viegli p\u0101rveido...\" \/>\n<meta property=\"og:url\" content=\"https:\/\/brilune.eu\/lv\/product\/erts-skandinavu-futons\/\" \/>\n<meta property=\"og:site_name\" content=\"Brilune\" \/>\n<meta property=\"article:modified_time\" content=\"2025-02-18T21:36:32+00:00\" \/>\n<meta property=\"og:image\" content=\"https:\/\/brilune.eu\/wp-content\/uploads\/2025\/01\/1200x1200-125.jpg\" \/>\n\t<meta property=\"og:image:width\" content=\"800\" \/>\n\t<meta property=\"og:image:height\" content=\"800\" \/>\n\t<meta property=\"og:image:type\" content=\"image\/jpeg\" \/>\n<meta name=\"twitter:card\" content=\"summary_large_image\" \/>\n<meta name=\"twitter:label1\" content=\"Est. reading time\" \/>\n\t<meta name=\"twitter:data1\" content=\"1 minute\" \/>\n<script type=\"application\/ld+json\" class=\"yoast-schema-graph\">{\"@context\":\"https:\/\/schema.org\",\"@graph\":[{\"@type\":\"WebPage\",\"@id\":\"https:\/\/brilune.eu\/lv\/product\/erts-skandinavu-futons\/\",\"url\":\"https:\/\/brilune.eu\/lv\/product\/erts-skandinavu-futons\/\",\"name\":\"\u0112rts skandin\u0101vu futons\",\"isPartOf\":{\"@id\":\"https:\/\/brilune.eu\/lv\/#website\"},\"primaryImageOfPage\":{\"@id\":\"https:\/\/brilune.eu\/lv\/product\/erts-skandinavu-futons\/#primaryimage\"},\"image\":{\"@id\":\"https:\/\/brilune.eu\/lv\/product\/erts-skandinavu-futons\/#primaryimage\"},\"thumbnailUrl\":\"https:\/\/brilune.eu\/wp-content\/uploads\/2025\/01\/1200x1200-125.jpg\",\"datePublished\":\"2025-02-18T21:27:59+00:00\",\"dateModified\":\"2025-02-18T21:36:32+00:00\",\"description\":\"Pla\u0161a saliekam\u0101 ku\u0161ete, kas lieliski iederas skandin\u0101vu interjer\u0101, pateicoties t\u0101 minim\u0101lisma dizainam un tekstur\u0113tam samta polster\u0113jumam. Tas viegli p\u0101rveido...\",\"breadcrumb\":{\"@id\":\"https:\/\/brilune.eu\/lv\/product\/erts-skandinavu-futons\/#breadcrumb\"},\"inLanguage\":\"lv-LV\",\"potentialAction\":[{\"@type\":\"ReadAction\",\"target\":[\"https:\/\/brilune.eu\/lv\/product\/erts-skandinavu-futons\/\"]}]},{\"@type\":\"ImageObject\",\"inLanguage\":\"lv-LV\",\"@id\":\"https:\/\/brilune.eu\/lv\/product\/erts-skandinavu-futons\/#primaryimage\",\"url\":\"https:\/\/brilune.eu\/wp-content\/uploads\/2025\/01\/1200x1200-125.jpg\",\"contentUrl\":\"https:\/\/brilune.eu\/wp-content\/uploads\/2025\/01\/1200x1200-125.jpg\",\"width\":800,\"height\":800},{\"@type\":\"BreadcrumbList\",\"@id\":\"https:\/\/brilune.eu\/lv\/product\/erts-skandinavu-futons\/#breadcrumb\",\"itemListElement\":[{\"@type\":\"ListItem\",\"position\":1,\"name\":\"S\u0101kums\",\"item\":\"https:\/\/brilune.eu\/lv\/brilune-mebeles\/\"},{\"@type\":\"ListItem\",\"position\":2,\"name\":\"Visi produkti\",\"item\":\"https:\/\/brilune.eu\/lv\/shop\/\"},{\"@type\":\"ListItem\",\"position\":3,\"name\":\"\u0112rts skandin\u0101vu futons\"}]},{\"@type\":\"WebSite\",\"@id\":\"https:\/\/brilune.eu\/lv\/#website\",\"url\":\"https:\/\/brilune.eu\/lv\/\",\"name\":\"Brilune\",\"description\":\"M\u0113s pied\u0101v\u0101jam unik\u0101lus un nebiju\u0161us dizainus, kas apvieno eleganci, funkcionalit\u0101ti un rado\u0161umu.\",\"potentialAction\":[{\"@type\":\"SearchAction\",\"target\":{\"@type\":\"EntryPoint\",\"urlTemplate\":\"https:\/\/brilune.eu\/lv\/?s={search_term_string}\"},\"query-input\":{\"@type\":\"PropertyValueSpecification\",\"valueRequired\":true,\"valueName\":\"search_term_string\"}}],\"inLanguage\":\"lv-LV\"}]}<\/script>\n<!-- \/ Yoast SEO plugin. -->","yoast_head_json":{"title":"\u0112rts skandin\u0101vu futons","description":"Pla\u0161a saliekam\u0101 ku\u0161ete, kas lieliski iederas skandin\u0101vu interjer\u0101, pateicoties t\u0101 minim\u0101lisma dizainam un tekstur\u0113tam samta polster\u0113jumam. Tas viegli p\u0101rveido...","robots":{"index":"index","follow":"follow","max-snippet":"max-snippet:-1","max-image-preview":"max-image-preview:large","max-video-preview":"max-video-preview:-1"},"canonical":"https:\/\/brilune.eu\/lv\/product\/erts-skandinavu-futons\/","og_locale":"lv_LV","og_type":"article","og_title":"\u0112rts skandin\u0101vu futons","og_description":"Pla\u0161a saliekam\u0101 ku\u0161ete, kas lieliski iederas skandin\u0101vu interjer\u0101, pateicoties t\u0101 minim\u0101lisma dizainam un tekstur\u0113tam samta polster\u0113jumam. Tas viegli p\u0101rveido...","og_url":"https:\/\/brilune.eu\/lv\/product\/erts-skandinavu-futons\/","og_site_name":"Brilune","article_modified_time":"2025-02-18T21:36:32+00:00","og_image":[{"width":800,"height":800,"url":"https:\/\/brilune.eu\/wp-content\/uploads\/2025\/01\/1200x1200-125.jpg","type":"image\/jpeg"}],"twitter_card":"summary_large_image","twitter_misc":{"Est. reading time":"1 minute"},"schema":{"@context":"https:\/\/schema.org","@graph":[{"@type":"WebPage","@id":"https:\/\/brilune.eu\/lv\/product\/erts-skandinavu-futons\/","url":"https:\/\/brilune.eu\/lv\/product\/erts-skandinavu-futons\/","name":"\u0112rts skandin\u0101vu futons","isPartOf":{"@id":"https:\/\/brilune.eu\/lv\/#website"},"primaryImageOfPage":{"@id":"https:\/\/brilune.eu\/lv\/product\/erts-skandinavu-futons\/#primaryimage"},"image":{"@id":"https:\/\/brilune.eu\/lv\/product\/erts-skandinavu-futons\/#primaryimage"},"thumbnailUrl":"https:\/\/brilune.eu\/wp-content\/uploads\/2025\/01\/1200x1200-125.jpg","datePublished":"2025-02-18T21:27:59+00:00","dateModified":"2025-02-18T21:36:32+00:00","description":"Pla\u0161a saliekam\u0101 ku\u0161ete, kas lieliski iederas skandin\u0101vu interjer\u0101, pateicoties t\u0101 minim\u0101lisma dizainam un tekstur\u0113tam samta polster\u0113jumam. Tas viegli p\u0101rveido...","breadcrumb":{"@id":"https:\/\/brilune.eu\/lv\/product\/erts-skandinavu-futons\/#breadcrumb"},"inLanguage":"lv-LV","potentialAction":[{"@type":"ReadAction","target":["https:\/\/brilune.eu\/lv\/product\/erts-skandinavu-futons\/"]}]},{"@type":"ImageObject","inLanguage":"lv-LV","@id":"https:\/\/brilune.eu\/lv\/product\/erts-skandinavu-futons\/#primaryimage","url":"https:\/\/brilune.eu\/wp-content\/uploads\/2025\/01\/1200x1200-125.jpg","contentUrl":"https:\/\/brilune.eu\/wp-content\/uploads\/2025\/01\/1200x1200-125.jpg","width":800,"height":800},{"@type":"BreadcrumbList","@id":"https:\/\/brilune.eu\/lv\/product\/erts-skandinavu-futons\/#breadcrumb","itemListElement":[{"@type":"ListItem","position":1,"name":"S\u0101kums","item":"https:\/\/brilune.eu\/lv\/brilune-mebeles\/"},{"@type":"ListItem","position":2,"name":"Visi produkti","item":"https:\/\/brilune.eu\/lv\/shop\/"},{"@type":"ListItem","position":3,"name":"\u0112rts skandin\u0101vu futons"}]},{"@type":"WebSite","@id":"https:\/\/brilune.eu\/lv\/#website","url":"https:\/\/brilune.eu\/lv\/","name":"Brilune","description":"M\u0113s pied\u0101v\u0101jam unik\u0101lus un nebiju\u0161us dizainus, kas apvieno eleganci, funkcionalit\u0101ti un rado\u0161umu.","potentialAction":[{"@type":"SearchAction","target":{"@type":"EntryPoint","urlTemplate":"https:\/\/brilune.eu\/lv\/?s={search_term_string}"},"query-input":{"@type":"PropertyValueSpecification","valueRequired":true,"valueName":"search_term_string"}}],"inLanguage":"lv-LV"}]}},"jetpack_sharing_enabled":true,"_links":{"self":[{"href":"https:\/\/brilune.eu\/lv\/wp-json\/wp\/v2\/product\/32627","targetHints":{"allow":["GET"]}}],"collection":[{"href":"https:\/\/brilune.eu\/lv\/wp-json\/wp\/v2\/product"}],"about":[{"href":"https:\/\/brilune.eu\/lv\/wp-json\/wp\/v2\/types\/product"}],"replies":[{"embeddable":true,"href":"https:\/\/brilune.eu\/lv\/wp-json\/wp\/v2\/comments?post=32627"}],"version-history":[{"count":1,"href":"https:\/\/brilune.eu\/lv\/wp-json\/wp\/v2\/product\/32627\/revisions"}],"predecessor-version":[{"id":32658,"href":"https:\/\/brilune.eu\/lv\/wp-json\/wp\/v2\/product\/32627\/revisions\/32658"}],"wp:featuredmedia":[{"embeddable":true,"href":"https:\/\/brilune.eu\/lv\/wp-json\/wp\/v2\/media\/16025"}],"wp:attachment":[{"href":"https:\/\/brilune.eu\/lv\/wp-json\/wp\/v2\/media?parent=32627"}],"wp:term":[{"taxonomy":"product_brand","embeddable":true,"href":"https:\/\/brilune.eu\/lv\/wp-json\/wp\/v2\/product_brand?post=32627"},{"taxonomy":"product_cat","embeddable":true,"href":"https:\/\/brilune.eu\/lv\/wp-json\/wp\/v2\/product_cat?post=32627"},{"taxonomy":"product_tag","embeddable":true,"href":"https:\/\/brilune.eu\/lv\/wp-json\/wp\/v2\/product_tag?post=32627"}],"curies":[{"name":"wp","href":"https:\/\/api.w.org\/{rel}","templated":true}]}}