{"id":32547,"date":"2025-02-18T23:26:14","date_gmt":"2025-02-18T21:26:14","guid":{"rendered":"https:\/\/brilune.eu\/?post_type=product&#038;p=32547"},"modified":"2025-02-18T23:36:31","modified_gmt":"2025-02-18T21:36:31","slug":"sleeper-futon-gulta-ar-noliktavas-telpu","status":"publish","type":"product","link":"https:\/\/brilune.eu\/lv\/product\/sleeper-futon-gulta-ar-noliktavas-telpu\/","title":{"rendered":"Sleeper Futon gulta ar noliktavas telpu"},"content":{"rendered":"<p>Kompakts izvelkamais d\u012bv\u0101ns, lieliski piem\u0113rots maz\u0101m telp\u0101m vai dz\u012bvojam\u0101m istab\u0101m. Saliekamais meh\u0101nisms p\u0101rv\u0113r\u0161 to par \u0113rtu gultu. Ieb\u016bv\u0113tais uzglab\u0101\u0161anas nodal\u012bjums pal\u012bdz ietaup\u012bt vietu un uztur\u0113t k\u0101rt\u012bbu. No m\u012bksta flane\u013ca un skr\u0101p\u0113jumiem iztur\u012bga auduma izgatavotais polster\u0113jums ir iztur\u012bgs pret m\u0101jdz\u012bvnieku boj\u0101jumiem, savuk\u0101rt lateksa pild\u012bjums nodro\u0161ina augstu komforta l\u012bmeni. \u016adeni atgr\u016bdo\u0161\u0101s \u012bpa\u0161\u012bbas papildina praktiskumu, padarot d\u012bv\u0101nu viegli kopjamu.<\/p>\n<p>Materi\u0101li: flanelis, skr\u0101p\u0113jumiem iztur\u012bgs audums, latekss, met\u0101la k\u0101jas. Izm\u0113ri: 120\u00d784\u00d788 cm.<\/p>\n","protected":false},"excerpt":{"rendered":"<p>Kompakts izvelkamais d\u012bv\u0101ns, lieliski piem\u0113rots maz\u0101m telp\u0101m vai dz\u012bvojam\u0101m istab\u0101m. Saliekamais meh\u0101nisms p\u0101rv\u0113r\u0161 to par \u0113rtu gultu. Ieb\u016bv\u0113t\u0101s kr\u0101tuves sal\u012bdzin\u0101jums&#8230;<\/p>\n","protected":false},"featured_media":15960,"comment_status":"open","ping_status":"closed","template":"","meta":[],"product_brand":[],"product_cat":[1721,4730],"product_tag":[],"class_list":{"0":"post-32547","1":"product","2":"type-product","3":"status-publish","4":"has-post-thumbnail","6":"product_cat-futons-gultas","7":"product_cat-futons-gultas-7","9":"first","10":"instock","11":"shipping-taxable","12":"purchasable","13":"product-type-variable"},"yoast_head":"<!-- This site is optimized with the Yoast SEO plugin v26.0 - https:\/\/yoast.com\/wordpress\/plugins\/seo\/ -->\n<title>Sleeper Futon gulta ar noliktavas telpu<\/title>\n<meta name=\"description\" content=\"Kompakts izvelkamais d\u012bv\u0101ns, lieliski piem\u0113rots maz\u0101m telp\u0101m vai dz\u012bvojam\u0101m istab\u0101m. Saliekamais meh\u0101nisms p\u0101rv\u0113r\u0161 to par \u0113rtu gultu. Ieb\u016bv\u0113t\u0101s kr\u0101tuves sal\u012bdzin\u0101jums...\" \/>\n<meta name=\"robots\" content=\"index, follow, max-snippet:-1, max-image-preview:large, max-video-preview:-1\" \/>\n<link rel=\"canonical\" href=\"https:\/\/brilune.eu\/lv\/product\/sleeper-futon-gulta-ar-noliktavas-telpu\/\" \/>\n<meta property=\"og:locale\" content=\"lv_LV\" \/>\n<meta property=\"og:type\" content=\"article\" \/>\n<meta property=\"og:title\" content=\"Sleeper Futon gulta ar noliktavas telpu\" \/>\n<meta property=\"og:description\" content=\"Kompakts izvelkamais d\u012bv\u0101ns, lieliski piem\u0113rots maz\u0101m telp\u0101m vai dz\u012bvojam\u0101m istab\u0101m. Saliekamais meh\u0101nisms p\u0101rv\u0113r\u0161 to par \u0113rtu gultu. Ieb\u016bv\u0113t\u0101s kr\u0101tuves sal\u012bdzin\u0101jums...\" \/>\n<meta property=\"og:url\" content=\"https:\/\/brilune.eu\/lv\/product\/sleeper-futon-gulta-ar-noliktavas-telpu\/\" \/>\n<meta property=\"og:site_name\" content=\"Brilune\" \/>\n<meta property=\"article:modified_time\" content=\"2025-02-18T21:36:31+00:00\" \/>\n<meta property=\"og:image\" content=\"https:\/\/brilune.eu\/wp-content\/uploads\/2025\/01\/1200x1200-117.jpg\" \/>\n\t<meta property=\"og:image:width\" content=\"824\" \/>\n\t<meta property=\"og:image:height\" content=\"824\" \/>\n\t<meta property=\"og:image:type\" content=\"image\/jpeg\" \/>\n<meta name=\"twitter:card\" content=\"summary_large_image\" \/>\n<meta name=\"twitter:label1\" content=\"Est. reading time\" \/>\n\t<meta name=\"twitter:data1\" content=\"1 minute\" \/>\n<script type=\"application\/ld+json\" class=\"yoast-schema-graph\">{\"@context\":\"https:\/\/schema.org\",\"@graph\":[{\"@type\":\"WebPage\",\"@id\":\"https:\/\/brilune.eu\/lv\/product\/sleeper-futon-gulta-ar-noliktavas-telpu\/\",\"url\":\"https:\/\/brilune.eu\/lv\/product\/sleeper-futon-gulta-ar-noliktavas-telpu\/\",\"name\":\"Sleeper Futon gulta ar noliktavas telpu\",\"isPartOf\":{\"@id\":\"https:\/\/brilune.eu\/lv\/#website\"},\"primaryImageOfPage\":{\"@id\":\"https:\/\/brilune.eu\/lv\/product\/sleeper-futon-gulta-ar-noliktavas-telpu\/#primaryimage\"},\"image\":{\"@id\":\"https:\/\/brilune.eu\/lv\/product\/sleeper-futon-gulta-ar-noliktavas-telpu\/#primaryimage\"},\"thumbnailUrl\":\"https:\/\/brilune.eu\/wp-content\/uploads\/2025\/01\/1200x1200-117.jpg\",\"datePublished\":\"2025-02-18T21:26:14+00:00\",\"dateModified\":\"2025-02-18T21:36:31+00:00\",\"description\":\"Kompakts izvelkamais d\u012bv\u0101ns, lieliski piem\u0113rots maz\u0101m telp\u0101m vai dz\u012bvojam\u0101m istab\u0101m. Saliekamais meh\u0101nisms p\u0101rv\u0113r\u0161 to par \u0113rtu gultu. Ieb\u016bv\u0113t\u0101s kr\u0101tuves sal\u012bdzin\u0101jums...\",\"breadcrumb\":{\"@id\":\"https:\/\/brilune.eu\/lv\/product\/sleeper-futon-gulta-ar-noliktavas-telpu\/#breadcrumb\"},\"inLanguage\":\"lv-LV\",\"potentialAction\":[{\"@type\":\"ReadAction\",\"target\":[\"https:\/\/brilune.eu\/lv\/product\/sleeper-futon-gulta-ar-noliktavas-telpu\/\"]}]},{\"@type\":\"ImageObject\",\"inLanguage\":\"lv-LV\",\"@id\":\"https:\/\/brilune.eu\/lv\/product\/sleeper-futon-gulta-ar-noliktavas-telpu\/#primaryimage\",\"url\":\"https:\/\/brilune.eu\/wp-content\/uploads\/2025\/01\/1200x1200-117.jpg\",\"contentUrl\":\"https:\/\/brilune.eu\/wp-content\/uploads\/2025\/01\/1200x1200-117.jpg\",\"width\":824,\"height\":824},{\"@type\":\"BreadcrumbList\",\"@id\":\"https:\/\/brilune.eu\/lv\/product\/sleeper-futon-gulta-ar-noliktavas-telpu\/#breadcrumb\",\"itemListElement\":[{\"@type\":\"ListItem\",\"position\":1,\"name\":\"S\u0101kums\",\"item\":\"https:\/\/brilune.eu\/lv\/brilune-mebeles\/\"},{\"@type\":\"ListItem\",\"position\":2,\"name\":\"Visi produkti\",\"item\":\"https:\/\/brilune.eu\/lv\/shop\/\"},{\"@type\":\"ListItem\",\"position\":3,\"name\":\"Sleeper Futon gulta ar noliktavas telpu\"}]},{\"@type\":\"WebSite\",\"@id\":\"https:\/\/brilune.eu\/lv\/#website\",\"url\":\"https:\/\/brilune.eu\/lv\/\",\"name\":\"Brilune\",\"description\":\"M\u0113s pied\u0101v\u0101jam unik\u0101lus un nebiju\u0161us dizainus, kas apvieno eleganci, funkcionalit\u0101ti un rado\u0161umu.\",\"potentialAction\":[{\"@type\":\"SearchAction\",\"target\":{\"@type\":\"EntryPoint\",\"urlTemplate\":\"https:\/\/brilune.eu\/lv\/?s={search_term_string}\"},\"query-input\":{\"@type\":\"PropertyValueSpecification\",\"valueRequired\":true,\"valueName\":\"search_term_string\"}}],\"inLanguage\":\"lv-LV\"}]}<\/script>\n<!-- \/ Yoast SEO plugin. -->","yoast_head_json":{"title":"Sleeper Futon gulta ar noliktavas telpu","description":"Kompakts izvelkamais d\u012bv\u0101ns, lieliski piem\u0113rots maz\u0101m telp\u0101m vai dz\u012bvojam\u0101m istab\u0101m. Saliekamais meh\u0101nisms p\u0101rv\u0113r\u0161 to par \u0113rtu gultu. Ieb\u016bv\u0113t\u0101s kr\u0101tuves sal\u012bdzin\u0101jums...","robots":{"index":"index","follow":"follow","max-snippet":"max-snippet:-1","max-image-preview":"max-image-preview:large","max-video-preview":"max-video-preview:-1"},"canonical":"https:\/\/brilune.eu\/lv\/product\/sleeper-futon-gulta-ar-noliktavas-telpu\/","og_locale":"lv_LV","og_type":"article","og_title":"Sleeper Futon gulta ar noliktavas telpu","og_description":"Kompakts izvelkamais d\u012bv\u0101ns, lieliski piem\u0113rots maz\u0101m telp\u0101m vai dz\u012bvojam\u0101m istab\u0101m. Saliekamais meh\u0101nisms p\u0101rv\u0113r\u0161 to par \u0113rtu gultu. Ieb\u016bv\u0113t\u0101s kr\u0101tuves sal\u012bdzin\u0101jums...","og_url":"https:\/\/brilune.eu\/lv\/product\/sleeper-futon-gulta-ar-noliktavas-telpu\/","og_site_name":"Brilune","article_modified_time":"2025-02-18T21:36:31+00:00","og_image":[{"width":824,"height":824,"url":"https:\/\/brilune.eu\/wp-content\/uploads\/2025\/01\/1200x1200-117.jpg","type":"image\/jpeg"}],"twitter_card":"summary_large_image","twitter_misc":{"Est. reading time":"1 minute"},"schema":{"@context":"https:\/\/schema.org","@graph":[{"@type":"WebPage","@id":"https:\/\/brilune.eu\/lv\/product\/sleeper-futon-gulta-ar-noliktavas-telpu\/","url":"https:\/\/brilune.eu\/lv\/product\/sleeper-futon-gulta-ar-noliktavas-telpu\/","name":"Sleeper Futon gulta ar noliktavas telpu","isPartOf":{"@id":"https:\/\/brilune.eu\/lv\/#website"},"primaryImageOfPage":{"@id":"https:\/\/brilune.eu\/lv\/product\/sleeper-futon-gulta-ar-noliktavas-telpu\/#primaryimage"},"image":{"@id":"https:\/\/brilune.eu\/lv\/product\/sleeper-futon-gulta-ar-noliktavas-telpu\/#primaryimage"},"thumbnailUrl":"https:\/\/brilune.eu\/wp-content\/uploads\/2025\/01\/1200x1200-117.jpg","datePublished":"2025-02-18T21:26:14+00:00","dateModified":"2025-02-18T21:36:31+00:00","description":"Kompakts izvelkamais d\u012bv\u0101ns, lieliski piem\u0113rots maz\u0101m telp\u0101m vai dz\u012bvojam\u0101m istab\u0101m. Saliekamais meh\u0101nisms p\u0101rv\u0113r\u0161 to par \u0113rtu gultu. Ieb\u016bv\u0113t\u0101s kr\u0101tuves sal\u012bdzin\u0101jums...","breadcrumb":{"@id":"https:\/\/brilune.eu\/lv\/product\/sleeper-futon-gulta-ar-noliktavas-telpu\/#breadcrumb"},"inLanguage":"lv-LV","potentialAction":[{"@type":"ReadAction","target":["https:\/\/brilune.eu\/lv\/product\/sleeper-futon-gulta-ar-noliktavas-telpu\/"]}]},{"@type":"ImageObject","inLanguage":"lv-LV","@id":"https:\/\/brilune.eu\/lv\/product\/sleeper-futon-gulta-ar-noliktavas-telpu\/#primaryimage","url":"https:\/\/brilune.eu\/wp-content\/uploads\/2025\/01\/1200x1200-117.jpg","contentUrl":"https:\/\/brilune.eu\/wp-content\/uploads\/2025\/01\/1200x1200-117.jpg","width":824,"height":824},{"@type":"BreadcrumbList","@id":"https:\/\/brilune.eu\/lv\/product\/sleeper-futon-gulta-ar-noliktavas-telpu\/#breadcrumb","itemListElement":[{"@type":"ListItem","position":1,"name":"S\u0101kums","item":"https:\/\/brilune.eu\/lv\/brilune-mebeles\/"},{"@type":"ListItem","position":2,"name":"Visi produkti","item":"https:\/\/brilune.eu\/lv\/shop\/"},{"@type":"ListItem","position":3,"name":"Sleeper Futon gulta ar noliktavas telpu"}]},{"@type":"WebSite","@id":"https:\/\/brilune.eu\/lv\/#website","url":"https:\/\/brilune.eu\/lv\/","name":"Brilune","description":"M\u0113s pied\u0101v\u0101jam unik\u0101lus un nebiju\u0161us dizainus, kas apvieno eleganci, funkcionalit\u0101ti un rado\u0161umu.","potentialAction":[{"@type":"SearchAction","target":{"@type":"EntryPoint","urlTemplate":"https:\/\/brilune.eu\/lv\/?s={search_term_string}"},"query-input":{"@type":"PropertyValueSpecification","valueRequired":true,"valueName":"search_term_string"}}],"inLanguage":"lv-LV"}]}},"jetpack_sharing_enabled":true,"_links":{"self":[{"href":"https:\/\/brilune.eu\/lv\/wp-json\/wp\/v2\/product\/32547","targetHints":{"allow":["GET"]}}],"collection":[{"href":"https:\/\/brilune.eu\/lv\/wp-json\/wp\/v2\/product"}],"about":[{"href":"https:\/\/brilune.eu\/lv\/wp-json\/wp\/v2\/types\/product"}],"replies":[{"embeddable":true,"href":"https:\/\/brilune.eu\/lv\/wp-json\/wp\/v2\/comments?post=32547"}],"version-history":[{"count":1,"href":"https:\/\/brilune.eu\/lv\/wp-json\/wp\/v2\/product\/32547\/revisions"}],"predecessor-version":[{"id":32578,"href":"https:\/\/brilune.eu\/lv\/wp-json\/wp\/v2\/product\/32547\/revisions\/32578"}],"wp:featuredmedia":[{"embeddable":true,"href":"https:\/\/brilune.eu\/lv\/wp-json\/wp\/v2\/media\/15960"}],"wp:attachment":[{"href":"https:\/\/brilune.eu\/lv\/wp-json\/wp\/v2\/media?parent=32547"}],"wp:term":[{"taxonomy":"product_brand","embeddable":true,"href":"https:\/\/brilune.eu\/lv\/wp-json\/wp\/v2\/product_brand?post=32547"},{"taxonomy":"product_cat","embeddable":true,"href":"https:\/\/brilune.eu\/lv\/wp-json\/wp\/v2\/product_cat?post=32547"},{"taxonomy":"product_tag","embeddable":true,"href":"https:\/\/brilune.eu\/lv\/wp-json\/wp\/v2\/product_tag?post=32547"}],"curies":[{"name":"wp","href":"https:\/\/api.w.org\/{rel}","templated":true}]}}