{"id":32322,"date":"2025-02-18T23:20:12","date_gmt":"2025-02-18T21:20:12","guid":{"rendered":"https:\/\/brilune.eu\/?post_type=product&#038;p=32322"},"modified":"2025-02-18T23:35:52","modified_gmt":"2025-02-18T21:35:52","slug":"gulta-ar-uzglabasanas-atvilktnem-un-pakapieniem","status":"publish","type":"product","link":"https:\/\/brilune.eu\/lv\/product\/gulta-ar-uzglabasanas-atvilktnem-un-pakapieniem\/","title":{"rendered":"Gulta ar uzglab\u0101\u0161anas atvilktn\u0113m un pak\u0101pieniem"},"content":{"rendered":"<p>\u0160\u012b gulta ir ide\u0101ls funkcion\u0101la dizaina iemiesojums. Ieb\u016bv\u0113tie pak\u0101pieni atvieglo uzk\u0101p\u0161anu uz gultas, vienlaikus pie\u0161\u0137irot ori\u0123inalit\u0101ti. Pla\u0161as atvilktnes apak\u0161\u0101 nodro\u0161ina pietiekami daudz vietas uzglab\u0101\u0161anai, pal\u012bdzot uztur\u0113t telpu sak\u0101rtotu. T\u0101 stil\u012bgais un p\u0101rdom\u0101tais dizains rada m\u0101j\u012bgu un komfortablu atmosf\u0113ru.<br \/>\nIzm\u0113rs: 100\u00d7200\u00d765 cm, pak\u0101pienu izm\u0113rs: 50\u00d738\u00d7100 cm.<br \/>\nMateri\u0101ls: koks.<\/p>\n","protected":false},"excerpt":{"rendered":"<p>\u0160\u012b gulta ir ide\u0101ls funkcion\u0101la dizaina iemiesojums. Ieb\u016bv\u0113tie pak\u0101pieni atvieglo uzk\u0101p\u0161anu uz gultas, vienlaikus pie\u0161\u0137irot ori\u0123inalit\u0101ti. Pla\u0161s dra&#8230;<\/p>\n","protected":false},"featured_media":15690,"comment_status":"open","ping_status":"closed","template":"","meta":[],"product_brand":[],"product_cat":[1670,4721],"product_tag":[],"class_list":{"0":"post-32322","1":"product","2":"type-product","3":"status-publish","4":"has-post-thumbnail","6":"product_cat-gultas","7":"product_cat-gultas-7","9":"first","10":"instock","11":"shipping-taxable","12":"purchasable","13":"product-type-variable"},"yoast_head":"<!-- This site is optimized with the Yoast SEO plugin v26.0 - https:\/\/yoast.com\/wordpress\/plugins\/seo\/ -->\n<title>Gulta ar uzglab\u0101\u0161anas atvilktn\u0113m un pak\u0101pieniem<\/title>\n<meta name=\"description\" content=\"\u0160\u012b gulta ir ide\u0101ls funkcion\u0101la dizaina iemiesojums. Ieb\u016bv\u0113tie pak\u0101pieni atvieglo uzk\u0101p\u0161anu uz gultas, vienlaikus pie\u0161\u0137irot ori\u0123inalit\u0101ti. Pla\u0161s dra...\" \/>\n<meta name=\"robots\" content=\"index, follow, max-snippet:-1, max-image-preview:large, max-video-preview:-1\" \/>\n<link rel=\"canonical\" href=\"https:\/\/brilune.eu\/lv\/product\/gulta-ar-uzglabasanas-atvilktnem-un-pakapieniem\/\" \/>\n<meta property=\"og:locale\" content=\"lv_LV\" \/>\n<meta property=\"og:type\" content=\"article\" \/>\n<meta property=\"og:title\" content=\"Gulta ar uzglab\u0101\u0161anas atvilktn\u0113m un pak\u0101pieniem\" \/>\n<meta property=\"og:description\" content=\"\u0160\u012b gulta ir ide\u0101ls funkcion\u0101la dizaina iemiesojums. Ieb\u016bv\u0113tie pak\u0101pieni atvieglo uzk\u0101p\u0161anu uz gultas, vienlaikus pie\u0161\u0137irot ori\u0123inalit\u0101ti. Pla\u0161s dra...\" \/>\n<meta property=\"og:url\" content=\"https:\/\/brilune.eu\/lv\/product\/gulta-ar-uzglabasanas-atvilktnem-un-pakapieniem\/\" \/>\n<meta property=\"og:site_name\" content=\"Brilune\" \/>\n<meta property=\"article:modified_time\" content=\"2025-02-18T21:35:52+00:00\" \/>\n<meta property=\"og:image\" content=\"https:\/\/brilune.eu\/wp-content\/uploads\/2025\/01\/O1CN01h4V3v91fgzry2VTQN_2217780964037-0-cib.jpg\" \/>\n\t<meta property=\"og:image:width\" content=\"800\" \/>\n\t<meta property=\"og:image:height\" content=\"800\" \/>\n\t<meta property=\"og:image:type\" content=\"image\/jpeg\" \/>\n<meta name=\"twitter:card\" content=\"summary_large_image\" \/>\n<script type=\"application\/ld+json\" class=\"yoast-schema-graph\">{\"@context\":\"https:\/\/schema.org\",\"@graph\":[{\"@type\":\"WebPage\",\"@id\":\"https:\/\/brilune.eu\/lv\/product\/gulta-ar-uzglabasanas-atvilktnem-un-pakapieniem\/\",\"url\":\"https:\/\/brilune.eu\/lv\/product\/gulta-ar-uzglabasanas-atvilktnem-un-pakapieniem\/\",\"name\":\"Gulta ar uzglab\u0101\u0161anas atvilktn\u0113m un pak\u0101pieniem\",\"isPartOf\":{\"@id\":\"https:\/\/brilune.eu\/lv\/#website\"},\"primaryImageOfPage\":{\"@id\":\"https:\/\/brilune.eu\/lv\/product\/gulta-ar-uzglabasanas-atvilktnem-un-pakapieniem\/#primaryimage\"},\"image\":{\"@id\":\"https:\/\/brilune.eu\/lv\/product\/gulta-ar-uzglabasanas-atvilktnem-un-pakapieniem\/#primaryimage\"},\"thumbnailUrl\":\"https:\/\/brilune.eu\/wp-content\/uploads\/2025\/01\/O1CN01h4V3v91fgzry2VTQN_2217780964037-0-cib.jpg\",\"datePublished\":\"2025-02-18T21:20:12+00:00\",\"dateModified\":\"2025-02-18T21:35:52+00:00\",\"description\":\"\u0160\u012b gulta ir ide\u0101ls funkcion\u0101la dizaina iemiesojums. Ieb\u016bv\u0113tie pak\u0101pieni atvieglo uzk\u0101p\u0161anu uz gultas, vienlaikus pie\u0161\u0137irot ori\u0123inalit\u0101ti. Pla\u0161s dra...\",\"breadcrumb\":{\"@id\":\"https:\/\/brilune.eu\/lv\/product\/gulta-ar-uzglabasanas-atvilktnem-un-pakapieniem\/#breadcrumb\"},\"inLanguage\":\"lv-LV\",\"potentialAction\":[{\"@type\":\"ReadAction\",\"target\":[\"https:\/\/brilune.eu\/lv\/product\/gulta-ar-uzglabasanas-atvilktnem-un-pakapieniem\/\"]}]},{\"@type\":\"ImageObject\",\"inLanguage\":\"lv-LV\",\"@id\":\"https:\/\/brilune.eu\/lv\/product\/gulta-ar-uzglabasanas-atvilktnem-un-pakapieniem\/#primaryimage\",\"url\":\"https:\/\/brilune.eu\/wp-content\/uploads\/2025\/01\/O1CN01h4V3v91fgzry2VTQN_2217780964037-0-cib.jpg\",\"contentUrl\":\"https:\/\/brilune.eu\/wp-content\/uploads\/2025\/01\/O1CN01h4V3v91fgzry2VTQN_2217780964037-0-cib.jpg\",\"width\":800,\"height\":800},{\"@type\":\"BreadcrumbList\",\"@id\":\"https:\/\/brilune.eu\/lv\/product\/gulta-ar-uzglabasanas-atvilktnem-un-pakapieniem\/#breadcrumb\",\"itemListElement\":[{\"@type\":\"ListItem\",\"position\":1,\"name\":\"S\u0101kums\",\"item\":\"https:\/\/brilune.eu\/lv\/brilune-mebeles\/\"},{\"@type\":\"ListItem\",\"position\":2,\"name\":\"Visi produkti\",\"item\":\"https:\/\/brilune.eu\/lv\/shop\/\"},{\"@type\":\"ListItem\",\"position\":3,\"name\":\"Gulta ar uzglab\u0101\u0161anas atvilktn\u0113m un pak\u0101pieniem\"}]},{\"@type\":\"WebSite\",\"@id\":\"https:\/\/brilune.eu\/lv\/#website\",\"url\":\"https:\/\/brilune.eu\/lv\/\",\"name\":\"Brilune\",\"description\":\"M\u0113s pied\u0101v\u0101jam unik\u0101lus un nebiju\u0161us dizainus, kas apvieno eleganci, funkcionalit\u0101ti un rado\u0161umu.\",\"potentialAction\":[{\"@type\":\"SearchAction\",\"target\":{\"@type\":\"EntryPoint\",\"urlTemplate\":\"https:\/\/brilune.eu\/lv\/?s={search_term_string}\"},\"query-input\":{\"@type\":\"PropertyValueSpecification\",\"valueRequired\":true,\"valueName\":\"search_term_string\"}}],\"inLanguage\":\"lv-LV\"}]}<\/script>\n<!-- \/ Yoast SEO plugin. -->","yoast_head_json":{"title":"Gulta ar uzglab\u0101\u0161anas atvilktn\u0113m un pak\u0101pieniem","description":"\u0160\u012b gulta ir ide\u0101ls funkcion\u0101la dizaina iemiesojums. Ieb\u016bv\u0113tie pak\u0101pieni atvieglo uzk\u0101p\u0161anu uz gultas, vienlaikus pie\u0161\u0137irot ori\u0123inalit\u0101ti. Pla\u0161s dra...","robots":{"index":"index","follow":"follow","max-snippet":"max-snippet:-1","max-image-preview":"max-image-preview:large","max-video-preview":"max-video-preview:-1"},"canonical":"https:\/\/brilune.eu\/lv\/product\/gulta-ar-uzglabasanas-atvilktnem-un-pakapieniem\/","og_locale":"lv_LV","og_type":"article","og_title":"Gulta ar uzglab\u0101\u0161anas atvilktn\u0113m un pak\u0101pieniem","og_description":"\u0160\u012b gulta ir ide\u0101ls funkcion\u0101la dizaina iemiesojums. Ieb\u016bv\u0113tie pak\u0101pieni atvieglo uzk\u0101p\u0161anu uz gultas, vienlaikus pie\u0161\u0137irot ori\u0123inalit\u0101ti. Pla\u0161s dra...","og_url":"https:\/\/brilune.eu\/lv\/product\/gulta-ar-uzglabasanas-atvilktnem-un-pakapieniem\/","og_site_name":"Brilune","article_modified_time":"2025-02-18T21:35:52+00:00","og_image":[{"width":800,"height":800,"url":"https:\/\/brilune.eu\/wp-content\/uploads\/2025\/01\/O1CN01h4V3v91fgzry2VTQN_2217780964037-0-cib.jpg","type":"image\/jpeg"}],"twitter_card":"summary_large_image","schema":{"@context":"https:\/\/schema.org","@graph":[{"@type":"WebPage","@id":"https:\/\/brilune.eu\/lv\/product\/gulta-ar-uzglabasanas-atvilktnem-un-pakapieniem\/","url":"https:\/\/brilune.eu\/lv\/product\/gulta-ar-uzglabasanas-atvilktnem-un-pakapieniem\/","name":"Gulta ar uzglab\u0101\u0161anas atvilktn\u0113m un pak\u0101pieniem","isPartOf":{"@id":"https:\/\/brilune.eu\/lv\/#website"},"primaryImageOfPage":{"@id":"https:\/\/brilune.eu\/lv\/product\/gulta-ar-uzglabasanas-atvilktnem-un-pakapieniem\/#primaryimage"},"image":{"@id":"https:\/\/brilune.eu\/lv\/product\/gulta-ar-uzglabasanas-atvilktnem-un-pakapieniem\/#primaryimage"},"thumbnailUrl":"https:\/\/brilune.eu\/wp-content\/uploads\/2025\/01\/O1CN01h4V3v91fgzry2VTQN_2217780964037-0-cib.jpg","datePublished":"2025-02-18T21:20:12+00:00","dateModified":"2025-02-18T21:35:52+00:00","description":"\u0160\u012b gulta ir ide\u0101ls funkcion\u0101la dizaina iemiesojums. Ieb\u016bv\u0113tie pak\u0101pieni atvieglo uzk\u0101p\u0161anu uz gultas, vienlaikus pie\u0161\u0137irot ori\u0123inalit\u0101ti. Pla\u0161s dra...","breadcrumb":{"@id":"https:\/\/brilune.eu\/lv\/product\/gulta-ar-uzglabasanas-atvilktnem-un-pakapieniem\/#breadcrumb"},"inLanguage":"lv-LV","potentialAction":[{"@type":"ReadAction","target":["https:\/\/brilune.eu\/lv\/product\/gulta-ar-uzglabasanas-atvilktnem-un-pakapieniem\/"]}]},{"@type":"ImageObject","inLanguage":"lv-LV","@id":"https:\/\/brilune.eu\/lv\/product\/gulta-ar-uzglabasanas-atvilktnem-un-pakapieniem\/#primaryimage","url":"https:\/\/brilune.eu\/wp-content\/uploads\/2025\/01\/O1CN01h4V3v91fgzry2VTQN_2217780964037-0-cib.jpg","contentUrl":"https:\/\/brilune.eu\/wp-content\/uploads\/2025\/01\/O1CN01h4V3v91fgzry2VTQN_2217780964037-0-cib.jpg","width":800,"height":800},{"@type":"BreadcrumbList","@id":"https:\/\/brilune.eu\/lv\/product\/gulta-ar-uzglabasanas-atvilktnem-un-pakapieniem\/#breadcrumb","itemListElement":[{"@type":"ListItem","position":1,"name":"S\u0101kums","item":"https:\/\/brilune.eu\/lv\/brilune-mebeles\/"},{"@type":"ListItem","position":2,"name":"Visi produkti","item":"https:\/\/brilune.eu\/lv\/shop\/"},{"@type":"ListItem","position":3,"name":"Gulta ar uzglab\u0101\u0161anas atvilktn\u0113m un pak\u0101pieniem"}]},{"@type":"WebSite","@id":"https:\/\/brilune.eu\/lv\/#website","url":"https:\/\/brilune.eu\/lv\/","name":"Brilune","description":"M\u0113s pied\u0101v\u0101jam unik\u0101lus un nebiju\u0161us dizainus, kas apvieno eleganci, funkcionalit\u0101ti un rado\u0161umu.","potentialAction":[{"@type":"SearchAction","target":{"@type":"EntryPoint","urlTemplate":"https:\/\/brilune.eu\/lv\/?s={search_term_string}"},"query-input":{"@type":"PropertyValueSpecification","valueRequired":true,"valueName":"search_term_string"}}],"inLanguage":"lv-LV"}]}},"jetpack_sharing_enabled":true,"_links":{"self":[{"href":"https:\/\/brilune.eu\/lv\/wp-json\/wp\/v2\/product\/32322","targetHints":{"allow":["GET"]}}],"collection":[{"href":"https:\/\/brilune.eu\/lv\/wp-json\/wp\/v2\/product"}],"about":[{"href":"https:\/\/brilune.eu\/lv\/wp-json\/wp\/v2\/types\/product"}],"replies":[{"embeddable":true,"href":"https:\/\/brilune.eu\/lv\/wp-json\/wp\/v2\/comments?post=32322"}],"version-history":[{"count":1,"href":"https:\/\/brilune.eu\/lv\/wp-json\/wp\/v2\/product\/32322\/revisions"}],"predecessor-version":[{"id":32342,"href":"https:\/\/brilune.eu\/lv\/wp-json\/wp\/v2\/product\/32322\/revisions\/32342"}],"wp:featuredmedia":[{"embeddable":true,"href":"https:\/\/brilune.eu\/lv\/wp-json\/wp\/v2\/media\/15690"}],"wp:attachment":[{"href":"https:\/\/brilune.eu\/lv\/wp-json\/wp\/v2\/media?parent=32322"}],"wp:term":[{"taxonomy":"product_brand","embeddable":true,"href":"https:\/\/brilune.eu\/lv\/wp-json\/wp\/v2\/product_brand?post=32322"},{"taxonomy":"product_cat","embeddable":true,"href":"https:\/\/brilune.eu\/lv\/wp-json\/wp\/v2\/product_cat?post=32322"},{"taxonomy":"product_tag","embeddable":true,"href":"https:\/\/brilune.eu\/lv\/wp-json\/wp\/v2\/product_tag?post=32322"}],"curies":[{"name":"wp","href":"https:\/\/api.w.org\/{rel}","templated":true}]}}