{"id":32265,"date":"2025-02-18T23:18:33","date_gmt":"2025-02-18T21:18:33","guid":{"rendered":"https:\/\/brilune.eu\/?post_type=product&#038;p=32265"},"modified":"2025-02-18T23:35:33","modified_gmt":"2025-02-18T21:35:33","slug":"kvadratveida-koka-sanu-galds","status":"publish","type":"product","link":"https:\/\/brilune.eu\/lv\/product\/kvadratveida-koka-sanu-galds\/","title":{"rendered":"Kvadr\u0101tveida koka s\u0101nu galds"},"content":{"rendered":"<p>Neparastam kafijas galdi\u0146am ar izvelkamiem elementiem, izgatavots no koka, unik\u0101ls m\u016bsdien\u012bgs dizains. Galda aug\u0161\u0113j\u0101s da\u013cas atveras, atkl\u0101jot sl\u0113ptos uzglab\u0101\u0161anas nodal\u012bjumus, t\u0101d\u0113j\u0101di nodro\u0161inot maksim\u0101lu telpas efektivit\u0101ti. Tum\u0161ais rievotais elements pie\u0161\u0137ir stil\u012bgu akcentu un kalpo k\u0101 papildu funkcion\u0101la virsma. \u0160is galds apvieno praktiskumu un est\u0113tisku izskatu, padarot to lieliski piem\u0113rotu modernam interjeram.<br \/>\nIzm\u0113rs: 100\u00d7100\u00d731 cm<br \/>\nMateri\u0101ls: Koks, MDF<\/p>\n","protected":false},"excerpt":{"rendered":"<p>Neparastam kafijas galdi\u0146am ar izvelkamiem elementiem, izgatavots no koka, unik\u0101ls m\u016bsdien\u012bgs dizains. Galda aug\u0161\u0113j\u0101s sada\u013cas atveras, atkl\u0101jot sl\u0113pt\u0101s kr\u0101tuves&#8230;<\/p>\n","protected":false},"featured_media":15618,"comment_status":"open","ping_status":"closed","template":"","meta":[],"product_brand":[],"product_cat":[1627,4719],"product_tag":[],"class_list":{"0":"post-32265","1":"product","2":"type-product","3":"status-publish","4":"has-post-thumbnail","6":"product_cat-kafijas-galdini","7":"product_cat-kafijas-galdini-galdi-2-5","9":"first","10":"instock","11":"shipping-taxable","12":"purchasable","13":"product-type-variable"},"yoast_head":"<!-- This site is optimized with the Yoast SEO plugin v26.0 - https:\/\/yoast.com\/wordpress\/plugins\/seo\/ -->\n<title>Kvadr\u0101tveida koka s\u0101nu galds<\/title>\n<meta name=\"description\" content=\"Neparastam kafijas galdi\u0146am ar izvelkamiem elementiem, izgatavots no koka, unik\u0101ls m\u016bsdien\u012bgs dizains. Galda aug\u0161\u0113j\u0101s sada\u013cas atveras, atkl\u0101jot sl\u0113pt\u0101s kr\u0101tuves...\" \/>\n<meta name=\"robots\" content=\"index, follow, max-snippet:-1, max-image-preview:large, max-video-preview:-1\" \/>\n<link rel=\"canonical\" href=\"https:\/\/brilune.eu\/lv\/product\/kvadratveida-koka-sanu-galds\/\" \/>\n<meta property=\"og:locale\" content=\"lv_LV\" \/>\n<meta property=\"og:type\" content=\"article\" \/>\n<meta property=\"og:title\" content=\"Kvadr\u0101tveida koka s\u0101nu galds\" \/>\n<meta property=\"og:description\" content=\"Neparastam kafijas galdi\u0146am ar izvelkamiem elementiem, izgatavots no koka, unik\u0101ls m\u016bsdien\u012bgs dizains. Galda aug\u0161\u0113j\u0101s sada\u013cas atveras, atkl\u0101jot sl\u0113pt\u0101s kr\u0101tuves...\" \/>\n<meta property=\"og:url\" content=\"https:\/\/brilune.eu\/lv\/product\/kvadratveida-koka-sanu-galds\/\" \/>\n<meta property=\"og:site_name\" content=\"Brilune\" \/>\n<meta property=\"article:modified_time\" content=\"2025-02-18T21:35:33+00:00\" \/>\n<meta property=\"og:image\" content=\"https:\/\/brilune.eu\/wp-content\/uploads\/2025\/01\/1200x1200-51.jpg\" \/>\n\t<meta property=\"og:image:width\" content=\"800\" \/>\n\t<meta property=\"og:image:height\" content=\"800\" \/>\n\t<meta property=\"og:image:type\" content=\"image\/jpeg\" \/>\n<meta name=\"twitter:card\" content=\"summary_large_image\" \/>\n<script type=\"application\/ld+json\" class=\"yoast-schema-graph\">{\"@context\":\"https:\/\/schema.org\",\"@graph\":[{\"@type\":\"WebPage\",\"@id\":\"https:\/\/brilune.eu\/lv\/product\/kvadratveida-koka-sanu-galds\/\",\"url\":\"https:\/\/brilune.eu\/lv\/product\/kvadratveida-koka-sanu-galds\/\",\"name\":\"Kvadr\u0101tveida koka s\u0101nu galds\",\"isPartOf\":{\"@id\":\"https:\/\/brilune.eu\/lv\/#website\"},\"primaryImageOfPage\":{\"@id\":\"https:\/\/brilune.eu\/lv\/product\/kvadratveida-koka-sanu-galds\/#primaryimage\"},\"image\":{\"@id\":\"https:\/\/brilune.eu\/lv\/product\/kvadratveida-koka-sanu-galds\/#primaryimage\"},\"thumbnailUrl\":\"https:\/\/brilune.eu\/wp-content\/uploads\/2025\/01\/1200x1200-51.jpg\",\"datePublished\":\"2025-02-18T21:18:33+00:00\",\"dateModified\":\"2025-02-18T21:35:33+00:00\",\"description\":\"Neparastam kafijas galdi\u0146am ar izvelkamiem elementiem, izgatavots no koka, unik\u0101ls m\u016bsdien\u012bgs dizains. Galda aug\u0161\u0113j\u0101s sada\u013cas atveras, atkl\u0101jot sl\u0113pt\u0101s kr\u0101tuves...\",\"breadcrumb\":{\"@id\":\"https:\/\/brilune.eu\/lv\/product\/kvadratveida-koka-sanu-galds\/#breadcrumb\"},\"inLanguage\":\"lv-LV\",\"potentialAction\":[{\"@type\":\"ReadAction\",\"target\":[\"https:\/\/brilune.eu\/lv\/product\/kvadratveida-koka-sanu-galds\/\"]}]},{\"@type\":\"ImageObject\",\"inLanguage\":\"lv-LV\",\"@id\":\"https:\/\/brilune.eu\/lv\/product\/kvadratveida-koka-sanu-galds\/#primaryimage\",\"url\":\"https:\/\/brilune.eu\/wp-content\/uploads\/2025\/01\/1200x1200-51.jpg\",\"contentUrl\":\"https:\/\/brilune.eu\/wp-content\/uploads\/2025\/01\/1200x1200-51.jpg\",\"width\":800,\"height\":800},{\"@type\":\"BreadcrumbList\",\"@id\":\"https:\/\/brilune.eu\/lv\/product\/kvadratveida-koka-sanu-galds\/#breadcrumb\",\"itemListElement\":[{\"@type\":\"ListItem\",\"position\":1,\"name\":\"S\u0101kums\",\"item\":\"https:\/\/brilune.eu\/lv\/brilune-mebeles\/\"},{\"@type\":\"ListItem\",\"position\":2,\"name\":\"Visi produkti\",\"item\":\"https:\/\/brilune.eu\/lv\/shop\/\"},{\"@type\":\"ListItem\",\"position\":3,\"name\":\"Kvadr\u0101tveida koka s\u0101nu galds\"}]},{\"@type\":\"WebSite\",\"@id\":\"https:\/\/brilune.eu\/lv\/#website\",\"url\":\"https:\/\/brilune.eu\/lv\/\",\"name\":\"Brilune\",\"description\":\"M\u0113s pied\u0101v\u0101jam unik\u0101lus un nebiju\u0161us dizainus, kas apvieno eleganci, funkcionalit\u0101ti un rado\u0161umu.\",\"potentialAction\":[{\"@type\":\"SearchAction\",\"target\":{\"@type\":\"EntryPoint\",\"urlTemplate\":\"https:\/\/brilune.eu\/lv\/?s={search_term_string}\"},\"query-input\":{\"@type\":\"PropertyValueSpecification\",\"valueRequired\":true,\"valueName\":\"search_term_string\"}}],\"inLanguage\":\"lv-LV\"}]}<\/script>\n<!-- \/ Yoast SEO plugin. -->","yoast_head_json":{"title":"Kvadr\u0101tveida koka s\u0101nu galds","description":"Neparastam kafijas galdi\u0146am ar izvelkamiem elementiem, izgatavots no koka, unik\u0101ls m\u016bsdien\u012bgs dizains. Galda aug\u0161\u0113j\u0101s sada\u013cas atveras, atkl\u0101jot sl\u0113pt\u0101s kr\u0101tuves...","robots":{"index":"index","follow":"follow","max-snippet":"max-snippet:-1","max-image-preview":"max-image-preview:large","max-video-preview":"max-video-preview:-1"},"canonical":"https:\/\/brilune.eu\/lv\/product\/kvadratveida-koka-sanu-galds\/","og_locale":"lv_LV","og_type":"article","og_title":"Kvadr\u0101tveida koka s\u0101nu galds","og_description":"Neparastam kafijas galdi\u0146am ar izvelkamiem elementiem, izgatavots no koka, unik\u0101ls m\u016bsdien\u012bgs dizains. Galda aug\u0161\u0113j\u0101s sada\u013cas atveras, atkl\u0101jot sl\u0113pt\u0101s kr\u0101tuves...","og_url":"https:\/\/brilune.eu\/lv\/product\/kvadratveida-koka-sanu-galds\/","og_site_name":"Brilune","article_modified_time":"2025-02-18T21:35:33+00:00","og_image":[{"width":800,"height":800,"url":"https:\/\/brilune.eu\/wp-content\/uploads\/2025\/01\/1200x1200-51.jpg","type":"image\/jpeg"}],"twitter_card":"summary_large_image","schema":{"@context":"https:\/\/schema.org","@graph":[{"@type":"WebPage","@id":"https:\/\/brilune.eu\/lv\/product\/kvadratveida-koka-sanu-galds\/","url":"https:\/\/brilune.eu\/lv\/product\/kvadratveida-koka-sanu-galds\/","name":"Kvadr\u0101tveida koka s\u0101nu galds","isPartOf":{"@id":"https:\/\/brilune.eu\/lv\/#website"},"primaryImageOfPage":{"@id":"https:\/\/brilune.eu\/lv\/product\/kvadratveida-koka-sanu-galds\/#primaryimage"},"image":{"@id":"https:\/\/brilune.eu\/lv\/product\/kvadratveida-koka-sanu-galds\/#primaryimage"},"thumbnailUrl":"https:\/\/brilune.eu\/wp-content\/uploads\/2025\/01\/1200x1200-51.jpg","datePublished":"2025-02-18T21:18:33+00:00","dateModified":"2025-02-18T21:35:33+00:00","description":"Neparastam kafijas galdi\u0146am ar izvelkamiem elementiem, izgatavots no koka, unik\u0101ls m\u016bsdien\u012bgs dizains. Galda aug\u0161\u0113j\u0101s sada\u013cas atveras, atkl\u0101jot sl\u0113pt\u0101s kr\u0101tuves...","breadcrumb":{"@id":"https:\/\/brilune.eu\/lv\/product\/kvadratveida-koka-sanu-galds\/#breadcrumb"},"inLanguage":"lv-LV","potentialAction":[{"@type":"ReadAction","target":["https:\/\/brilune.eu\/lv\/product\/kvadratveida-koka-sanu-galds\/"]}]},{"@type":"ImageObject","inLanguage":"lv-LV","@id":"https:\/\/brilune.eu\/lv\/product\/kvadratveida-koka-sanu-galds\/#primaryimage","url":"https:\/\/brilune.eu\/wp-content\/uploads\/2025\/01\/1200x1200-51.jpg","contentUrl":"https:\/\/brilune.eu\/wp-content\/uploads\/2025\/01\/1200x1200-51.jpg","width":800,"height":800},{"@type":"BreadcrumbList","@id":"https:\/\/brilune.eu\/lv\/product\/kvadratveida-koka-sanu-galds\/#breadcrumb","itemListElement":[{"@type":"ListItem","position":1,"name":"S\u0101kums","item":"https:\/\/brilune.eu\/lv\/brilune-mebeles\/"},{"@type":"ListItem","position":2,"name":"Visi produkti","item":"https:\/\/brilune.eu\/lv\/shop\/"},{"@type":"ListItem","position":3,"name":"Kvadr\u0101tveida koka s\u0101nu galds"}]},{"@type":"WebSite","@id":"https:\/\/brilune.eu\/lv\/#website","url":"https:\/\/brilune.eu\/lv\/","name":"Brilune","description":"M\u0113s pied\u0101v\u0101jam unik\u0101lus un nebiju\u0161us dizainus, kas apvieno eleganci, funkcionalit\u0101ti un rado\u0161umu.","potentialAction":[{"@type":"SearchAction","target":{"@type":"EntryPoint","urlTemplate":"https:\/\/brilune.eu\/lv\/?s={search_term_string}"},"query-input":{"@type":"PropertyValueSpecification","valueRequired":true,"valueName":"search_term_string"}}],"inLanguage":"lv-LV"}]}},"jetpack_sharing_enabled":true,"_links":{"self":[{"href":"https:\/\/brilune.eu\/lv\/wp-json\/wp\/v2\/product\/32265","targetHints":{"allow":["GET"]}}],"collection":[{"href":"https:\/\/brilune.eu\/lv\/wp-json\/wp\/v2\/product"}],"about":[{"href":"https:\/\/brilune.eu\/lv\/wp-json\/wp\/v2\/types\/product"}],"replies":[{"embeddable":true,"href":"https:\/\/brilune.eu\/lv\/wp-json\/wp\/v2\/comments?post=32265"}],"version-history":[{"count":1,"href":"https:\/\/brilune.eu\/lv\/wp-json\/wp\/v2\/product\/32265\/revisions"}],"predecessor-version":[{"id":32296,"href":"https:\/\/brilune.eu\/lv\/wp-json\/wp\/v2\/product\/32265\/revisions\/32296"}],"wp:featuredmedia":[{"embeddable":true,"href":"https:\/\/brilune.eu\/lv\/wp-json\/wp\/v2\/media\/15618"}],"wp:attachment":[{"href":"https:\/\/brilune.eu\/lv\/wp-json\/wp\/v2\/media?parent=32265"}],"wp:term":[{"taxonomy":"product_brand","embeddable":true,"href":"https:\/\/brilune.eu\/lv\/wp-json\/wp\/v2\/product_brand?post=32265"},{"taxonomy":"product_cat","embeddable":true,"href":"https:\/\/brilune.eu\/lv\/wp-json\/wp\/v2\/product_cat?post=32265"},{"taxonomy":"product_tag","embeddable":true,"href":"https:\/\/brilune.eu\/lv\/wp-json\/wp\/v2\/product_tag?post=32265"}],"curies":[{"name":"wp","href":"https:\/\/api.w.org\/{rel}","templated":true}]}}