{"id":32190,"date":"2025-02-18T23:16:31","date_gmt":"2025-02-18T21:16:31","guid":{"rendered":"https:\/\/brilune.eu\/?post_type=product&#038;p=32190"},"modified":"2025-02-18T23:35:22","modified_gmt":"2025-02-18T21:35:22","slug":"ikdienas-divans-dzivojama-istaba","status":"publish","type":"product","link":"https:\/\/brilune.eu\/lv\/product\/ikdienas-divans-dzivojama-istaba\/","title":{"rendered":"Ikdienas d\u012bv\u0101ns dz\u012bvojam\u0101 istaba"},"content":{"rendered":"<p>\u0160is modernais baltais d\u012bv\u0101ns b\u016bs stil\u012bgs j\u016bsu dz\u012bves telpas papildin\u0101jums. \u012ast\u0101s \u0101das apdare pie\u0161\u0137ir tai elegantu izskatu un nodro\u0161ina iztur\u012bbu. \u0112rtie roku balsti ar padzi\u013cin\u0101tu dizainu papildina komfortu, un atmi\u0146as putu pild\u012bjums nodro\u0161ina lielisku atbalstu. D\u012bv\u0101ns ir piem\u0113rots l\u012bdz diviem cilv\u0113kiem un ir lieliski piem\u0113rots m\u0101j\u012bgai atp\u016btai viesistab\u0101. D\u012bv\u0101ns ir pieejams da\u017e\u0101d\u0101s kr\u0101s\u0101s. L\u016bdzu, sazinieties ar m\u016bsu klientu atbalsta komandu, un m\u0113s ar prieku pal\u012bdz\u0113sim izdar\u012bt izv\u0113li.<\/p>\n<p>Materi\u0101ls: dab\u012bg\u0101 \u0101da, priede.<br \/>\nIzm\u0113rs: 190\u00d7107\u00d793 cm.<\/p>\n","protected":false},"excerpt":{"rendered":"<p>\u0160is modernais baltais d\u012bv\u0101ns b\u016bs stil\u012bgs j\u016bsu dz\u012bves telpas papildin\u0101jums. \u012ast\u0101s \u0101das apdare pie\u0161\u0137ir tai elegantu izskatu un nodro\u0161ina iztur\u012bbu. Komforta&#8230;<\/p>\n","protected":false},"featured_media":15522,"comment_status":"open","ping_status":"closed","template":"","meta":[],"product_brand":[],"product_cat":[143,4717],"product_tag":[],"class_list":{"0":"post-32190","1":"product","2":"type-product","3":"status-publish","4":"has-post-thumbnail","6":"product_cat-sofas-lv","7":"product_cat-divani-5","9":"first","10":"instock","11":"shipping-taxable","12":"purchasable","13":"product-type-variable"},"yoast_head":"<!-- This site is optimized with the Yoast SEO plugin v26.0 - https:\/\/yoast.com\/wordpress\/plugins\/seo\/ -->\n<title>Ikdienas d\u012bv\u0101ns dz\u012bvojam\u0101 istaba<\/title>\n<meta name=\"description\" content=\"\u0160is modernais baltais d\u012bv\u0101ns b\u016bs stil\u012bgs j\u016bsu dz\u012bves telpas papildin\u0101jums. \u012ast\u0101s \u0101das apdare pie\u0161\u0137ir tai elegantu izskatu un nodro\u0161ina iztur\u012bbu. Komforta...\" \/>\n<meta name=\"robots\" content=\"index, follow, max-snippet:-1, max-image-preview:large, max-video-preview:-1\" \/>\n<link rel=\"canonical\" href=\"https:\/\/brilune.eu\/lv\/product\/ikdienas-divans-dzivojama-istaba\/\" \/>\n<meta property=\"og:locale\" content=\"lv_LV\" \/>\n<meta property=\"og:type\" content=\"article\" \/>\n<meta property=\"og:title\" content=\"Ikdienas d\u012bv\u0101ns dz\u012bvojam\u0101 istaba\" \/>\n<meta property=\"og:description\" content=\"\u0160is modernais baltais d\u012bv\u0101ns b\u016bs stil\u012bgs j\u016bsu dz\u012bves telpas papildin\u0101jums. \u012ast\u0101s \u0101das apdare pie\u0161\u0137ir tai elegantu izskatu un nodro\u0161ina iztur\u012bbu. Komforta...\" \/>\n<meta property=\"og:url\" content=\"https:\/\/brilune.eu\/lv\/product\/ikdienas-divans-dzivojama-istaba\/\" \/>\n<meta property=\"og:site_name\" content=\"Brilune\" \/>\n<meta property=\"article:modified_time\" content=\"2025-02-18T21:35:22+00:00\" \/>\n<meta property=\"og:image\" content=\"https:\/\/brilune.eu\/wp-content\/uploads\/2025\/01\/1200x1200-26.jpg\" \/>\n\t<meta property=\"og:image:width\" content=\"800\" \/>\n\t<meta property=\"og:image:height\" content=\"800\" \/>\n\t<meta property=\"og:image:type\" content=\"image\/jpeg\" \/>\n<meta name=\"twitter:card\" content=\"summary_large_image\" \/>\n<meta name=\"twitter:label1\" content=\"Est. reading time\" \/>\n\t<meta name=\"twitter:data1\" content=\"1 minute\" \/>\n<script type=\"application\/ld+json\" class=\"yoast-schema-graph\">{\"@context\":\"https:\/\/schema.org\",\"@graph\":[{\"@type\":\"WebPage\",\"@id\":\"https:\/\/brilune.eu\/lv\/product\/ikdienas-divans-dzivojama-istaba\/\",\"url\":\"https:\/\/brilune.eu\/lv\/product\/ikdienas-divans-dzivojama-istaba\/\",\"name\":\"Ikdienas d\u012bv\u0101ns dz\u012bvojam\u0101 istaba\",\"isPartOf\":{\"@id\":\"https:\/\/brilune.eu\/lv\/#website\"},\"primaryImageOfPage\":{\"@id\":\"https:\/\/brilune.eu\/lv\/product\/ikdienas-divans-dzivojama-istaba\/#primaryimage\"},\"image\":{\"@id\":\"https:\/\/brilune.eu\/lv\/product\/ikdienas-divans-dzivojama-istaba\/#primaryimage\"},\"thumbnailUrl\":\"https:\/\/brilune.eu\/wp-content\/uploads\/2025\/01\/1200x1200-26.jpg\",\"datePublished\":\"2025-02-18T21:16:31+00:00\",\"dateModified\":\"2025-02-18T21:35:22+00:00\",\"description\":\"\u0160is modernais baltais d\u012bv\u0101ns b\u016bs stil\u012bgs j\u016bsu dz\u012bves telpas papildin\u0101jums. \u012ast\u0101s \u0101das apdare pie\u0161\u0137ir tai elegantu izskatu un nodro\u0161ina iztur\u012bbu. Komforta...\",\"breadcrumb\":{\"@id\":\"https:\/\/brilune.eu\/lv\/product\/ikdienas-divans-dzivojama-istaba\/#breadcrumb\"},\"inLanguage\":\"lv-LV\",\"potentialAction\":[{\"@type\":\"ReadAction\",\"target\":[\"https:\/\/brilune.eu\/lv\/product\/ikdienas-divans-dzivojama-istaba\/\"]}]},{\"@type\":\"ImageObject\",\"inLanguage\":\"lv-LV\",\"@id\":\"https:\/\/brilune.eu\/lv\/product\/ikdienas-divans-dzivojama-istaba\/#primaryimage\",\"url\":\"https:\/\/brilune.eu\/wp-content\/uploads\/2025\/01\/1200x1200-26.jpg\",\"contentUrl\":\"https:\/\/brilune.eu\/wp-content\/uploads\/2025\/01\/1200x1200-26.jpg\",\"width\":800,\"height\":800},{\"@type\":\"BreadcrumbList\",\"@id\":\"https:\/\/brilune.eu\/lv\/product\/ikdienas-divans-dzivojama-istaba\/#breadcrumb\",\"itemListElement\":[{\"@type\":\"ListItem\",\"position\":1,\"name\":\"S\u0101kums\",\"item\":\"https:\/\/brilune.eu\/lv\/brilune-mebeles\/\"},{\"@type\":\"ListItem\",\"position\":2,\"name\":\"Visi produkti\",\"item\":\"https:\/\/brilune.eu\/lv\/shop\/\"},{\"@type\":\"ListItem\",\"position\":3,\"name\":\"Ikdienas d\u012bv\u0101ns dz\u012bvojam\u0101 istaba\"}]},{\"@type\":\"WebSite\",\"@id\":\"https:\/\/brilune.eu\/lv\/#website\",\"url\":\"https:\/\/brilune.eu\/lv\/\",\"name\":\"Brilune\",\"description\":\"M\u0113s pied\u0101v\u0101jam unik\u0101lus un nebiju\u0161us dizainus, kas apvieno eleganci, funkcionalit\u0101ti un rado\u0161umu.\",\"potentialAction\":[{\"@type\":\"SearchAction\",\"target\":{\"@type\":\"EntryPoint\",\"urlTemplate\":\"https:\/\/brilune.eu\/lv\/?s={search_term_string}\"},\"query-input\":{\"@type\":\"PropertyValueSpecification\",\"valueRequired\":true,\"valueName\":\"search_term_string\"}}],\"inLanguage\":\"lv-LV\"}]}<\/script>\n<!-- \/ Yoast SEO plugin. -->","yoast_head_json":{"title":"Ikdienas d\u012bv\u0101ns dz\u012bvojam\u0101 istaba","description":"\u0160is modernais baltais d\u012bv\u0101ns b\u016bs stil\u012bgs j\u016bsu dz\u012bves telpas papildin\u0101jums. \u012ast\u0101s \u0101das apdare pie\u0161\u0137ir tai elegantu izskatu un nodro\u0161ina iztur\u012bbu. Komforta...","robots":{"index":"index","follow":"follow","max-snippet":"max-snippet:-1","max-image-preview":"max-image-preview:large","max-video-preview":"max-video-preview:-1"},"canonical":"https:\/\/brilune.eu\/lv\/product\/ikdienas-divans-dzivojama-istaba\/","og_locale":"lv_LV","og_type":"article","og_title":"Ikdienas d\u012bv\u0101ns dz\u012bvojam\u0101 istaba","og_description":"\u0160is modernais baltais d\u012bv\u0101ns b\u016bs stil\u012bgs j\u016bsu dz\u012bves telpas papildin\u0101jums. \u012ast\u0101s \u0101das apdare pie\u0161\u0137ir tai elegantu izskatu un nodro\u0161ina iztur\u012bbu. Komforta...","og_url":"https:\/\/brilune.eu\/lv\/product\/ikdienas-divans-dzivojama-istaba\/","og_site_name":"Brilune","article_modified_time":"2025-02-18T21:35:22+00:00","og_image":[{"width":800,"height":800,"url":"https:\/\/brilune.eu\/wp-content\/uploads\/2025\/01\/1200x1200-26.jpg","type":"image\/jpeg"}],"twitter_card":"summary_large_image","twitter_misc":{"Est. reading time":"1 minute"},"schema":{"@context":"https:\/\/schema.org","@graph":[{"@type":"WebPage","@id":"https:\/\/brilune.eu\/lv\/product\/ikdienas-divans-dzivojama-istaba\/","url":"https:\/\/brilune.eu\/lv\/product\/ikdienas-divans-dzivojama-istaba\/","name":"Ikdienas d\u012bv\u0101ns dz\u012bvojam\u0101 istaba","isPartOf":{"@id":"https:\/\/brilune.eu\/lv\/#website"},"primaryImageOfPage":{"@id":"https:\/\/brilune.eu\/lv\/product\/ikdienas-divans-dzivojama-istaba\/#primaryimage"},"image":{"@id":"https:\/\/brilune.eu\/lv\/product\/ikdienas-divans-dzivojama-istaba\/#primaryimage"},"thumbnailUrl":"https:\/\/brilune.eu\/wp-content\/uploads\/2025\/01\/1200x1200-26.jpg","datePublished":"2025-02-18T21:16:31+00:00","dateModified":"2025-02-18T21:35:22+00:00","description":"\u0160is modernais baltais d\u012bv\u0101ns b\u016bs stil\u012bgs j\u016bsu dz\u012bves telpas papildin\u0101jums. \u012ast\u0101s \u0101das apdare pie\u0161\u0137ir tai elegantu izskatu un nodro\u0161ina iztur\u012bbu. Komforta...","breadcrumb":{"@id":"https:\/\/brilune.eu\/lv\/product\/ikdienas-divans-dzivojama-istaba\/#breadcrumb"},"inLanguage":"lv-LV","potentialAction":[{"@type":"ReadAction","target":["https:\/\/brilune.eu\/lv\/product\/ikdienas-divans-dzivojama-istaba\/"]}]},{"@type":"ImageObject","inLanguage":"lv-LV","@id":"https:\/\/brilune.eu\/lv\/product\/ikdienas-divans-dzivojama-istaba\/#primaryimage","url":"https:\/\/brilune.eu\/wp-content\/uploads\/2025\/01\/1200x1200-26.jpg","contentUrl":"https:\/\/brilune.eu\/wp-content\/uploads\/2025\/01\/1200x1200-26.jpg","width":800,"height":800},{"@type":"BreadcrumbList","@id":"https:\/\/brilune.eu\/lv\/product\/ikdienas-divans-dzivojama-istaba\/#breadcrumb","itemListElement":[{"@type":"ListItem","position":1,"name":"S\u0101kums","item":"https:\/\/brilune.eu\/lv\/brilune-mebeles\/"},{"@type":"ListItem","position":2,"name":"Visi produkti","item":"https:\/\/brilune.eu\/lv\/shop\/"},{"@type":"ListItem","position":3,"name":"Ikdienas d\u012bv\u0101ns dz\u012bvojam\u0101 istaba"}]},{"@type":"WebSite","@id":"https:\/\/brilune.eu\/lv\/#website","url":"https:\/\/brilune.eu\/lv\/","name":"Brilune","description":"M\u0113s pied\u0101v\u0101jam unik\u0101lus un nebiju\u0161us dizainus, kas apvieno eleganci, funkcionalit\u0101ti un rado\u0161umu.","potentialAction":[{"@type":"SearchAction","target":{"@type":"EntryPoint","urlTemplate":"https:\/\/brilune.eu\/lv\/?s={search_term_string}"},"query-input":{"@type":"PropertyValueSpecification","valueRequired":true,"valueName":"search_term_string"}}],"inLanguage":"lv-LV"}]}},"jetpack_sharing_enabled":true,"_links":{"self":[{"href":"https:\/\/brilune.eu\/lv\/wp-json\/wp\/v2\/product\/32190","targetHints":{"allow":["GET"]}}],"collection":[{"href":"https:\/\/brilune.eu\/lv\/wp-json\/wp\/v2\/product"}],"about":[{"href":"https:\/\/brilune.eu\/lv\/wp-json\/wp\/v2\/types\/product"}],"replies":[{"embeddable":true,"href":"https:\/\/brilune.eu\/lv\/wp-json\/wp\/v2\/comments?post=32190"}],"version-history":[{"count":1,"href":"https:\/\/brilune.eu\/lv\/wp-json\/wp\/v2\/product\/32190\/revisions"}],"predecessor-version":[{"id":32223,"href":"https:\/\/brilune.eu\/lv\/wp-json\/wp\/v2\/product\/32190\/revisions\/32223"}],"wp:featuredmedia":[{"embeddable":true,"href":"https:\/\/brilune.eu\/lv\/wp-json\/wp\/v2\/media\/15522"}],"wp:attachment":[{"href":"https:\/\/brilune.eu\/lv\/wp-json\/wp\/v2\/media?parent=32190"}],"wp:term":[{"taxonomy":"product_brand","embeddable":true,"href":"https:\/\/brilune.eu\/lv\/wp-json\/wp\/v2\/product_brand?post=32190"},{"taxonomy":"product_cat","embeddable":true,"href":"https:\/\/brilune.eu\/lv\/wp-json\/wp\/v2\/product_cat?post=32190"},{"taxonomy":"product_tag","embeddable":true,"href":"https:\/\/brilune.eu\/lv\/wp-json\/wp\/v2\/product_tag?post=32190"}],"curies":[{"name":"wp","href":"https:\/\/api.w.org\/{rel}","templated":true}]}}