{"id":32124,"date":"2025-02-18T23:14:47","date_gmt":"2025-02-18T21:14:47","guid":{"rendered":"https:\/\/brilune.eu\/?post_type=product&#038;p=32124"},"modified":"2025-02-18T23:35:21","modified_gmt":"2025-02-18T21:35:21","slug":"musdienigs-vienkarsa-stila-futona-gulammaiss","status":"publish","type":"product","link":"https:\/\/brilune.eu\/lv\/product\/musdienigs-vienkarsa-stila-futona-gulammaiss\/","title":{"rendered":"M\u016bsdien\u012bgs vienk\u0101r\u0161\u0101 stila futona gu\u013cammaiss"},"content":{"rendered":"<p>\u0160is kompaktais izvelkamais d\u012bv\u0101ns ir paredz\u0113ts vienai personai un viegli p\u0101rv\u0113r\u0161as par gultu. M\u012bkstais \u0161erpu polster\u0113jums pie\u0161\u0137ir m\u0101j\u012bgumu un komfortu, savuk\u0101rt muguras spilvens sniedz papildu atbalstu. D\u012bv\u0101nam ir no\u0146emams matracis, un tas ir iztur\u012bgs pret skr\u0101p\u0113jumiem, padarot to praktisku ikdienas lieto\u0161anai. Komplekt\u0101 viens spilvens.<\/p>\n<p>Materi\u0101ls: \u0160erpa, sudraba k\u0101jas.<br \/>\nIzm\u0113rs saloc\u012bts: 123\u00d798\u00d782 cm.<br \/>\nIzm\u0113rs nesaloc\u012bts: 123\u00d7210\u00d790 cm.<\/p>\n","protected":false},"excerpt":{"rendered":"<p>\u0160is kompaktais izvelkamais d\u012bv\u0101ns ir paredz\u0113ts vienai personai un viegli p\u0101rv\u0113r\u0161as par gultu. M\u012bkstais \u0161erpu polster\u0113jums pie\u0161\u0137ir m\u0101j\u012bgumu un komfortu, savuk\u0101rt aizmugur\u0113&#8230;<\/p>\n","protected":false},"featured_media":15448,"comment_status":"open","ping_status":"closed","template":"","meta":[],"product_brand":[],"product_cat":[1721,4715],"product_tag":[],"class_list":{"0":"post-32124","1":"product","2":"type-product","3":"status-publish","4":"has-post-thumbnail","6":"product_cat-futons-gultas","7":"product_cat-futons-gultas-5","9":"first","10":"instock","11":"shipping-taxable","12":"purchasable","13":"product-type-variable"},"yoast_head":"<!-- This site is optimized with the Yoast SEO plugin v26.0 - https:\/\/yoast.com\/wordpress\/plugins\/seo\/ -->\n<title>M\u016bsdien\u012bgs vienk\u0101r\u0161\u0101 stila futona gu\u013cammaiss<\/title>\n<meta name=\"description\" content=\"\u0160is kompaktais izvelkamais d\u012bv\u0101ns ir paredz\u0113ts vienai personai un viegli p\u0101rv\u0113r\u0161as par gultu. M\u012bkstais \u0161erpu polster\u0113jums pie\u0161\u0137ir m\u0101j\u012bgumu un komfortu, savuk\u0101rt aizmugur\u0113...\" \/>\n<meta name=\"robots\" content=\"index, follow, max-snippet:-1, max-image-preview:large, max-video-preview:-1\" \/>\n<link rel=\"canonical\" href=\"https:\/\/brilune.eu\/lv\/product\/musdienigs-vienkarsa-stila-futona-gulammaiss\/\" \/>\n<meta property=\"og:locale\" content=\"lv_LV\" \/>\n<meta property=\"og:type\" content=\"article\" \/>\n<meta property=\"og:title\" content=\"M\u016bsdien\u012bgs vienk\u0101r\u0161\u0101 stila futona gu\u013cammaiss\" \/>\n<meta property=\"og:description\" content=\"\u0160is kompaktais izvelkamais d\u012bv\u0101ns ir paredz\u0113ts vienai personai un viegli p\u0101rv\u0113r\u0161as par gultu. M\u012bkstais \u0161erpu polster\u0113jums pie\u0161\u0137ir m\u0101j\u012bgumu un komfortu, savuk\u0101rt aizmugur\u0113...\" \/>\n<meta property=\"og:url\" content=\"https:\/\/brilune.eu\/lv\/product\/musdienigs-vienkarsa-stila-futona-gulammaiss\/\" \/>\n<meta property=\"og:site_name\" content=\"Brilune\" \/>\n<meta property=\"article:modified_time\" content=\"2025-02-18T21:35:21+00:00\" \/>\n<meta property=\"og:image\" content=\"https:\/\/brilune.eu\/wp-content\/uploads\/2025\/01\/O1CN01cCNKIJ1Y0g09JCyoq_2216624752997-0-cib.jpg\" \/>\n\t<meta property=\"og:image:width\" content=\"800\" \/>\n\t<meta property=\"og:image:height\" content=\"800\" \/>\n\t<meta property=\"og:image:type\" content=\"image\/jpeg\" \/>\n<meta name=\"twitter:card\" content=\"summary_large_image\" \/>\n<script type=\"application\/ld+json\" class=\"yoast-schema-graph\">{\"@context\":\"https:\/\/schema.org\",\"@graph\":[{\"@type\":\"WebPage\",\"@id\":\"https:\/\/brilune.eu\/lv\/product\/musdienigs-vienkarsa-stila-futona-gulammaiss\/\",\"url\":\"https:\/\/brilune.eu\/lv\/product\/musdienigs-vienkarsa-stila-futona-gulammaiss\/\",\"name\":\"M\u016bsdien\u012bgs vienk\u0101r\u0161\u0101 stila futona gu\u013cammaiss\",\"isPartOf\":{\"@id\":\"https:\/\/brilune.eu\/lv\/#website\"},\"primaryImageOfPage\":{\"@id\":\"https:\/\/brilune.eu\/lv\/product\/musdienigs-vienkarsa-stila-futona-gulammaiss\/#primaryimage\"},\"image\":{\"@id\":\"https:\/\/brilune.eu\/lv\/product\/musdienigs-vienkarsa-stila-futona-gulammaiss\/#primaryimage\"},\"thumbnailUrl\":\"https:\/\/brilune.eu\/wp-content\/uploads\/2025\/01\/O1CN01cCNKIJ1Y0g09JCyoq_2216624752997-0-cib.jpg\",\"datePublished\":\"2025-02-18T21:14:47+00:00\",\"dateModified\":\"2025-02-18T21:35:21+00:00\",\"description\":\"\u0160is kompaktais izvelkamais d\u012bv\u0101ns ir paredz\u0113ts vienai personai un viegli p\u0101rv\u0113r\u0161as par gultu. M\u012bkstais \u0161erpu polster\u0113jums pie\u0161\u0137ir m\u0101j\u012bgumu un komfortu, savuk\u0101rt aizmugur\u0113...\",\"breadcrumb\":{\"@id\":\"https:\/\/brilune.eu\/lv\/product\/musdienigs-vienkarsa-stila-futona-gulammaiss\/#breadcrumb\"},\"inLanguage\":\"lv-LV\",\"potentialAction\":[{\"@type\":\"ReadAction\",\"target\":[\"https:\/\/brilune.eu\/lv\/product\/musdienigs-vienkarsa-stila-futona-gulammaiss\/\"]}]},{\"@type\":\"ImageObject\",\"inLanguage\":\"lv-LV\",\"@id\":\"https:\/\/brilune.eu\/lv\/product\/musdienigs-vienkarsa-stila-futona-gulammaiss\/#primaryimage\",\"url\":\"https:\/\/brilune.eu\/wp-content\/uploads\/2025\/01\/O1CN01cCNKIJ1Y0g09JCyoq_2216624752997-0-cib.jpg\",\"contentUrl\":\"https:\/\/brilune.eu\/wp-content\/uploads\/2025\/01\/O1CN01cCNKIJ1Y0g09JCyoq_2216624752997-0-cib.jpg\",\"width\":800,\"height\":800},{\"@type\":\"BreadcrumbList\",\"@id\":\"https:\/\/brilune.eu\/lv\/product\/musdienigs-vienkarsa-stila-futona-gulammaiss\/#breadcrumb\",\"itemListElement\":[{\"@type\":\"ListItem\",\"position\":1,\"name\":\"S\u0101kums\",\"item\":\"https:\/\/brilune.eu\/lv\/brilune-mebeles\/\"},{\"@type\":\"ListItem\",\"position\":2,\"name\":\"Visi produkti\",\"item\":\"https:\/\/brilune.eu\/lv\/shop\/\"},{\"@type\":\"ListItem\",\"position\":3,\"name\":\"M\u016bsdien\u012bgs vienk\u0101r\u0161\u0101 stila futona gu\u013cammaiss\"}]},{\"@type\":\"WebSite\",\"@id\":\"https:\/\/brilune.eu\/lv\/#website\",\"url\":\"https:\/\/brilune.eu\/lv\/\",\"name\":\"Brilune\",\"description\":\"M\u0113s pied\u0101v\u0101jam unik\u0101lus un nebiju\u0161us dizainus, kas apvieno eleganci, funkcionalit\u0101ti un rado\u0161umu.\",\"potentialAction\":[{\"@type\":\"SearchAction\",\"target\":{\"@type\":\"EntryPoint\",\"urlTemplate\":\"https:\/\/brilune.eu\/lv\/?s={search_term_string}\"},\"query-input\":{\"@type\":\"PropertyValueSpecification\",\"valueRequired\":true,\"valueName\":\"search_term_string\"}}],\"inLanguage\":\"lv-LV\"}]}<\/script>\n<!-- \/ Yoast SEO plugin. -->","yoast_head_json":{"title":"M\u016bsdien\u012bgs vienk\u0101r\u0161\u0101 stila futona gu\u013cammaiss","description":"\u0160is kompaktais izvelkamais d\u012bv\u0101ns ir paredz\u0113ts vienai personai un viegli p\u0101rv\u0113r\u0161as par gultu. M\u012bkstais \u0161erpu polster\u0113jums pie\u0161\u0137ir m\u0101j\u012bgumu un komfortu, savuk\u0101rt aizmugur\u0113...","robots":{"index":"index","follow":"follow","max-snippet":"max-snippet:-1","max-image-preview":"max-image-preview:large","max-video-preview":"max-video-preview:-1"},"canonical":"https:\/\/brilune.eu\/lv\/product\/musdienigs-vienkarsa-stila-futona-gulammaiss\/","og_locale":"lv_LV","og_type":"article","og_title":"M\u016bsdien\u012bgs vienk\u0101r\u0161\u0101 stila futona gu\u013cammaiss","og_description":"\u0160is kompaktais izvelkamais d\u012bv\u0101ns ir paredz\u0113ts vienai personai un viegli p\u0101rv\u0113r\u0161as par gultu. M\u012bkstais \u0161erpu polster\u0113jums pie\u0161\u0137ir m\u0101j\u012bgumu un komfortu, savuk\u0101rt aizmugur\u0113...","og_url":"https:\/\/brilune.eu\/lv\/product\/musdienigs-vienkarsa-stila-futona-gulammaiss\/","og_site_name":"Brilune","article_modified_time":"2025-02-18T21:35:21+00:00","og_image":[{"width":800,"height":800,"url":"https:\/\/brilune.eu\/wp-content\/uploads\/2025\/01\/O1CN01cCNKIJ1Y0g09JCyoq_2216624752997-0-cib.jpg","type":"image\/jpeg"}],"twitter_card":"summary_large_image","schema":{"@context":"https:\/\/schema.org","@graph":[{"@type":"WebPage","@id":"https:\/\/brilune.eu\/lv\/product\/musdienigs-vienkarsa-stila-futona-gulammaiss\/","url":"https:\/\/brilune.eu\/lv\/product\/musdienigs-vienkarsa-stila-futona-gulammaiss\/","name":"M\u016bsdien\u012bgs vienk\u0101r\u0161\u0101 stila futona gu\u013cammaiss","isPartOf":{"@id":"https:\/\/brilune.eu\/lv\/#website"},"primaryImageOfPage":{"@id":"https:\/\/brilune.eu\/lv\/product\/musdienigs-vienkarsa-stila-futona-gulammaiss\/#primaryimage"},"image":{"@id":"https:\/\/brilune.eu\/lv\/product\/musdienigs-vienkarsa-stila-futona-gulammaiss\/#primaryimage"},"thumbnailUrl":"https:\/\/brilune.eu\/wp-content\/uploads\/2025\/01\/O1CN01cCNKIJ1Y0g09JCyoq_2216624752997-0-cib.jpg","datePublished":"2025-02-18T21:14:47+00:00","dateModified":"2025-02-18T21:35:21+00:00","description":"\u0160is kompaktais izvelkamais d\u012bv\u0101ns ir paredz\u0113ts vienai personai un viegli p\u0101rv\u0113r\u0161as par gultu. M\u012bkstais \u0161erpu polster\u0113jums pie\u0161\u0137ir m\u0101j\u012bgumu un komfortu, savuk\u0101rt aizmugur\u0113...","breadcrumb":{"@id":"https:\/\/brilune.eu\/lv\/product\/musdienigs-vienkarsa-stila-futona-gulammaiss\/#breadcrumb"},"inLanguage":"lv-LV","potentialAction":[{"@type":"ReadAction","target":["https:\/\/brilune.eu\/lv\/product\/musdienigs-vienkarsa-stila-futona-gulammaiss\/"]}]},{"@type":"ImageObject","inLanguage":"lv-LV","@id":"https:\/\/brilune.eu\/lv\/product\/musdienigs-vienkarsa-stila-futona-gulammaiss\/#primaryimage","url":"https:\/\/brilune.eu\/wp-content\/uploads\/2025\/01\/O1CN01cCNKIJ1Y0g09JCyoq_2216624752997-0-cib.jpg","contentUrl":"https:\/\/brilune.eu\/wp-content\/uploads\/2025\/01\/O1CN01cCNKIJ1Y0g09JCyoq_2216624752997-0-cib.jpg","width":800,"height":800},{"@type":"BreadcrumbList","@id":"https:\/\/brilune.eu\/lv\/product\/musdienigs-vienkarsa-stila-futona-gulammaiss\/#breadcrumb","itemListElement":[{"@type":"ListItem","position":1,"name":"S\u0101kums","item":"https:\/\/brilune.eu\/lv\/brilune-mebeles\/"},{"@type":"ListItem","position":2,"name":"Visi produkti","item":"https:\/\/brilune.eu\/lv\/shop\/"},{"@type":"ListItem","position":3,"name":"M\u016bsdien\u012bgs vienk\u0101r\u0161\u0101 stila futona gu\u013cammaiss"}]},{"@type":"WebSite","@id":"https:\/\/brilune.eu\/lv\/#website","url":"https:\/\/brilune.eu\/lv\/","name":"Brilune","description":"M\u0113s pied\u0101v\u0101jam unik\u0101lus un nebiju\u0161us dizainus, kas apvieno eleganci, funkcionalit\u0101ti un rado\u0161umu.","potentialAction":[{"@type":"SearchAction","target":{"@type":"EntryPoint","urlTemplate":"https:\/\/brilune.eu\/lv\/?s={search_term_string}"},"query-input":{"@type":"PropertyValueSpecification","valueRequired":true,"valueName":"search_term_string"}}],"inLanguage":"lv-LV"}]}},"jetpack_sharing_enabled":true,"_links":{"self":[{"href":"https:\/\/brilune.eu\/lv\/wp-json\/wp\/v2\/product\/32124","targetHints":{"allow":["GET"]}}],"collection":[{"href":"https:\/\/brilune.eu\/lv\/wp-json\/wp\/v2\/product"}],"about":[{"href":"https:\/\/brilune.eu\/lv\/wp-json\/wp\/v2\/types\/product"}],"replies":[{"embeddable":true,"href":"https:\/\/brilune.eu\/lv\/wp-json\/wp\/v2\/comments?post=32124"}],"version-history":[{"count":1,"href":"https:\/\/brilune.eu\/lv\/wp-json\/wp\/v2\/product\/32124\/revisions"}],"predecessor-version":[{"id":32154,"href":"https:\/\/brilune.eu\/lv\/wp-json\/wp\/v2\/product\/32124\/revisions\/32154"}],"wp:featuredmedia":[{"embeddable":true,"href":"https:\/\/brilune.eu\/lv\/wp-json\/wp\/v2\/media\/15448"}],"wp:attachment":[{"href":"https:\/\/brilune.eu\/lv\/wp-json\/wp\/v2\/media?parent=32124"}],"wp:term":[{"taxonomy":"product_brand","embeddable":true,"href":"https:\/\/brilune.eu\/lv\/wp-json\/wp\/v2\/product_brand?post=32124"},{"taxonomy":"product_cat","embeddable":true,"href":"https:\/\/brilune.eu\/lv\/wp-json\/wp\/v2\/product_cat?post=32124"},{"taxonomy":"product_tag","embeddable":true,"href":"https:\/\/brilune.eu\/lv\/wp-json\/wp\/v2\/product_tag?post=32124"}],"curies":[{"name":"wp","href":"https:\/\/api.w.org\/{rel}","templated":true}]}}