{"id":32103,"date":"2025-02-18T23:04:46","date_gmt":"2025-02-18T21:04:46","guid":{"rendered":"https:\/\/brilune.eu\/?post_type=product&#038;p=32103"},"modified":"2025-02-18T23:11:16","modified_gmt":"2025-02-18T21:11:16","slug":"moderns-futon-gulammaiss-ar-spilvenu-muguru","status":"publish","type":"product","link":"https:\/\/brilune.eu\/lv\/product\/moderns-futon-gulammaiss-ar-spilvenu-muguru\/","title":{"rendered":"Moderns Futon gu\u013cammaiss ar spilvenu muguru"},"content":{"rendered":"<p>\u0160is konvert\u0113jamais d\u012bv\u0101ns apvieno stilu un komfortu. Tas ir lieliski piem\u0113rots diviem cilv\u0113kiem un viegli p\u0101rv\u0113r\u0161as par gultu. M\u016bsdien\u012bgais dizains ar m\u012bkstu linu polster\u0113jumu un muguras spilveniem padara to par \u0113rtu atp\u016btas vietu. D\u012bv\u0101ns ir apr\u012bkots ar roku balstiem ar m\u012bkstaj\u0101m virsm\u0101m un tam nav nepiecie\u0161ams papildu matracis. Saliekamais meh\u0101nisms ir bez pretest\u012bbas, nodro\u0161inot \u0113rtu lieto\u0161anu.<\/p>\n<p>Materi\u0101ls: lina audums, melnas k\u0101jas.<br \/>\nIzm\u0113rs saloc\u012bt\u0101 st\u0101vokl\u012b: 132\u00d788,2\u00d764,5 cm.<br \/>\nIzm\u0113rs atlocot: 120\u00d7200\u00d783 cm.<\/p>\n","protected":false},"excerpt":{"rendered":"<p>\u0160is konvert\u0113jamais d\u012bv\u0101ns apvieno stilu un komfortu. Tas ir lieliski piem\u0113rots diviem cilv\u0113kiem un viegli p\u0101rv\u0113r\u0161as par gultu. M\u016bsdien\u012bgs dizains ar m\u012bkstu linu apdari&#8230;<\/p>\n","protected":false},"featured_media":15420,"comment_status":"open","ping_status":"closed","template":"","meta":[],"product_brand":[],"product_cat":[1721,4697],"product_tag":[],"class_list":{"0":"post-32103","1":"product","2":"type-product","3":"status-publish","4":"has-post-thumbnail","6":"product_cat-futons-gultas","7":"product_cat-futons-gultas-6","9":"first","10":"instock","11":"shipping-taxable","12":"purchasable","13":"product-type-variable"},"yoast_head":"<!-- This site is optimized with the Yoast SEO plugin v26.0 - https:\/\/yoast.com\/wordpress\/plugins\/seo\/ -->\n<title>Moderns Futon gu\u013cammaiss ar spilvenu muguru<\/title>\n<meta name=\"description\" content=\"\u0160is konvert\u0113jamais d\u012bv\u0101ns apvieno stilu un komfortu. Tas ir lieliski piem\u0113rots diviem cilv\u0113kiem un viegli p\u0101rv\u0113r\u0161as par gultu. M\u016bsdien\u012bgs dizains ar m\u012bkstu linu apdari...\" \/>\n<meta name=\"robots\" content=\"index, follow, max-snippet:-1, max-image-preview:large, max-video-preview:-1\" \/>\n<link rel=\"canonical\" href=\"https:\/\/brilune.eu\/lv\/product\/moderns-futon-gulammaiss-ar-spilvenu-muguru\/\" \/>\n<meta property=\"og:locale\" content=\"lv_LV\" \/>\n<meta property=\"og:type\" content=\"article\" \/>\n<meta property=\"og:title\" content=\"Moderns Futon gu\u013cammaiss ar spilvenu muguru\" \/>\n<meta property=\"og:description\" content=\"\u0160is konvert\u0113jamais d\u012bv\u0101ns apvieno stilu un komfortu. Tas ir lieliski piem\u0113rots diviem cilv\u0113kiem un viegli p\u0101rv\u0113r\u0161as par gultu. M\u016bsdien\u012bgs dizains ar m\u012bkstu linu apdari...\" \/>\n<meta property=\"og:url\" content=\"https:\/\/brilune.eu\/lv\/product\/moderns-futon-gulammaiss-ar-spilvenu-muguru\/\" \/>\n<meta property=\"og:site_name\" content=\"Brilune\" \/>\n<meta property=\"article:modified_time\" content=\"2025-02-18T21:11:16+00:00\" \/>\n<meta property=\"og:image\" content=\"https:\/\/brilune.eu\/wp-content\/uploads\/2025\/01\/1200x1200-8.jpg\" \/>\n\t<meta property=\"og:image:width\" content=\"851\" \/>\n\t<meta property=\"og:image:height\" content=\"851\" \/>\n\t<meta property=\"og:image:type\" content=\"image\/jpeg\" \/>\n<meta name=\"twitter:card\" content=\"summary_large_image\" \/>\n<script type=\"application\/ld+json\" class=\"yoast-schema-graph\">{\"@context\":\"https:\/\/schema.org\",\"@graph\":[{\"@type\":\"WebPage\",\"@id\":\"https:\/\/brilune.eu\/lv\/product\/moderns-futon-gulammaiss-ar-spilvenu-muguru\/\",\"url\":\"https:\/\/brilune.eu\/lv\/product\/moderns-futon-gulammaiss-ar-spilvenu-muguru\/\",\"name\":\"Moderns Futon gu\u013cammaiss ar spilvenu muguru\",\"isPartOf\":{\"@id\":\"https:\/\/brilune.eu\/lv\/#website\"},\"primaryImageOfPage\":{\"@id\":\"https:\/\/brilune.eu\/lv\/product\/moderns-futon-gulammaiss-ar-spilvenu-muguru\/#primaryimage\"},\"image\":{\"@id\":\"https:\/\/brilune.eu\/lv\/product\/moderns-futon-gulammaiss-ar-spilvenu-muguru\/#primaryimage\"},\"thumbnailUrl\":\"https:\/\/brilune.eu\/wp-content\/uploads\/2025\/01\/1200x1200-8.jpg\",\"datePublished\":\"2025-02-18T21:04:46+00:00\",\"dateModified\":\"2025-02-18T21:11:16+00:00\",\"description\":\"\u0160is konvert\u0113jamais d\u012bv\u0101ns apvieno stilu un komfortu. Tas ir lieliski piem\u0113rots diviem cilv\u0113kiem un viegli p\u0101rv\u0113r\u0161as par gultu. M\u016bsdien\u012bgs dizains ar m\u012bkstu linu apdari...\",\"breadcrumb\":{\"@id\":\"https:\/\/brilune.eu\/lv\/product\/moderns-futon-gulammaiss-ar-spilvenu-muguru\/#breadcrumb\"},\"inLanguage\":\"lv-LV\",\"potentialAction\":[{\"@type\":\"ReadAction\",\"target\":[\"https:\/\/brilune.eu\/lv\/product\/moderns-futon-gulammaiss-ar-spilvenu-muguru\/\"]}]},{\"@type\":\"ImageObject\",\"inLanguage\":\"lv-LV\",\"@id\":\"https:\/\/brilune.eu\/lv\/product\/moderns-futon-gulammaiss-ar-spilvenu-muguru\/#primaryimage\",\"url\":\"https:\/\/brilune.eu\/wp-content\/uploads\/2025\/01\/1200x1200-8.jpg\",\"contentUrl\":\"https:\/\/brilune.eu\/wp-content\/uploads\/2025\/01\/1200x1200-8.jpg\",\"width\":851,\"height\":851},{\"@type\":\"BreadcrumbList\",\"@id\":\"https:\/\/brilune.eu\/lv\/product\/moderns-futon-gulammaiss-ar-spilvenu-muguru\/#breadcrumb\",\"itemListElement\":[{\"@type\":\"ListItem\",\"position\":1,\"name\":\"S\u0101kums\",\"item\":\"https:\/\/brilune.eu\/lv\/brilune-mebeles\/\"},{\"@type\":\"ListItem\",\"position\":2,\"name\":\"Visi produkti\",\"item\":\"https:\/\/brilune.eu\/lv\/shop\/\"},{\"@type\":\"ListItem\",\"position\":3,\"name\":\"Moderns Futon gu\u013cammaiss ar spilvenu muguru\"}]},{\"@type\":\"WebSite\",\"@id\":\"https:\/\/brilune.eu\/lv\/#website\",\"url\":\"https:\/\/brilune.eu\/lv\/\",\"name\":\"Brilune\",\"description\":\"M\u0113s pied\u0101v\u0101jam unik\u0101lus un nebiju\u0161us dizainus, kas apvieno eleganci, funkcionalit\u0101ti un rado\u0161umu.\",\"potentialAction\":[{\"@type\":\"SearchAction\",\"target\":{\"@type\":\"EntryPoint\",\"urlTemplate\":\"https:\/\/brilune.eu\/lv\/?s={search_term_string}\"},\"query-input\":{\"@type\":\"PropertyValueSpecification\",\"valueRequired\":true,\"valueName\":\"search_term_string\"}}],\"inLanguage\":\"lv-LV\"}]}<\/script>\n<!-- \/ Yoast SEO plugin. -->","yoast_head_json":{"title":"Moderns Futon gu\u013cammaiss ar spilvenu muguru","description":"\u0160is konvert\u0113jamais d\u012bv\u0101ns apvieno stilu un komfortu. Tas ir lieliski piem\u0113rots diviem cilv\u0113kiem un viegli p\u0101rv\u0113r\u0161as par gultu. M\u016bsdien\u012bgs dizains ar m\u012bkstu linu apdari...","robots":{"index":"index","follow":"follow","max-snippet":"max-snippet:-1","max-image-preview":"max-image-preview:large","max-video-preview":"max-video-preview:-1"},"canonical":"https:\/\/brilune.eu\/lv\/product\/moderns-futon-gulammaiss-ar-spilvenu-muguru\/","og_locale":"lv_LV","og_type":"article","og_title":"Moderns Futon gu\u013cammaiss ar spilvenu muguru","og_description":"\u0160is konvert\u0113jamais d\u012bv\u0101ns apvieno stilu un komfortu. Tas ir lieliski piem\u0113rots diviem cilv\u0113kiem un viegli p\u0101rv\u0113r\u0161as par gultu. M\u016bsdien\u012bgs dizains ar m\u012bkstu linu apdari...","og_url":"https:\/\/brilune.eu\/lv\/product\/moderns-futon-gulammaiss-ar-spilvenu-muguru\/","og_site_name":"Brilune","article_modified_time":"2025-02-18T21:11:16+00:00","og_image":[{"width":851,"height":851,"url":"https:\/\/brilune.eu\/wp-content\/uploads\/2025\/01\/1200x1200-8.jpg","type":"image\/jpeg"}],"twitter_card":"summary_large_image","schema":{"@context":"https:\/\/schema.org","@graph":[{"@type":"WebPage","@id":"https:\/\/brilune.eu\/lv\/product\/moderns-futon-gulammaiss-ar-spilvenu-muguru\/","url":"https:\/\/brilune.eu\/lv\/product\/moderns-futon-gulammaiss-ar-spilvenu-muguru\/","name":"Moderns Futon gu\u013cammaiss ar spilvenu muguru","isPartOf":{"@id":"https:\/\/brilune.eu\/lv\/#website"},"primaryImageOfPage":{"@id":"https:\/\/brilune.eu\/lv\/product\/moderns-futon-gulammaiss-ar-spilvenu-muguru\/#primaryimage"},"image":{"@id":"https:\/\/brilune.eu\/lv\/product\/moderns-futon-gulammaiss-ar-spilvenu-muguru\/#primaryimage"},"thumbnailUrl":"https:\/\/brilune.eu\/wp-content\/uploads\/2025\/01\/1200x1200-8.jpg","datePublished":"2025-02-18T21:04:46+00:00","dateModified":"2025-02-18T21:11:16+00:00","description":"\u0160is konvert\u0113jamais d\u012bv\u0101ns apvieno stilu un komfortu. Tas ir lieliski piem\u0113rots diviem cilv\u0113kiem un viegli p\u0101rv\u0113r\u0161as par gultu. M\u016bsdien\u012bgs dizains ar m\u012bkstu linu apdari...","breadcrumb":{"@id":"https:\/\/brilune.eu\/lv\/product\/moderns-futon-gulammaiss-ar-spilvenu-muguru\/#breadcrumb"},"inLanguage":"lv-LV","potentialAction":[{"@type":"ReadAction","target":["https:\/\/brilune.eu\/lv\/product\/moderns-futon-gulammaiss-ar-spilvenu-muguru\/"]}]},{"@type":"ImageObject","inLanguage":"lv-LV","@id":"https:\/\/brilune.eu\/lv\/product\/moderns-futon-gulammaiss-ar-spilvenu-muguru\/#primaryimage","url":"https:\/\/brilune.eu\/wp-content\/uploads\/2025\/01\/1200x1200-8.jpg","contentUrl":"https:\/\/brilune.eu\/wp-content\/uploads\/2025\/01\/1200x1200-8.jpg","width":851,"height":851},{"@type":"BreadcrumbList","@id":"https:\/\/brilune.eu\/lv\/product\/moderns-futon-gulammaiss-ar-spilvenu-muguru\/#breadcrumb","itemListElement":[{"@type":"ListItem","position":1,"name":"S\u0101kums","item":"https:\/\/brilune.eu\/lv\/brilune-mebeles\/"},{"@type":"ListItem","position":2,"name":"Visi produkti","item":"https:\/\/brilune.eu\/lv\/shop\/"},{"@type":"ListItem","position":3,"name":"Moderns Futon gu\u013cammaiss ar spilvenu muguru"}]},{"@type":"WebSite","@id":"https:\/\/brilune.eu\/lv\/#website","url":"https:\/\/brilune.eu\/lv\/","name":"Brilune","description":"M\u0113s pied\u0101v\u0101jam unik\u0101lus un nebiju\u0161us dizainus, kas apvieno eleganci, funkcionalit\u0101ti un rado\u0161umu.","potentialAction":[{"@type":"SearchAction","target":{"@type":"EntryPoint","urlTemplate":"https:\/\/brilune.eu\/lv\/?s={search_term_string}"},"query-input":{"@type":"PropertyValueSpecification","valueRequired":true,"valueName":"search_term_string"}}],"inLanguage":"lv-LV"}]}},"jetpack_sharing_enabled":true,"_links":{"self":[{"href":"https:\/\/brilune.eu\/lv\/wp-json\/wp\/v2\/product\/32103","targetHints":{"allow":["GET"]}}],"collection":[{"href":"https:\/\/brilune.eu\/lv\/wp-json\/wp\/v2\/product"}],"about":[{"href":"https:\/\/brilune.eu\/lv\/wp-json\/wp\/v2\/types\/product"}],"replies":[{"embeddable":true,"href":"https:\/\/brilune.eu\/lv\/wp-json\/wp\/v2\/comments?post=32103"}],"version-history":[{"count":1,"href":"https:\/\/brilune.eu\/lv\/wp-json\/wp\/v2\/product\/32103\/revisions"}],"predecessor-version":[{"id":32118,"href":"https:\/\/brilune.eu\/lv\/wp-json\/wp\/v2\/product\/32103\/revisions\/32118"}],"wp:featuredmedia":[{"embeddable":true,"href":"https:\/\/brilune.eu\/lv\/wp-json\/wp\/v2\/media\/15420"}],"wp:attachment":[{"href":"https:\/\/brilune.eu\/lv\/wp-json\/wp\/v2\/media?parent=32103"}],"wp:term":[{"taxonomy":"product_brand","embeddable":true,"href":"https:\/\/brilune.eu\/lv\/wp-json\/wp\/v2\/product_brand?post=32103"},{"taxonomy":"product_cat","embeddable":true,"href":"https:\/\/brilune.eu\/lv\/wp-json\/wp\/v2\/product_cat?post=32103"},{"taxonomy":"product_tag","embeddable":true,"href":"https:\/\/brilune.eu\/lv\/wp-json\/wp\/v2\/product_tag?post=32103"}],"curies":[{"name":"wp","href":"https:\/\/api.w.org\/{rel}","templated":true}]}}