{"id":32091,"date":"2025-02-18T23:04:21","date_gmt":"2025-02-18T21:04:21","guid":{"rendered":"https:\/\/brilune.eu\/?post_type=product&#038;p=32091"},"modified":"2025-02-18T23:11:16","modified_gmt":"2025-02-18T21:11:16","slug":"musdienigs-tualetes-galdins-ar-kreslu","status":"publish","type":"product","link":"https:\/\/brilune.eu\/lv\/product\/musdienigs-tualetes-galdins-ar-kreslu\/","title":{"rendered":"M\u016bsdien\u012bgs tualetes galdi\u0146\u0161 ar kr\u0113slu"},"content":{"rendered":"<p>\u0160is stil\u012bgais komplekts, kas sast\u0101v no galda un m\u012bksta pufa, ir lielisks risin\u0101jums, lai izveidotu m\u0101j\u012bgu zonu gu\u013camistab\u0101 vai \u0123\u0113rbtuv\u0113. Minim\u0101listiskais galds ar div\u0101m ietilp\u012bg\u0101m atvilktn\u0113m un izliektu galda virsmu pied\u0101v\u0101 \u0113rtu glab\u0101\u0161anu un pie\u0161\u0137ir interjeram eleganci. Pufs pabeidz komplekt\u0101ciju, nodro\u0161inot \u0113rtu s\u0113dvietu.<\/p>\n<p>Materi\u0101ls: mas\u012bvkoks, kr\u0101sa.<br \/>\nIzm\u0113rs: 100\u00d745\u00d775 cm, pufs 70\u00d738\u00d730 cm.<\/p>\n","protected":false},"excerpt":{"rendered":"<p>\u0160is stil\u012bgais komplekts, kas sast\u0101v no galda un m\u012bksta pufa, ir lielisks risin\u0101jums, lai izveidotu m\u0101j\u012bgu zonu gu\u013camistab\u0101 vai \u0123\u0113rbtuv\u0113. Minim\u0101listisks galds ar diviem&#8230;<\/p>\n","protected":false},"featured_media":15393,"comment_status":"open","ping_status":"closed","template":"","meta":[],"product_brand":[],"product_cat":[4693],"product_tag":[],"class_list":{"0":"post-32091","1":"product","2":"type-product","3":"status-publish","4":"has-post-thumbnail","6":"product_cat-tualetes-galdi-galdi-2","8":"first","9":"instock","10":"shipping-taxable","11":"purchasable","12":"product-type-variable"},"yoast_head":"<!-- This site is optimized with the Yoast SEO plugin v26.0 - https:\/\/yoast.com\/wordpress\/plugins\/seo\/ -->\n<title>M\u016bsdien\u012bgs tualetes galdi\u0146\u0161 ar kr\u0113slu<\/title>\n<meta name=\"description\" content=\"\u0160is stil\u012bgais komplekts, kas sast\u0101v no galda un m\u012bksta pufa, ir lielisks risin\u0101jums, lai izveidotu m\u0101j\u012bgu zonu gu\u013camistab\u0101 vai \u0123\u0113rbtuv\u0113. Minim\u0101listisks galds ar diviem...\" \/>\n<meta name=\"robots\" content=\"index, follow, max-snippet:-1, max-image-preview:large, max-video-preview:-1\" \/>\n<link rel=\"canonical\" href=\"https:\/\/brilune.eu\/lv\/product\/musdienigs-tualetes-galdins-ar-kreslu\/\" \/>\n<meta property=\"og:locale\" content=\"lv_LV\" \/>\n<meta property=\"og:type\" content=\"article\" \/>\n<meta property=\"og:title\" content=\"M\u016bsdien\u012bgs tualetes galdi\u0146\u0161 ar kr\u0113slu\" \/>\n<meta property=\"og:description\" content=\"\u0160is stil\u012bgais komplekts, kas sast\u0101v no galda un m\u012bksta pufa, ir lielisks risin\u0101jums, lai izveidotu m\u0101j\u012bgu zonu gu\u013camistab\u0101 vai \u0123\u0113rbtuv\u0113. Minim\u0101listisks galds ar diviem...\" \/>\n<meta property=\"og:url\" content=\"https:\/\/brilune.eu\/lv\/product\/musdienigs-tualetes-galdins-ar-kreslu\/\" \/>\n<meta property=\"og:site_name\" content=\"Brilune\" \/>\n<meta property=\"article:modified_time\" content=\"2025-02-18T21:11:16+00:00\" \/>\n<meta property=\"og:image\" content=\"https:\/\/brilune.eu\/wp-content\/uploads\/2025\/01\/O1CN01pzlUb11kPCaLZVqpm_2218126444675-0-cib.jpg\" \/>\n\t<meta property=\"og:image:width\" content=\"900\" \/>\n\t<meta property=\"og:image:height\" content=\"900\" \/>\n\t<meta property=\"og:image:type\" content=\"image\/jpeg\" \/>\n<meta name=\"twitter:card\" content=\"summary_large_image\" \/>\n<script type=\"application\/ld+json\" class=\"yoast-schema-graph\">{\"@context\":\"https:\/\/schema.org\",\"@graph\":[{\"@type\":\"WebPage\",\"@id\":\"https:\/\/brilune.eu\/lv\/product\/musdienigs-tualetes-galdins-ar-kreslu\/\",\"url\":\"https:\/\/brilune.eu\/lv\/product\/musdienigs-tualetes-galdins-ar-kreslu\/\",\"name\":\"M\u016bsdien\u012bgs tualetes galdi\u0146\u0161 ar kr\u0113slu\",\"isPartOf\":{\"@id\":\"https:\/\/brilune.eu\/lv\/#website\"},\"primaryImageOfPage\":{\"@id\":\"https:\/\/brilune.eu\/lv\/product\/musdienigs-tualetes-galdins-ar-kreslu\/#primaryimage\"},\"image\":{\"@id\":\"https:\/\/brilune.eu\/lv\/product\/musdienigs-tualetes-galdins-ar-kreslu\/#primaryimage\"},\"thumbnailUrl\":\"https:\/\/brilune.eu\/wp-content\/uploads\/2025\/01\/O1CN01pzlUb11kPCaLZVqpm_2218126444675-0-cib.jpg\",\"datePublished\":\"2025-02-18T21:04:21+00:00\",\"dateModified\":\"2025-02-18T21:11:16+00:00\",\"description\":\"\u0160is stil\u012bgais komplekts, kas sast\u0101v no galda un m\u012bksta pufa, ir lielisks risin\u0101jums, lai izveidotu m\u0101j\u012bgu zonu gu\u013camistab\u0101 vai \u0123\u0113rbtuv\u0113. Minim\u0101listisks galds ar diviem...\",\"breadcrumb\":{\"@id\":\"https:\/\/brilune.eu\/lv\/product\/musdienigs-tualetes-galdins-ar-kreslu\/#breadcrumb\"},\"inLanguage\":\"lv-LV\",\"potentialAction\":[{\"@type\":\"ReadAction\",\"target\":[\"https:\/\/brilune.eu\/lv\/product\/musdienigs-tualetes-galdins-ar-kreslu\/\"]}]},{\"@type\":\"ImageObject\",\"inLanguage\":\"lv-LV\",\"@id\":\"https:\/\/brilune.eu\/lv\/product\/musdienigs-tualetes-galdins-ar-kreslu\/#primaryimage\",\"url\":\"https:\/\/brilune.eu\/wp-content\/uploads\/2025\/01\/O1CN01pzlUb11kPCaLZVqpm_2218126444675-0-cib.jpg\",\"contentUrl\":\"https:\/\/brilune.eu\/wp-content\/uploads\/2025\/01\/O1CN01pzlUb11kPCaLZVqpm_2218126444675-0-cib.jpg\",\"width\":900,\"height\":900},{\"@type\":\"BreadcrumbList\",\"@id\":\"https:\/\/brilune.eu\/lv\/product\/musdienigs-tualetes-galdins-ar-kreslu\/#breadcrumb\",\"itemListElement\":[{\"@type\":\"ListItem\",\"position\":1,\"name\":\"S\u0101kums\",\"item\":\"https:\/\/brilune.eu\/lv\/brilune-mebeles\/\"},{\"@type\":\"ListItem\",\"position\":2,\"name\":\"Visi produkti\",\"item\":\"https:\/\/brilune.eu\/lv\/shop\/\"},{\"@type\":\"ListItem\",\"position\":3,\"name\":\"M\u016bsdien\u012bgs tualetes galdi\u0146\u0161 ar kr\u0113slu\"}]},{\"@type\":\"WebSite\",\"@id\":\"https:\/\/brilune.eu\/lv\/#website\",\"url\":\"https:\/\/brilune.eu\/lv\/\",\"name\":\"Brilune\",\"description\":\"M\u0113s pied\u0101v\u0101jam unik\u0101lus un nebiju\u0161us dizainus, kas apvieno eleganci, funkcionalit\u0101ti un rado\u0161umu.\",\"potentialAction\":[{\"@type\":\"SearchAction\",\"target\":{\"@type\":\"EntryPoint\",\"urlTemplate\":\"https:\/\/brilune.eu\/lv\/?s={search_term_string}\"},\"query-input\":{\"@type\":\"PropertyValueSpecification\",\"valueRequired\":true,\"valueName\":\"search_term_string\"}}],\"inLanguage\":\"lv-LV\"}]}<\/script>\n<!-- \/ Yoast SEO plugin. -->","yoast_head_json":{"title":"M\u016bsdien\u012bgs tualetes galdi\u0146\u0161 ar kr\u0113slu","description":"\u0160is stil\u012bgais komplekts, kas sast\u0101v no galda un m\u012bksta pufa, ir lielisks risin\u0101jums, lai izveidotu m\u0101j\u012bgu zonu gu\u013camistab\u0101 vai \u0123\u0113rbtuv\u0113. Minim\u0101listisks galds ar diviem...","robots":{"index":"index","follow":"follow","max-snippet":"max-snippet:-1","max-image-preview":"max-image-preview:large","max-video-preview":"max-video-preview:-1"},"canonical":"https:\/\/brilune.eu\/lv\/product\/musdienigs-tualetes-galdins-ar-kreslu\/","og_locale":"lv_LV","og_type":"article","og_title":"M\u016bsdien\u012bgs tualetes galdi\u0146\u0161 ar kr\u0113slu","og_description":"\u0160is stil\u012bgais komplekts, kas sast\u0101v no galda un m\u012bksta pufa, ir lielisks risin\u0101jums, lai izveidotu m\u0101j\u012bgu zonu gu\u013camistab\u0101 vai \u0123\u0113rbtuv\u0113. Minim\u0101listisks galds ar diviem...","og_url":"https:\/\/brilune.eu\/lv\/product\/musdienigs-tualetes-galdins-ar-kreslu\/","og_site_name":"Brilune","article_modified_time":"2025-02-18T21:11:16+00:00","og_image":[{"width":900,"height":900,"url":"https:\/\/brilune.eu\/wp-content\/uploads\/2025\/01\/O1CN01pzlUb11kPCaLZVqpm_2218126444675-0-cib.jpg","type":"image\/jpeg"}],"twitter_card":"summary_large_image","schema":{"@context":"https:\/\/schema.org","@graph":[{"@type":"WebPage","@id":"https:\/\/brilune.eu\/lv\/product\/musdienigs-tualetes-galdins-ar-kreslu\/","url":"https:\/\/brilune.eu\/lv\/product\/musdienigs-tualetes-galdins-ar-kreslu\/","name":"M\u016bsdien\u012bgs tualetes galdi\u0146\u0161 ar kr\u0113slu","isPartOf":{"@id":"https:\/\/brilune.eu\/lv\/#website"},"primaryImageOfPage":{"@id":"https:\/\/brilune.eu\/lv\/product\/musdienigs-tualetes-galdins-ar-kreslu\/#primaryimage"},"image":{"@id":"https:\/\/brilune.eu\/lv\/product\/musdienigs-tualetes-galdins-ar-kreslu\/#primaryimage"},"thumbnailUrl":"https:\/\/brilune.eu\/wp-content\/uploads\/2025\/01\/O1CN01pzlUb11kPCaLZVqpm_2218126444675-0-cib.jpg","datePublished":"2025-02-18T21:04:21+00:00","dateModified":"2025-02-18T21:11:16+00:00","description":"\u0160is stil\u012bgais komplekts, kas sast\u0101v no galda un m\u012bksta pufa, ir lielisks risin\u0101jums, lai izveidotu m\u0101j\u012bgu zonu gu\u013camistab\u0101 vai \u0123\u0113rbtuv\u0113. Minim\u0101listisks galds ar diviem...","breadcrumb":{"@id":"https:\/\/brilune.eu\/lv\/product\/musdienigs-tualetes-galdins-ar-kreslu\/#breadcrumb"},"inLanguage":"lv-LV","potentialAction":[{"@type":"ReadAction","target":["https:\/\/brilune.eu\/lv\/product\/musdienigs-tualetes-galdins-ar-kreslu\/"]}]},{"@type":"ImageObject","inLanguage":"lv-LV","@id":"https:\/\/brilune.eu\/lv\/product\/musdienigs-tualetes-galdins-ar-kreslu\/#primaryimage","url":"https:\/\/brilune.eu\/wp-content\/uploads\/2025\/01\/O1CN01pzlUb11kPCaLZVqpm_2218126444675-0-cib.jpg","contentUrl":"https:\/\/brilune.eu\/wp-content\/uploads\/2025\/01\/O1CN01pzlUb11kPCaLZVqpm_2218126444675-0-cib.jpg","width":900,"height":900},{"@type":"BreadcrumbList","@id":"https:\/\/brilune.eu\/lv\/product\/musdienigs-tualetes-galdins-ar-kreslu\/#breadcrumb","itemListElement":[{"@type":"ListItem","position":1,"name":"S\u0101kums","item":"https:\/\/brilune.eu\/lv\/brilune-mebeles\/"},{"@type":"ListItem","position":2,"name":"Visi produkti","item":"https:\/\/brilune.eu\/lv\/shop\/"},{"@type":"ListItem","position":3,"name":"M\u016bsdien\u012bgs tualetes galdi\u0146\u0161 ar kr\u0113slu"}]},{"@type":"WebSite","@id":"https:\/\/brilune.eu\/lv\/#website","url":"https:\/\/brilune.eu\/lv\/","name":"Brilune","description":"M\u0113s pied\u0101v\u0101jam unik\u0101lus un nebiju\u0161us dizainus, kas apvieno eleganci, funkcionalit\u0101ti un rado\u0161umu.","potentialAction":[{"@type":"SearchAction","target":{"@type":"EntryPoint","urlTemplate":"https:\/\/brilune.eu\/lv\/?s={search_term_string}"},"query-input":{"@type":"PropertyValueSpecification","valueRequired":true,"valueName":"search_term_string"}}],"inLanguage":"lv-LV"}]}},"jetpack_sharing_enabled":true,"_links":{"self":[{"href":"https:\/\/brilune.eu\/lv\/wp-json\/wp\/v2\/product\/32091","targetHints":{"allow":["GET"]}}],"collection":[{"href":"https:\/\/brilune.eu\/lv\/wp-json\/wp\/v2\/product"}],"about":[{"href":"https:\/\/brilune.eu\/lv\/wp-json\/wp\/v2\/types\/product"}],"replies":[{"embeddable":true,"href":"https:\/\/brilune.eu\/lv\/wp-json\/wp\/v2\/comments?post=32091"}],"version-history":[{"count":1,"href":"https:\/\/brilune.eu\/lv\/wp-json\/wp\/v2\/product\/32091\/revisions"}],"predecessor-version":[{"id":32112,"href":"https:\/\/brilune.eu\/lv\/wp-json\/wp\/v2\/product\/32091\/revisions\/32112"}],"wp:featuredmedia":[{"embeddable":true,"href":"https:\/\/brilune.eu\/lv\/wp-json\/wp\/v2\/media\/15393"}],"wp:attachment":[{"href":"https:\/\/brilune.eu\/lv\/wp-json\/wp\/v2\/media?parent=32091"}],"wp:term":[{"taxonomy":"product_brand","embeddable":true,"href":"https:\/\/brilune.eu\/lv\/wp-json\/wp\/v2\/product_brand?post=32091"},{"taxonomy":"product_cat","embeddable":true,"href":"https:\/\/brilune.eu\/lv\/wp-json\/wp\/v2\/product_cat?post=32091"},{"taxonomy":"product_tag","embeddable":true,"href":"https:\/\/brilune.eu\/lv\/wp-json\/wp\/v2\/product_tag?post=32091"}],"curies":[{"name":"wp","href":"https:\/\/api.w.org\/{rel}","templated":true}]}}