{"id":32043,"date":"2025-02-18T23:03:06","date_gmt":"2025-02-18T21:03:06","guid":{"rendered":"https:\/\/brilune.eu\/?post_type=product&#038;p=32043"},"modified":"2025-02-18T23:11:16","modified_gmt":"2025-02-18T21:11:16","slug":"moderns-tualetes-galdins-ar-kreslu-un-spoguli","status":"publish","type":"product","link":"https:\/\/brilune.eu\/lv\/product\/moderns-tualetes-galdins-ar-kreslu-un-spoguli\/","title":{"rendered":"Moderns tualetes galdi\u0146\u0161 ar kr\u0113slu un spoguli"},"content":{"rendered":"<p>M\u0113be\u013cu komplekts, kas sast\u0101v no galda, m\u012bksta pufa un spogu\u013ca bez apgaismojuma, rad\u012bs harmoniju j\u016bsu gu\u013camistab\u0101 vai \u0123\u0113rbtuv\u0113. Galds ir izgatavots no mas\u012bvkoka ar iztur\u012bgu p\u0101rkl\u0101jumu, spogulis bez apgaismojuma izce\u013c dizaina eleganci, bet pufs pie\u0161\u0137ir komfortu. \u0160is komplekts pie\u0161\u0137ir telpai izsmalcin\u0101t\u012bbu un stilu.<\/p>\n<p>Materi\u0101ls: mas\u012bvkoks, kr\u0101sa.<br \/>\nIzm\u0113rs: 100\u00d748\u00d775 cm.<\/p>\n","protected":false},"excerpt":{"rendered":"<p>M\u0113be\u013cu komplekts, kas sast\u0101v no galda, m\u012bksta pufa un spogu\u013ca bez apgaismojuma, rad\u012bs harmoniju j\u016bsu gu\u013camistab\u0101 vai \u0123\u0113rbtuv\u0113. Galds ir izgatavots no s&#8230;<\/p>\n","protected":false},"featured_media":15364,"comment_status":"open","ping_status":"closed","template":"","meta":[],"product_brand":[],"product_cat":[4693],"product_tag":[],"class_list":{"0":"post-32043","1":"product","2":"type-product","3":"status-publish","4":"has-post-thumbnail","6":"product_cat-tualetes-galdi-galdi-2","8":"first","9":"instock","10":"shipping-taxable","11":"purchasable","12":"product-type-variable"},"yoast_head":"<!-- This site is optimized with the Yoast SEO plugin v26.0 - https:\/\/yoast.com\/wordpress\/plugins\/seo\/ -->\n<title>Moderns tualetes galdi\u0146\u0161 ar kr\u0113slu un spoguli<\/title>\n<meta name=\"description\" content=\"M\u0113be\u013cu komplekts, kas sast\u0101v no galda, m\u012bksta pufa un spogu\u013ca bez apgaismojuma, rad\u012bs harmoniju j\u016bsu gu\u013camistab\u0101 vai \u0123\u0113rbtuv\u0113. Galds ir izgatavots no s...\" \/>\n<meta name=\"robots\" content=\"index, follow, max-snippet:-1, max-image-preview:large, max-video-preview:-1\" \/>\n<link rel=\"canonical\" href=\"https:\/\/brilune.eu\/lv\/product\/moderns-tualetes-galdins-ar-kreslu-un-spoguli\/\" \/>\n<meta property=\"og:locale\" content=\"lv_LV\" \/>\n<meta property=\"og:type\" content=\"article\" \/>\n<meta property=\"og:title\" content=\"Moderns tualetes galdi\u0146\u0161 ar kr\u0113slu un spoguli\" \/>\n<meta property=\"og:description\" content=\"M\u0113be\u013cu komplekts, kas sast\u0101v no galda, m\u012bksta pufa un spogu\u013ca bez apgaismojuma, rad\u012bs harmoniju j\u016bsu gu\u013camistab\u0101 vai \u0123\u0113rbtuv\u0113. Galds ir izgatavots no s...\" \/>\n<meta property=\"og:url\" content=\"https:\/\/brilune.eu\/lv\/product\/moderns-tualetes-galdins-ar-kreslu-un-spoguli\/\" \/>\n<meta property=\"og:site_name\" content=\"Brilune\" \/>\n<meta property=\"article:modified_time\" content=\"2025-02-18T21:11:16+00:00\" \/>\n<meta property=\"og:image\" content=\"https:\/\/brilune.eu\/wp-content\/uploads\/2025\/01\/O1CN01TZcVwz1CgQOA4wjjG_2201249230110-0-cib.jpg\" \/>\n\t<meta property=\"og:image:width\" content=\"800\" \/>\n\t<meta property=\"og:image:height\" content=\"800\" \/>\n\t<meta property=\"og:image:type\" content=\"image\/jpeg\" \/>\n<meta name=\"twitter:card\" content=\"summary_large_image\" \/>\n<script type=\"application\/ld+json\" class=\"yoast-schema-graph\">{\"@context\":\"https:\/\/schema.org\",\"@graph\":[{\"@type\":\"WebPage\",\"@id\":\"https:\/\/brilune.eu\/lv\/product\/moderns-tualetes-galdins-ar-kreslu-un-spoguli\/\",\"url\":\"https:\/\/brilune.eu\/lv\/product\/moderns-tualetes-galdins-ar-kreslu-un-spoguli\/\",\"name\":\"Moderns tualetes galdi\u0146\u0161 ar kr\u0113slu un spoguli\",\"isPartOf\":{\"@id\":\"https:\/\/brilune.eu\/lv\/#website\"},\"primaryImageOfPage\":{\"@id\":\"https:\/\/brilune.eu\/lv\/product\/moderns-tualetes-galdins-ar-kreslu-un-spoguli\/#primaryimage\"},\"image\":{\"@id\":\"https:\/\/brilune.eu\/lv\/product\/moderns-tualetes-galdins-ar-kreslu-un-spoguli\/#primaryimage\"},\"thumbnailUrl\":\"https:\/\/brilune.eu\/wp-content\/uploads\/2025\/01\/O1CN01TZcVwz1CgQOA4wjjG_2201249230110-0-cib.jpg\",\"datePublished\":\"2025-02-18T21:03:06+00:00\",\"dateModified\":\"2025-02-18T21:11:16+00:00\",\"description\":\"M\u0113be\u013cu komplekts, kas sast\u0101v no galda, m\u012bksta pufa un spogu\u013ca bez apgaismojuma, rad\u012bs harmoniju j\u016bsu gu\u013camistab\u0101 vai \u0123\u0113rbtuv\u0113. Galds ir izgatavots no s...\",\"breadcrumb\":{\"@id\":\"https:\/\/brilune.eu\/lv\/product\/moderns-tualetes-galdins-ar-kreslu-un-spoguli\/#breadcrumb\"},\"inLanguage\":\"lv-LV\",\"potentialAction\":[{\"@type\":\"ReadAction\",\"target\":[\"https:\/\/brilune.eu\/lv\/product\/moderns-tualetes-galdins-ar-kreslu-un-spoguli\/\"]}]},{\"@type\":\"ImageObject\",\"inLanguage\":\"lv-LV\",\"@id\":\"https:\/\/brilune.eu\/lv\/product\/moderns-tualetes-galdins-ar-kreslu-un-spoguli\/#primaryimage\",\"url\":\"https:\/\/brilune.eu\/wp-content\/uploads\/2025\/01\/O1CN01TZcVwz1CgQOA4wjjG_2201249230110-0-cib.jpg\",\"contentUrl\":\"https:\/\/brilune.eu\/wp-content\/uploads\/2025\/01\/O1CN01TZcVwz1CgQOA4wjjG_2201249230110-0-cib.jpg\",\"width\":800,\"height\":800},{\"@type\":\"BreadcrumbList\",\"@id\":\"https:\/\/brilune.eu\/lv\/product\/moderns-tualetes-galdins-ar-kreslu-un-spoguli\/#breadcrumb\",\"itemListElement\":[{\"@type\":\"ListItem\",\"position\":1,\"name\":\"S\u0101kums\",\"item\":\"https:\/\/brilune.eu\/lv\/brilune-mebeles\/\"},{\"@type\":\"ListItem\",\"position\":2,\"name\":\"Visi produkti\",\"item\":\"https:\/\/brilune.eu\/lv\/shop\/\"},{\"@type\":\"ListItem\",\"position\":3,\"name\":\"Moderns tualetes galdi\u0146\u0161 ar kr\u0113slu un spoguli\"}]},{\"@type\":\"WebSite\",\"@id\":\"https:\/\/brilune.eu\/lv\/#website\",\"url\":\"https:\/\/brilune.eu\/lv\/\",\"name\":\"Brilune\",\"description\":\"M\u0113s pied\u0101v\u0101jam unik\u0101lus un nebiju\u0161us dizainus, kas apvieno eleganci, funkcionalit\u0101ti un rado\u0161umu.\",\"potentialAction\":[{\"@type\":\"SearchAction\",\"target\":{\"@type\":\"EntryPoint\",\"urlTemplate\":\"https:\/\/brilune.eu\/lv\/?s={search_term_string}\"},\"query-input\":{\"@type\":\"PropertyValueSpecification\",\"valueRequired\":true,\"valueName\":\"search_term_string\"}}],\"inLanguage\":\"lv-LV\"}]}<\/script>\n<!-- \/ Yoast SEO plugin. -->","yoast_head_json":{"title":"Moderns tualetes galdi\u0146\u0161 ar kr\u0113slu un spoguli","description":"M\u0113be\u013cu komplekts, kas sast\u0101v no galda, m\u012bksta pufa un spogu\u013ca bez apgaismojuma, rad\u012bs harmoniju j\u016bsu gu\u013camistab\u0101 vai \u0123\u0113rbtuv\u0113. Galds ir izgatavots no s...","robots":{"index":"index","follow":"follow","max-snippet":"max-snippet:-1","max-image-preview":"max-image-preview:large","max-video-preview":"max-video-preview:-1"},"canonical":"https:\/\/brilune.eu\/lv\/product\/moderns-tualetes-galdins-ar-kreslu-un-spoguli\/","og_locale":"lv_LV","og_type":"article","og_title":"Moderns tualetes galdi\u0146\u0161 ar kr\u0113slu un spoguli","og_description":"M\u0113be\u013cu komplekts, kas sast\u0101v no galda, m\u012bksta pufa un spogu\u013ca bez apgaismojuma, rad\u012bs harmoniju j\u016bsu gu\u013camistab\u0101 vai \u0123\u0113rbtuv\u0113. Galds ir izgatavots no s...","og_url":"https:\/\/brilune.eu\/lv\/product\/moderns-tualetes-galdins-ar-kreslu-un-spoguli\/","og_site_name":"Brilune","article_modified_time":"2025-02-18T21:11:16+00:00","og_image":[{"width":800,"height":800,"url":"https:\/\/brilune.eu\/wp-content\/uploads\/2025\/01\/O1CN01TZcVwz1CgQOA4wjjG_2201249230110-0-cib.jpg","type":"image\/jpeg"}],"twitter_card":"summary_large_image","schema":{"@context":"https:\/\/schema.org","@graph":[{"@type":"WebPage","@id":"https:\/\/brilune.eu\/lv\/product\/moderns-tualetes-galdins-ar-kreslu-un-spoguli\/","url":"https:\/\/brilune.eu\/lv\/product\/moderns-tualetes-galdins-ar-kreslu-un-spoguli\/","name":"Moderns tualetes galdi\u0146\u0161 ar kr\u0113slu un spoguli","isPartOf":{"@id":"https:\/\/brilune.eu\/lv\/#website"},"primaryImageOfPage":{"@id":"https:\/\/brilune.eu\/lv\/product\/moderns-tualetes-galdins-ar-kreslu-un-spoguli\/#primaryimage"},"image":{"@id":"https:\/\/brilune.eu\/lv\/product\/moderns-tualetes-galdins-ar-kreslu-un-spoguli\/#primaryimage"},"thumbnailUrl":"https:\/\/brilune.eu\/wp-content\/uploads\/2025\/01\/O1CN01TZcVwz1CgQOA4wjjG_2201249230110-0-cib.jpg","datePublished":"2025-02-18T21:03:06+00:00","dateModified":"2025-02-18T21:11:16+00:00","description":"M\u0113be\u013cu komplekts, kas sast\u0101v no galda, m\u012bksta pufa un spogu\u013ca bez apgaismojuma, rad\u012bs harmoniju j\u016bsu gu\u013camistab\u0101 vai \u0123\u0113rbtuv\u0113. Galds ir izgatavots no s...","breadcrumb":{"@id":"https:\/\/brilune.eu\/lv\/product\/moderns-tualetes-galdins-ar-kreslu-un-spoguli\/#breadcrumb"},"inLanguage":"lv-LV","potentialAction":[{"@type":"ReadAction","target":["https:\/\/brilune.eu\/lv\/product\/moderns-tualetes-galdins-ar-kreslu-un-spoguli\/"]}]},{"@type":"ImageObject","inLanguage":"lv-LV","@id":"https:\/\/brilune.eu\/lv\/product\/moderns-tualetes-galdins-ar-kreslu-un-spoguli\/#primaryimage","url":"https:\/\/brilune.eu\/wp-content\/uploads\/2025\/01\/O1CN01TZcVwz1CgQOA4wjjG_2201249230110-0-cib.jpg","contentUrl":"https:\/\/brilune.eu\/wp-content\/uploads\/2025\/01\/O1CN01TZcVwz1CgQOA4wjjG_2201249230110-0-cib.jpg","width":800,"height":800},{"@type":"BreadcrumbList","@id":"https:\/\/brilune.eu\/lv\/product\/moderns-tualetes-galdins-ar-kreslu-un-spoguli\/#breadcrumb","itemListElement":[{"@type":"ListItem","position":1,"name":"S\u0101kums","item":"https:\/\/brilune.eu\/lv\/brilune-mebeles\/"},{"@type":"ListItem","position":2,"name":"Visi produkti","item":"https:\/\/brilune.eu\/lv\/shop\/"},{"@type":"ListItem","position":3,"name":"Moderns tualetes galdi\u0146\u0161 ar kr\u0113slu un spoguli"}]},{"@type":"WebSite","@id":"https:\/\/brilune.eu\/lv\/#website","url":"https:\/\/brilune.eu\/lv\/","name":"Brilune","description":"M\u0113s pied\u0101v\u0101jam unik\u0101lus un nebiju\u0161us dizainus, kas apvieno eleganci, funkcionalit\u0101ti un rado\u0161umu.","potentialAction":[{"@type":"SearchAction","target":{"@type":"EntryPoint","urlTemplate":"https:\/\/brilune.eu\/lv\/?s={search_term_string}"},"query-input":{"@type":"PropertyValueSpecification","valueRequired":true,"valueName":"search_term_string"}}],"inLanguage":"lv-LV"}]}},"jetpack_sharing_enabled":true,"_links":{"self":[{"href":"https:\/\/brilune.eu\/lv\/wp-json\/wp\/v2\/product\/32043","targetHints":{"allow":["GET"]}}],"collection":[{"href":"https:\/\/brilune.eu\/lv\/wp-json\/wp\/v2\/product"}],"about":[{"href":"https:\/\/brilune.eu\/lv\/wp-json\/wp\/v2\/types\/product"}],"replies":[{"embeddable":true,"href":"https:\/\/brilune.eu\/lv\/wp-json\/wp\/v2\/comments?post=32043"}],"version-history":[{"count":1,"href":"https:\/\/brilune.eu\/lv\/wp-json\/wp\/v2\/product\/32043\/revisions"}],"predecessor-version":[{"id":32064,"href":"https:\/\/brilune.eu\/lv\/wp-json\/wp\/v2\/product\/32043\/revisions\/32064"}],"wp:featuredmedia":[{"embeddable":true,"href":"https:\/\/brilune.eu\/lv\/wp-json\/wp\/v2\/media\/15364"}],"wp:attachment":[{"href":"https:\/\/brilune.eu\/lv\/wp-json\/wp\/v2\/media?parent=32043"}],"wp:term":[{"taxonomy":"product_brand","embeddable":true,"href":"https:\/\/brilune.eu\/lv\/wp-json\/wp\/v2\/product_brand?post=32043"},{"taxonomy":"product_cat","embeddable":true,"href":"https:\/\/brilune.eu\/lv\/wp-json\/wp\/v2\/product_cat?post=32043"},{"taxonomy":"product_tag","embeddable":true,"href":"https:\/\/brilune.eu\/lv\/wp-json\/wp\/v2\/product_tag?post=32043"}],"curies":[{"name":"wp","href":"https:\/\/api.w.org\/{rel}","templated":true}]}}