{"id":31761,"date":"2025-02-18T22:54:07","date_gmt":"2025-02-18T20:54:07","guid":{"rendered":"https:\/\/brilune.eu\/?post_type=product&#038;p=31761"},"modified":"2025-02-18T23:10:43","modified_gmt":"2025-02-18T21:10:43","slug":"kvadratveida-moderns-kafijas-galdins","status":"publish","type":"product","link":"https:\/\/brilune.eu\/lv\/product\/kvadratveida-moderns-kafijas-galdins\/","title":{"rendered":"Kvadr\u0101tveida moderns kafijas galdi\u0146\u0161"},"content":{"rendered":"<p>\u0160is kafijas galdi\u0146\u0161 lieliski apvieno stilu un dabisko koku. Rad\u012bts, piev\u0113r\u0161ot uzman\u012bbu deta\u013c\u0101m, tas b\u016bs elegants papildin\u0101jums j\u016bsu dz\u012bves telpai. T\u0101s gracioz\u0101s l\u012bnijas un koka siltums pie\u0161\u0137ir tai m\u016b\u017e\u012bgu izskatu, radot m\u0101j\u012bgu atmosf\u0113ru. Iztur\u012bg\u0101 virsma ir lieliski piem\u0113rota sapulc\u0113m ar draugiem pie kafijas vai omul\u012bg\u0101m sarun\u0101m. \u0160is galds neman\u0101mi ieder\u0113sies jebkur\u0101 interjer\u0101, pie\u0161\u0137irot j\u016bsu telpai praktiskumu un stilu.<br \/>\nIzm\u0113rs: 80x80x35 cm.<br \/>\nMateri\u0101ls: Priede.<\/p>\n","protected":false},"excerpt":{"rendered":"<p>\u0160is kafijas galdi\u0146\u0161 lieliski apvieno stilu un dabisko koku. Rad\u012bts, piev\u0113r\u0161ot uzman\u012bbu deta\u013c\u0101m, tas b\u016bs elegants papildin\u0101jums j\u016bsu dz\u012bves telpai. T\u0101 gracioz\u0101&#8230;<\/p>\n","protected":false},"featured_media":3134,"comment_status":"open","ping_status":"closed","template":"","meta":[],"product_brand":[],"product_cat":[1627,4686],"product_tag":[],"class_list":{"0":"post-31761","1":"product","2":"type-product","3":"status-publish","4":"has-post-thumbnail","6":"product_cat-kafijas-galdini","7":"product_cat-kafijas-galdini-galdi-2-4","9":"first","10":"instock","11":"shipping-taxable","12":"purchasable","13":"product-type-variable"},"yoast_head":"<!-- This site is optimized with the Yoast SEO plugin v26.0 - https:\/\/yoast.com\/wordpress\/plugins\/seo\/ -->\n<title>Kvadr\u0101tveida moderns kafijas galdi\u0146\u0161<\/title>\n<meta name=\"description\" content=\"\u0160is kafijas galdi\u0146\u0161 lieliski apvieno stilu un dabisko koku. Rad\u012bts, piev\u0113r\u0161ot uzman\u012bbu deta\u013c\u0101m, tas b\u016bs elegants papildin\u0101jums j\u016bsu dz\u012bves telpai. T\u0101 gracioz\u0101...\" \/>\n<meta name=\"robots\" content=\"index, follow, max-snippet:-1, max-image-preview:large, max-video-preview:-1\" \/>\n<link rel=\"canonical\" href=\"https:\/\/brilune.eu\/lv\/product\/kvadratveida-moderns-kafijas-galdins\/\" \/>\n<meta property=\"og:locale\" content=\"lv_LV\" \/>\n<meta property=\"og:type\" content=\"article\" \/>\n<meta property=\"og:title\" content=\"Kvadr\u0101tveida moderns kafijas galdi\u0146\u0161\" \/>\n<meta property=\"og:description\" content=\"\u0160is kafijas galdi\u0146\u0161 lieliski apvieno stilu un dabisko koku. Rad\u012bts, piev\u0113r\u0161ot uzman\u012bbu deta\u013c\u0101m, tas b\u016bs elegants papildin\u0101jums j\u016bsu dz\u012bves telpai. T\u0101 gracioz\u0101...\" \/>\n<meta property=\"og:url\" content=\"https:\/\/brilune.eu\/lv\/product\/kvadratveida-moderns-kafijas-galdins\/\" \/>\n<meta property=\"og:site_name\" content=\"Brilune\" \/>\n<meta property=\"article:modified_time\" content=\"2025-02-18T21:10:43+00:00\" \/>\n<meta property=\"og:image\" content=\"https:\/\/brilune.eu\/wp-content\/uploads\/2025\/01\/O1CN01La0fuK2DACPXqxRee_2200717538568-0-cib.jpg\" \/>\n\t<meta property=\"og:image:width\" content=\"800\" \/>\n\t<meta property=\"og:image:height\" content=\"800\" \/>\n\t<meta property=\"og:image:type\" content=\"image\/jpeg\" \/>\n<meta name=\"twitter:card\" content=\"summary_large_image\" \/>\n<script type=\"application\/ld+json\" class=\"yoast-schema-graph\">{\"@context\":\"https:\/\/schema.org\",\"@graph\":[{\"@type\":\"WebPage\",\"@id\":\"https:\/\/brilune.eu\/lv\/product\/kvadratveida-moderns-kafijas-galdins\/\",\"url\":\"https:\/\/brilune.eu\/lv\/product\/kvadratveida-moderns-kafijas-galdins\/\",\"name\":\"Kvadr\u0101tveida moderns kafijas galdi\u0146\u0161\",\"isPartOf\":{\"@id\":\"https:\/\/brilune.eu\/lv\/#website\"},\"primaryImageOfPage\":{\"@id\":\"https:\/\/brilune.eu\/lv\/product\/kvadratveida-moderns-kafijas-galdins\/#primaryimage\"},\"image\":{\"@id\":\"https:\/\/brilune.eu\/lv\/product\/kvadratveida-moderns-kafijas-galdins\/#primaryimage\"},\"thumbnailUrl\":\"https:\/\/brilune.eu\/wp-content\/uploads\/2025\/01\/O1CN01La0fuK2DACPXqxRee_2200717538568-0-cib.jpg\",\"datePublished\":\"2025-02-18T20:54:07+00:00\",\"dateModified\":\"2025-02-18T21:10:43+00:00\",\"description\":\"\u0160is kafijas galdi\u0146\u0161 lieliski apvieno stilu un dabisko koku. Rad\u012bts, piev\u0113r\u0161ot uzman\u012bbu deta\u013c\u0101m, tas b\u016bs elegants papildin\u0101jums j\u016bsu dz\u012bves telpai. T\u0101 gracioz\u0101...\",\"breadcrumb\":{\"@id\":\"https:\/\/brilune.eu\/lv\/product\/kvadratveida-moderns-kafijas-galdins\/#breadcrumb\"},\"inLanguage\":\"lv-LV\",\"potentialAction\":[{\"@type\":\"ReadAction\",\"target\":[\"https:\/\/brilune.eu\/lv\/product\/kvadratveida-moderns-kafijas-galdins\/\"]}]},{\"@type\":\"ImageObject\",\"inLanguage\":\"lv-LV\",\"@id\":\"https:\/\/brilune.eu\/lv\/product\/kvadratveida-moderns-kafijas-galdins\/#primaryimage\",\"url\":\"https:\/\/brilune.eu\/wp-content\/uploads\/2025\/01\/O1CN01La0fuK2DACPXqxRee_2200717538568-0-cib.jpg\",\"contentUrl\":\"https:\/\/brilune.eu\/wp-content\/uploads\/2025\/01\/O1CN01La0fuK2DACPXqxRee_2200717538568-0-cib.jpg\",\"width\":800,\"height\":800},{\"@type\":\"BreadcrumbList\",\"@id\":\"https:\/\/brilune.eu\/lv\/product\/kvadratveida-moderns-kafijas-galdins\/#breadcrumb\",\"itemListElement\":[{\"@type\":\"ListItem\",\"position\":1,\"name\":\"S\u0101kums\",\"item\":\"https:\/\/brilune.eu\/lv\/brilune-mebeles\/\"},{\"@type\":\"ListItem\",\"position\":2,\"name\":\"Visi produkti\",\"item\":\"https:\/\/brilune.eu\/lv\/shop\/\"},{\"@type\":\"ListItem\",\"position\":3,\"name\":\"Kvadr\u0101tveida moderns kafijas galdi\u0146\u0161\"}]},{\"@type\":\"WebSite\",\"@id\":\"https:\/\/brilune.eu\/lv\/#website\",\"url\":\"https:\/\/brilune.eu\/lv\/\",\"name\":\"Brilune\",\"description\":\"M\u0113s pied\u0101v\u0101jam unik\u0101lus un nebiju\u0161us dizainus, kas apvieno eleganci, funkcionalit\u0101ti un rado\u0161umu.\",\"potentialAction\":[{\"@type\":\"SearchAction\",\"target\":{\"@type\":\"EntryPoint\",\"urlTemplate\":\"https:\/\/brilune.eu\/lv\/?s={search_term_string}\"},\"query-input\":{\"@type\":\"PropertyValueSpecification\",\"valueRequired\":true,\"valueName\":\"search_term_string\"}}],\"inLanguage\":\"lv-LV\"}]}<\/script>\n<!-- \/ Yoast SEO plugin. -->","yoast_head_json":{"title":"Kvadr\u0101tveida moderns kafijas galdi\u0146\u0161","description":"\u0160is kafijas galdi\u0146\u0161 lieliski apvieno stilu un dabisko koku. Rad\u012bts, piev\u0113r\u0161ot uzman\u012bbu deta\u013c\u0101m, tas b\u016bs elegants papildin\u0101jums j\u016bsu dz\u012bves telpai. T\u0101 gracioz\u0101...","robots":{"index":"index","follow":"follow","max-snippet":"max-snippet:-1","max-image-preview":"max-image-preview:large","max-video-preview":"max-video-preview:-1"},"canonical":"https:\/\/brilune.eu\/lv\/product\/kvadratveida-moderns-kafijas-galdins\/","og_locale":"lv_LV","og_type":"article","og_title":"Kvadr\u0101tveida moderns kafijas galdi\u0146\u0161","og_description":"\u0160is kafijas galdi\u0146\u0161 lieliski apvieno stilu un dabisko koku. Rad\u012bts, piev\u0113r\u0161ot uzman\u012bbu deta\u013c\u0101m, tas b\u016bs elegants papildin\u0101jums j\u016bsu dz\u012bves telpai. T\u0101 gracioz\u0101...","og_url":"https:\/\/brilune.eu\/lv\/product\/kvadratveida-moderns-kafijas-galdins\/","og_site_name":"Brilune","article_modified_time":"2025-02-18T21:10:43+00:00","og_image":[{"width":800,"height":800,"url":"https:\/\/brilune.eu\/wp-content\/uploads\/2025\/01\/O1CN01La0fuK2DACPXqxRee_2200717538568-0-cib.jpg","type":"image\/jpeg"}],"twitter_card":"summary_large_image","schema":{"@context":"https:\/\/schema.org","@graph":[{"@type":"WebPage","@id":"https:\/\/brilune.eu\/lv\/product\/kvadratveida-moderns-kafijas-galdins\/","url":"https:\/\/brilune.eu\/lv\/product\/kvadratveida-moderns-kafijas-galdins\/","name":"Kvadr\u0101tveida moderns kafijas galdi\u0146\u0161","isPartOf":{"@id":"https:\/\/brilune.eu\/lv\/#website"},"primaryImageOfPage":{"@id":"https:\/\/brilune.eu\/lv\/product\/kvadratveida-moderns-kafijas-galdins\/#primaryimage"},"image":{"@id":"https:\/\/brilune.eu\/lv\/product\/kvadratveida-moderns-kafijas-galdins\/#primaryimage"},"thumbnailUrl":"https:\/\/brilune.eu\/wp-content\/uploads\/2025\/01\/O1CN01La0fuK2DACPXqxRee_2200717538568-0-cib.jpg","datePublished":"2025-02-18T20:54:07+00:00","dateModified":"2025-02-18T21:10:43+00:00","description":"\u0160is kafijas galdi\u0146\u0161 lieliski apvieno stilu un dabisko koku. Rad\u012bts, piev\u0113r\u0161ot uzman\u012bbu deta\u013c\u0101m, tas b\u016bs elegants papildin\u0101jums j\u016bsu dz\u012bves telpai. T\u0101 gracioz\u0101...","breadcrumb":{"@id":"https:\/\/brilune.eu\/lv\/product\/kvadratveida-moderns-kafijas-galdins\/#breadcrumb"},"inLanguage":"lv-LV","potentialAction":[{"@type":"ReadAction","target":["https:\/\/brilune.eu\/lv\/product\/kvadratveida-moderns-kafijas-galdins\/"]}]},{"@type":"ImageObject","inLanguage":"lv-LV","@id":"https:\/\/brilune.eu\/lv\/product\/kvadratveida-moderns-kafijas-galdins\/#primaryimage","url":"https:\/\/brilune.eu\/wp-content\/uploads\/2025\/01\/O1CN01La0fuK2DACPXqxRee_2200717538568-0-cib.jpg","contentUrl":"https:\/\/brilune.eu\/wp-content\/uploads\/2025\/01\/O1CN01La0fuK2DACPXqxRee_2200717538568-0-cib.jpg","width":800,"height":800},{"@type":"BreadcrumbList","@id":"https:\/\/brilune.eu\/lv\/product\/kvadratveida-moderns-kafijas-galdins\/#breadcrumb","itemListElement":[{"@type":"ListItem","position":1,"name":"S\u0101kums","item":"https:\/\/brilune.eu\/lv\/brilune-mebeles\/"},{"@type":"ListItem","position":2,"name":"Visi produkti","item":"https:\/\/brilune.eu\/lv\/shop\/"},{"@type":"ListItem","position":3,"name":"Kvadr\u0101tveida moderns kafijas galdi\u0146\u0161"}]},{"@type":"WebSite","@id":"https:\/\/brilune.eu\/lv\/#website","url":"https:\/\/brilune.eu\/lv\/","name":"Brilune","description":"M\u0113s pied\u0101v\u0101jam unik\u0101lus un nebiju\u0161us dizainus, kas apvieno eleganci, funkcionalit\u0101ti un rado\u0161umu.","potentialAction":[{"@type":"SearchAction","target":{"@type":"EntryPoint","urlTemplate":"https:\/\/brilune.eu\/lv\/?s={search_term_string}"},"query-input":{"@type":"PropertyValueSpecification","valueRequired":true,"valueName":"search_term_string"}}],"inLanguage":"lv-LV"}]}},"jetpack_sharing_enabled":true,"_links":{"self":[{"href":"https:\/\/brilune.eu\/lv\/wp-json\/wp\/v2\/product\/31761","targetHints":{"allow":["GET"]}}],"collection":[{"href":"https:\/\/brilune.eu\/lv\/wp-json\/wp\/v2\/product"}],"about":[{"href":"https:\/\/brilune.eu\/lv\/wp-json\/wp\/v2\/types\/product"}],"replies":[{"embeddable":true,"href":"https:\/\/brilune.eu\/lv\/wp-json\/wp\/v2\/comments?post=31761"}],"version-history":[{"count":1,"href":"https:\/\/brilune.eu\/lv\/wp-json\/wp\/v2\/product\/31761\/revisions"}],"predecessor-version":[{"id":31785,"href":"https:\/\/brilune.eu\/lv\/wp-json\/wp\/v2\/product\/31761\/revisions\/31785"}],"wp:featuredmedia":[{"embeddable":true,"href":"https:\/\/brilune.eu\/lv\/wp-json\/wp\/v2\/media\/3134"}],"wp:attachment":[{"href":"https:\/\/brilune.eu\/lv\/wp-json\/wp\/v2\/media?parent=31761"}],"wp:term":[{"taxonomy":"product_brand","embeddable":true,"href":"https:\/\/brilune.eu\/lv\/wp-json\/wp\/v2\/product_brand?post=31761"},{"taxonomy":"product_cat","embeddable":true,"href":"https:\/\/brilune.eu\/lv\/wp-json\/wp\/v2\/product_cat?post=31761"},{"taxonomy":"product_tag","embeddable":true,"href":"https:\/\/brilune.eu\/lv\/wp-json\/wp\/v2\/product_tag?post=31761"}],"curies":[{"name":"wp","href":"https:\/\/api.w.org\/{rel}","templated":true}]}}