{"id":31740,"date":"2025-02-18T22:53:20","date_gmt":"2025-02-18T20:53:20","guid":{"rendered":"https:\/\/brilune.eu\/?post_type=product&#038;p=31740"},"modified":"2025-02-18T23:10:43","modified_gmt":"2025-02-18T21:10:43","slug":"musdienigs-apals-kafijas-galdins-2","status":"publish","type":"product","link":"https:\/\/brilune.eu\/lv\/product\/musdienigs-apals-kafijas-galdins-2\/","title":{"rendered":"M\u016bsdien\u012bgs apa\u013c\u0161 kafijas galdi\u0146\u0161"},"content":{"rendered":"<p>\u0160is kafijas galdi\u0146\u0161, kas izgatavots no autentiska amerik\u0101\u0146u balt\u0101 ozola, ir elegances un meistar\u012bbas meistardarbs. T\u0101s dizains apvieno m\u016b\u017e\u012bgo skaistumu ar modernu stilu, padarot to par ide\u0101lu j\u016bsu dz\u012bves telpas centr\u0101lo elementu. Bag\u0101t\u012bg\u0101 ozola tekst\u016bra pie\u0161\u0137ir siltumu un raksturu, savuk\u0101rt iztur\u012bg\u0101 konstrukcija nodro\u0161ina iztur\u012bbu daudzus gadus. \u0160is galds b\u016bs ne tikai funkcion\u0101ls gabals, bet ar\u012b stil\u012bgs akcents j\u016bsu interjer\u0101, \u013caujot baud\u012bt izsmalcin\u0101tu dizainu katru dienu.<br \/>\nIzm\u0113rs: 80\u00d780\u00d745 cm.<br \/>\nMateri\u0101ls: Amerikas baltais ozols.<\/p>\n","protected":false},"excerpt":{"rendered":"<p>\u0160is kafijas galdi\u0146\u0161, kas izgatavots no autentiska amerik\u0101\u0146u balt\u0101 ozola, ir elegances un meistar\u012bbas meistardarbs. T\u0101s dizains apvieno m\u016b\u017e\u012bgu skaistumu ar modernu&#8230;<\/p>\n","protected":false},"featured_media":3130,"comment_status":"open","ping_status":"closed","template":"","meta":[],"product_brand":[],"product_cat":[4686,1627],"product_tag":[],"class_list":{"0":"post-31740","1":"product","2":"type-product","3":"status-publish","4":"has-post-thumbnail","6":"product_cat-kafijas-galdini-galdi-2-4","7":"product_cat-kafijas-galdini","9":"first","10":"instock","11":"shipping-taxable","12":"purchasable","13":"product-type-variable"},"yoast_head":"<!-- This site is optimized with the Yoast SEO plugin v26.0 - https:\/\/yoast.com\/wordpress\/plugins\/seo\/ -->\n<title>M\u016bsdien\u012bgs apa\u013c\u0161 kafijas galdi\u0146\u0161<\/title>\n<meta name=\"description\" content=\"\u0160is kafijas galdi\u0146\u0161, kas izgatavots no autentiska amerik\u0101\u0146u balt\u0101 ozola, ir elegances un meistar\u012bbas meistardarbs. T\u0101s dizains apvieno m\u016b\u017e\u012bgu skaistumu ar modernu...\" \/>\n<meta name=\"robots\" content=\"index, follow, max-snippet:-1, max-image-preview:large, max-video-preview:-1\" \/>\n<link rel=\"canonical\" href=\"https:\/\/brilune.eu\/lv\/product\/musdienigs-apals-kafijas-galdins-2\/\" \/>\n<meta property=\"og:locale\" content=\"lv_LV\" \/>\n<meta property=\"og:type\" content=\"article\" \/>\n<meta property=\"og:title\" content=\"M\u016bsdien\u012bgs apa\u013c\u0161 kafijas galdi\u0146\u0161\" \/>\n<meta property=\"og:description\" content=\"\u0160is kafijas galdi\u0146\u0161, kas izgatavots no autentiska amerik\u0101\u0146u balt\u0101 ozola, ir elegances un meistar\u012bbas meistardarbs. T\u0101s dizains apvieno m\u016b\u017e\u012bgu skaistumu ar modernu...\" \/>\n<meta property=\"og:url\" content=\"https:\/\/brilune.eu\/lv\/product\/musdienigs-apals-kafijas-galdins-2\/\" \/>\n<meta property=\"og:site_name\" content=\"Brilune\" \/>\n<meta property=\"article:modified_time\" content=\"2025-02-18T21:10:43+00:00\" \/>\n<meta property=\"og:image\" content=\"https:\/\/brilune.eu\/wp-content\/uploads\/2025\/01\/O1CN014pfWbu1gGGMR6JLB2_2217667434114-0-cib.jpg\" \/>\n\t<meta property=\"og:image:width\" content=\"800\" \/>\n\t<meta property=\"og:image:height\" content=\"800\" \/>\n\t<meta property=\"og:image:type\" content=\"image\/jpeg\" \/>\n<meta name=\"twitter:card\" content=\"summary_large_image\" \/>\n<script type=\"application\/ld+json\" class=\"yoast-schema-graph\">{\"@context\":\"https:\/\/schema.org\",\"@graph\":[{\"@type\":\"WebPage\",\"@id\":\"https:\/\/brilune.eu\/lv\/product\/musdienigs-apals-kafijas-galdins-2\/\",\"url\":\"https:\/\/brilune.eu\/lv\/product\/musdienigs-apals-kafijas-galdins-2\/\",\"name\":\"M\u016bsdien\u012bgs apa\u013c\u0161 kafijas galdi\u0146\u0161\",\"isPartOf\":{\"@id\":\"https:\/\/brilune.eu\/lv\/#website\"},\"primaryImageOfPage\":{\"@id\":\"https:\/\/brilune.eu\/lv\/product\/musdienigs-apals-kafijas-galdins-2\/#primaryimage\"},\"image\":{\"@id\":\"https:\/\/brilune.eu\/lv\/product\/musdienigs-apals-kafijas-galdins-2\/#primaryimage\"},\"thumbnailUrl\":\"https:\/\/brilune.eu\/wp-content\/uploads\/2025\/01\/O1CN014pfWbu1gGGMR6JLB2_2217667434114-0-cib.jpg\",\"datePublished\":\"2025-02-18T20:53:20+00:00\",\"dateModified\":\"2025-02-18T21:10:43+00:00\",\"description\":\"\u0160is kafijas galdi\u0146\u0161, kas izgatavots no autentiska amerik\u0101\u0146u balt\u0101 ozola, ir elegances un meistar\u012bbas meistardarbs. T\u0101s dizains apvieno m\u016b\u017e\u012bgu skaistumu ar modernu...\",\"breadcrumb\":{\"@id\":\"https:\/\/brilune.eu\/lv\/product\/musdienigs-apals-kafijas-galdins-2\/#breadcrumb\"},\"inLanguage\":\"lv-LV\",\"potentialAction\":[{\"@type\":\"ReadAction\",\"target\":[\"https:\/\/brilune.eu\/lv\/product\/musdienigs-apals-kafijas-galdins-2\/\"]}]},{\"@type\":\"ImageObject\",\"inLanguage\":\"lv-LV\",\"@id\":\"https:\/\/brilune.eu\/lv\/product\/musdienigs-apals-kafijas-galdins-2\/#primaryimage\",\"url\":\"https:\/\/brilune.eu\/wp-content\/uploads\/2025\/01\/O1CN014pfWbu1gGGMR6JLB2_2217667434114-0-cib.jpg\",\"contentUrl\":\"https:\/\/brilune.eu\/wp-content\/uploads\/2025\/01\/O1CN014pfWbu1gGGMR6JLB2_2217667434114-0-cib.jpg\",\"width\":800,\"height\":800},{\"@type\":\"BreadcrumbList\",\"@id\":\"https:\/\/brilune.eu\/lv\/product\/musdienigs-apals-kafijas-galdins-2\/#breadcrumb\",\"itemListElement\":[{\"@type\":\"ListItem\",\"position\":1,\"name\":\"S\u0101kums\",\"item\":\"https:\/\/brilune.eu\/lv\/brilune-mebeles\/\"},{\"@type\":\"ListItem\",\"position\":2,\"name\":\"Visi produkti\",\"item\":\"https:\/\/brilune.eu\/lv\/shop\/\"},{\"@type\":\"ListItem\",\"position\":3,\"name\":\"M\u016bsdien\u012bgs apa\u013c\u0161 kafijas galdi\u0146\u0161\"}]},{\"@type\":\"WebSite\",\"@id\":\"https:\/\/brilune.eu\/lv\/#website\",\"url\":\"https:\/\/brilune.eu\/lv\/\",\"name\":\"Brilune\",\"description\":\"M\u0113s pied\u0101v\u0101jam unik\u0101lus un nebiju\u0161us dizainus, kas apvieno eleganci, funkcionalit\u0101ti un rado\u0161umu.\",\"potentialAction\":[{\"@type\":\"SearchAction\",\"target\":{\"@type\":\"EntryPoint\",\"urlTemplate\":\"https:\/\/brilune.eu\/lv\/?s={search_term_string}\"},\"query-input\":{\"@type\":\"PropertyValueSpecification\",\"valueRequired\":true,\"valueName\":\"search_term_string\"}}],\"inLanguage\":\"lv-LV\"}]}<\/script>\n<!-- \/ Yoast SEO plugin. -->","yoast_head_json":{"title":"M\u016bsdien\u012bgs apa\u013c\u0161 kafijas galdi\u0146\u0161","description":"\u0160is kafijas galdi\u0146\u0161, kas izgatavots no autentiska amerik\u0101\u0146u balt\u0101 ozola, ir elegances un meistar\u012bbas meistardarbs. T\u0101s dizains apvieno m\u016b\u017e\u012bgu skaistumu ar modernu...","robots":{"index":"index","follow":"follow","max-snippet":"max-snippet:-1","max-image-preview":"max-image-preview:large","max-video-preview":"max-video-preview:-1"},"canonical":"https:\/\/brilune.eu\/lv\/product\/musdienigs-apals-kafijas-galdins-2\/","og_locale":"lv_LV","og_type":"article","og_title":"M\u016bsdien\u012bgs apa\u013c\u0161 kafijas galdi\u0146\u0161","og_description":"\u0160is kafijas galdi\u0146\u0161, kas izgatavots no autentiska amerik\u0101\u0146u balt\u0101 ozola, ir elegances un meistar\u012bbas meistardarbs. T\u0101s dizains apvieno m\u016b\u017e\u012bgu skaistumu ar modernu...","og_url":"https:\/\/brilune.eu\/lv\/product\/musdienigs-apals-kafijas-galdins-2\/","og_site_name":"Brilune","article_modified_time":"2025-02-18T21:10:43+00:00","og_image":[{"width":800,"height":800,"url":"https:\/\/brilune.eu\/wp-content\/uploads\/2025\/01\/O1CN014pfWbu1gGGMR6JLB2_2217667434114-0-cib.jpg","type":"image\/jpeg"}],"twitter_card":"summary_large_image","schema":{"@context":"https:\/\/schema.org","@graph":[{"@type":"WebPage","@id":"https:\/\/brilune.eu\/lv\/product\/musdienigs-apals-kafijas-galdins-2\/","url":"https:\/\/brilune.eu\/lv\/product\/musdienigs-apals-kafijas-galdins-2\/","name":"M\u016bsdien\u012bgs apa\u013c\u0161 kafijas galdi\u0146\u0161","isPartOf":{"@id":"https:\/\/brilune.eu\/lv\/#website"},"primaryImageOfPage":{"@id":"https:\/\/brilune.eu\/lv\/product\/musdienigs-apals-kafijas-galdins-2\/#primaryimage"},"image":{"@id":"https:\/\/brilune.eu\/lv\/product\/musdienigs-apals-kafijas-galdins-2\/#primaryimage"},"thumbnailUrl":"https:\/\/brilune.eu\/wp-content\/uploads\/2025\/01\/O1CN014pfWbu1gGGMR6JLB2_2217667434114-0-cib.jpg","datePublished":"2025-02-18T20:53:20+00:00","dateModified":"2025-02-18T21:10:43+00:00","description":"\u0160is kafijas galdi\u0146\u0161, kas izgatavots no autentiska amerik\u0101\u0146u balt\u0101 ozola, ir elegances un meistar\u012bbas meistardarbs. T\u0101s dizains apvieno m\u016b\u017e\u012bgu skaistumu ar modernu...","breadcrumb":{"@id":"https:\/\/brilune.eu\/lv\/product\/musdienigs-apals-kafijas-galdins-2\/#breadcrumb"},"inLanguage":"lv-LV","potentialAction":[{"@type":"ReadAction","target":["https:\/\/brilune.eu\/lv\/product\/musdienigs-apals-kafijas-galdins-2\/"]}]},{"@type":"ImageObject","inLanguage":"lv-LV","@id":"https:\/\/brilune.eu\/lv\/product\/musdienigs-apals-kafijas-galdins-2\/#primaryimage","url":"https:\/\/brilune.eu\/wp-content\/uploads\/2025\/01\/O1CN014pfWbu1gGGMR6JLB2_2217667434114-0-cib.jpg","contentUrl":"https:\/\/brilune.eu\/wp-content\/uploads\/2025\/01\/O1CN014pfWbu1gGGMR6JLB2_2217667434114-0-cib.jpg","width":800,"height":800},{"@type":"BreadcrumbList","@id":"https:\/\/brilune.eu\/lv\/product\/musdienigs-apals-kafijas-galdins-2\/#breadcrumb","itemListElement":[{"@type":"ListItem","position":1,"name":"S\u0101kums","item":"https:\/\/brilune.eu\/lv\/brilune-mebeles\/"},{"@type":"ListItem","position":2,"name":"Visi produkti","item":"https:\/\/brilune.eu\/lv\/shop\/"},{"@type":"ListItem","position":3,"name":"M\u016bsdien\u012bgs apa\u013c\u0161 kafijas galdi\u0146\u0161"}]},{"@type":"WebSite","@id":"https:\/\/brilune.eu\/lv\/#website","url":"https:\/\/brilune.eu\/lv\/","name":"Brilune","description":"M\u0113s pied\u0101v\u0101jam unik\u0101lus un nebiju\u0161us dizainus, kas apvieno eleganci, funkcionalit\u0101ti un rado\u0161umu.","potentialAction":[{"@type":"SearchAction","target":{"@type":"EntryPoint","urlTemplate":"https:\/\/brilune.eu\/lv\/?s={search_term_string}"},"query-input":{"@type":"PropertyValueSpecification","valueRequired":true,"valueName":"search_term_string"}}],"inLanguage":"lv-LV"}]}},"jetpack_sharing_enabled":true,"_links":{"self":[{"href":"https:\/\/brilune.eu\/lv\/wp-json\/wp\/v2\/product\/31740","targetHints":{"allow":["GET"]}}],"collection":[{"href":"https:\/\/brilune.eu\/lv\/wp-json\/wp\/v2\/product"}],"about":[{"href":"https:\/\/brilune.eu\/lv\/wp-json\/wp\/v2\/types\/product"}],"replies":[{"embeddable":true,"href":"https:\/\/brilune.eu\/lv\/wp-json\/wp\/v2\/comments?post=31740"}],"version-history":[{"count":1,"href":"https:\/\/brilune.eu\/lv\/wp-json\/wp\/v2\/product\/31740\/revisions"}],"predecessor-version":[{"id":31769,"href":"https:\/\/brilune.eu\/lv\/wp-json\/wp\/v2\/product\/31740\/revisions\/31769"}],"wp:featuredmedia":[{"embeddable":true,"href":"https:\/\/brilune.eu\/lv\/wp-json\/wp\/v2\/media\/3130"}],"wp:attachment":[{"href":"https:\/\/brilune.eu\/lv\/wp-json\/wp\/v2\/media?parent=31740"}],"wp:term":[{"taxonomy":"product_brand","embeddable":true,"href":"https:\/\/brilune.eu\/lv\/wp-json\/wp\/v2\/product_brand?post=31740"},{"taxonomy":"product_cat","embeddable":true,"href":"https:\/\/brilune.eu\/lv\/wp-json\/wp\/v2\/product_cat?post=31740"},{"taxonomy":"product_tag","embeddable":true,"href":"https:\/\/brilune.eu\/lv\/wp-json\/wp\/v2\/product_tag?post=31740"}],"curies":[{"name":"wp","href":"https:\/\/api.w.org\/{rel}","templated":true}]}}