{"id":31692,"date":"2025-02-18T22:52:03","date_gmt":"2025-02-18T20:52:03","guid":{"rendered":"https:\/\/brilune.eu\/?post_type=product&#038;p=31692"},"modified":"2025-02-18T23:10:33","modified_gmt":"2025-02-18T21:10:33","slug":"elegants-edamistabas-kresls","status":"publish","type":"product","link":"https:\/\/brilune.eu\/lv\/product\/elegants-edamistabas-kresls\/","title":{"rendered":"Elegants \u0113damistabas kr\u0113sls"},"content":{"rendered":"<p>\u0160is kr\u0113sls lieliski papildin\u0101s j\u016bsu \u0113damistabas zonu. Tam ir moderns dizains, kas neman\u0101mi ieder\u0113sies j\u016bsu m\u0101j\u0101s. Lai gan tai nav groz\u0101mu elementu, t\u0101 funkcion\u0101l\u0101s \u012bpa\u0161\u012bbas pied\u0101v\u0101 vienk\u0101r\u0161otu un personaliz\u0113tu pieeju j\u016bsu \u0113damistabas telpai.<br \/>\nMateri\u0101ls: audums, met\u0101la r\u0101mis.<br \/>\nIzm\u0113ri: 47x46x84 cm.<\/p>\n<p>L\u016bdzu, \u0146emiet v\u0113r\u0101, ka ir pieejamas papildu kr\u0101su iesp\u0113jas. Lai ieg\u016btu pilnu sarakstu, sazinieties ar m\u016bsu atbalsta komandu.<\/p>\n","protected":false},"excerpt":{"rendered":"<p>\u0160is kr\u0113sls lieliski papildin\u0101s j\u016bsu \u0113damistabas zonu. Tam ir moderns dizains, kas neman\u0101mi ieder\u0113sies j\u016bsu m\u0101j\u0101s. Lai gan tam nav swiv&#8230;<\/p>\n","protected":false},"featured_media":3082,"comment_status":"open","ping_status":"closed","template":"","meta":[],"product_brand":[],"product_cat":[1517,4682],"product_tag":[],"class_list":{"0":"post-31692","1":"product","2":"type-product","3":"status-publish","4":"has-post-thumbnail","6":"product_cat-edamistabas-kresli-kresli-2","7":"product_cat-edamistabas-kresli-kresli-3","9":"first","10":"instock","11":"shipping-taxable","12":"purchasable","13":"product-type-variable"},"yoast_head":"<!-- This site is optimized with the Yoast SEO plugin v26.0 - https:\/\/yoast.com\/wordpress\/plugins\/seo\/ -->\n<title>Elegants \u0113damistabas kr\u0113sls<\/title>\n<meta name=\"description\" content=\"\u0160is kr\u0113sls lieliski papildin\u0101s j\u016bsu \u0113damistabas zonu. Tam ir moderns dizains, kas neman\u0101mi ieder\u0113sies j\u016bsu m\u0101j\u0101s. Lai gan tam nav swiv...\" \/>\n<meta name=\"robots\" content=\"index, follow, max-snippet:-1, max-image-preview:large, max-video-preview:-1\" \/>\n<link rel=\"canonical\" href=\"https:\/\/brilune.eu\/lv\/product\/elegants-edamistabas-kresls\/\" \/>\n<meta property=\"og:locale\" content=\"lv_LV\" \/>\n<meta property=\"og:type\" content=\"article\" \/>\n<meta property=\"og:title\" content=\"Elegants \u0113damistabas kr\u0113sls\" \/>\n<meta property=\"og:description\" content=\"\u0160is kr\u0113sls lieliski papildin\u0101s j\u016bsu \u0113damistabas zonu. Tam ir moderns dizains, kas neman\u0101mi ieder\u0113sies j\u016bsu m\u0101j\u0101s. Lai gan tam nav swiv...\" \/>\n<meta property=\"og:url\" content=\"https:\/\/brilune.eu\/lv\/product\/elegants-edamistabas-kresls\/\" \/>\n<meta property=\"og:site_name\" content=\"Brilune\" \/>\n<meta property=\"article:modified_time\" content=\"2025-02-18T21:10:33+00:00\" \/>\n<meta property=\"og:image\" content=\"https:\/\/brilune.eu\/wp-content\/uploads\/2025\/01\/lise-dining-chairs-chair-grey-492426_1296x.jpg\" \/>\n\t<meta property=\"og:image:width\" content=\"1296\" \/>\n\t<meta property=\"og:image:height\" content=\"1296\" \/>\n\t<meta property=\"og:image:type\" content=\"image\/jpeg\" \/>\n<meta name=\"twitter:card\" content=\"summary_large_image\" \/>\n<script type=\"application\/ld+json\" class=\"yoast-schema-graph\">{\"@context\":\"https:\/\/schema.org\",\"@graph\":[{\"@type\":\"WebPage\",\"@id\":\"https:\/\/brilune.eu\/lv\/product\/elegants-edamistabas-kresls\/\",\"url\":\"https:\/\/brilune.eu\/lv\/product\/elegants-edamistabas-kresls\/\",\"name\":\"Elegants \u0113damistabas kr\u0113sls\",\"isPartOf\":{\"@id\":\"https:\/\/brilune.eu\/lv\/#website\"},\"primaryImageOfPage\":{\"@id\":\"https:\/\/brilune.eu\/lv\/product\/elegants-edamistabas-kresls\/#primaryimage\"},\"image\":{\"@id\":\"https:\/\/brilune.eu\/lv\/product\/elegants-edamistabas-kresls\/#primaryimage\"},\"thumbnailUrl\":\"https:\/\/brilune.eu\/wp-content\/uploads\/2025\/01\/lise-dining-chairs-chair-grey-492426_1296x.jpg\",\"datePublished\":\"2025-02-18T20:52:03+00:00\",\"dateModified\":\"2025-02-18T21:10:33+00:00\",\"description\":\"\u0160is kr\u0113sls lieliski papildin\u0101s j\u016bsu \u0113damistabas zonu. Tam ir moderns dizains, kas neman\u0101mi ieder\u0113sies j\u016bsu m\u0101j\u0101s. Lai gan tam nav swiv...\",\"breadcrumb\":{\"@id\":\"https:\/\/brilune.eu\/lv\/product\/elegants-edamistabas-kresls\/#breadcrumb\"},\"inLanguage\":\"lv-LV\",\"potentialAction\":[{\"@type\":\"ReadAction\",\"target\":[\"https:\/\/brilune.eu\/lv\/product\/elegants-edamistabas-kresls\/\"]}]},{\"@type\":\"ImageObject\",\"inLanguage\":\"lv-LV\",\"@id\":\"https:\/\/brilune.eu\/lv\/product\/elegants-edamistabas-kresls\/#primaryimage\",\"url\":\"https:\/\/brilune.eu\/wp-content\/uploads\/2025\/01\/lise-dining-chairs-chair-grey-492426_1296x.jpg\",\"contentUrl\":\"https:\/\/brilune.eu\/wp-content\/uploads\/2025\/01\/lise-dining-chairs-chair-grey-492426_1296x.jpg\",\"width\":1296,\"height\":1296},{\"@type\":\"BreadcrumbList\",\"@id\":\"https:\/\/brilune.eu\/lv\/product\/elegants-edamistabas-kresls\/#breadcrumb\",\"itemListElement\":[{\"@type\":\"ListItem\",\"position\":1,\"name\":\"S\u0101kums\",\"item\":\"https:\/\/brilune.eu\/lv\/brilune-mebeles\/\"},{\"@type\":\"ListItem\",\"position\":2,\"name\":\"Visi produkti\",\"item\":\"https:\/\/brilune.eu\/lv\/shop\/\"},{\"@type\":\"ListItem\",\"position\":3,\"name\":\"Elegants \u0113damistabas kr\u0113sls\"}]},{\"@type\":\"WebSite\",\"@id\":\"https:\/\/brilune.eu\/lv\/#website\",\"url\":\"https:\/\/brilune.eu\/lv\/\",\"name\":\"Brilune\",\"description\":\"M\u0113s pied\u0101v\u0101jam unik\u0101lus un nebiju\u0161us dizainus, kas apvieno eleganci, funkcionalit\u0101ti un rado\u0161umu.\",\"potentialAction\":[{\"@type\":\"SearchAction\",\"target\":{\"@type\":\"EntryPoint\",\"urlTemplate\":\"https:\/\/brilune.eu\/lv\/?s={search_term_string}\"},\"query-input\":{\"@type\":\"PropertyValueSpecification\",\"valueRequired\":true,\"valueName\":\"search_term_string\"}}],\"inLanguage\":\"lv-LV\"}]}<\/script>\n<!-- \/ Yoast SEO plugin. -->","yoast_head_json":{"title":"Elegants \u0113damistabas kr\u0113sls","description":"\u0160is kr\u0113sls lieliski papildin\u0101s j\u016bsu \u0113damistabas zonu. Tam ir moderns dizains, kas neman\u0101mi ieder\u0113sies j\u016bsu m\u0101j\u0101s. Lai gan tam nav swiv...","robots":{"index":"index","follow":"follow","max-snippet":"max-snippet:-1","max-image-preview":"max-image-preview:large","max-video-preview":"max-video-preview:-1"},"canonical":"https:\/\/brilune.eu\/lv\/product\/elegants-edamistabas-kresls\/","og_locale":"lv_LV","og_type":"article","og_title":"Elegants \u0113damistabas kr\u0113sls","og_description":"\u0160is kr\u0113sls lieliski papildin\u0101s j\u016bsu \u0113damistabas zonu. Tam ir moderns dizains, kas neman\u0101mi ieder\u0113sies j\u016bsu m\u0101j\u0101s. Lai gan tam nav swiv...","og_url":"https:\/\/brilune.eu\/lv\/product\/elegants-edamistabas-kresls\/","og_site_name":"Brilune","article_modified_time":"2025-02-18T21:10:33+00:00","og_image":[{"width":1296,"height":1296,"url":"https:\/\/brilune.eu\/wp-content\/uploads\/2025\/01\/lise-dining-chairs-chair-grey-492426_1296x.jpg","type":"image\/jpeg"}],"twitter_card":"summary_large_image","schema":{"@context":"https:\/\/schema.org","@graph":[{"@type":"WebPage","@id":"https:\/\/brilune.eu\/lv\/product\/elegants-edamistabas-kresls\/","url":"https:\/\/brilune.eu\/lv\/product\/elegants-edamistabas-kresls\/","name":"Elegants \u0113damistabas kr\u0113sls","isPartOf":{"@id":"https:\/\/brilune.eu\/lv\/#website"},"primaryImageOfPage":{"@id":"https:\/\/brilune.eu\/lv\/product\/elegants-edamistabas-kresls\/#primaryimage"},"image":{"@id":"https:\/\/brilune.eu\/lv\/product\/elegants-edamistabas-kresls\/#primaryimage"},"thumbnailUrl":"https:\/\/brilune.eu\/wp-content\/uploads\/2025\/01\/lise-dining-chairs-chair-grey-492426_1296x.jpg","datePublished":"2025-02-18T20:52:03+00:00","dateModified":"2025-02-18T21:10:33+00:00","description":"\u0160is kr\u0113sls lieliski papildin\u0101s j\u016bsu \u0113damistabas zonu. Tam ir moderns dizains, kas neman\u0101mi ieder\u0113sies j\u016bsu m\u0101j\u0101s. Lai gan tam nav swiv...","breadcrumb":{"@id":"https:\/\/brilune.eu\/lv\/product\/elegants-edamistabas-kresls\/#breadcrumb"},"inLanguage":"lv-LV","potentialAction":[{"@type":"ReadAction","target":["https:\/\/brilune.eu\/lv\/product\/elegants-edamistabas-kresls\/"]}]},{"@type":"ImageObject","inLanguage":"lv-LV","@id":"https:\/\/brilune.eu\/lv\/product\/elegants-edamistabas-kresls\/#primaryimage","url":"https:\/\/brilune.eu\/wp-content\/uploads\/2025\/01\/lise-dining-chairs-chair-grey-492426_1296x.jpg","contentUrl":"https:\/\/brilune.eu\/wp-content\/uploads\/2025\/01\/lise-dining-chairs-chair-grey-492426_1296x.jpg","width":1296,"height":1296},{"@type":"BreadcrumbList","@id":"https:\/\/brilune.eu\/lv\/product\/elegants-edamistabas-kresls\/#breadcrumb","itemListElement":[{"@type":"ListItem","position":1,"name":"S\u0101kums","item":"https:\/\/brilune.eu\/lv\/brilune-mebeles\/"},{"@type":"ListItem","position":2,"name":"Visi produkti","item":"https:\/\/brilune.eu\/lv\/shop\/"},{"@type":"ListItem","position":3,"name":"Elegants \u0113damistabas kr\u0113sls"}]},{"@type":"WebSite","@id":"https:\/\/brilune.eu\/lv\/#website","url":"https:\/\/brilune.eu\/lv\/","name":"Brilune","description":"M\u0113s pied\u0101v\u0101jam unik\u0101lus un nebiju\u0161us dizainus, kas apvieno eleganci, funkcionalit\u0101ti un rado\u0161umu.","potentialAction":[{"@type":"SearchAction","target":{"@type":"EntryPoint","urlTemplate":"https:\/\/brilune.eu\/lv\/?s={search_term_string}"},"query-input":{"@type":"PropertyValueSpecification","valueRequired":true,"valueName":"search_term_string"}}],"inLanguage":"lv-LV"}]}},"jetpack_sharing_enabled":true,"_links":{"self":[{"href":"https:\/\/brilune.eu\/lv\/wp-json\/wp\/v2\/product\/31692","targetHints":{"allow":["GET"]}}],"collection":[{"href":"https:\/\/brilune.eu\/lv\/wp-json\/wp\/v2\/product"}],"about":[{"href":"https:\/\/brilune.eu\/lv\/wp-json\/wp\/v2\/types\/product"}],"replies":[{"embeddable":true,"href":"https:\/\/brilune.eu\/lv\/wp-json\/wp\/v2\/comments?post=31692"}],"version-history":[{"count":1,"href":"https:\/\/brilune.eu\/lv\/wp-json\/wp\/v2\/product\/31692\/revisions"}],"predecessor-version":[{"id":31722,"href":"https:\/\/brilune.eu\/lv\/wp-json\/wp\/v2\/product\/31692\/revisions\/31722"}],"wp:featuredmedia":[{"embeddable":true,"href":"https:\/\/brilune.eu\/lv\/wp-json\/wp\/v2\/media\/3082"}],"wp:attachment":[{"href":"https:\/\/brilune.eu\/lv\/wp-json\/wp\/v2\/media?parent=31692"}],"wp:term":[{"taxonomy":"product_brand","embeddable":true,"href":"https:\/\/brilune.eu\/lv\/wp-json\/wp\/v2\/product_brand?post=31692"},{"taxonomy":"product_cat","embeddable":true,"href":"https:\/\/brilune.eu\/lv\/wp-json\/wp\/v2\/product_cat?post=31692"},{"taxonomy":"product_tag","embeddable":true,"href":"https:\/\/brilune.eu\/lv\/wp-json\/wp\/v2\/product_tag?post=31692"}],"curies":[{"name":"wp","href":"https:\/\/api.w.org\/{rel}","templated":true}]}}