{"id":31581,"date":"2025-02-18T22:49:24","date_gmt":"2025-02-18T20:49:24","guid":{"rendered":"https:\/\/brilune.eu\/?post_type=product&#038;p=31581"},"modified":"2025-02-18T23:10:22","modified_gmt":"2025-02-18T21:10:22","slug":"musdienigs-viesistabas-divans","status":"publish","type":"product","link":"https:\/\/brilune.eu\/lv\/product\/musdienigs-viesistabas-divans\/","title":{"rendered":"M\u016bsdien\u012bgs viesistabas d\u012bv\u0101ns"},"content":{"rendered":"<p>\u0160is d\u012bv\u0101ns ir elegances un komforta sajaukums, kas atbilst jaun\u0101kaj\u0101m tendenc\u0113m. Tas iemieso perfektu l\u012bdzsvaru starp klasisko un moderno dizainu, padarot to par ide\u0101lu papildin\u0101jumu j\u016bsu m\u0101j\u0101m. Ar m\u012bksto s\u0113dvietu un iztur\u012bgo konstrukciju \u0161is d\u012bv\u0101ns pied\u0101v\u0101 greznu un aicino\u0161u s\u0113dekli. Neatkar\u012bgi no t\u0101, vai atp\u016b\u0161aties p\u0113c garas dienas vai izklaid\u0113jat draugus, \u0161is satrieco\u0161ais d\u012bv\u0101ns ir lab\u0101k\u0101 izv\u0113le.<br \/>\nMateri\u0101ls: koka r\u0101mis, s\u0113deklis ar atmi\u0146as ietilp\u012bbu, mat\u0113ts samts<br \/>\nIzm\u0113rs: 280 x 113 x 66 cm<\/p>\n","protected":false},"excerpt":{"rendered":"<p>\u0160is d\u012bv\u0101ns ir elegances un komforta sajaukums, kas atbilst jaun\u0101kaj\u0101m tendenc\u0113m. Tas iemieso perfektu l\u012bdzsvaru starp klasisko un moderno dizainu, padarot to par ide\u0101lu&#8230;<\/p>\n","protected":false},"featured_media":3015,"comment_status":"open","ping_status":"closed","template":"","meta":[],"product_brand":[],"product_cat":[143,1509],"product_tag":[],"class_list":{"0":"post-31581","1":"product","2":"type-product","3":"status-publish","4":"has-post-thumbnail","6":"product_cat-sofas-lv","7":"product_cat-divani-2","9":"first","10":"instock","11":"shipping-taxable","12":"purchasable","13":"product-type-variable"},"yoast_head":"<!-- This site is optimized with the Yoast SEO plugin v26.0 - https:\/\/yoast.com\/wordpress\/plugins\/seo\/ -->\n<title>M\u016bsdien\u012bgs viesistabas d\u012bv\u0101ns<\/title>\n<meta name=\"description\" content=\"\u0160is d\u012bv\u0101ns ir elegances un komforta sajaukums, kas atbilst jaun\u0101kaj\u0101m tendenc\u0113m. Tas iemieso perfektu l\u012bdzsvaru starp klasisko un moderno dizainu, padarot to par ide\u0101lu...\" \/>\n<meta name=\"robots\" content=\"index, follow, max-snippet:-1, max-image-preview:large, max-video-preview:-1\" \/>\n<link rel=\"canonical\" href=\"https:\/\/brilune.eu\/lv\/product\/musdienigs-viesistabas-divans\/\" \/>\n<meta property=\"og:locale\" content=\"lv_LV\" \/>\n<meta property=\"og:type\" content=\"article\" \/>\n<meta property=\"og:title\" content=\"M\u016bsdien\u012bgs viesistabas d\u012bv\u0101ns\" \/>\n<meta property=\"og:description\" content=\"\u0160is d\u012bv\u0101ns ir elegances un komforta sajaukums, kas atbilst jaun\u0101kaj\u0101m tendenc\u0113m. Tas iemieso perfektu l\u012bdzsvaru starp klasisko un moderno dizainu, padarot to par ide\u0101lu...\" \/>\n<meta property=\"og:url\" content=\"https:\/\/brilune.eu\/lv\/product\/musdienigs-viesistabas-divans\/\" \/>\n<meta property=\"og:site_name\" content=\"Brilune\" \/>\n<meta property=\"article:modified_time\" content=\"2025-02-18T21:10:22+00:00\" \/>\n<meta property=\"og:image\" content=\"https:\/\/brilune.eu\/wp-content\/uploads\/2025\/01\/O1CN01wI80vV1jVKE1fIyWb_2217491104553-0-cib.jpg\" \/>\n\t<meta property=\"og:image:width\" content=\"800\" \/>\n\t<meta property=\"og:image:height\" content=\"800\" \/>\n\t<meta property=\"og:image:type\" content=\"image\/jpeg\" \/>\n<meta name=\"twitter:card\" content=\"summary_large_image\" \/>\n<meta name=\"twitter:label1\" content=\"Est. reading time\" \/>\n\t<meta name=\"twitter:data1\" content=\"1 minute\" \/>\n<script type=\"application\/ld+json\" class=\"yoast-schema-graph\">{\"@context\":\"https:\/\/schema.org\",\"@graph\":[{\"@type\":\"WebPage\",\"@id\":\"https:\/\/brilune.eu\/lv\/product\/musdienigs-viesistabas-divans\/\",\"url\":\"https:\/\/brilune.eu\/lv\/product\/musdienigs-viesistabas-divans\/\",\"name\":\"M\u016bsdien\u012bgs viesistabas d\u012bv\u0101ns\",\"isPartOf\":{\"@id\":\"https:\/\/brilune.eu\/lv\/#website\"},\"primaryImageOfPage\":{\"@id\":\"https:\/\/brilune.eu\/lv\/product\/musdienigs-viesistabas-divans\/#primaryimage\"},\"image\":{\"@id\":\"https:\/\/brilune.eu\/lv\/product\/musdienigs-viesistabas-divans\/#primaryimage\"},\"thumbnailUrl\":\"https:\/\/brilune.eu\/wp-content\/uploads\/2025\/01\/O1CN01wI80vV1jVKE1fIyWb_2217491104553-0-cib.jpg\",\"datePublished\":\"2025-02-18T20:49:24+00:00\",\"dateModified\":\"2025-02-18T21:10:22+00:00\",\"description\":\"\u0160is d\u012bv\u0101ns ir elegances un komforta sajaukums, kas atbilst jaun\u0101kaj\u0101m tendenc\u0113m. Tas iemieso perfektu l\u012bdzsvaru starp klasisko un moderno dizainu, padarot to par ide\u0101lu...\",\"breadcrumb\":{\"@id\":\"https:\/\/brilune.eu\/lv\/product\/musdienigs-viesistabas-divans\/#breadcrumb\"},\"inLanguage\":\"lv-LV\",\"potentialAction\":[{\"@type\":\"ReadAction\",\"target\":[\"https:\/\/brilune.eu\/lv\/product\/musdienigs-viesistabas-divans\/\"]}]},{\"@type\":\"ImageObject\",\"inLanguage\":\"lv-LV\",\"@id\":\"https:\/\/brilune.eu\/lv\/product\/musdienigs-viesistabas-divans\/#primaryimage\",\"url\":\"https:\/\/brilune.eu\/wp-content\/uploads\/2025\/01\/O1CN01wI80vV1jVKE1fIyWb_2217491104553-0-cib.jpg\",\"contentUrl\":\"https:\/\/brilune.eu\/wp-content\/uploads\/2025\/01\/O1CN01wI80vV1jVKE1fIyWb_2217491104553-0-cib.jpg\",\"width\":800,\"height\":800},{\"@type\":\"BreadcrumbList\",\"@id\":\"https:\/\/brilune.eu\/lv\/product\/musdienigs-viesistabas-divans\/#breadcrumb\",\"itemListElement\":[{\"@type\":\"ListItem\",\"position\":1,\"name\":\"S\u0101kums\",\"item\":\"https:\/\/brilune.eu\/lv\/brilune-mebeles\/\"},{\"@type\":\"ListItem\",\"position\":2,\"name\":\"Visi produkti\",\"item\":\"https:\/\/brilune.eu\/lv\/shop\/\"},{\"@type\":\"ListItem\",\"position\":3,\"name\":\"M\u016bsdien\u012bgs viesistabas d\u012bv\u0101ns\"}]},{\"@type\":\"WebSite\",\"@id\":\"https:\/\/brilune.eu\/lv\/#website\",\"url\":\"https:\/\/brilune.eu\/lv\/\",\"name\":\"Brilune\",\"description\":\"M\u0113s pied\u0101v\u0101jam unik\u0101lus un nebiju\u0161us dizainus, kas apvieno eleganci, funkcionalit\u0101ti un rado\u0161umu.\",\"potentialAction\":[{\"@type\":\"SearchAction\",\"target\":{\"@type\":\"EntryPoint\",\"urlTemplate\":\"https:\/\/brilune.eu\/lv\/?s={search_term_string}\"},\"query-input\":{\"@type\":\"PropertyValueSpecification\",\"valueRequired\":true,\"valueName\":\"search_term_string\"}}],\"inLanguage\":\"lv-LV\"}]}<\/script>\n<!-- \/ Yoast SEO plugin. -->","yoast_head_json":{"title":"M\u016bsdien\u012bgs viesistabas d\u012bv\u0101ns","description":"\u0160is d\u012bv\u0101ns ir elegances un komforta sajaukums, kas atbilst jaun\u0101kaj\u0101m tendenc\u0113m. Tas iemieso perfektu l\u012bdzsvaru starp klasisko un moderno dizainu, padarot to par ide\u0101lu...","robots":{"index":"index","follow":"follow","max-snippet":"max-snippet:-1","max-image-preview":"max-image-preview:large","max-video-preview":"max-video-preview:-1"},"canonical":"https:\/\/brilune.eu\/lv\/product\/musdienigs-viesistabas-divans\/","og_locale":"lv_LV","og_type":"article","og_title":"M\u016bsdien\u012bgs viesistabas d\u012bv\u0101ns","og_description":"\u0160is d\u012bv\u0101ns ir elegances un komforta sajaukums, kas atbilst jaun\u0101kaj\u0101m tendenc\u0113m. Tas iemieso perfektu l\u012bdzsvaru starp klasisko un moderno dizainu, padarot to par ide\u0101lu...","og_url":"https:\/\/brilune.eu\/lv\/product\/musdienigs-viesistabas-divans\/","og_site_name":"Brilune","article_modified_time":"2025-02-18T21:10:22+00:00","og_image":[{"width":800,"height":800,"url":"https:\/\/brilune.eu\/wp-content\/uploads\/2025\/01\/O1CN01wI80vV1jVKE1fIyWb_2217491104553-0-cib.jpg","type":"image\/jpeg"}],"twitter_card":"summary_large_image","twitter_misc":{"Est. reading time":"1 minute"},"schema":{"@context":"https:\/\/schema.org","@graph":[{"@type":"WebPage","@id":"https:\/\/brilune.eu\/lv\/product\/musdienigs-viesistabas-divans\/","url":"https:\/\/brilune.eu\/lv\/product\/musdienigs-viesistabas-divans\/","name":"M\u016bsdien\u012bgs viesistabas d\u012bv\u0101ns","isPartOf":{"@id":"https:\/\/brilune.eu\/lv\/#website"},"primaryImageOfPage":{"@id":"https:\/\/brilune.eu\/lv\/product\/musdienigs-viesistabas-divans\/#primaryimage"},"image":{"@id":"https:\/\/brilune.eu\/lv\/product\/musdienigs-viesistabas-divans\/#primaryimage"},"thumbnailUrl":"https:\/\/brilune.eu\/wp-content\/uploads\/2025\/01\/O1CN01wI80vV1jVKE1fIyWb_2217491104553-0-cib.jpg","datePublished":"2025-02-18T20:49:24+00:00","dateModified":"2025-02-18T21:10:22+00:00","description":"\u0160is d\u012bv\u0101ns ir elegances un komforta sajaukums, kas atbilst jaun\u0101kaj\u0101m tendenc\u0113m. Tas iemieso perfektu l\u012bdzsvaru starp klasisko un moderno dizainu, padarot to par ide\u0101lu...","breadcrumb":{"@id":"https:\/\/brilune.eu\/lv\/product\/musdienigs-viesistabas-divans\/#breadcrumb"},"inLanguage":"lv-LV","potentialAction":[{"@type":"ReadAction","target":["https:\/\/brilune.eu\/lv\/product\/musdienigs-viesistabas-divans\/"]}]},{"@type":"ImageObject","inLanguage":"lv-LV","@id":"https:\/\/brilune.eu\/lv\/product\/musdienigs-viesistabas-divans\/#primaryimage","url":"https:\/\/brilune.eu\/wp-content\/uploads\/2025\/01\/O1CN01wI80vV1jVKE1fIyWb_2217491104553-0-cib.jpg","contentUrl":"https:\/\/brilune.eu\/wp-content\/uploads\/2025\/01\/O1CN01wI80vV1jVKE1fIyWb_2217491104553-0-cib.jpg","width":800,"height":800},{"@type":"BreadcrumbList","@id":"https:\/\/brilune.eu\/lv\/product\/musdienigs-viesistabas-divans\/#breadcrumb","itemListElement":[{"@type":"ListItem","position":1,"name":"S\u0101kums","item":"https:\/\/brilune.eu\/lv\/brilune-mebeles\/"},{"@type":"ListItem","position":2,"name":"Visi produkti","item":"https:\/\/brilune.eu\/lv\/shop\/"},{"@type":"ListItem","position":3,"name":"M\u016bsdien\u012bgs viesistabas d\u012bv\u0101ns"}]},{"@type":"WebSite","@id":"https:\/\/brilune.eu\/lv\/#website","url":"https:\/\/brilune.eu\/lv\/","name":"Brilune","description":"M\u0113s pied\u0101v\u0101jam unik\u0101lus un nebiju\u0161us dizainus, kas apvieno eleganci, funkcionalit\u0101ti un rado\u0161umu.","potentialAction":[{"@type":"SearchAction","target":{"@type":"EntryPoint","urlTemplate":"https:\/\/brilune.eu\/lv\/?s={search_term_string}"},"query-input":{"@type":"PropertyValueSpecification","valueRequired":true,"valueName":"search_term_string"}}],"inLanguage":"lv-LV"}]}},"jetpack_sharing_enabled":true,"_links":{"self":[{"href":"https:\/\/brilune.eu\/lv\/wp-json\/wp\/v2\/product\/31581","targetHints":{"allow":["GET"]}}],"collection":[{"href":"https:\/\/brilune.eu\/lv\/wp-json\/wp\/v2\/product"}],"about":[{"href":"https:\/\/brilune.eu\/lv\/wp-json\/wp\/v2\/types\/product"}],"replies":[{"embeddable":true,"href":"https:\/\/brilune.eu\/lv\/wp-json\/wp\/v2\/comments?post=31581"}],"version-history":[{"count":1,"href":"https:\/\/brilune.eu\/lv\/wp-json\/wp\/v2\/product\/31581\/revisions"}],"predecessor-version":[{"id":31605,"href":"https:\/\/brilune.eu\/lv\/wp-json\/wp\/v2\/product\/31581\/revisions\/31605"}],"wp:featuredmedia":[{"embeddable":true,"href":"https:\/\/brilune.eu\/lv\/wp-json\/wp\/v2\/media\/3015"}],"wp:attachment":[{"href":"https:\/\/brilune.eu\/lv\/wp-json\/wp\/v2\/media?parent=31581"}],"wp:term":[{"taxonomy":"product_brand","embeddable":true,"href":"https:\/\/brilune.eu\/lv\/wp-json\/wp\/v2\/product_brand?post=31581"},{"taxonomy":"product_cat","embeddable":true,"href":"https:\/\/brilune.eu\/lv\/wp-json\/wp\/v2\/product_cat?post=31581"},{"taxonomy":"product_tag","embeddable":true,"href":"https:\/\/brilune.eu\/lv\/wp-json\/wp\/v2\/product_tag?post=31581"}],"curies":[{"name":"wp","href":"https:\/\/api.w.org\/{rel}","templated":true}]}}