{"id":31572,"date":"2025-02-18T22:49:22","date_gmt":"2025-02-18T20:49:22","guid":{"rendered":"https:\/\/brilune.eu\/?post_type=product&#038;p=31572"},"modified":"2025-02-18T23:10:22","modified_gmt":"2025-02-18T21:10:22","slug":"luksusa-edamistabas-kresls","status":"publish","type":"product","link":"https:\/\/brilune.eu\/lv\/product\/luksusa-edamistabas-kresls\/","title":{"rendered":"Luksusa \u0113damistabas kr\u0113sls"},"content":{"rendered":"<p>\u0160is kr\u0113sls ir ide\u0101ls elegantas est\u0113tikas un grezn\u012bbas sajaukums, kas paredz\u0113ts, lai izgreznotu j\u016bsu \u0113damistabas zonu. Tas ir r\u016bp\u012bgi izstr\u0101d\u0101ts, lai ienestu eleganci un varen\u012bbu jebkur\u0101 telp\u0101. \u0160is \u0113damistabas kr\u0113sls ar m\u012bkstiem \u0101das s\u0113dek\u013ciem aicina j\u016bs atp\u016bsties un baud\u012bt malt\u012btes. Augstas kvalit\u0101tes \u0101da ne tikai pie\u0161\u0137ir izsmalcin\u0101t\u012bbu, bet ar\u012b nodro\u0161ina komfortu \u0113dienreizes laik\u0101. T\u0101 stil\u012bgais polster\u0113jums papildina da\u017e\u0101dus interjera dizainus, s\u0101kot no moderna l\u012bdz tradicion\u0101lam. Papildus est\u0113tiskajai pievilc\u012bbai \u0161im kr\u0113slam ir iztur\u012bga konstrukcija ilgsto\u0161ai lieto\u0161anai un vienk\u0101r\u0161a apkope, lai saglab\u0101tu savu izskatu ar\u012b turpm\u0101kajos gados.<br \/>\nMateri\u0101ls: \u012bsta \u0101da, ner\u016bs\u0113jo\u0161ais t\u0113rauds, lateksa atmi\u0146as putu spilvens<br \/>\nIzm\u0113rs: 75x50x54 cm<\/p>\n","protected":false},"excerpt":{"rendered":"<p>\u0160is kr\u0113sls ir ide\u0101ls elegantas est\u0113tikas un grezn\u012bbas sajaukums, kas paredz\u0113ts, lai izgreznotu j\u016bsu \u0113damistabas zonu. Tas ir r\u016bp\u012bgi izstr\u0101d\u0101ts, lai sniegtu eleganci un varen\u012bbu &#8230;<\/p>\n","protected":false},"featured_media":2987,"comment_status":"open","ping_status":"closed","template":"","meta":[],"product_brand":[],"product_cat":[4669],"product_tag":[],"class_list":{"0":"post-31572","1":"product","2":"type-product","3":"status-publish","4":"has-post-thumbnail","6":"product_cat-edamistabas-kresli-kresli-2-3","8":"first","9":"instock","10":"shipping-taxable","11":"purchasable","12":"product-type-variable"},"yoast_head":"<!-- This site is optimized with the Yoast SEO plugin v26.0 - https:\/\/yoast.com\/wordpress\/plugins\/seo\/ -->\n<title>Luksusa \u0113damistabas kr\u0113sls<\/title>\n<meta name=\"description\" content=\"\u0160is kr\u0113sls ir ide\u0101ls elegantas est\u0113tikas un grezn\u012bbas sajaukums, kas paredz\u0113ts, lai izgreznotu j\u016bsu \u0113damistabas zonu. Tas ir r\u016bp\u012bgi izstr\u0101d\u0101ts, lai sniegtu eleganci un varen\u012bbu ...\" \/>\n<meta name=\"robots\" content=\"index, follow, max-snippet:-1, max-image-preview:large, max-video-preview:-1\" \/>\n<link rel=\"canonical\" href=\"https:\/\/brilune.eu\/lv\/product\/luksusa-edamistabas-kresls\/\" \/>\n<meta property=\"og:locale\" content=\"lv_LV\" \/>\n<meta property=\"og:type\" content=\"article\" \/>\n<meta property=\"og:title\" content=\"Luksusa \u0113damistabas kr\u0113sls\" \/>\n<meta property=\"og:description\" content=\"\u0160is kr\u0113sls ir ide\u0101ls elegantas est\u0113tikas un grezn\u012bbas sajaukums, kas paredz\u0113ts, lai izgreznotu j\u016bsu \u0113damistabas zonu. Tas ir r\u016bp\u012bgi izstr\u0101d\u0101ts, lai sniegtu eleganci un varen\u012bbu ...\" \/>\n<meta property=\"og:url\" content=\"https:\/\/brilune.eu\/lv\/product\/luksusa-edamistabas-kresls\/\" \/>\n<meta property=\"og:site_name\" content=\"Brilune\" \/>\n<meta property=\"article:modified_time\" content=\"2025-02-18T21:10:22+00:00\" \/>\n<meta property=\"og:image\" content=\"https:\/\/brilune.eu\/wp-content\/uploads\/2025\/01\/aurelie-dining-chairs-chair-gold-907907_1296x.jpg\" \/>\n\t<meta property=\"og:image:width\" content=\"1296\" \/>\n\t<meta property=\"og:image:height\" content=\"1296\" \/>\n\t<meta property=\"og:image:type\" content=\"image\/jpeg\" \/>\n<meta name=\"twitter:card\" content=\"summary_large_image\" \/>\n<meta name=\"twitter:label1\" content=\"Est. reading time\" \/>\n\t<meta name=\"twitter:data1\" content=\"1 minute\" \/>\n<script type=\"application\/ld+json\" class=\"yoast-schema-graph\">{\"@context\":\"https:\/\/schema.org\",\"@graph\":[{\"@type\":\"WebPage\",\"@id\":\"https:\/\/brilune.eu\/lv\/product\/luksusa-edamistabas-kresls\/\",\"url\":\"https:\/\/brilune.eu\/lv\/product\/luksusa-edamistabas-kresls\/\",\"name\":\"Luksusa \u0113damistabas kr\u0113sls\",\"isPartOf\":{\"@id\":\"https:\/\/brilune.eu\/lv\/#website\"},\"primaryImageOfPage\":{\"@id\":\"https:\/\/brilune.eu\/lv\/product\/luksusa-edamistabas-kresls\/#primaryimage\"},\"image\":{\"@id\":\"https:\/\/brilune.eu\/lv\/product\/luksusa-edamistabas-kresls\/#primaryimage\"},\"thumbnailUrl\":\"https:\/\/brilune.eu\/wp-content\/uploads\/2025\/01\/aurelie-dining-chairs-chair-gold-907907_1296x.jpg\",\"datePublished\":\"2025-02-18T20:49:22+00:00\",\"dateModified\":\"2025-02-18T21:10:22+00:00\",\"description\":\"\u0160is kr\u0113sls ir ide\u0101ls elegantas est\u0113tikas un grezn\u012bbas sajaukums, kas paredz\u0113ts, lai izgreznotu j\u016bsu \u0113damistabas zonu. Tas ir r\u016bp\u012bgi izstr\u0101d\u0101ts, lai sniegtu eleganci un varen\u012bbu ...\",\"breadcrumb\":{\"@id\":\"https:\/\/brilune.eu\/lv\/product\/luksusa-edamistabas-kresls\/#breadcrumb\"},\"inLanguage\":\"lv-LV\",\"potentialAction\":[{\"@type\":\"ReadAction\",\"target\":[\"https:\/\/brilune.eu\/lv\/product\/luksusa-edamistabas-kresls\/\"]}]},{\"@type\":\"ImageObject\",\"inLanguage\":\"lv-LV\",\"@id\":\"https:\/\/brilune.eu\/lv\/product\/luksusa-edamistabas-kresls\/#primaryimage\",\"url\":\"https:\/\/brilune.eu\/wp-content\/uploads\/2025\/01\/aurelie-dining-chairs-chair-gold-907907_1296x.jpg\",\"contentUrl\":\"https:\/\/brilune.eu\/wp-content\/uploads\/2025\/01\/aurelie-dining-chairs-chair-gold-907907_1296x.jpg\",\"width\":1296,\"height\":1296},{\"@type\":\"BreadcrumbList\",\"@id\":\"https:\/\/brilune.eu\/lv\/product\/luksusa-edamistabas-kresls\/#breadcrumb\",\"itemListElement\":[{\"@type\":\"ListItem\",\"position\":1,\"name\":\"S\u0101kums\",\"item\":\"https:\/\/brilune.eu\/lv\/brilune-mebeles\/\"},{\"@type\":\"ListItem\",\"position\":2,\"name\":\"Visi produkti\",\"item\":\"https:\/\/brilune.eu\/lv\/shop\/\"},{\"@type\":\"ListItem\",\"position\":3,\"name\":\"Luksusa \u0113damistabas kr\u0113sls\"}]},{\"@type\":\"WebSite\",\"@id\":\"https:\/\/brilune.eu\/lv\/#website\",\"url\":\"https:\/\/brilune.eu\/lv\/\",\"name\":\"Brilune\",\"description\":\"M\u0113s pied\u0101v\u0101jam unik\u0101lus un nebiju\u0161us dizainus, kas apvieno eleganci, funkcionalit\u0101ti un rado\u0161umu.\",\"potentialAction\":[{\"@type\":\"SearchAction\",\"target\":{\"@type\":\"EntryPoint\",\"urlTemplate\":\"https:\/\/brilune.eu\/lv\/?s={search_term_string}\"},\"query-input\":{\"@type\":\"PropertyValueSpecification\",\"valueRequired\":true,\"valueName\":\"search_term_string\"}}],\"inLanguage\":\"lv-LV\"}]}<\/script>\n<!-- \/ Yoast SEO plugin. -->","yoast_head_json":{"title":"Luksusa \u0113damistabas kr\u0113sls","description":"\u0160is kr\u0113sls ir ide\u0101ls elegantas est\u0113tikas un grezn\u012bbas sajaukums, kas paredz\u0113ts, lai izgreznotu j\u016bsu \u0113damistabas zonu. Tas ir r\u016bp\u012bgi izstr\u0101d\u0101ts, lai sniegtu eleganci un varen\u012bbu ...","robots":{"index":"index","follow":"follow","max-snippet":"max-snippet:-1","max-image-preview":"max-image-preview:large","max-video-preview":"max-video-preview:-1"},"canonical":"https:\/\/brilune.eu\/lv\/product\/luksusa-edamistabas-kresls\/","og_locale":"lv_LV","og_type":"article","og_title":"Luksusa \u0113damistabas kr\u0113sls","og_description":"\u0160is kr\u0113sls ir ide\u0101ls elegantas est\u0113tikas un grezn\u012bbas sajaukums, kas paredz\u0113ts, lai izgreznotu j\u016bsu \u0113damistabas zonu. Tas ir r\u016bp\u012bgi izstr\u0101d\u0101ts, lai sniegtu eleganci un varen\u012bbu ...","og_url":"https:\/\/brilune.eu\/lv\/product\/luksusa-edamistabas-kresls\/","og_site_name":"Brilune","article_modified_time":"2025-02-18T21:10:22+00:00","og_image":[{"width":1296,"height":1296,"url":"https:\/\/brilune.eu\/wp-content\/uploads\/2025\/01\/aurelie-dining-chairs-chair-gold-907907_1296x.jpg","type":"image\/jpeg"}],"twitter_card":"summary_large_image","twitter_misc":{"Est. reading time":"1 minute"},"schema":{"@context":"https:\/\/schema.org","@graph":[{"@type":"WebPage","@id":"https:\/\/brilune.eu\/lv\/product\/luksusa-edamistabas-kresls\/","url":"https:\/\/brilune.eu\/lv\/product\/luksusa-edamistabas-kresls\/","name":"Luksusa \u0113damistabas kr\u0113sls","isPartOf":{"@id":"https:\/\/brilune.eu\/lv\/#website"},"primaryImageOfPage":{"@id":"https:\/\/brilune.eu\/lv\/product\/luksusa-edamistabas-kresls\/#primaryimage"},"image":{"@id":"https:\/\/brilune.eu\/lv\/product\/luksusa-edamistabas-kresls\/#primaryimage"},"thumbnailUrl":"https:\/\/brilune.eu\/wp-content\/uploads\/2025\/01\/aurelie-dining-chairs-chair-gold-907907_1296x.jpg","datePublished":"2025-02-18T20:49:22+00:00","dateModified":"2025-02-18T21:10:22+00:00","description":"\u0160is kr\u0113sls ir ide\u0101ls elegantas est\u0113tikas un grezn\u012bbas sajaukums, kas paredz\u0113ts, lai izgreznotu j\u016bsu \u0113damistabas zonu. Tas ir r\u016bp\u012bgi izstr\u0101d\u0101ts, lai sniegtu eleganci un varen\u012bbu ...","breadcrumb":{"@id":"https:\/\/brilune.eu\/lv\/product\/luksusa-edamistabas-kresls\/#breadcrumb"},"inLanguage":"lv-LV","potentialAction":[{"@type":"ReadAction","target":["https:\/\/brilune.eu\/lv\/product\/luksusa-edamistabas-kresls\/"]}]},{"@type":"ImageObject","inLanguage":"lv-LV","@id":"https:\/\/brilune.eu\/lv\/product\/luksusa-edamistabas-kresls\/#primaryimage","url":"https:\/\/brilune.eu\/wp-content\/uploads\/2025\/01\/aurelie-dining-chairs-chair-gold-907907_1296x.jpg","contentUrl":"https:\/\/brilune.eu\/wp-content\/uploads\/2025\/01\/aurelie-dining-chairs-chair-gold-907907_1296x.jpg","width":1296,"height":1296},{"@type":"BreadcrumbList","@id":"https:\/\/brilune.eu\/lv\/product\/luksusa-edamistabas-kresls\/#breadcrumb","itemListElement":[{"@type":"ListItem","position":1,"name":"S\u0101kums","item":"https:\/\/brilune.eu\/lv\/brilune-mebeles\/"},{"@type":"ListItem","position":2,"name":"Visi produkti","item":"https:\/\/brilune.eu\/lv\/shop\/"},{"@type":"ListItem","position":3,"name":"Luksusa \u0113damistabas kr\u0113sls"}]},{"@type":"WebSite","@id":"https:\/\/brilune.eu\/lv\/#website","url":"https:\/\/brilune.eu\/lv\/","name":"Brilune","description":"M\u0113s pied\u0101v\u0101jam unik\u0101lus un nebiju\u0161us dizainus, kas apvieno eleganci, funkcionalit\u0101ti un rado\u0161umu.","potentialAction":[{"@type":"SearchAction","target":{"@type":"EntryPoint","urlTemplate":"https:\/\/brilune.eu\/lv\/?s={search_term_string}"},"query-input":{"@type":"PropertyValueSpecification","valueRequired":true,"valueName":"search_term_string"}}],"inLanguage":"lv-LV"}]}},"jetpack_sharing_enabled":true,"_links":{"self":[{"href":"https:\/\/brilune.eu\/lv\/wp-json\/wp\/v2\/product\/31572","targetHints":{"allow":["GET"]}}],"collection":[{"href":"https:\/\/brilune.eu\/lv\/wp-json\/wp\/v2\/product"}],"about":[{"href":"https:\/\/brilune.eu\/lv\/wp-json\/wp\/v2\/types\/product"}],"replies":[{"embeddable":true,"href":"https:\/\/brilune.eu\/lv\/wp-json\/wp\/v2\/comments?post=31572"}],"version-history":[{"count":1,"href":"https:\/\/brilune.eu\/lv\/wp-json\/wp\/v2\/product\/31572\/revisions"}],"predecessor-version":[{"id":31602,"href":"https:\/\/brilune.eu\/lv\/wp-json\/wp\/v2\/product\/31572\/revisions\/31602"}],"wp:featuredmedia":[{"embeddable":true,"href":"https:\/\/brilune.eu\/lv\/wp-json\/wp\/v2\/media\/2987"}],"wp:attachment":[{"href":"https:\/\/brilune.eu\/lv\/wp-json\/wp\/v2\/media?parent=31572"}],"wp:term":[{"taxonomy":"product_brand","embeddable":true,"href":"https:\/\/brilune.eu\/lv\/wp-json\/wp\/v2\/product_brand?post=31572"},{"taxonomy":"product_cat","embeddable":true,"href":"https:\/\/brilune.eu\/lv\/wp-json\/wp\/v2\/product_cat?post=31572"},{"taxonomy":"product_tag","embeddable":true,"href":"https:\/\/brilune.eu\/lv\/wp-json\/wp\/v2\/product_tag?post=31572"}],"curies":[{"name":"wp","href":"https:\/\/api.w.org\/{rel}","templated":true}]}}