{"id":31203,"date":"2025-02-18T22:30:20","date_gmt":"2025-02-18T20:30:20","guid":{"rendered":"https:\/\/brilune.eu\/?post_type=product&#038;p=31203"},"modified":"2025-02-18T22:43:20","modified_gmt":"2025-02-18T20:43:20","slug":"francu-stila-pufa-gulta","status":"publish","type":"product","link":"https:\/\/brilune.eu\/lv\/product\/francu-stila-pufa-gulta\/","title":{"rendered":"Fran\u010du stila pufa gulta"},"content":{"rendered":"<p>Ori\u0123in\u0101l\u0101 fran\u010du kr\u0113mkr\u0101sas stila pl\u016bksn\u012bta auduma gulta atspogu\u013co m\u016bsdienu vienk\u0101r\u0161\u012bbas un grezn\u012bbas b\u016bt\u012bbu. \u0160\u012b divgu\u013cam\u0101 gulta, kas rot\u0101ta ar j\u0113ra samtu, izstaro eleganci un komfortu, radot nep\u0101rsp\u0113jamu est\u0113tiku j\u016bsu gu\u013camistab\u0101. Izstr\u0101d\u0101ts, piev\u0113r\u0161ot uzman\u012bbu deta\u013c\u0101m, tas ir ide\u0101ls fran\u010du izsmalcin\u0101t\u012bbas un stila piem\u0113rs. Uzlabojiet savu miegu ar \u0161o gultu, kas harmoniz\u0113 komfortu un eleganci j\u016bsu m\u0101j\u0101s.<\/p>\n<p>Materi\u0101li:<\/p>\n<p>Gultas karkasa virsma: pl\u012b\u0161a audums<br \/>\nAizmugures r\u0101mja pild\u012bjums: augstas elast\u012bbas augsta bl\u012bvuma putas<br \/>\nR\u0101mis: lapegles koks<br \/>\nGultas d\u0113lis: priedes koks<br \/>\nK\u0101jas: mas\u012bvkoks<br \/>\nIzm\u0113ri: mas\u012bvkoks<br \/>\nIzm\u0113ri: 8x2x2<\/p>\n","protected":false},"excerpt":{"rendered":"<p>Ori\u0123in\u0101l\u0101 fran\u010du kr\u0113mkr\u0101sas stila pl\u016bksn\u012bta auduma gulta atspogu\u013co m\u016bsdienu vienk\u0101r\u0161\u012bbas un grezn\u012bbas b\u016bt\u012bbu. \u0160\u012b divgu\u013cam\u0101 gulta, kas rot\u0101ta ar j\u0113ra samtu, izstaro&#8230;<\/p>\n","protected":false},"featured_media":2765,"comment_status":"open","ping_status":"closed","template":"","meta":[],"product_brand":[],"product_cat":[1670,4632],"product_tag":[],"class_list":{"0":"post-31203","1":"product","2":"type-product","3":"status-publish","4":"has-post-thumbnail","6":"product_cat-gultas","7":"product_cat-gultas-5","9":"first","10":"instock","11":"shipping-taxable","12":"purchasable","13":"product-type-variable"},"yoast_head":"<!-- This site is optimized with the Yoast SEO plugin v26.0 - https:\/\/yoast.com\/wordpress\/plugins\/seo\/ -->\n<title>Fran\u010du stila pufa gulta<\/title>\n<meta name=\"description\" content=\"Ori\u0123in\u0101l\u0101 fran\u010du kr\u0113mkr\u0101sas stila pl\u016bksn\u012bta auduma gulta atspogu\u013co m\u016bsdienu vienk\u0101r\u0161\u012bbas un grezn\u012bbas b\u016bt\u012bbu. \u0160\u012b divgu\u013cam\u0101 gulta, kas rot\u0101ta ar j\u0113ra samtu, izstaro...\" \/>\n<meta name=\"robots\" content=\"index, follow, max-snippet:-1, max-image-preview:large, max-video-preview:-1\" \/>\n<link rel=\"canonical\" href=\"https:\/\/brilune.eu\/lv\/product\/francu-stila-pufa-gulta\/\" \/>\n<meta property=\"og:locale\" content=\"lv_LV\" \/>\n<meta property=\"og:type\" content=\"article\" \/>\n<meta property=\"og:title\" content=\"Fran\u010du stila pufa gulta\" \/>\n<meta property=\"og:description\" content=\"Ori\u0123in\u0101l\u0101 fran\u010du kr\u0113mkr\u0101sas stila pl\u016bksn\u012bta auduma gulta atspogu\u013co m\u016bsdienu vienk\u0101r\u0161\u012bbas un grezn\u012bbas b\u016bt\u012bbu. \u0160\u012b divgu\u013cam\u0101 gulta, kas rot\u0101ta ar j\u0113ra samtu, izstaro...\" \/>\n<meta property=\"og:url\" content=\"https:\/\/brilune.eu\/lv\/product\/francu-stila-pufa-gulta\/\" \/>\n<meta property=\"og:site_name\" content=\"Brilune\" \/>\n<meta property=\"article:modified_time\" content=\"2025-02-18T20:43:20+00:00\" \/>\n<meta property=\"og:image\" content=\"https:\/\/brilune.eu\/wp-content\/uploads\/2025\/01\/O1CN01ItiNb01Rc2u7OzDVY_2215902882131-0-cib.jpg\" \/>\n\t<meta property=\"og:image:width\" content=\"800\" \/>\n\t<meta property=\"og:image:height\" content=\"800\" \/>\n\t<meta property=\"og:image:type\" content=\"image\/jpeg\" \/>\n<meta name=\"twitter:card\" content=\"summary_large_image\" \/>\n<meta name=\"twitter:label1\" content=\"Est. reading time\" \/>\n\t<meta name=\"twitter:data1\" content=\"1 minute\" \/>\n<script type=\"application\/ld+json\" class=\"yoast-schema-graph\">{\"@context\":\"https:\/\/schema.org\",\"@graph\":[{\"@type\":\"WebPage\",\"@id\":\"https:\/\/brilune.eu\/lv\/product\/francu-stila-pufa-gulta\/\",\"url\":\"https:\/\/brilune.eu\/lv\/product\/francu-stila-pufa-gulta\/\",\"name\":\"Fran\u010du stila pufa gulta\",\"isPartOf\":{\"@id\":\"https:\/\/brilune.eu\/lv\/#website\"},\"primaryImageOfPage\":{\"@id\":\"https:\/\/brilune.eu\/lv\/product\/francu-stila-pufa-gulta\/#primaryimage\"},\"image\":{\"@id\":\"https:\/\/brilune.eu\/lv\/product\/francu-stila-pufa-gulta\/#primaryimage\"},\"thumbnailUrl\":\"https:\/\/brilune.eu\/wp-content\/uploads\/2025\/01\/O1CN01ItiNb01Rc2u7OzDVY_2215902882131-0-cib.jpg\",\"datePublished\":\"2025-02-18T20:30:20+00:00\",\"dateModified\":\"2025-02-18T20:43:20+00:00\",\"description\":\"Ori\u0123in\u0101l\u0101 fran\u010du kr\u0113mkr\u0101sas stila pl\u016bksn\u012bta auduma gulta atspogu\u013co m\u016bsdienu vienk\u0101r\u0161\u012bbas un grezn\u012bbas b\u016bt\u012bbu. \u0160\u012b divgu\u013cam\u0101 gulta, kas rot\u0101ta ar j\u0113ra samtu, izstaro...\",\"breadcrumb\":{\"@id\":\"https:\/\/brilune.eu\/lv\/product\/francu-stila-pufa-gulta\/#breadcrumb\"},\"inLanguage\":\"lv-LV\",\"potentialAction\":[{\"@type\":\"ReadAction\",\"target\":[\"https:\/\/brilune.eu\/lv\/product\/francu-stila-pufa-gulta\/\"]}]},{\"@type\":\"ImageObject\",\"inLanguage\":\"lv-LV\",\"@id\":\"https:\/\/brilune.eu\/lv\/product\/francu-stila-pufa-gulta\/#primaryimage\",\"url\":\"https:\/\/brilune.eu\/wp-content\/uploads\/2025\/01\/O1CN01ItiNb01Rc2u7OzDVY_2215902882131-0-cib.jpg\",\"contentUrl\":\"https:\/\/brilune.eu\/wp-content\/uploads\/2025\/01\/O1CN01ItiNb01Rc2u7OzDVY_2215902882131-0-cib.jpg\",\"width\":800,\"height\":800},{\"@type\":\"BreadcrumbList\",\"@id\":\"https:\/\/brilune.eu\/lv\/product\/francu-stila-pufa-gulta\/#breadcrumb\",\"itemListElement\":[{\"@type\":\"ListItem\",\"position\":1,\"name\":\"S\u0101kums\",\"item\":\"https:\/\/brilune.eu\/lv\/brilune-mebeles\/\"},{\"@type\":\"ListItem\",\"position\":2,\"name\":\"Visi produkti\",\"item\":\"https:\/\/brilune.eu\/lv\/shop\/\"},{\"@type\":\"ListItem\",\"position\":3,\"name\":\"Fran\u010du stila pufa gulta\"}]},{\"@type\":\"WebSite\",\"@id\":\"https:\/\/brilune.eu\/lv\/#website\",\"url\":\"https:\/\/brilune.eu\/lv\/\",\"name\":\"Brilune\",\"description\":\"M\u0113s pied\u0101v\u0101jam unik\u0101lus un nebiju\u0161us dizainus, kas apvieno eleganci, funkcionalit\u0101ti un rado\u0161umu.\",\"potentialAction\":[{\"@type\":\"SearchAction\",\"target\":{\"@type\":\"EntryPoint\",\"urlTemplate\":\"https:\/\/brilune.eu\/lv\/?s={search_term_string}\"},\"query-input\":{\"@type\":\"PropertyValueSpecification\",\"valueRequired\":true,\"valueName\":\"search_term_string\"}}],\"inLanguage\":\"lv-LV\"}]}<\/script>\n<!-- \/ Yoast SEO plugin. -->","yoast_head_json":{"title":"Fran\u010du stila pufa gulta","description":"Ori\u0123in\u0101l\u0101 fran\u010du kr\u0113mkr\u0101sas stila pl\u016bksn\u012bta auduma gulta atspogu\u013co m\u016bsdienu vienk\u0101r\u0161\u012bbas un grezn\u012bbas b\u016bt\u012bbu. \u0160\u012b divgu\u013cam\u0101 gulta, kas rot\u0101ta ar j\u0113ra samtu, izstaro...","robots":{"index":"index","follow":"follow","max-snippet":"max-snippet:-1","max-image-preview":"max-image-preview:large","max-video-preview":"max-video-preview:-1"},"canonical":"https:\/\/brilune.eu\/lv\/product\/francu-stila-pufa-gulta\/","og_locale":"lv_LV","og_type":"article","og_title":"Fran\u010du stila pufa gulta","og_description":"Ori\u0123in\u0101l\u0101 fran\u010du kr\u0113mkr\u0101sas stila pl\u016bksn\u012bta auduma gulta atspogu\u013co m\u016bsdienu vienk\u0101r\u0161\u012bbas un grezn\u012bbas b\u016bt\u012bbu. \u0160\u012b divgu\u013cam\u0101 gulta, kas rot\u0101ta ar j\u0113ra samtu, izstaro...","og_url":"https:\/\/brilune.eu\/lv\/product\/francu-stila-pufa-gulta\/","og_site_name":"Brilune","article_modified_time":"2025-02-18T20:43:20+00:00","og_image":[{"width":800,"height":800,"url":"https:\/\/brilune.eu\/wp-content\/uploads\/2025\/01\/O1CN01ItiNb01Rc2u7OzDVY_2215902882131-0-cib.jpg","type":"image\/jpeg"}],"twitter_card":"summary_large_image","twitter_misc":{"Est. reading time":"1 minute"},"schema":{"@context":"https:\/\/schema.org","@graph":[{"@type":"WebPage","@id":"https:\/\/brilune.eu\/lv\/product\/francu-stila-pufa-gulta\/","url":"https:\/\/brilune.eu\/lv\/product\/francu-stila-pufa-gulta\/","name":"Fran\u010du stila pufa gulta","isPartOf":{"@id":"https:\/\/brilune.eu\/lv\/#website"},"primaryImageOfPage":{"@id":"https:\/\/brilune.eu\/lv\/product\/francu-stila-pufa-gulta\/#primaryimage"},"image":{"@id":"https:\/\/brilune.eu\/lv\/product\/francu-stila-pufa-gulta\/#primaryimage"},"thumbnailUrl":"https:\/\/brilune.eu\/wp-content\/uploads\/2025\/01\/O1CN01ItiNb01Rc2u7OzDVY_2215902882131-0-cib.jpg","datePublished":"2025-02-18T20:30:20+00:00","dateModified":"2025-02-18T20:43:20+00:00","description":"Ori\u0123in\u0101l\u0101 fran\u010du kr\u0113mkr\u0101sas stila pl\u016bksn\u012bta auduma gulta atspogu\u013co m\u016bsdienu vienk\u0101r\u0161\u012bbas un grezn\u012bbas b\u016bt\u012bbu. \u0160\u012b divgu\u013cam\u0101 gulta, kas rot\u0101ta ar j\u0113ra samtu, izstaro...","breadcrumb":{"@id":"https:\/\/brilune.eu\/lv\/product\/francu-stila-pufa-gulta\/#breadcrumb"},"inLanguage":"lv-LV","potentialAction":[{"@type":"ReadAction","target":["https:\/\/brilune.eu\/lv\/product\/francu-stila-pufa-gulta\/"]}]},{"@type":"ImageObject","inLanguage":"lv-LV","@id":"https:\/\/brilune.eu\/lv\/product\/francu-stila-pufa-gulta\/#primaryimage","url":"https:\/\/brilune.eu\/wp-content\/uploads\/2025\/01\/O1CN01ItiNb01Rc2u7OzDVY_2215902882131-0-cib.jpg","contentUrl":"https:\/\/brilune.eu\/wp-content\/uploads\/2025\/01\/O1CN01ItiNb01Rc2u7OzDVY_2215902882131-0-cib.jpg","width":800,"height":800},{"@type":"BreadcrumbList","@id":"https:\/\/brilune.eu\/lv\/product\/francu-stila-pufa-gulta\/#breadcrumb","itemListElement":[{"@type":"ListItem","position":1,"name":"S\u0101kums","item":"https:\/\/brilune.eu\/lv\/brilune-mebeles\/"},{"@type":"ListItem","position":2,"name":"Visi produkti","item":"https:\/\/brilune.eu\/lv\/shop\/"},{"@type":"ListItem","position":3,"name":"Fran\u010du stila pufa gulta"}]},{"@type":"WebSite","@id":"https:\/\/brilune.eu\/lv\/#website","url":"https:\/\/brilune.eu\/lv\/","name":"Brilune","description":"M\u0113s pied\u0101v\u0101jam unik\u0101lus un nebiju\u0161us dizainus, kas apvieno eleganci, funkcionalit\u0101ti un rado\u0161umu.","potentialAction":[{"@type":"SearchAction","target":{"@type":"EntryPoint","urlTemplate":"https:\/\/brilune.eu\/lv\/?s={search_term_string}"},"query-input":{"@type":"PropertyValueSpecification","valueRequired":true,"valueName":"search_term_string"}}],"inLanguage":"lv-LV"}]}},"jetpack_sharing_enabled":true,"_links":{"self":[{"href":"https:\/\/brilune.eu\/lv\/wp-json\/wp\/v2\/product\/31203","targetHints":{"allow":["GET"]}}],"collection":[{"href":"https:\/\/brilune.eu\/lv\/wp-json\/wp\/v2\/product"}],"about":[{"href":"https:\/\/brilune.eu\/lv\/wp-json\/wp\/v2\/types\/product"}],"replies":[{"embeddable":true,"href":"https:\/\/brilune.eu\/lv\/wp-json\/wp\/v2\/comments?post=31203"}],"version-history":[{"count":1,"href":"https:\/\/brilune.eu\/lv\/wp-json\/wp\/v2\/product\/31203\/revisions"}],"predecessor-version":[{"id":31230,"href":"https:\/\/brilune.eu\/lv\/wp-json\/wp\/v2\/product\/31203\/revisions\/31230"}],"wp:featuredmedia":[{"embeddable":true,"href":"https:\/\/brilune.eu\/lv\/wp-json\/wp\/v2\/media\/2765"}],"wp:attachment":[{"href":"https:\/\/brilune.eu\/lv\/wp-json\/wp\/v2\/media?parent=31203"}],"wp:term":[{"taxonomy":"product_brand","embeddable":true,"href":"https:\/\/brilune.eu\/lv\/wp-json\/wp\/v2\/product_brand?post=31203"},{"taxonomy":"product_cat","embeddable":true,"href":"https:\/\/brilune.eu\/lv\/wp-json\/wp\/v2\/product_cat?post=31203"},{"taxonomy":"product_tag","embeddable":true,"href":"https:\/\/brilune.eu\/lv\/wp-json\/wp\/v2\/product_tag?post=31203"}],"curies":[{"name":"wp","href":"https:\/\/api.w.org\/{rel}","templated":true}]}}