{"id":31185,"date":"2025-02-18T22:29:54","date_gmt":"2025-02-18T20:29:54","guid":{"rendered":"https:\/\/brilune.eu\/?post_type=product&#038;p=31185"},"modified":"2025-02-18T22:43:11","modified_gmt":"2025-02-18T20:43:11","slug":"makonu-kafijas-galdins","status":"publish","type":"product","link":"https:\/\/brilune.eu\/lv\/product\/makonu-kafijas-galdins\/","title":{"rendered":"M\u0101ko\u0146u kafijas galdi\u0146\u0161"},"content":{"rendered":"<p>Iepaz\u012bstin\u0101m ar m\u016bsu kafijas galdi\u0146u, kas ir zieme\u013cnieciskas vieglas grezn\u012bbas un rado\u0161uma iemiesojums. \u0160is unik\u0101lais galds ir veidots ar kr\u0113mveida est\u0113tiku, un tas pie\u0161\u0137ir elegances piesk\u0101rienu jebkurai viesistabai. T\u0101 \u012bpa\u0161\u0101 forma padara to par lielisku telpas papildin\u0101jumu. Piepildiet savas m\u0101jas dekoru ar \u0161o kafijas galdi\u0146u, lieliski apvienojot stilu un funkcionalit\u0101ti.<br \/>\nGalda virsma: MDF (vid\u0113ja bl\u012bvuma \u0161\u0137iedru pl\u0101tne), videi draudz\u012bga kr\u0101sa uz \u016bdens b\u0101zes.<br \/>\nR\u0101mis: MDF (vid\u0113ja bl\u012bvuma \u0161\u0137iedru pl\u0101tne).<br \/>\nIzm\u0113rs: 100x69x30 cm.<\/p>\n","protected":false},"excerpt":{"rendered":"<p>Iepaz\u012bstin\u0101m ar m\u016bsu kafijas galdi\u0146u, kas ir zieme\u013cnieciskas vieglas grezn\u012bbas un rado\u0161uma iemiesojums. \u0160is unik\u0101lais galds, kas izstr\u0101d\u0101ts ar kr\u0113m\u012bgu est\u0113tiku, pie\u0161\u0137ir elegances piesk\u0101rienu&#8230;<\/p>\n","protected":false},"featured_media":2761,"comment_status":"open","ping_status":"closed","template":"","meta":[],"product_brand":[],"product_cat":[4630,1627],"product_tag":[],"class_list":{"0":"post-31185","1":"product","2":"type-product","3":"status-publish","4":"has-post-thumbnail","6":"product_cat-kafijas-galdini-galdi-2-3","7":"product_cat-kafijas-galdini","9":"first","10":"instock","11":"shipping-taxable","12":"purchasable","13":"product-type-variable"},"yoast_head":"<!-- This site is optimized with the Yoast SEO plugin v26.0 - https:\/\/yoast.com\/wordpress\/plugins\/seo\/ -->\n<title>M\u0101ko\u0146u kafijas galdi\u0146\u0161<\/title>\n<meta name=\"description\" content=\"Iepaz\u012bstin\u0101m ar m\u016bsu kafijas galdi\u0146u, kas ir zieme\u013cnieciskas vieglas grezn\u012bbas un rado\u0161uma iemiesojums. \u0160is unik\u0101lais galds, kas izstr\u0101d\u0101ts ar kr\u0113m\u012bgu est\u0113tiku, pie\u0161\u0137ir elegances piesk\u0101rienu...\" \/>\n<meta name=\"robots\" content=\"index, follow, max-snippet:-1, max-image-preview:large, max-video-preview:-1\" \/>\n<link rel=\"canonical\" href=\"https:\/\/brilune.eu\/lv\/product\/makonu-kafijas-galdins\/\" \/>\n<meta property=\"og:locale\" content=\"lv_LV\" \/>\n<meta property=\"og:type\" content=\"article\" \/>\n<meta property=\"og:title\" content=\"M\u0101ko\u0146u kafijas galdi\u0146\u0161\" \/>\n<meta property=\"og:description\" content=\"Iepaz\u012bstin\u0101m ar m\u016bsu kafijas galdi\u0146u, kas ir zieme\u013cnieciskas vieglas grezn\u012bbas un rado\u0161uma iemiesojums. \u0160is unik\u0101lais galds, kas izstr\u0101d\u0101ts ar kr\u0113m\u012bgu est\u0113tiku, pie\u0161\u0137ir elegances piesk\u0101rienu...\" \/>\n<meta property=\"og:url\" content=\"https:\/\/brilune.eu\/lv\/product\/makonu-kafijas-galdins\/\" \/>\n<meta property=\"og:site_name\" content=\"Brilune\" \/>\n<meta property=\"article:modified_time\" content=\"2025-02-18T20:43:11+00:00\" \/>\n<meta property=\"og:image\" content=\"https:\/\/brilune.eu\/wp-content\/uploads\/2025\/01\/OlafCloudCoffeeTable_shadow_82c78611-7765-4baa-89a4-1a2b4876fedf-1.jpg\" \/>\n\t<meta property=\"og:image:width\" content=\"1080\" \/>\n\t<meta property=\"og:image:height\" content=\"1080\" \/>\n\t<meta property=\"og:image:type\" content=\"image\/jpeg\" \/>\n<meta name=\"twitter:card\" content=\"summary_large_image\" \/>\n<meta name=\"twitter:label1\" content=\"Est. reading time\" \/>\n\t<meta name=\"twitter:data1\" content=\"1 minute\" \/>\n<script type=\"application\/ld+json\" class=\"yoast-schema-graph\">{\"@context\":\"https:\/\/schema.org\",\"@graph\":[{\"@type\":\"WebPage\",\"@id\":\"https:\/\/brilune.eu\/lv\/product\/makonu-kafijas-galdins\/\",\"url\":\"https:\/\/brilune.eu\/lv\/product\/makonu-kafijas-galdins\/\",\"name\":\"M\u0101ko\u0146u kafijas galdi\u0146\u0161\",\"isPartOf\":{\"@id\":\"https:\/\/brilune.eu\/lv\/#website\"},\"primaryImageOfPage\":{\"@id\":\"https:\/\/brilune.eu\/lv\/product\/makonu-kafijas-galdins\/#primaryimage\"},\"image\":{\"@id\":\"https:\/\/brilune.eu\/lv\/product\/makonu-kafijas-galdins\/#primaryimage\"},\"thumbnailUrl\":\"https:\/\/brilune.eu\/wp-content\/uploads\/2025\/01\/OlafCloudCoffeeTable_shadow_82c78611-7765-4baa-89a4-1a2b4876fedf-1.jpg\",\"datePublished\":\"2025-02-18T20:29:54+00:00\",\"dateModified\":\"2025-02-18T20:43:11+00:00\",\"description\":\"Iepaz\u012bstin\u0101m ar m\u016bsu kafijas galdi\u0146u, kas ir zieme\u013cnieciskas vieglas grezn\u012bbas un rado\u0161uma iemiesojums. \u0160is unik\u0101lais galds, kas izstr\u0101d\u0101ts ar kr\u0113m\u012bgu est\u0113tiku, pie\u0161\u0137ir elegances piesk\u0101rienu...\",\"breadcrumb\":{\"@id\":\"https:\/\/brilune.eu\/lv\/product\/makonu-kafijas-galdins\/#breadcrumb\"},\"inLanguage\":\"lv-LV\",\"potentialAction\":[{\"@type\":\"ReadAction\",\"target\":[\"https:\/\/brilune.eu\/lv\/product\/makonu-kafijas-galdins\/\"]}]},{\"@type\":\"ImageObject\",\"inLanguage\":\"lv-LV\",\"@id\":\"https:\/\/brilune.eu\/lv\/product\/makonu-kafijas-galdins\/#primaryimage\",\"url\":\"https:\/\/brilune.eu\/wp-content\/uploads\/2025\/01\/OlafCloudCoffeeTable_shadow_82c78611-7765-4baa-89a4-1a2b4876fedf-1.jpg\",\"contentUrl\":\"https:\/\/brilune.eu\/wp-content\/uploads\/2025\/01\/OlafCloudCoffeeTable_shadow_82c78611-7765-4baa-89a4-1a2b4876fedf-1.jpg\",\"width\":1080,\"height\":1080},{\"@type\":\"BreadcrumbList\",\"@id\":\"https:\/\/brilune.eu\/lv\/product\/makonu-kafijas-galdins\/#breadcrumb\",\"itemListElement\":[{\"@type\":\"ListItem\",\"position\":1,\"name\":\"S\u0101kums\",\"item\":\"https:\/\/brilune.eu\/lv\/brilune-mebeles\/\"},{\"@type\":\"ListItem\",\"position\":2,\"name\":\"Visi produkti\",\"item\":\"https:\/\/brilune.eu\/lv\/shop\/\"},{\"@type\":\"ListItem\",\"position\":3,\"name\":\"M\u0101ko\u0146u kafijas galdi\u0146\u0161\"}]},{\"@type\":\"WebSite\",\"@id\":\"https:\/\/brilune.eu\/lv\/#website\",\"url\":\"https:\/\/brilune.eu\/lv\/\",\"name\":\"Brilune\",\"description\":\"M\u0113s pied\u0101v\u0101jam unik\u0101lus un nebiju\u0161us dizainus, kas apvieno eleganci, funkcionalit\u0101ti un rado\u0161umu.\",\"potentialAction\":[{\"@type\":\"SearchAction\",\"target\":{\"@type\":\"EntryPoint\",\"urlTemplate\":\"https:\/\/brilune.eu\/lv\/?s={search_term_string}\"},\"query-input\":{\"@type\":\"PropertyValueSpecification\",\"valueRequired\":true,\"valueName\":\"search_term_string\"}}],\"inLanguage\":\"lv-LV\"}]}<\/script>\n<!-- \/ Yoast SEO plugin. -->","yoast_head_json":{"title":"M\u0101ko\u0146u kafijas galdi\u0146\u0161","description":"Iepaz\u012bstin\u0101m ar m\u016bsu kafijas galdi\u0146u, kas ir zieme\u013cnieciskas vieglas grezn\u012bbas un rado\u0161uma iemiesojums. \u0160is unik\u0101lais galds, kas izstr\u0101d\u0101ts ar kr\u0113m\u012bgu est\u0113tiku, pie\u0161\u0137ir elegances piesk\u0101rienu...","robots":{"index":"index","follow":"follow","max-snippet":"max-snippet:-1","max-image-preview":"max-image-preview:large","max-video-preview":"max-video-preview:-1"},"canonical":"https:\/\/brilune.eu\/lv\/product\/makonu-kafijas-galdins\/","og_locale":"lv_LV","og_type":"article","og_title":"M\u0101ko\u0146u kafijas galdi\u0146\u0161","og_description":"Iepaz\u012bstin\u0101m ar m\u016bsu kafijas galdi\u0146u, kas ir zieme\u013cnieciskas vieglas grezn\u012bbas un rado\u0161uma iemiesojums. \u0160is unik\u0101lais galds, kas izstr\u0101d\u0101ts ar kr\u0113m\u012bgu est\u0113tiku, pie\u0161\u0137ir elegances piesk\u0101rienu...","og_url":"https:\/\/brilune.eu\/lv\/product\/makonu-kafijas-galdins\/","og_site_name":"Brilune","article_modified_time":"2025-02-18T20:43:11+00:00","og_image":[{"width":1080,"height":1080,"url":"https:\/\/brilune.eu\/wp-content\/uploads\/2025\/01\/OlafCloudCoffeeTable_shadow_82c78611-7765-4baa-89a4-1a2b4876fedf-1.jpg","type":"image\/jpeg"}],"twitter_card":"summary_large_image","twitter_misc":{"Est. reading time":"1 minute"},"schema":{"@context":"https:\/\/schema.org","@graph":[{"@type":"WebPage","@id":"https:\/\/brilune.eu\/lv\/product\/makonu-kafijas-galdins\/","url":"https:\/\/brilune.eu\/lv\/product\/makonu-kafijas-galdins\/","name":"M\u0101ko\u0146u kafijas galdi\u0146\u0161","isPartOf":{"@id":"https:\/\/brilune.eu\/lv\/#website"},"primaryImageOfPage":{"@id":"https:\/\/brilune.eu\/lv\/product\/makonu-kafijas-galdins\/#primaryimage"},"image":{"@id":"https:\/\/brilune.eu\/lv\/product\/makonu-kafijas-galdins\/#primaryimage"},"thumbnailUrl":"https:\/\/brilune.eu\/wp-content\/uploads\/2025\/01\/OlafCloudCoffeeTable_shadow_82c78611-7765-4baa-89a4-1a2b4876fedf-1.jpg","datePublished":"2025-02-18T20:29:54+00:00","dateModified":"2025-02-18T20:43:11+00:00","description":"Iepaz\u012bstin\u0101m ar m\u016bsu kafijas galdi\u0146u, kas ir zieme\u013cnieciskas vieglas grezn\u012bbas un rado\u0161uma iemiesojums. \u0160is unik\u0101lais galds, kas izstr\u0101d\u0101ts ar kr\u0113m\u012bgu est\u0113tiku, pie\u0161\u0137ir elegances piesk\u0101rienu...","breadcrumb":{"@id":"https:\/\/brilune.eu\/lv\/product\/makonu-kafijas-galdins\/#breadcrumb"},"inLanguage":"lv-LV","potentialAction":[{"@type":"ReadAction","target":["https:\/\/brilune.eu\/lv\/product\/makonu-kafijas-galdins\/"]}]},{"@type":"ImageObject","inLanguage":"lv-LV","@id":"https:\/\/brilune.eu\/lv\/product\/makonu-kafijas-galdins\/#primaryimage","url":"https:\/\/brilune.eu\/wp-content\/uploads\/2025\/01\/OlafCloudCoffeeTable_shadow_82c78611-7765-4baa-89a4-1a2b4876fedf-1.jpg","contentUrl":"https:\/\/brilune.eu\/wp-content\/uploads\/2025\/01\/OlafCloudCoffeeTable_shadow_82c78611-7765-4baa-89a4-1a2b4876fedf-1.jpg","width":1080,"height":1080},{"@type":"BreadcrumbList","@id":"https:\/\/brilune.eu\/lv\/product\/makonu-kafijas-galdins\/#breadcrumb","itemListElement":[{"@type":"ListItem","position":1,"name":"S\u0101kums","item":"https:\/\/brilune.eu\/lv\/brilune-mebeles\/"},{"@type":"ListItem","position":2,"name":"Visi produkti","item":"https:\/\/brilune.eu\/lv\/shop\/"},{"@type":"ListItem","position":3,"name":"M\u0101ko\u0146u kafijas galdi\u0146\u0161"}]},{"@type":"WebSite","@id":"https:\/\/brilune.eu\/lv\/#website","url":"https:\/\/brilune.eu\/lv\/","name":"Brilune","description":"M\u0113s pied\u0101v\u0101jam unik\u0101lus un nebiju\u0161us dizainus, kas apvieno eleganci, funkcionalit\u0101ti un rado\u0161umu.","potentialAction":[{"@type":"SearchAction","target":{"@type":"EntryPoint","urlTemplate":"https:\/\/brilune.eu\/lv\/?s={search_term_string}"},"query-input":{"@type":"PropertyValueSpecification","valueRequired":true,"valueName":"search_term_string"}}],"inLanguage":"lv-LV"}]}},"jetpack_sharing_enabled":true,"_links":{"self":[{"href":"https:\/\/brilune.eu\/lv\/wp-json\/wp\/v2\/product\/31185","targetHints":{"allow":["GET"]}}],"collection":[{"href":"https:\/\/brilune.eu\/lv\/wp-json\/wp\/v2\/product"}],"about":[{"href":"https:\/\/brilune.eu\/lv\/wp-json\/wp\/v2\/types\/product"}],"replies":[{"embeddable":true,"href":"https:\/\/brilune.eu\/lv\/wp-json\/wp\/v2\/comments?post=31185"}],"version-history":[{"count":1,"href":"https:\/\/brilune.eu\/lv\/wp-json\/wp\/v2\/product\/31185\/revisions"}],"predecessor-version":[{"id":31215,"href":"https:\/\/brilune.eu\/lv\/wp-json\/wp\/v2\/product\/31185\/revisions\/31215"}],"wp:featuredmedia":[{"embeddable":true,"href":"https:\/\/brilune.eu\/lv\/wp-json\/wp\/v2\/media\/2761"}],"wp:attachment":[{"href":"https:\/\/brilune.eu\/lv\/wp-json\/wp\/v2\/media?parent=31185"}],"wp:term":[{"taxonomy":"product_brand","embeddable":true,"href":"https:\/\/brilune.eu\/lv\/wp-json\/wp\/v2\/product_brand?post=31185"},{"taxonomy":"product_cat","embeddable":true,"href":"https:\/\/brilune.eu\/lv\/wp-json\/wp\/v2\/product_cat?post=31185"},{"taxonomy":"product_tag","embeddable":true,"href":"https:\/\/brilune.eu\/lv\/wp-json\/wp\/v2\/product_tag?post=31185"}],"curies":[{"name":"wp","href":"https:\/\/api.w.org\/{rel}","templated":true}]}}