{"id":31173,"date":"2025-02-18T22:29:30","date_gmt":"2025-02-18T20:29:30","guid":{"rendered":"https:\/\/brilune.eu\/?post_type=product&#038;p=31173"},"modified":"2025-02-18T22:43:11","modified_gmt":"2025-02-18T20:43:11","slug":"ziemelvalstu-koka-kafijas-galdins","status":"publish","type":"product","link":"https:\/\/brilune.eu\/lv\/product\/ziemelvalstu-koka-kafijas-galdins\/","title":{"rendered":"Zieme\u013cvalstu koka kafijas galdi\u0146\u0161"},"content":{"rendered":"<p>\u0160is koka kafijas galdi\u0146\u0161 ir lieliski piem\u0113rots nelieliem dz\u012bvok\u013ciem vai minim\u0101listisk\u0101m dz\u012bvojam\u0101m telp\u0101m. Silt\u0101 koka graudu apdare un t\u012br\u0101s l\u012bnijas rada zieme\u013cniecisku \u0161armu, savuk\u0101rt 40 cm augstums padara to ide\u0101li piem\u0113rotu lieto\u0161anai k\u0101 kafijas galdi\u0146u vai pusdienu galdu. Materi\u0101ls: Dab\u012bgais koks. Izm\u0113rs: 110x60x40 cm.<\/p>\n","protected":false},"excerpt":{"rendered":"<p>\u0160is koka kafijas galdi\u0146\u0161 ir lieliski piem\u0113rots nelieliem dz\u012bvok\u013ciem vai minim\u0101listisk\u0101m dz\u012bvojam\u0101m telp\u0101m. Silt\u0101 koka graudu apdare un t\u012br\u0101s l\u012bnijas rada zieme\u013cniecisku \u0161armu, savuk\u0101rt&#8230;<\/p>\n","protected":false},"featured_media":2757,"comment_status":"open","ping_status":"closed","template":"","meta":[],"product_brand":[],"product_cat":[1627,4630],"product_tag":[],"class_list":{"0":"post-31173","1":"product","2":"type-product","3":"status-publish","4":"has-post-thumbnail","6":"product_cat-kafijas-galdini","7":"product_cat-kafijas-galdini-galdi-2-3","9":"first","10":"instock","11":"shipping-taxable","12":"purchasable","13":"product-type-variable"},"yoast_head":"<!-- This site is optimized with the Yoast SEO plugin v26.0 - https:\/\/yoast.com\/wordpress\/plugins\/seo\/ -->\n<title>Zieme\u013cvalstu koka kafijas galdi\u0146\u0161<\/title>\n<meta name=\"description\" content=\"\u0160is koka kafijas galdi\u0146\u0161 ir lieliski piem\u0113rots nelieliem dz\u012bvok\u013ciem vai minim\u0101listisk\u0101m dz\u012bvojam\u0101m telp\u0101m. Silt\u0101 koka graudu apdare un t\u012br\u0101s l\u012bnijas rada zieme\u013cniecisku \u0161armu, savuk\u0101rt...\" \/>\n<meta name=\"robots\" content=\"index, follow, max-snippet:-1, max-image-preview:large, max-video-preview:-1\" \/>\n<link rel=\"canonical\" href=\"https:\/\/brilune.eu\/lv\/product\/ziemelvalstu-koka-kafijas-galdins\/\" \/>\n<meta property=\"og:locale\" content=\"lv_LV\" \/>\n<meta property=\"og:type\" content=\"article\" \/>\n<meta property=\"og:title\" content=\"Zieme\u013cvalstu koka kafijas galdi\u0146\u0161\" \/>\n<meta property=\"og:description\" content=\"\u0160is koka kafijas galdi\u0146\u0161 ir lieliski piem\u0113rots nelieliem dz\u012bvok\u013ciem vai minim\u0101listisk\u0101m dz\u012bvojam\u0101m telp\u0101m. Silt\u0101 koka graudu apdare un t\u012br\u0101s l\u012bnijas rada zieme\u013cniecisku \u0161armu, savuk\u0101rt...\" \/>\n<meta property=\"og:url\" content=\"https:\/\/brilune.eu\/lv\/product\/ziemelvalstu-koka-kafijas-galdins\/\" \/>\n<meta property=\"og:site_name\" content=\"Brilune\" \/>\n<meta property=\"article:modified_time\" content=\"2025-02-18T20:43:11+00:00\" \/>\n<meta property=\"og:image\" content=\"https:\/\/brilune.eu\/wp-content\/uploads\/2025\/01\/AndersRattamTVStandwithStorage_shadow-1.jpg\" \/>\n\t<meta property=\"og:image:width\" content=\"1080\" \/>\n\t<meta property=\"og:image:height\" content=\"1080\" \/>\n\t<meta property=\"og:image:type\" content=\"image\/jpeg\" \/>\n<meta name=\"twitter:card\" content=\"summary_large_image\" \/>\n<script type=\"application\/ld+json\" class=\"yoast-schema-graph\">{\"@context\":\"https:\/\/schema.org\",\"@graph\":[{\"@type\":\"WebPage\",\"@id\":\"https:\/\/brilune.eu\/lv\/product\/ziemelvalstu-koka-kafijas-galdins\/\",\"url\":\"https:\/\/brilune.eu\/lv\/product\/ziemelvalstu-koka-kafijas-galdins\/\",\"name\":\"Zieme\u013cvalstu koka kafijas galdi\u0146\u0161\",\"isPartOf\":{\"@id\":\"https:\/\/brilune.eu\/lv\/#website\"},\"primaryImageOfPage\":{\"@id\":\"https:\/\/brilune.eu\/lv\/product\/ziemelvalstu-koka-kafijas-galdins\/#primaryimage\"},\"image\":{\"@id\":\"https:\/\/brilune.eu\/lv\/product\/ziemelvalstu-koka-kafijas-galdins\/#primaryimage\"},\"thumbnailUrl\":\"https:\/\/brilune.eu\/wp-content\/uploads\/2025\/01\/AndersRattamTVStandwithStorage_shadow-1.jpg\",\"datePublished\":\"2025-02-18T20:29:30+00:00\",\"dateModified\":\"2025-02-18T20:43:11+00:00\",\"description\":\"\u0160is koka kafijas galdi\u0146\u0161 ir lieliski piem\u0113rots nelieliem dz\u012bvok\u013ciem vai minim\u0101listisk\u0101m dz\u012bvojam\u0101m telp\u0101m. Silt\u0101 koka graudu apdare un t\u012br\u0101s l\u012bnijas rada zieme\u013cniecisku \u0161armu, savuk\u0101rt...\",\"breadcrumb\":{\"@id\":\"https:\/\/brilune.eu\/lv\/product\/ziemelvalstu-koka-kafijas-galdins\/#breadcrumb\"},\"inLanguage\":\"lv-LV\",\"potentialAction\":[{\"@type\":\"ReadAction\",\"target\":[\"https:\/\/brilune.eu\/lv\/product\/ziemelvalstu-koka-kafijas-galdins\/\"]}]},{\"@type\":\"ImageObject\",\"inLanguage\":\"lv-LV\",\"@id\":\"https:\/\/brilune.eu\/lv\/product\/ziemelvalstu-koka-kafijas-galdins\/#primaryimage\",\"url\":\"https:\/\/brilune.eu\/wp-content\/uploads\/2025\/01\/AndersRattamTVStandwithStorage_shadow-1.jpg\",\"contentUrl\":\"https:\/\/brilune.eu\/wp-content\/uploads\/2025\/01\/AndersRattamTVStandwithStorage_shadow-1.jpg\",\"width\":1080,\"height\":1080},{\"@type\":\"BreadcrumbList\",\"@id\":\"https:\/\/brilune.eu\/lv\/product\/ziemelvalstu-koka-kafijas-galdins\/#breadcrumb\",\"itemListElement\":[{\"@type\":\"ListItem\",\"position\":1,\"name\":\"S\u0101kums\",\"item\":\"https:\/\/brilune.eu\/lv\/brilune-mebeles\/\"},{\"@type\":\"ListItem\",\"position\":2,\"name\":\"Visi produkti\",\"item\":\"https:\/\/brilune.eu\/lv\/shop\/\"},{\"@type\":\"ListItem\",\"position\":3,\"name\":\"Zieme\u013cvalstu koka kafijas galdi\u0146\u0161\"}]},{\"@type\":\"WebSite\",\"@id\":\"https:\/\/brilune.eu\/lv\/#website\",\"url\":\"https:\/\/brilune.eu\/lv\/\",\"name\":\"Brilune\",\"description\":\"M\u0113s pied\u0101v\u0101jam unik\u0101lus un nebiju\u0161us dizainus, kas apvieno eleganci, funkcionalit\u0101ti un rado\u0161umu.\",\"potentialAction\":[{\"@type\":\"SearchAction\",\"target\":{\"@type\":\"EntryPoint\",\"urlTemplate\":\"https:\/\/brilune.eu\/lv\/?s={search_term_string}\"},\"query-input\":{\"@type\":\"PropertyValueSpecification\",\"valueRequired\":true,\"valueName\":\"search_term_string\"}}],\"inLanguage\":\"lv-LV\"}]}<\/script>\n<!-- \/ Yoast SEO plugin. -->","yoast_head_json":{"title":"Zieme\u013cvalstu koka kafijas galdi\u0146\u0161","description":"\u0160is koka kafijas galdi\u0146\u0161 ir lieliski piem\u0113rots nelieliem dz\u012bvok\u013ciem vai minim\u0101listisk\u0101m dz\u012bvojam\u0101m telp\u0101m. Silt\u0101 koka graudu apdare un t\u012br\u0101s l\u012bnijas rada zieme\u013cniecisku \u0161armu, savuk\u0101rt...","robots":{"index":"index","follow":"follow","max-snippet":"max-snippet:-1","max-image-preview":"max-image-preview:large","max-video-preview":"max-video-preview:-1"},"canonical":"https:\/\/brilune.eu\/lv\/product\/ziemelvalstu-koka-kafijas-galdins\/","og_locale":"lv_LV","og_type":"article","og_title":"Zieme\u013cvalstu koka kafijas galdi\u0146\u0161","og_description":"\u0160is koka kafijas galdi\u0146\u0161 ir lieliski piem\u0113rots nelieliem dz\u012bvok\u013ciem vai minim\u0101listisk\u0101m dz\u012bvojam\u0101m telp\u0101m. Silt\u0101 koka graudu apdare un t\u012br\u0101s l\u012bnijas rada zieme\u013cniecisku \u0161armu, savuk\u0101rt...","og_url":"https:\/\/brilune.eu\/lv\/product\/ziemelvalstu-koka-kafijas-galdins\/","og_site_name":"Brilune","article_modified_time":"2025-02-18T20:43:11+00:00","og_image":[{"width":1080,"height":1080,"url":"https:\/\/brilune.eu\/wp-content\/uploads\/2025\/01\/AndersRattamTVStandwithStorage_shadow-1.jpg","type":"image\/jpeg"}],"twitter_card":"summary_large_image","schema":{"@context":"https:\/\/schema.org","@graph":[{"@type":"WebPage","@id":"https:\/\/brilune.eu\/lv\/product\/ziemelvalstu-koka-kafijas-galdins\/","url":"https:\/\/brilune.eu\/lv\/product\/ziemelvalstu-koka-kafijas-galdins\/","name":"Zieme\u013cvalstu koka kafijas galdi\u0146\u0161","isPartOf":{"@id":"https:\/\/brilune.eu\/lv\/#website"},"primaryImageOfPage":{"@id":"https:\/\/brilune.eu\/lv\/product\/ziemelvalstu-koka-kafijas-galdins\/#primaryimage"},"image":{"@id":"https:\/\/brilune.eu\/lv\/product\/ziemelvalstu-koka-kafijas-galdins\/#primaryimage"},"thumbnailUrl":"https:\/\/brilune.eu\/wp-content\/uploads\/2025\/01\/AndersRattamTVStandwithStorage_shadow-1.jpg","datePublished":"2025-02-18T20:29:30+00:00","dateModified":"2025-02-18T20:43:11+00:00","description":"\u0160is koka kafijas galdi\u0146\u0161 ir lieliski piem\u0113rots nelieliem dz\u012bvok\u013ciem vai minim\u0101listisk\u0101m dz\u012bvojam\u0101m telp\u0101m. Silt\u0101 koka graudu apdare un t\u012br\u0101s l\u012bnijas rada zieme\u013cniecisku \u0161armu, savuk\u0101rt...","breadcrumb":{"@id":"https:\/\/brilune.eu\/lv\/product\/ziemelvalstu-koka-kafijas-galdins\/#breadcrumb"},"inLanguage":"lv-LV","potentialAction":[{"@type":"ReadAction","target":["https:\/\/brilune.eu\/lv\/product\/ziemelvalstu-koka-kafijas-galdins\/"]}]},{"@type":"ImageObject","inLanguage":"lv-LV","@id":"https:\/\/brilune.eu\/lv\/product\/ziemelvalstu-koka-kafijas-galdins\/#primaryimage","url":"https:\/\/brilune.eu\/wp-content\/uploads\/2025\/01\/AndersRattamTVStandwithStorage_shadow-1.jpg","contentUrl":"https:\/\/brilune.eu\/wp-content\/uploads\/2025\/01\/AndersRattamTVStandwithStorage_shadow-1.jpg","width":1080,"height":1080},{"@type":"BreadcrumbList","@id":"https:\/\/brilune.eu\/lv\/product\/ziemelvalstu-koka-kafijas-galdins\/#breadcrumb","itemListElement":[{"@type":"ListItem","position":1,"name":"S\u0101kums","item":"https:\/\/brilune.eu\/lv\/brilune-mebeles\/"},{"@type":"ListItem","position":2,"name":"Visi produkti","item":"https:\/\/brilune.eu\/lv\/shop\/"},{"@type":"ListItem","position":3,"name":"Zieme\u013cvalstu koka kafijas galdi\u0146\u0161"}]},{"@type":"WebSite","@id":"https:\/\/brilune.eu\/lv\/#website","url":"https:\/\/brilune.eu\/lv\/","name":"Brilune","description":"M\u0113s pied\u0101v\u0101jam unik\u0101lus un nebiju\u0161us dizainus, kas apvieno eleganci, funkcionalit\u0101ti un rado\u0161umu.","potentialAction":[{"@type":"SearchAction","target":{"@type":"EntryPoint","urlTemplate":"https:\/\/brilune.eu\/lv\/?s={search_term_string}"},"query-input":{"@type":"PropertyValueSpecification","valueRequired":true,"valueName":"search_term_string"}}],"inLanguage":"lv-LV"}]}},"jetpack_sharing_enabled":true,"_links":{"self":[{"href":"https:\/\/brilune.eu\/lv\/wp-json\/wp\/v2\/product\/31173","targetHints":{"allow":["GET"]}}],"collection":[{"href":"https:\/\/brilune.eu\/lv\/wp-json\/wp\/v2\/product"}],"about":[{"href":"https:\/\/brilune.eu\/lv\/wp-json\/wp\/v2\/types\/product"}],"replies":[{"embeddable":true,"href":"https:\/\/brilune.eu\/lv\/wp-json\/wp\/v2\/comments?post=31173"}],"version-history":[{"count":1,"href":"https:\/\/brilune.eu\/lv\/wp-json\/wp\/v2\/product\/31173\/revisions"}],"predecessor-version":[{"id":31198,"href":"https:\/\/brilune.eu\/lv\/wp-json\/wp\/v2\/product\/31173\/revisions\/31198"}],"wp:featuredmedia":[{"embeddable":true,"href":"https:\/\/brilune.eu\/lv\/wp-json\/wp\/v2\/media\/2757"}],"wp:attachment":[{"href":"https:\/\/brilune.eu\/lv\/wp-json\/wp\/v2\/media?parent=31173"}],"wp:term":[{"taxonomy":"product_brand","embeddable":true,"href":"https:\/\/brilune.eu\/lv\/wp-json\/wp\/v2\/product_brand?post=31173"},{"taxonomy":"product_cat","embeddable":true,"href":"https:\/\/brilune.eu\/lv\/wp-json\/wp\/v2\/product_cat?post=31173"},{"taxonomy":"product_tag","embeddable":true,"href":"https:\/\/brilune.eu\/lv\/wp-json\/wp\/v2\/product_tag?post=31173"}],"curies":[{"name":"wp","href":"https:\/\/api.w.org\/{rel}","templated":true}]}}