{"id":31161,"date":"2025-02-18T22:29:06","date_gmt":"2025-02-18T20:29:06","guid":{"rendered":"https:\/\/brilune.eu\/?post_type=product&#038;p=31161"},"modified":"2025-02-18T22:43:10","modified_gmt":"2025-02-18T20:43:10","slug":"koka-kafijas-galda-komplekts","status":"publish","type":"product","link":"https:\/\/brilune.eu\/lv\/product\/koka-kafijas-galda-komplekts\/","title":{"rendered":"Koka kafijas galda komplekts"},"content":{"rendered":"<p>Iepaz\u012bstin\u0101m ar m\u016bsu it\u0101\u013cu minim\u0101lisma apa\u013co valriekstu kafijas galdi\u0146u. Izgatavots no augst\u0101k\u0101s kvalit\u0101tes valrieksta, t\u0101 minim\u0101listiskais dizains apvieno it\u0101\u013cu eleganci ar jap\u0101\u0146u est\u0113tiku. \u0160is vieglais luksusa gabals, kas lieliski piem\u0113rots maziem dz\u012bvok\u013ciem, pie\u0161\u0137ir personaliz\u0113tu \u0161armu jebkurai dz\u012bves telpai. Izbaudiet funkcion\u0101lu skaistumu un nepiespiestu eleganci ar m\u016bsu izsmalcin\u0101to kafijas galdi\u0146u. Izm\u0113rs: 80+55x41x40 cm.<\/p>\n","protected":false},"excerpt":{"rendered":"<p>Iepaz\u012bstin\u0101m ar m\u016bsu it\u0101\u013cu minim\u0101lisma apa\u013co valriekstu kafijas galdi\u0146u. Izgatavots no augst\u0101k\u0101s kvalit\u0101tes valrieksta, t\u0101 minim\u0101listiskais dizains apvieno it\u0101\u013cu eleganci ar jap\u0101\u0146u&#8230;<\/p>\n","protected":false},"featured_media":2753,"comment_status":"open","ping_status":"closed","template":"","meta":[],"product_brand":[],"product_cat":[4630,1627],"product_tag":[],"class_list":{"0":"post-31161","1":"product","2":"type-product","3":"status-publish","4":"has-post-thumbnail","6":"product_cat-kafijas-galdini-galdi-2-3","7":"product_cat-kafijas-galdini","9":"first","10":"instock","11":"shipping-taxable","12":"purchasable","13":"product-type-variable"},"yoast_head":"<!-- This site is optimized with the Yoast SEO plugin v26.0 - https:\/\/yoast.com\/wordpress\/plugins\/seo\/ -->\n<title>Koka kafijas galda komplekts<\/title>\n<meta name=\"description\" content=\"Iepaz\u012bstin\u0101m ar m\u016bsu it\u0101\u013cu minim\u0101lisma apa\u013co valriekstu kafijas galdi\u0146u. Izgatavots no augst\u0101k\u0101s kvalit\u0101tes valrieksta, t\u0101 minim\u0101listiskais dizains apvieno it\u0101\u013cu eleganci ar jap\u0101\u0146u...\" \/>\n<meta name=\"robots\" content=\"index, follow, max-snippet:-1, max-image-preview:large, max-video-preview:-1\" \/>\n<link rel=\"canonical\" href=\"https:\/\/brilune.eu\/lv\/product\/koka-kafijas-galda-komplekts\/\" \/>\n<meta property=\"og:locale\" content=\"lv_LV\" \/>\n<meta property=\"og:type\" content=\"article\" \/>\n<meta property=\"og:title\" content=\"Koka kafijas galda komplekts\" \/>\n<meta property=\"og:description\" content=\"Iepaz\u012bstin\u0101m ar m\u016bsu it\u0101\u013cu minim\u0101lisma apa\u013co valriekstu kafijas galdi\u0146u. Izgatavots no augst\u0101k\u0101s kvalit\u0101tes valrieksta, t\u0101 minim\u0101listiskais dizains apvieno it\u0101\u013cu eleganci ar jap\u0101\u0146u...\" \/>\n<meta property=\"og:url\" content=\"https:\/\/brilune.eu\/lv\/product\/koka-kafijas-galda-komplekts\/\" \/>\n<meta property=\"og:site_name\" content=\"Brilune\" \/>\n<meta property=\"article:modified_time\" content=\"2025-02-18T20:43:10+00:00\" \/>\n<meta property=\"og:image\" content=\"https:\/\/brilune.eu\/wp-content\/uploads\/2025\/01\/O1CN01VFGnEL1XZecXhvjLM_2883082938-0-cib-1.jpg\" \/>\n\t<meta property=\"og:image:width\" content=\"800\" \/>\n\t<meta property=\"og:image:height\" content=\"800\" \/>\n\t<meta property=\"og:image:type\" content=\"image\/jpeg\" \/>\n<meta name=\"twitter:card\" content=\"summary_large_image\" \/>\n<script type=\"application\/ld+json\" class=\"yoast-schema-graph\">{\"@context\":\"https:\/\/schema.org\",\"@graph\":[{\"@type\":\"WebPage\",\"@id\":\"https:\/\/brilune.eu\/lv\/product\/koka-kafijas-galda-komplekts\/\",\"url\":\"https:\/\/brilune.eu\/lv\/product\/koka-kafijas-galda-komplekts\/\",\"name\":\"Koka kafijas galda komplekts\",\"isPartOf\":{\"@id\":\"https:\/\/brilune.eu\/lv\/#website\"},\"primaryImageOfPage\":{\"@id\":\"https:\/\/brilune.eu\/lv\/product\/koka-kafijas-galda-komplekts\/#primaryimage\"},\"image\":{\"@id\":\"https:\/\/brilune.eu\/lv\/product\/koka-kafijas-galda-komplekts\/#primaryimage\"},\"thumbnailUrl\":\"https:\/\/brilune.eu\/wp-content\/uploads\/2025\/01\/O1CN01VFGnEL1XZecXhvjLM_2883082938-0-cib-1.jpg\",\"datePublished\":\"2025-02-18T20:29:06+00:00\",\"dateModified\":\"2025-02-18T20:43:10+00:00\",\"description\":\"Iepaz\u012bstin\u0101m ar m\u016bsu it\u0101\u013cu minim\u0101lisma apa\u013co valriekstu kafijas galdi\u0146u. Izgatavots no augst\u0101k\u0101s kvalit\u0101tes valrieksta, t\u0101 minim\u0101listiskais dizains apvieno it\u0101\u013cu eleganci ar jap\u0101\u0146u...\",\"breadcrumb\":{\"@id\":\"https:\/\/brilune.eu\/lv\/product\/koka-kafijas-galda-komplekts\/#breadcrumb\"},\"inLanguage\":\"lv-LV\",\"potentialAction\":[{\"@type\":\"ReadAction\",\"target\":[\"https:\/\/brilune.eu\/lv\/product\/koka-kafijas-galda-komplekts\/\"]}]},{\"@type\":\"ImageObject\",\"inLanguage\":\"lv-LV\",\"@id\":\"https:\/\/brilune.eu\/lv\/product\/koka-kafijas-galda-komplekts\/#primaryimage\",\"url\":\"https:\/\/brilune.eu\/wp-content\/uploads\/2025\/01\/O1CN01VFGnEL1XZecXhvjLM_2883082938-0-cib-1.jpg\",\"contentUrl\":\"https:\/\/brilune.eu\/wp-content\/uploads\/2025\/01\/O1CN01VFGnEL1XZecXhvjLM_2883082938-0-cib-1.jpg\",\"width\":800,\"height\":800},{\"@type\":\"BreadcrumbList\",\"@id\":\"https:\/\/brilune.eu\/lv\/product\/koka-kafijas-galda-komplekts\/#breadcrumb\",\"itemListElement\":[{\"@type\":\"ListItem\",\"position\":1,\"name\":\"S\u0101kums\",\"item\":\"https:\/\/brilune.eu\/lv\/brilune-mebeles\/\"},{\"@type\":\"ListItem\",\"position\":2,\"name\":\"Visi produkti\",\"item\":\"https:\/\/brilune.eu\/lv\/shop\/\"},{\"@type\":\"ListItem\",\"position\":3,\"name\":\"Koka kafijas galda komplekts\"}]},{\"@type\":\"WebSite\",\"@id\":\"https:\/\/brilune.eu\/lv\/#website\",\"url\":\"https:\/\/brilune.eu\/lv\/\",\"name\":\"Brilune\",\"description\":\"M\u0113s pied\u0101v\u0101jam unik\u0101lus un nebiju\u0161us dizainus, kas apvieno eleganci, funkcionalit\u0101ti un rado\u0161umu.\",\"potentialAction\":[{\"@type\":\"SearchAction\",\"target\":{\"@type\":\"EntryPoint\",\"urlTemplate\":\"https:\/\/brilune.eu\/lv\/?s={search_term_string}\"},\"query-input\":{\"@type\":\"PropertyValueSpecification\",\"valueRequired\":true,\"valueName\":\"search_term_string\"}}],\"inLanguage\":\"lv-LV\"}]}<\/script>\n<!-- \/ Yoast SEO plugin. -->","yoast_head_json":{"title":"Koka kafijas galda komplekts","description":"Iepaz\u012bstin\u0101m ar m\u016bsu it\u0101\u013cu minim\u0101lisma apa\u013co valriekstu kafijas galdi\u0146u. Izgatavots no augst\u0101k\u0101s kvalit\u0101tes valrieksta, t\u0101 minim\u0101listiskais dizains apvieno it\u0101\u013cu eleganci ar jap\u0101\u0146u...","robots":{"index":"index","follow":"follow","max-snippet":"max-snippet:-1","max-image-preview":"max-image-preview:large","max-video-preview":"max-video-preview:-1"},"canonical":"https:\/\/brilune.eu\/lv\/product\/koka-kafijas-galda-komplekts\/","og_locale":"lv_LV","og_type":"article","og_title":"Koka kafijas galda komplekts","og_description":"Iepaz\u012bstin\u0101m ar m\u016bsu it\u0101\u013cu minim\u0101lisma apa\u013co valriekstu kafijas galdi\u0146u. Izgatavots no augst\u0101k\u0101s kvalit\u0101tes valrieksta, t\u0101 minim\u0101listiskais dizains apvieno it\u0101\u013cu eleganci ar jap\u0101\u0146u...","og_url":"https:\/\/brilune.eu\/lv\/product\/koka-kafijas-galda-komplekts\/","og_site_name":"Brilune","article_modified_time":"2025-02-18T20:43:10+00:00","og_image":[{"width":800,"height":800,"url":"https:\/\/brilune.eu\/wp-content\/uploads\/2025\/01\/O1CN01VFGnEL1XZecXhvjLM_2883082938-0-cib-1.jpg","type":"image\/jpeg"}],"twitter_card":"summary_large_image","schema":{"@context":"https:\/\/schema.org","@graph":[{"@type":"WebPage","@id":"https:\/\/brilune.eu\/lv\/product\/koka-kafijas-galda-komplekts\/","url":"https:\/\/brilune.eu\/lv\/product\/koka-kafijas-galda-komplekts\/","name":"Koka kafijas galda komplekts","isPartOf":{"@id":"https:\/\/brilune.eu\/lv\/#website"},"primaryImageOfPage":{"@id":"https:\/\/brilune.eu\/lv\/product\/koka-kafijas-galda-komplekts\/#primaryimage"},"image":{"@id":"https:\/\/brilune.eu\/lv\/product\/koka-kafijas-galda-komplekts\/#primaryimage"},"thumbnailUrl":"https:\/\/brilune.eu\/wp-content\/uploads\/2025\/01\/O1CN01VFGnEL1XZecXhvjLM_2883082938-0-cib-1.jpg","datePublished":"2025-02-18T20:29:06+00:00","dateModified":"2025-02-18T20:43:10+00:00","description":"Iepaz\u012bstin\u0101m ar m\u016bsu it\u0101\u013cu minim\u0101lisma apa\u013co valriekstu kafijas galdi\u0146u. Izgatavots no augst\u0101k\u0101s kvalit\u0101tes valrieksta, t\u0101 minim\u0101listiskais dizains apvieno it\u0101\u013cu eleganci ar jap\u0101\u0146u...","breadcrumb":{"@id":"https:\/\/brilune.eu\/lv\/product\/koka-kafijas-galda-komplekts\/#breadcrumb"},"inLanguage":"lv-LV","potentialAction":[{"@type":"ReadAction","target":["https:\/\/brilune.eu\/lv\/product\/koka-kafijas-galda-komplekts\/"]}]},{"@type":"ImageObject","inLanguage":"lv-LV","@id":"https:\/\/brilune.eu\/lv\/product\/koka-kafijas-galda-komplekts\/#primaryimage","url":"https:\/\/brilune.eu\/wp-content\/uploads\/2025\/01\/O1CN01VFGnEL1XZecXhvjLM_2883082938-0-cib-1.jpg","contentUrl":"https:\/\/brilune.eu\/wp-content\/uploads\/2025\/01\/O1CN01VFGnEL1XZecXhvjLM_2883082938-0-cib-1.jpg","width":800,"height":800},{"@type":"BreadcrumbList","@id":"https:\/\/brilune.eu\/lv\/product\/koka-kafijas-galda-komplekts\/#breadcrumb","itemListElement":[{"@type":"ListItem","position":1,"name":"S\u0101kums","item":"https:\/\/brilune.eu\/lv\/brilune-mebeles\/"},{"@type":"ListItem","position":2,"name":"Visi produkti","item":"https:\/\/brilune.eu\/lv\/shop\/"},{"@type":"ListItem","position":3,"name":"Koka kafijas galda komplekts"}]},{"@type":"WebSite","@id":"https:\/\/brilune.eu\/lv\/#website","url":"https:\/\/brilune.eu\/lv\/","name":"Brilune","description":"M\u0113s pied\u0101v\u0101jam unik\u0101lus un nebiju\u0161us dizainus, kas apvieno eleganci, funkcionalit\u0101ti un rado\u0161umu.","potentialAction":[{"@type":"SearchAction","target":{"@type":"EntryPoint","urlTemplate":"https:\/\/brilune.eu\/lv\/?s={search_term_string}"},"query-input":{"@type":"PropertyValueSpecification","valueRequired":true,"valueName":"search_term_string"}}],"inLanguage":"lv-LV"}]}},"jetpack_sharing_enabled":true,"_links":{"self":[{"href":"https:\/\/brilune.eu\/lv\/wp-json\/wp\/v2\/product\/31161","targetHints":{"allow":["GET"]}}],"collection":[{"href":"https:\/\/brilune.eu\/lv\/wp-json\/wp\/v2\/product"}],"about":[{"href":"https:\/\/brilune.eu\/lv\/wp-json\/wp\/v2\/types\/product"}],"replies":[{"embeddable":true,"href":"https:\/\/brilune.eu\/lv\/wp-json\/wp\/v2\/comments?post=31161"}],"version-history":[{"count":1,"href":"https:\/\/brilune.eu\/lv\/wp-json\/wp\/v2\/product\/31161\/revisions"}],"predecessor-version":[{"id":31180,"href":"https:\/\/brilune.eu\/lv\/wp-json\/wp\/v2\/product\/31161\/revisions\/31180"}],"wp:featuredmedia":[{"embeddable":true,"href":"https:\/\/brilune.eu\/lv\/wp-json\/wp\/v2\/media\/2753"}],"wp:attachment":[{"href":"https:\/\/brilune.eu\/lv\/wp-json\/wp\/v2\/media?parent=31161"}],"wp:term":[{"taxonomy":"product_brand","embeddable":true,"href":"https:\/\/brilune.eu\/lv\/wp-json\/wp\/v2\/product_brand?post=31161"},{"taxonomy":"product_cat","embeddable":true,"href":"https:\/\/brilune.eu\/lv\/wp-json\/wp\/v2\/product_cat?post=31161"},{"taxonomy":"product_tag","embeddable":true,"href":"https:\/\/brilune.eu\/lv\/wp-json\/wp\/v2\/product_tag?post=31161"}],"curies":[{"name":"wp","href":"https:\/\/api.w.org\/{rel}","templated":true}]}}