{"id":2113,"date":"2024-11-30T22:15:21","date_gmt":"2024-11-30T20:15:21","guid":{"rendered":"https:\/\/5f6895bf81.nxcli.io\/maksajumi\/"},"modified":"2024-12-12T19:07:35","modified_gmt":"2024-12-12T17:07:35","slug":"maksajumi","status":"publish","type":"page","link":"https:\/\/brilune.eu\/lv\/maksajumi\/","title":{"rendered":"Maks\u0101jumi"},"content":{"rendered":"\t\t<div data-elementor-type=\"wp-page\" data-elementor-id=\"2113\" class=\"elementor elementor-2113 elementor-1933\">\n\t\t\t\t<div class=\"wd-negative-gap elementor-element elementor-element-725998c e-flex e-con-boxed e-con e-parent\" data-id=\"725998c\" data-element_type=\"container\">\n\t\t\t\t\t<div class=\"e-con-inner\">\n\t\t\t\t<div class=\"elementor-element elementor-element-45a9f7c elementor-widget elementor-widget-wd_text_block\" data-id=\"45a9f7c\" data-element_type=\"widget\" data-widget_type=\"wd_text_block.default\">\n\t\t\t\t<div class=\"elementor-widget-container\">\n\t\t\t\t\t\t\t<div class=\"wd-text-block reset-last-child text-left\">\n\t\t\t\n\t\t\t<p><\/p><h2 class=\"wp-block-heading\"><strong>Maks\u0101jumi<\/strong><\/h2><p> <\/p><p>Maks\u0101jumu apstr\u0101di nodro\u0161ina maks\u0101jumu platforma makecommerce.lv, t\u0101p\u0113c m\u016bsu uz\u0146\u0113mums nodod maks\u0101jumu apstr\u0101dei nepiecie\u0161amos personas datus platformas \u012bpa\u0161niekam Maksekeskus AS.<\/p><p><\/p>\n\t\t\t\t\t<\/div>\n\t\t\t\t\t\t<\/div>\n\t\t\t\t<\/div>\n\t\t\t\t\t<\/div>\n\t\t\t\t<\/div>\n\t\t\t\t<\/div>\n\t\t","protected":false},"excerpt":{"rendered":"<p>Maks\u0101jumi Maks\u0101jumu apstr\u0101di nodro\u0161ina maks\u0101jumu platforma makecommerce.lv, t\u0101p\u0113c m\u016bsu uz\u0146\u0113mums nodod maks\u0101jumu apstr\u0101dei nepiecie\u0161amos personas datus platformas \u012bpa\u0161niekam Maksekeskus AS.<\/p>\n","protected":false},"author":1,"featured_media":0,"parent":0,"menu_order":0,"comment_status":"closed","ping_status":"closed","template":"","meta":{"footnotes":""},"class_list":["post-2113","page","type-page","status-publish","hentry"],"yoast_head":"<!-- This site is optimized with the Yoast SEO plugin v26.0 - https:\/\/yoast.com\/wordpress\/plugins\/seo\/ -->\n<title>Maks\u0101jumi - Brilune<\/title>\n<meta name=\"robots\" content=\"index, follow, max-snippet:-1, max-image-preview:large, max-video-preview:-1\" \/>\n<link rel=\"canonical\" href=\"https:\/\/brilune.eu\/lv\/maksajumi\/\" \/>\n<meta property=\"og:locale\" content=\"lv_LV\" \/>\n<meta property=\"og:type\" content=\"article\" \/>\n<meta property=\"og:title\" content=\"Maks\u0101jumi - Brilune\" \/>\n<meta property=\"og:description\" content=\"Maks\u0101jumi Maks\u0101jumu apstr\u0101di nodro\u0161ina maks\u0101jumu platforma makecommerce.lv, t\u0101p\u0113c m\u016bsu uz\u0146\u0113mums nodod maks\u0101jumu apstr\u0101dei nepiecie\u0161amos personas datus platformas \u012bpa\u0161niekam Maksekeskus AS.\" \/>\n<meta property=\"og:url\" content=\"https:\/\/brilune.eu\/lv\/maksajumi\/\" \/>\n<meta property=\"og:site_name\" content=\"Brilune\" \/>\n<meta property=\"article:modified_time\" content=\"2024-12-12T17:07:35+00:00\" \/>\n<meta name=\"twitter:card\" content=\"summary_large_image\" \/>\n<script type=\"application\/ld+json\" class=\"yoast-schema-graph\">{\"@context\":\"https:\/\/schema.org\",\"@graph\":[{\"@type\":\"WebPage\",\"@id\":\"https:\/\/brilune.eu\/lv\/maksajumi\/\",\"url\":\"https:\/\/brilune.eu\/lv\/maksajumi\/\",\"name\":\"Maks\u0101jumi - Brilune\",\"isPartOf\":{\"@id\":\"https:\/\/brilune.eu\/lv\/#website\"},\"datePublished\":\"2024-11-30T20:15:21+00:00\",\"dateModified\":\"2024-12-12T17:07:35+00:00\",\"breadcrumb\":{\"@id\":\"https:\/\/brilune.eu\/lv\/maksajumi\/#breadcrumb\"},\"inLanguage\":\"lv-LV\",\"potentialAction\":[{\"@type\":\"ReadAction\",\"target\":[\"https:\/\/brilune.eu\/lv\/maksajumi\/\"]}]},{\"@type\":\"BreadcrumbList\",\"@id\":\"https:\/\/brilune.eu\/lv\/maksajumi\/#breadcrumb\",\"itemListElement\":[{\"@type\":\"ListItem\",\"position\":1,\"name\":\"S\u0101kums\",\"item\":\"https:\/\/brilune.eu\/lv\/brilune-mebeles\/\"},{\"@type\":\"ListItem\",\"position\":2,\"name\":\"Maks\u0101jumi\"}]},{\"@type\":\"WebSite\",\"@id\":\"https:\/\/brilune.eu\/lv\/#website\",\"url\":\"https:\/\/brilune.eu\/lv\/\",\"name\":\"Brilune\",\"description\":\"M\u0113s pied\u0101v\u0101jam unik\u0101lus un nebiju\u0161us dizainus, kas apvieno eleganci, funkcionalit\u0101ti un rado\u0161umu.\",\"potentialAction\":[{\"@type\":\"SearchAction\",\"target\":{\"@type\":\"EntryPoint\",\"urlTemplate\":\"https:\/\/brilune.eu\/lv\/?s={search_term_string}\"},\"query-input\":{\"@type\":\"PropertyValueSpecification\",\"valueRequired\":true,\"valueName\":\"search_term_string\"}}],\"inLanguage\":\"lv-LV\"}]}<\/script>\n<!-- \/ Yoast SEO plugin. -->","yoast_head_json":{"title":"Maks\u0101jumi - Brilune","robots":{"index":"index","follow":"follow","max-snippet":"max-snippet:-1","max-image-preview":"max-image-preview:large","max-video-preview":"max-video-preview:-1"},"canonical":"https:\/\/brilune.eu\/lv\/maksajumi\/","og_locale":"lv_LV","og_type":"article","og_title":"Maks\u0101jumi - Brilune","og_description":"Maks\u0101jumi Maks\u0101jumu apstr\u0101di nodro\u0161ina maks\u0101jumu platforma makecommerce.lv, t\u0101p\u0113c m\u016bsu uz\u0146\u0113mums nodod maks\u0101jumu apstr\u0101dei nepiecie\u0161amos personas datus platformas \u012bpa\u0161niekam Maksekeskus AS.","og_url":"https:\/\/brilune.eu\/lv\/maksajumi\/","og_site_name":"Brilune","article_modified_time":"2024-12-12T17:07:35+00:00","twitter_card":"summary_large_image","schema":{"@context":"https:\/\/schema.org","@graph":[{"@type":"WebPage","@id":"https:\/\/brilune.eu\/lv\/maksajumi\/","url":"https:\/\/brilune.eu\/lv\/maksajumi\/","name":"Maks\u0101jumi - Brilune","isPartOf":{"@id":"https:\/\/brilune.eu\/lv\/#website"},"datePublished":"2024-11-30T20:15:21+00:00","dateModified":"2024-12-12T17:07:35+00:00","breadcrumb":{"@id":"https:\/\/brilune.eu\/lv\/maksajumi\/#breadcrumb"},"inLanguage":"lv-LV","potentialAction":[{"@type":"ReadAction","target":["https:\/\/brilune.eu\/lv\/maksajumi\/"]}]},{"@type":"BreadcrumbList","@id":"https:\/\/brilune.eu\/lv\/maksajumi\/#breadcrumb","itemListElement":[{"@type":"ListItem","position":1,"name":"S\u0101kums","item":"https:\/\/brilune.eu\/lv\/brilune-mebeles\/"},{"@type":"ListItem","position":2,"name":"Maks\u0101jumi"}]},{"@type":"WebSite","@id":"https:\/\/brilune.eu\/lv\/#website","url":"https:\/\/brilune.eu\/lv\/","name":"Brilune","description":"M\u0113s pied\u0101v\u0101jam unik\u0101lus un nebiju\u0161us dizainus, kas apvieno eleganci, funkcionalit\u0101ti un rado\u0161umu.","potentialAction":[{"@type":"SearchAction","target":{"@type":"EntryPoint","urlTemplate":"https:\/\/brilune.eu\/lv\/?s={search_term_string}"},"query-input":{"@type":"PropertyValueSpecification","valueRequired":true,"valueName":"search_term_string"}}],"inLanguage":"lv-LV"}]}},"jetpack_sharing_enabled":true,"_links":{"self":[{"href":"https:\/\/brilune.eu\/lv\/wp-json\/wp\/v2\/pages\/2113","targetHints":{"allow":["GET"]}}],"collection":[{"href":"https:\/\/brilune.eu\/lv\/wp-json\/wp\/v2\/pages"}],"about":[{"href":"https:\/\/brilune.eu\/lv\/wp-json\/wp\/v2\/types\/page"}],"author":[{"embeddable":true,"href":"https:\/\/brilune.eu\/lv\/wp-json\/wp\/v2\/users\/1"}],"replies":[{"embeddable":true,"href":"https:\/\/brilune.eu\/lv\/wp-json\/wp\/v2\/comments?post=2113"}],"version-history":[{"count":3,"href":"https:\/\/brilune.eu\/lv\/wp-json\/wp\/v2\/pages\/2113\/revisions"}],"predecessor-version":[{"id":2116,"href":"https:\/\/brilune.eu\/lv\/wp-json\/wp\/v2\/pages\/2113\/revisions\/2116"}],"wp:attachment":[{"href":"https:\/\/brilune.eu\/lv\/wp-json\/wp\/v2\/media?parent=2113"}],"curies":[{"name":"wp","href":"https:\/\/api.w.org\/{rel}","templated":true}]}}